{"id":1694,"date":"2024-03-14T06:12:58","date_gmt":"2024-03-14T06:12:58","guid":{"rendered":"https:\/\/ctube-gr.com\/?post_type=product&#038;p=1694"},"modified":"2024-06-27T03:28:00","modified_gmt":"2024-06-27T03:28:00","slug":"ctube-20-25mm-4-wege-tiefanschlussdose","status":"publish","type":"product","link":"https:\/\/www.ctube-gr.com\/de\/ctube-20-25mm-4-way-deep-junction-box","title":{"rendered":"Australische Normen 20-25 mm 4-Wege-Anschlussdose (Tiefenanschlussdose)"},"content":{"rendered":"<div data-elementor-type=\"product-post\" data-elementor-id=\"1694\" class=\"elementor elementor-1694\" data-elementor-post-type=\"product\">\n\t\t\t\t<div class=\"elementor-element elementor-element-a66bce3 e-flex e-con-boxed e-con e-parent\" data-id=\"a66bce3\" data-element_type=\"container\" data-e-type=\"container\" data-settings=\"{&quot;ekit_has_onepagescroll_dot&quot;:&quot;yes&quot;}\">\n\t\t\t\t\t<div class=\"e-con-inner\">\n\t\t\t\t<div class=\"elementor-element elementor-element-23f3dfb elementor-widget elementor-widget-text-editor\" data-id=\"23f3dfb\" data-element_type=\"widget\" data-e-type=\"widget\" data-settings=\"{&quot;ekit_we_effect_on&quot;:&quot;none&quot;}\" data-widget_type=\"text-editor.default\">\n\t\t\t\t\t\t\t\t\t<table><tbody><tr><td width=\"143\"><p>Marke:<\/p><\/td><td width=\"144\"><p>C-Tube<\/p><\/td><td width=\"144\"><p>OEM:<\/p><\/td><td width=\"143\"><p>Verf\u00fcgbar<\/p><\/td><\/tr><tr><td width=\"143\"><p>Material:<\/p><\/td><td width=\"144\"><p>PVC<\/p><\/td><td width=\"144\"><p>L\u00e4nge:<\/p><\/td><td width=\"143\"><p>AU-Standard<\/p><\/td><\/tr><tr><td width=\"143\"><p>Dicke:<\/p><\/td><td width=\"144\"><p>AU-Standard<\/p><\/td><td width=\"144\"><p>OD-Bereich:<\/p><\/td><td width=\"143\"><p>20-25 mm<\/p><\/td><\/tr><tr><td width=\"143\"><p>Zertifizierung:<\/p><\/td><td width=\"144\"><p>AS\/NZS, RoHS, REACH, CE, SGS, ISO<\/p><\/td><td width=\"144\"><p>Farbe:<\/p><\/td><td width=\"143\"><p>Grau oder individuell gestaltet<\/p><\/td><\/tr><tr><td width=\"143\"><p>Feuerbest\u00e4ndigkeit:<\/p><\/td><td width=\"144\"><p>V0<\/p><\/td><td width=\"144\"><p>UV-Best\u00e4ndigkeit:<\/p><\/td><td width=\"143\"><p>Ja<\/p><\/td><\/tr><tr><td width=\"143\"><p>Leitf\u00e4higkeit:<\/p><\/td><td width=\"144\"><p>Isoliert<\/p><\/td><td width=\"144\"><p>H\u00e4rte:<\/p><\/td><td width=\"143\"><p>Robust und sto\u00dffest<\/p><\/td><\/tr><tr><td width=\"143\"><p>Verpackung:<\/p><\/td><td width=\"144\"><p>Plastikt\u00fcten und PE-Folien<\/p><\/td><td width=\"144\"><p>Probe:<\/p><\/td><td width=\"143\"><p>Frei<\/p><\/td><\/tr><tr><td width=\"143\"><p>Land:<\/p><\/td><td width=\"144\"><p>China<\/p><\/td><td width=\"144\"><p>Fabrik:<\/p><\/td><td width=\"143\"><p>Dongguan, Guangdong<\/p><\/td><\/tr><\/tbody><\/table><p><strong><b>Merkmale<\/b><\/strong><\/p><p>\u2013 Deckel und Schrauben sind im Lieferumfang enthalten.<\/p><p>\u2013 Entspricht den AS\/NZS 2053-Standards.<\/p><p>\u2013 Best\u00e4ndig gegen St\u00f6\u00dfe, Sonnenlicht und Feuer.<\/p><p>\u2013 Gl\u00e4nzende und glatte Oberfl\u00e4che und Innenseite.<\/p><p>\u2013 Das robuste, nichtleitende PVC rostet und korrodiert nicht.<\/p><p>\u2013 Geeignet f\u00fcr Anwendungen sowohl \u00fcber als auch unter der Erde.<\/p><p><strong><b>Anwendung<\/b><\/strong><\/p><p>Ctube 4-Wege-Tiefanschlussdosen sind Geh\u00e4use zur Aufnahme elektrischer Verbindungen und dienen zum Verbinden von Elektroinstallationsrohren, um die Kabel anzuschlie\u00dfen. Sie sch\u00fctzen die elektrischen Verbindungen vor Witterungseinfl\u00fcssen und Personen vor versehentlichen Stromschl\u00e4gen.<\/p><p><strong><b>Fertigungskapazit\u00e4t<\/b><\/strong><\/p><p>\u2013 Produktionskapazit\u00e4t: 50.000 St\u00fcck pro Woche<\/p><p>\u2013 Verpackungsmethoden: Plastikbeutel und PE-Folien<\/p>\t\t\t\t\t\t\t\t<\/div>\n\t\t\t\t<div class=\"elementor-element elementor-element-38782b5 elementor-widget elementor-widget-text-editor\" data-id=\"38782b5\" data-element_type=\"widget\" data-e-type=\"widget\" data-settings=\"{&quot;ekit_we_effect_on&quot;:&quot;none&quot;}\" data-widget_type=\"text-editor.default\">\n\t\t\t\t\t\t\t\t\t<p><strong><b>Gr\u00f6\u00dfentabelle<\/b><\/strong><\/p><table><tbody><tr><td width=\"119\"><p>Produktcode<\/p><\/td><td width=\"119\"><p>Nenngr\u00f6\u00dfe<\/p><\/td><td width=\"119\"><p>Gr\u00f6\u00dfe (L x B x H)<\/p><\/td><td width=\"133\"><p>Innenverpackung<\/p><\/td><td width=\"186\"><p>Au\u00dfenverpackung<\/p><\/td><\/tr><tr><td><p>CT-DJB20-4<\/p><\/td><td width=\"119\"><p>20 mm<\/p><\/td><td width=\"119\"><p>24 x 18 x 15 mm<\/p><\/td><td width=\"131\"><p>10 St\u00fcck\/Karton<\/p><\/td><td width=\"186\"><p>200 Schachteln\/Karton<\/p><\/td><\/tr><tr><td><p>CT-DJB25-4<\/p><\/td><td><p>25 mm<\/p><\/td><td><p>24 x 18 x 15 mm<\/p><\/td><td><p>10 St\u00fcck\/Karton<\/p><\/td><td><p>200 Schachteln\/Karton<\/p><\/td><\/tr><\/tbody><\/table><p><br \/><br \/><\/p>\t\t\t\t\t\t\t\t<\/div>\n\t\t\t\t\t<\/div>\n\t\t\t\t<\/div>\n\t\t\t\t<\/div>","protected":false},"excerpt":{"rendered":"<p>Qualit\u00e4tszertifizierung:<\/p>\n<p>\u2013 Australischer Standard<\/p>\n<p>\u2013 Entspricht AS\/NZS 2053, RoHS, REACH, CE, SGS, ISO<\/p>","protected":false},"featured_media":1696,"comment_status":"closed","ping_status":"closed","template":"","meta":{"_sitemap_exclude":false,"_sitemap_priority":"","_sitemap_frequency":"","_joinchat":[]},"product_brand":[],"product_cat":[40,36,51],"product_tag":[],"class_list":{"0":"post-1694","1":"product","2":"type-product","3":"status-publish","4":"has-post-thumbnail","6":"product_cat-as-nzs-listed-pvc-conduit-pipe-series","7":"product_cat-international-certifications-products","8":"product_cat-junction-box-custom","10":"first","11":"instock","12":"shipping-taxable","13":"product-type-simple"},"_links":{"self":[{"href":"https:\/\/www.ctube-gr.com\/de\/wp-json\/wp\/v2\/product\/1694","targetHints":{"allow":["GET"]}}],"collection":[{"href":"https:\/\/www.ctube-gr.com\/de\/wp-json\/wp\/v2\/product"}],"about":[{"href":"https:\/\/www.ctube-gr.com\/de\/wp-json\/wp\/v2\/types\/product"}],"replies":[{"embeddable":true,"href":"https:\/\/www.ctube-gr.com\/de\/wp-json\/wp\/v2\/comments?post=1694"}],"version-history":[{"count":0,"href":"https:\/\/www.ctube-gr.com\/de\/wp-json\/wp\/v2\/product\/1694\/revisions"}],"wp:featuredmedia":[{"embeddable":true,"href":"https:\/\/www.ctube-gr.com\/de\/wp-json\/wp\/v2\/media\/1696"}],"wp:attachment":[{"href":"https:\/\/www.ctube-gr.com\/de\/wp-json\/wp\/v2\/media?parent=1694"}],"wp:term":[{"taxonomy":"product_brand","embeddable":true,"href":"https:\/\/www.ctube-gr.com\/de\/wp-json\/wp\/v2\/product_brand?post=1694"},{"taxonomy":"product_cat","embeddable":true,"href":"https:\/\/www.ctube-gr.com\/de\/wp-json\/wp\/v2\/product_cat?post=1694"},{"taxonomy":"product_tag","embeddable":true,"href":"https:\/\/www.ctube-gr.com\/de\/wp-json\/wp\/v2\/product_tag?post=1694"}],"curies":[{"name":"wp","href":"https:\/\/api.w.org\/{rel}","templated":true}]}}