{"id":2848,"date":"2024-03-29T02:08:57","date_gmt":"2024-03-29T02:08:57","guid":{"rendered":"https:\/\/ctube-gr.com\/?post_type=product&#038;p=2848"},"modified":"2024-08-01T06:09:24","modified_gmt":"2024-08-01T06:09:24","slug":"c-rohr-16-50-mm-solar-u-formige-pvc-rohrschelle","status":"publish","type":"product","link":"https:\/\/www.ctube-gr.com\/de\/ctube-16-50mm-solar-u-shape-pvc-conduit-clip","title":{"rendered":"Ctube 16-50mm Solar U-f\u00f6rmige PVC-Rohrschelle"},"content":{"rendered":"<p><strong><b>\u00dcberblick<\/b><\/strong><\/p>\n<table>\n<tbody>\n<tr>\n<td width=\"142\">Marke:<\/td>\n<td width=\"143\">C-Tube<\/td>\n<td width=\"143\">OEM:<\/td>\n<td width=\"142\">Verf\u00fcgbar<\/td>\n<\/tr>\n<tr>\n<td width=\"142\">Material:<\/td>\n<td width=\"143\">PVC<\/td>\n<td width=\"143\">L\u00e4nge:<\/td>\n<td width=\"142\">Ma\u00dfgeschneidert<\/td>\n<\/tr>\n<tr>\n<td width=\"142\">Dicke:<\/td>\n<td width=\"143\">Ma\u00dfgeschneidert<\/td>\n<td width=\"143\">OD-Bereich:<\/td>\n<td width=\"142\">16-50 mm<\/td>\n<\/tr>\n<tr>\n<td width=\"142\">Zertifizierung:<\/td>\n<td width=\"143\">AS\/NZS 2053, IEC61386, CE, UL94 5VA<\/td>\n<td width=\"143\">Farbe:<\/td>\n<td width=\"142\">Grau oder individuell gestaltet<\/td>\n<\/tr>\n<tr>\n<td width=\"142\">Feuerbest\u00e4ndigkeit:<\/td>\n<td width=\"143\">V0<\/td>\n<td width=\"143\">UV-Best\u00e4ndigkeit:<\/td>\n<td width=\"142\">Ja<\/td>\n<\/tr>\n<tr>\n<td width=\"142\">Leitf\u00e4higkeit:<\/td>\n<td width=\"143\">Isoliert<\/td>\n<td width=\"143\">H\u00e4rte:<\/td>\n<td width=\"142\">Robust und sto\u00dffest<\/td>\n<\/tr>\n<tr>\n<td width=\"142\">Verpackung:<\/td>\n<td width=\"143\">Plastikt\u00fcten und PE-Folien<\/td>\n<td width=\"143\">Probe:<\/td>\n<td width=\"142\">Frei<\/td>\n<\/tr>\n<tr>\n<td width=\"142\">Land:<\/td>\n<td width=\"143\">China<\/td>\n<td width=\"143\">Fabrik:<\/td>\n<td width=\"142\">Dongguan, Guangdong<\/td>\n<\/tr>\n<\/tbody>\n<\/table>\n<p><strong><b>Merkmale<\/b><\/strong><\/p>\n<p>\u2013 Ideal f\u00fcr Solarenergieunternehmen und -projekte.<\/p>\n<p>\u2013 Entspricht AS\/NZS 2053, IEC61386, CE, UL94 5VA<\/p>\n<p>\u2013 Best\u00e4ndig gegen St\u00f6\u00dfe, Sonnenlicht und Feuer.<\/p>\n<p>\u2013 Gl\u00e4nzende und glatte Oberfl\u00e4che und Innenseite.<\/p>\n<p>\u2013 Das robuste, nichtleitende PVC rostet und korrodiert nicht.<\/p>\n<p>\u2013 Geeignet f\u00fcr Anwendungen sowohl \u00fcber als auch unter der Erde.<\/p>\n<p><strong><b>Anwendung<\/b><\/strong><\/p>\n<p>Die Ctube Solar U-f\u00f6rmige PVC-Rohrschelle dient zur Montage von glatten oder isolierten Rohren. Sie wurde speziell f\u00fcr Solaranwendungen entwickelt und hergestellt und sch\u00fctzt die elektrischen Anschl\u00fcsse vor Witterungseinfl\u00fcssen sowie Personen vor versehentlichen Stromschl\u00e4gen.<\/p>\n<p><strong><b>Fertigungskapazit\u00e4t<\/b><\/strong><\/p>\n<p>\u2013 Produktionskapazit\u00e4t: 50.000 St\u00fcck pro Woche<\/p>\n<p>\u2013 Verpackungsmethoden: Plastikbeutel und PE-Folien<\/p>\n<p><strong><b>Gr\u00f6\u00dfentabelle<\/b><\/strong><\/p>\n<table>\n<tbody>\n<tr>\n<td width=\"103\">Produktcode<\/td>\n<td width=\"103\">Nenngr\u00f6\u00dfe<\/td>\n<td width=\"103\">Kartongr\u00f6\u00dfe<\/td>\n<td width=\"115\">Innenverpackung<\/td>\n<td width=\"161\">Au\u00dfenverpackung<\/td>\n<\/tr>\n<tr>\n<td>CT-UC16<\/td>\n<td width=\"103\">16 mm<\/td>\n<td width=\"103\">15,5 x 13 x 8 cm<\/td>\n<td width=\"115\">100 St\u00fcck\/Karton<\/td>\n<td width=\"161\">2000 Schachteln\/Karton<\/td>\n<\/tr>\n<tr>\n<td>CT-UC20<\/td>\n<td>20 mm<\/td>\n<td>15,5 x 13 x 8 cm<\/td>\n<td>100 St\u00fcck\/Karton<\/td>\n<td>2000 Schachteln\/Karton<\/td>\n<\/tr>\n<tr>\n<td>CT-UC25<\/td>\n<td>25 mm<\/td>\n<td>15,5 x 13 x 8 cm<\/td>\n<td>100 St\u00fcck\/Karton<\/td>\n<td>2000 Schachteln\/Karton<\/td>\n<\/tr>\n<tr>\n<td>CT-UC32<\/td>\n<td>32 mm<\/td>\n<td>15,5 x 13 x 8 cm<\/td>\n<td>100 St\u00fcck\/Karton<\/td>\n<td>2000 Schachteln\/Karton<\/td>\n<\/tr>\n<tr>\n<td>CT-UC40<\/td>\n<td>40 mm<\/td>\n<td>15,5 x 13 x 8 cm<\/td>\n<td>100 St\u00fcck\/Karton<\/td>\n<td>2000 Schachteln\/Karton<\/td>\n<\/tr>\n<tr>\n<td>CT-UC50<\/td>\n<td>50 mm<\/td>\n<td>15,5 x 13 x 8 cm<\/td>\n<td>100 St\u00fcck\/Karton<\/td>\n<td>2000 Schachteln\/Karton<\/td>\n<\/tr>\n<\/tbody>\n<\/table>","protected":false},"excerpt":{"rendered":"<p><strong><b>Qualit\u00e4tszertifizierung:<\/b><\/strong><\/p>\n<p>\u2013 Speziell f\u00fcr Solaranwendungen entwickelt und hergestellt.<\/p>\n<p>\u2013 Entspricht AS\/NZS 2053, IEC61386, CE, UL94 5VA.<\/p>","protected":false},"featured_media":2850,"comment_status":"closed","ping_status":"closed","template":"","meta":{"_sitemap_exclude":false,"_sitemap_priority":"","_sitemap_frequency":"","_joinchat":[]},"product_brand":[],"product_cat":[107,42,37],"product_tag":[],"class_list":{"0":"post-2848","1":"product","2":"type-product","3":"status-publish","4":"has-post-thumbnail","6":"product_cat-fittings-wholesale","7":"product_cat-solar-pvc-conduit-and-fittings","8":"product_cat-specialized-application-products","10":"first","11":"instock","12":"shipping-taxable","13":"product-type-simple"},"_links":{"self":[{"href":"https:\/\/www.ctube-gr.com\/de\/wp-json\/wp\/v2\/product\/2848","targetHints":{"allow":["GET"]}}],"collection":[{"href":"https:\/\/www.ctube-gr.com\/de\/wp-json\/wp\/v2\/product"}],"about":[{"href":"https:\/\/www.ctube-gr.com\/de\/wp-json\/wp\/v2\/types\/product"}],"replies":[{"embeddable":true,"href":"https:\/\/www.ctube-gr.com\/de\/wp-json\/wp\/v2\/comments?post=2848"}],"version-history":[{"count":0,"href":"https:\/\/www.ctube-gr.com\/de\/wp-json\/wp\/v2\/product\/2848\/revisions"}],"wp:featuredmedia":[{"embeddable":true,"href":"https:\/\/www.ctube-gr.com\/de\/wp-json\/wp\/v2\/media\/2850"}],"wp:attachment":[{"href":"https:\/\/www.ctube-gr.com\/de\/wp-json\/wp\/v2\/media?parent=2848"}],"wp:term":[{"taxonomy":"product_brand","embeddable":true,"href":"https:\/\/www.ctube-gr.com\/de\/wp-json\/wp\/v2\/product_brand?post=2848"},{"taxonomy":"product_cat","embeddable":true,"href":"https:\/\/www.ctube-gr.com\/de\/wp-json\/wp\/v2\/product_cat?post=2848"},{"taxonomy":"product_tag","embeddable":true,"href":"https:\/\/www.ctube-gr.com\/de\/wp-json\/wp\/v2\/product_tag?post=2848"}],"curies":[{"name":"wp","href":"https:\/\/api.w.org\/{rel}","templated":true}]}}