{"id":7354,"date":"2024-06-17T08:51:58","date_gmt":"2024-06-17T08:51:58","guid":{"rendered":"https:\/\/www.ctube-gr.com\/?post_type=product&#038;p=7354"},"modified":"2024-06-25T01:57:54","modified_gmt":"2024-06-25T01:57:54","slug":"c-rohr-20-32-mm-90-vollwinkel","status":"publish","type":"product","link":"https:\/\/www.ctube-gr.com\/de\/ctube-20-32mm-90-degree-solid-elbow","title":{"rendered":"C-Rohr 20-32 mm 90 Grad massiver Winkel"},"content":{"rendered":"<p><strong>\u00dcberblick<\/strong><\/p>\n<div class=\"table\">\n<table width=\"1418\">\n<tbody>\n<tr class=\"ue-table-interlace-color-single\">\n<td valign=\"top\" width=\"328\">Marke:<\/td>\n<td valign=\"top\" width=\"328\">C-Tube<\/td>\n<td valign=\"top\" width=\"328\">OEM:<\/td>\n<td valign=\"top\" width=\"328\">Verf\u00fcgbar<\/td>\n<\/tr>\n<tr class=\"ue-table-interlace-color-double\">\n<td valign=\"top\" width=\"328\">Material:<\/td>\n<td valign=\"top\" width=\"328\">PVC<\/td>\n<td valign=\"top\" width=\"328\">L\u00e4nge:<\/td>\n<td valign=\"top\" width=\"328\">AU-Standard<\/td>\n<\/tr>\n<tr class=\"ue-table-interlace-color-single\">\n<td valign=\"top\" width=\"328\">Dicke:<\/td>\n<td valign=\"top\" width=\"328\">AU-Standard<\/td>\n<td valign=\"top\" width=\"328\">OD-Bereich:<\/td>\n<td valign=\"top\" width=\"328\">20-32 mm<\/td>\n<\/tr>\n<tr class=\"ue-table-interlace-color-double\">\n<td valign=\"top\" width=\"328\">Zertifizierung:<\/td>\n<td valign=\"top\" width=\"328\">AS\/NZS, RoHS, REACH, CE, SGS, ISO<\/td>\n<td valign=\"top\" width=\"328\">Farbe:<\/td>\n<td valign=\"top\" width=\"328\">Grau oder individuell gestaltet<\/td>\n<\/tr>\n<tr class=\"ue-table-interlace-color-single\">\n<td valign=\"top\" width=\"328\">Feuerbest\u00e4ndigkeit:<\/td>\n<td valign=\"top\" width=\"328\">V0<\/td>\n<td valign=\"top\" width=\"328\">UV-Best\u00e4ndigkeit:<\/td>\n<td valign=\"top\" width=\"328\">Ja<\/td>\n<\/tr>\n<tr class=\"ue-table-interlace-color-double\">\n<td valign=\"top\" width=\"328\">Leitf\u00e4higkeit:<\/td>\n<td valign=\"top\" width=\"328\">Isoliert<\/td>\n<td valign=\"top\" width=\"328\">H\u00e4rte:<\/td>\n<td valign=\"top\" width=\"328\">Robust und sto\u00dffest<\/td>\n<\/tr>\n<tr class=\"ue-table-interlace-color-single\">\n<td valign=\"top\" width=\"328\">Verpackung:<\/td>\n<td valign=\"top\" width=\"328\">Plastikt\u00fcten und PE-Folien<\/td>\n<td valign=\"top\" width=\"328\">Probe:<\/td>\n<td valign=\"top\" width=\"328\">Frei<\/td>\n<\/tr>\n<tr class=\"ue-table-interlace-color-double\">\n<td valign=\"top\" width=\"328\">Land:<\/td>\n<td valign=\"top\" width=\"328\">China<\/td>\n<td valign=\"top\" width=\"328\">Fabrik:<\/td>\n<td valign=\"top\" width=\"328\">Dongguan, Guangdong<\/td>\n<\/tr>\n<\/tbody>\n<\/table>\n<\/div>\n<p><strong>Merkmale<\/strong><\/p>\n<p>\u2013 90\u00b0-Winkel.<\/p>\n<p>\u2013 Entspricht den AS\/NZS 2053-Standards.<\/p>\n<p>\u2013 Best\u00e4ndig gegen St\u00f6\u00dfe, Sonnenlicht und Feuer.<\/p>\n<p>\u2013 Gl\u00e4nzende und glatte Oberfl\u00e4che und Innenseite.<\/p>\n<p>\u2013 Das robuste, nichtleitende PVC rostet und korrodiert nicht.<\/p>\n<p>\u2013 Geeignet f\u00fcr Anwendungen sowohl \u00fcber als auch unter der Erde.<\/p>\n<p><strong>Anwendung<\/strong><\/p>\n<p>Ctube 20-32mm 90 Grad Vollwinkel sind so konstruiert, dass sie die Richtung der Leitungsf\u00fchrung \u00e4ndern, wenn die Leitung an der Wand nach oben oder unten verlegt werden muss.<\/p>\n<p><strong>Fertigungskapazit\u00e4t<\/strong><\/p>\n<p>\u2013 Produktionskapazit\u00e4t: 50.000 St\u00fcck pro Woche<\/p>\n<p>\u2013 Verpackungsmethoden: Plastikbeutel und PE-Folien<\/p>\n<p><strong>Gr\u00f6\u00dfentabelle<\/strong><\/p>\n<div class=\"table\">\n<table cellspacing=\"0\" cellpadding=\"0\">\n<colgroup>\n<col span=\"4\" width=\"118\" \/><\/colgroup>\n<tbody>\n<tr class=\"ue-table-interlace-color-single\">\n<td width=\"119\" height=\"33\">Produktcode<\/td>\n<td width=\"119\">Nenngr\u00f6\u00dfe<\/td>\n<td width=\"133\">Innenverpackung<\/td>\n<td width=\"186\">Au\u00dfenverpackung<\/td>\n<\/tr>\n<tr class=\"ue-table-interlace-color-double\">\n<td colspan=\"1\" rowspan=\"1\">CT-PE16<\/td>\n<td colspan=\"1\" rowspan=\"1\">16 mm<\/td>\n<td colspan=\"1\" rowspan=\"1\">20 St\u00fcck\/Karton<\/td>\n<td colspan=\"1\" rowspan=\"1\">500 Schachteln\/Karton<\/td>\n<\/tr>\n<tr class=\"ue-table-interlace-color-single\">\n<td height=\"18\">CT-PE20<\/td>\n<td width=\"119\">20 mm<\/td>\n<td width=\"131\">20 St\u00fcck\/Karton<\/td>\n<td width=\"186\">500 Schachteln\/Karton<\/td>\n<\/tr>\n<tr class=\"ue-table-interlace-color-double\">\n<td colspan=\"1\" rowspan=\"1\">CT-PE25<\/td>\n<td colspan=\"1\" rowspan=\"1\">25 mm<\/td>\n<td colspan=\"1\" rowspan=\"1\">10 St\u00fcck\/Karton<\/td>\n<td colspan=\"1\" rowspan=\"1\">500 Schachteln\/Karton<\/td>\n<\/tr>\n<tr class=\"ue-table-interlace-color-single\">\n<td colspan=\"1\" rowspan=\"1\">CT-PE32<\/td>\n<td colspan=\"1\" rowspan=\"1\">32 mm<\/td>\n<td colspan=\"1\" rowspan=\"1\">5 St\u00fcck\/Karton<\/td>\n<td colspan=\"1\" rowspan=\"1\">500 Schachteln\/Karton<\/td>\n<\/tr>\n<\/tbody>\n<\/table>\n<\/div>\n<p>&nbsp;<\/p>","protected":false},"excerpt":{"rendered":"<p>Qualit\u00e4tszertifizierung:<\/p>\n<p>\u2013 Australischer Standard<\/p>\n<p>\u2013 Entspricht AS\/NZS 2053, RoHS, REACH, CE, SGS, ISO<\/p>","protected":false},"featured_media":7357,"comment_status":"closed","ping_status":"closed","template":"","meta":{"_sitemap_exclude":false,"_sitemap_priority":"","_sitemap_frequency":"","_joinchat":[]},"product_brand":[],"product_cat":[40,211,36,35],"product_tag":[],"class_list":{"0":"post-7354","1":"product","2":"type-product","3":"status-publish","4":"has-post-thumbnail","6":"product_cat-as-nzs-listed-pvc-conduit-pipe-series","7":"product_cat-australian-standard-conduit-fittings","8":"product_cat-international-certifications-products","9":"product_cat-uncategorized","11":"first","12":"instock","13":"shipping-taxable","14":"product-type-simple"},"_links":{"self":[{"href":"https:\/\/www.ctube-gr.com\/de\/wp-json\/wp\/v2\/product\/7354","targetHints":{"allow":["GET"]}}],"collection":[{"href":"https:\/\/www.ctube-gr.com\/de\/wp-json\/wp\/v2\/product"}],"about":[{"href":"https:\/\/www.ctube-gr.com\/de\/wp-json\/wp\/v2\/types\/product"}],"replies":[{"embeddable":true,"href":"https:\/\/www.ctube-gr.com\/de\/wp-json\/wp\/v2\/comments?post=7354"}],"version-history":[{"count":0,"href":"https:\/\/www.ctube-gr.com\/de\/wp-json\/wp\/v2\/product\/7354\/revisions"}],"wp:featuredmedia":[{"embeddable":true,"href":"https:\/\/www.ctube-gr.com\/de\/wp-json\/wp\/v2\/media\/7357"}],"wp:attachment":[{"href":"https:\/\/www.ctube-gr.com\/de\/wp-json\/wp\/v2\/media?parent=7354"}],"wp:term":[{"taxonomy":"product_brand","embeddable":true,"href":"https:\/\/www.ctube-gr.com\/de\/wp-json\/wp\/v2\/product_brand?post=7354"},{"taxonomy":"product_cat","embeddable":true,"href":"https:\/\/www.ctube-gr.com\/de\/wp-json\/wp\/v2\/product_cat?post=7354"},{"taxonomy":"product_tag","embeddable":true,"href":"https:\/\/www.ctube-gr.com\/de\/wp-json\/wp\/v2\/product_tag?post=7354"}],"curies":[{"name":"wp","href":"https:\/\/api.w.org\/{rel}","templated":true}]}}