{"id":11244,"date":"2025-06-10T07:06:47","date_gmt":"2025-06-10T07:06:47","guid":{"rendered":"https:\/\/www.ctube-gr.com\/?post_type=product&#038;p=11244"},"modified":"2025-06-10T07:11:12","modified_gmt":"2025-06-10T07:11:12","slug":"caja-electrica-de-pared-de-hormigon-profundo-ctube-de-pvc-gris","status":"publish","type":"product","link":"https:\/\/www.ctube-gr.com\/es\/ctube-deep-concrete-wall-electrical-box-gray-pvc","title":{"rendered":"Caja el\u00e9ctrica de pared de hormig\u00f3n profundo Ctube de PVC gris"},"content":{"rendered":"<p style=\"color: #003473; font-size: 24px; margin-top: 0; margin-bottom: 12px;\"><strong>Caja de pared de hormig\u00f3n profundo\u00a0<\/strong><\/p>\n<p>Inst\u00e1lelo con confianza utilizando el <strong>Caja de pared de hormig\u00f3n profundo Ctube<\/strong>. Dise\u00f1ada para conexiones el\u00e9ctricas de alta resistencia en paredes de concreto o mamposter\u00eda, esta caja de 6 pulgadas presenta un perfil m\u00e1s profundo para mayor capacidad y m\u00faltiples patrones de orificios ciegos para un enrutamiento flexible de conductos.<\/p>\n<div style=\"background-color: #fff; border-left: 4px solid #003473; padding: 16px; margin-bottom: 20px; border-radius: 8px;\">\n<p><span style=\"color: #003473;\"><strong>Caracter\u00edsticas principales<\/strong><\/span><\/p>\n<ul style=\"padding-left: 20px; margin: 0;\">\n<li><strong>Tama\u00f1o de la caja:<\/strong> <span style=\"color: #003473;\">6,00\u2033 x 3,587\u2033<\/span> Profundo para espacio de cableado adicional<\/li>\n<li><strong>Opciones de nocaut:<\/strong> Hasta 8 nocauts en tama\u00f1os <em>1\/2\u2033<\/em>, <em>3\/4\u2033<\/em>, y <em>1\u2033<\/em><\/li>\n<li><strong>Material duradero:<\/strong> <em>Construcci\u00f3n de PVC gris<\/em> \u2013 no met\u00e1lico, resistente a la corrosi\u00f3n y a prueba de impactos<\/li>\n<li><strong>C\u00f3digo listo:<\/strong> <span style=\"color: #003473;\">Listado por UL<\/span> para cumplimiento el\u00e9ctrico<\/li>\n<li><strong>Instalaci\u00f3n:<\/strong> Ideal para <em>Aplicaciones subterr\u00e1neas, empotradas y en paredes de hormig\u00f3n<\/em><\/li>\n<\/ul>\n<\/div>\n<p>&nbsp;<\/p>\n<div style=\"overflow-x: auto;\">\n<table style=\"width: 100%; border-collapse: collapse; font-size: 15px; min-width: 600px;\">\n<thead>\n<tr style=\"background-color: #003473; color: #ffffff;\">\n<th style=\"padding: 10px; text-align: left;\">Propiedad<\/th>\n<th style=\"padding: 10px; text-align: left;\">Detalles<\/th>\n<\/tr>\n<\/thead>\n<tbody>\n<tr>\n<td style=\"padding: 8px; border-bottom: 1px solid #ddd;\">Carga de flexi\u00f3n<\/td>\n<td style=\"padding: 8px; border-bottom: 1px solid #ddd;\">Hasta 4448 N (1000 lbf)<\/td>\n<\/tr>\n<tr>\n<td style=\"padding: 8px; border-bottom: 1px solid #ddd;\">Resistencia al aplastamiento<\/td>\n<td style=\"padding: 8px; border-bottom: 1px solid #ddd;\">Hasta 166,7 lbf por l\u00ednea<\/td>\n<\/tr>\n<tr>\n<td style=\"padding: 8px; border-bottom: 1px solid #ddd;\">Distorsi\u00f3n por calor<\/td>\n<td style=\"padding: 8px; border-bottom: 1px solid #ddd;\">\ufe6415% sin grietas<\/td>\n<\/tr>\n<tr>\n<td style=\"padding: 8px; border-bottom: 1px solid #ddd;\">Absorci\u00f3n de agua<\/td>\n<td style=\"padding: 8px; border-bottom: 1px solid #ddd;\">\ufe640,50% Peso<\/td>\n<\/tr>\n<tr>\n<td style=\"padding: 8px; border-bottom: 1px solid #ddd;\">Prueba de inflamabilidad<\/td>\n<td style=\"padding: 8px; border-bottom: 1px solid #ddd;\">Menos de 5 segundos siguen en llamas<\/td>\n<\/tr>\n<tr>\n<td style=\"padding: 8px; border-bottom: 1px solid #ddd;\">Prueba de extrusi\u00f3n\/moldeo<\/td>\n<td style=\"padding: 8px; border-bottom: 1px solid #ddd;\">Sin descascarillado ni agrietamiento<\/td>\n<\/tr>\n<tr>\n<td style=\"padding: 8px; border-bottom: 1px solid #ddd;\">Clasificaci\u00f3n de resistencia al fuego<\/td>\n<td style=\"padding: 8px; border-bottom: 1px solid #ddd;\">UL 94V-0<\/td>\n<\/tr>\n<tr>\n<td style=\"padding: 8px; border-bottom: 1px solid #ddd;\">Permanencia de la impresi\u00f3n<\/td>\n<td style=\"padding: 8px; border-bottom: 1px solid #ddd;\">S\u00ed<\/td>\n<\/tr>\n<tr>\n<td style=\"padding: 8px; border-bottom: 1px solid #ddd;\">Resistente al \u00f3xido y a la luz solar<\/td>\n<td style=\"padding: 8px; border-bottom: 1px solid #ddd;\">S\u00ed<\/td>\n<\/tr>\n<tr>\n<td style=\"padding: 8px; border-bottom: 1px solid #ddd;\">Color<\/td>\n<td style=\"padding: 8px; border-bottom: 1px solid #ddd;\">Gris o Personalizaci\u00f3n<\/td>\n<\/tr>\n<tr>\n<td style=\"padding: 8px; border-bottom: 1px solid #ddd;\">Material<\/td>\n<td style=\"padding: 8px; border-bottom: 1px solid #ddd;\">CLORURO DE POLIVINILO<\/td>\n<\/tr>\n<tr>\n<td style=\"padding: 8px; border-bottom: 1px solid #ddd;\">Servicios personalizados<\/td>\n<td style=\"padding: 8px; border-bottom: 1px solid #ddd;\">Disponible<\/td>\n<\/tr>\n<tr>\n<td style=\"padding: 8px; border-bottom: 1px solid #ddd;\">Lugar de origen<\/td>\n<td style=\"padding: 8px; border-bottom: 1px solid #ddd;\">Dongguan, China<\/td>\n<\/tr>\n<tr>\n<td style=\"padding: 8px; border-bottom: 1px solid #ddd;\">Env\u00edo<\/td>\n<td style=\"padding: 8px; border-bottom: 1px solid #ddd;\">Por mar<\/td>\n<\/tr>\n<tr>\n<td style=\"padding: 8px; border-bottom: 1px solid #ddd;\">Muestras<\/td>\n<td style=\"padding: 8px; border-bottom: 1px solid #ddd;\">Disponible<\/td>\n<\/tr>\n<tr>\n<td style=\"padding: 8px;\">Dimensiones<\/td>\n<td style=\"padding: 8px;\">N<\/td>\n<\/tr>\n<\/tbody>\n<\/table>\n<p style=\"color: #003473; font-size: 18px; margin-top: 24px; margin-bottom: 12px;\"><strong>Tabla de tallas<\/strong><\/p>\n<table style=\"width: 100%; border-collapse: collapse; font-size: 14px; min-width: 600px;\">\n<thead>\n<tr style=\"background-color: #003473; color: #fff;\">\n<th style=\"padding: 8px; text-align: left;\">Art\u00edculo Nro.<\/th>\n<th style=\"padding: 8px; text-align: left;\">Nocauts<\/th>\n<th style=\"padding: 8px; text-align: left;\">L (pulgadas)<\/th>\n<th style=\"padding: 8px; text-align: left;\">H (pulgadas)<\/th>\n<\/tr>\n<\/thead>\n<tbody>\n<tr style=\"background-color: #f9f9f9;\">\n<td style=\"padding: 8px;\">CT-ESSBA<\/td>\n<td style=\"padding: 8px;\">8 \u00d7 1\/2<\/td>\n<td style=\"padding: 8px;\">6.00<\/td>\n<td style=\"padding: 8px;\">3.587<\/td>\n<\/tr>\n<tr>\n<td style=\"padding: 8px;\">CT-ESSBB<\/td>\n<td style=\"padding: 8px;\">8 \u00d7 3\/4<\/td>\n<td style=\"padding: 8px;\">6.00<\/td>\n<td style=\"padding: 8px;\">3.587<\/td>\n<\/tr>\n<tr style=\"background-color: #f9f9f9;\">\n<td style=\"padding: 8px;\">CT-ESSBC<\/td>\n<td style=\"padding: 8px;\">4 \u00d7 1\/2, 4 \u00d7 3\/4<\/td>\n<td style=\"padding: 8px;\">6.00<\/td>\n<td style=\"padding: 8px;\">3.587<\/td>\n<\/tr>\n<tr>\n<td style=\"padding: 8px;\">CT-ESSBD<\/td>\n<td style=\"padding: 8px;\">4 \u00d7 1\/2, 2 \u00d7 3\/4, 2 \u00d7 1<\/td>\n<td style=\"padding: 8px;\">6.00<\/td>\n<td style=\"padding: 8px;\">3.587<\/td>\n<\/tr>\n<tr style=\"background-color: #f9f9f9;\">\n<td style=\"padding: 8px;\">CT-ESSBE<\/td>\n<td style=\"padding: 8px;\">4 \u00d7 3\/4, 4 \u00d7 1<\/td>\n<td style=\"padding: 8px;\">6.00<\/td>\n<td style=\"padding: 8px;\">3.587<\/td>\n<\/tr>\n<\/tbody>\n<\/table>\n<p>&nbsp;<\/p>\n<\/div>","protected":false},"excerpt":{"rendered":"<p><strong><b>Certificaci\u00f3n de calidad:<\/b><\/strong><\/p>\n<p>\u2013 Listado por UL<\/p>","protected":false},"featured_media":11248,"comment_status":"closed","ping_status":"closed","template":"","meta":{"_sitemap_exclude":false,"_sitemap_priority":"","_sitemap_frequency":"","_joinchat":[]},"product_brand":[],"product_cat":[77,36,38],"product_tag":[],"class_list":{"0":"post-11244","1":"product","2":"type-product","3":"status-publish","4":"has-post-thumbnail","6":"product_cat-ul651-fittings","7":"product_cat-international-certifications-products","8":"product_cat-ul-listed-pvc-conduit-pipe-series","10":"first","11":"instock","12":"shipping-taxable","13":"product-type-simple"},"_links":{"self":[{"href":"https:\/\/www.ctube-gr.com\/es\/wp-json\/wp\/v2\/product\/11244","targetHints":{"allow":["GET"]}}],"collection":[{"href":"https:\/\/www.ctube-gr.com\/es\/wp-json\/wp\/v2\/product"}],"about":[{"href":"https:\/\/www.ctube-gr.com\/es\/wp-json\/wp\/v2\/types\/product"}],"replies":[{"embeddable":true,"href":"https:\/\/www.ctube-gr.com\/es\/wp-json\/wp\/v2\/comments?post=11244"}],"version-history":[{"count":0,"href":"https:\/\/www.ctube-gr.com\/es\/wp-json\/wp\/v2\/product\/11244\/revisions"}],"wp:featuredmedia":[{"embeddable":true,"href":"https:\/\/www.ctube-gr.com\/es\/wp-json\/wp\/v2\/media\/11248"}],"wp:attachment":[{"href":"https:\/\/www.ctube-gr.com\/es\/wp-json\/wp\/v2\/media?parent=11244"}],"wp:term":[{"taxonomy":"product_brand","embeddable":true,"href":"https:\/\/www.ctube-gr.com\/es\/wp-json\/wp\/v2\/product_brand?post=11244"},{"taxonomy":"product_cat","embeddable":true,"href":"https:\/\/www.ctube-gr.com\/es\/wp-json\/wp\/v2\/product_cat?post=11244"},{"taxonomy":"product_tag","embeddable":true,"href":"https:\/\/www.ctube-gr.com\/es\/wp-json\/wp\/v2\/product_tag?post=11244"}],"curies":[{"name":"Gracias","href":"https:\/\/api.w.org\/{rel}","templated":true}]}}