{"id":12481,"date":"2025-11-07T01:48:04","date_gmt":"2025-11-07T01:48:04","guid":{"rendered":"https:\/\/www.ctube-gr.com\/?post_type=product&#038;p=12481"},"modified":"2025-12-15T02:56:15","modified_gmt":"2025-12-15T02:56:15","slug":"conector-de-tuberia-de-desague-ctube-codo-de-90-tuberia-de-plomeria-de-plastico-accesorios-para-tuberias-de-agua","status":"publish","type":"product","link":"https:\/\/www.ctube-gr.com\/es\/ctube-waste-pipe-connector-90-elbow-plastic-plumbing-pipe-water-pipe-fittings","title":{"rendered":"Conector de tuber\u00eda de desag\u00fce Ctube, codo de 90\u00b0, tuber\u00eda de plomer\u00eda de pl\u00e1stico, accesorios para tuber\u00edas de agua"},"content":{"rendered":"<table style=\"width: 100%; border-collapse: collapse; font-family: Jost, Helvetica Neue, sans-serif; font-size: 15px; text-align: left;\"><!-- Row 1 --><\/p>\n<tbody>\n<tr>\n<td style=\"border: 1px solid #d9d9d9; padding: 10px; color: #003473; font-weight: bold; width: 20%;\">Marca<\/td>\n<td style=\"border: 1px solid #d9d9d9; padding: 10px; width: 30%;\">Tubo C<\/td>\n<td style=\"border: 1px solid #d9d9d9; padding: 10px; color: #003473; font-weight: bold; width: 20%;\">Personalizable<\/td>\n<td style=\"border: 1px solid #d9d9d9; padding: 10px; width: 30%;\">S\u00ed<\/td>\n<\/tr>\n<p><!-- Row 2 --><\/p>\n<tr>\n<td style=\"border: 1px solid #d9d9d9; padding: 10px; color: #003473; font-weight: bold;\">Material<\/td>\n<td style=\"border: 1px solid #d9d9d9; padding: 10px;\">UPVC (cloruro de polivinilo no plastificado)<\/td>\n<td style=\"border: 1px solid #d9d9d9; padding: 10px; color: #003473; font-weight: bold;\">Longitud<\/td>\n<td style=\"border: 1px solid #d9d9d9; padding: 10px;\">Est\u00e1ndar o personalizado<\/td>\n<\/tr>\n<p><!-- Row 3 --><\/p>\n<tr>\n<td style=\"border: 1px solid #d9d9d9; padding: 10px; color: #003473; font-weight: bold;\">Espesor<\/td>\n<td style=\"border: 1px solid #d9d9d9; padding: 10px;\">Espesor de pared est\u00e1ndar o seg\u00fan pedido.<\/td>\n<td style=\"border: 1px solid #d9d9d9; padding: 10px; color: #003473; font-weight: bold;\">Rango OD<\/td>\n<td style=\"border: 1px solid #d9d9d9; padding: 10px;\">50\u2013160 mm<\/td>\n<\/tr>\n<p><!-- Row 4 --><\/p>\n<tr>\n<td style=\"border: 1px solid #d9d9d9; padding: 10px; color: #003473; font-weight: bold;\">Color<\/td>\n<td style=\"border: 1px solid #d9d9d9; padding: 10px;\">Azul o personalizado<\/td>\n<td style=\"border: 1px solid #d9d9d9; padding: 10px; color: #003473; font-weight: bold;\">Solicitud<\/td>\n<td style=\"border: 1px solid #d9d9d9; padding: 10px;\">Sistemas de suministro de agua fr\u00eda, drenaje y plomer\u00eda.<\/td>\n<\/tr>\n<p><!-- Row 5 --><\/p>\n<tr>\n<td style=\"border: 1px solid #d9d9d9; padding: 10px; color: #003473; font-weight: bold;\">Muestra<\/td>\n<td style=\"border: 1px solid #d9d9d9; padding: 10px;\">Gratis<\/td>\n<td style=\"border: 1px solid #d9d9d9; padding: 10px; color: #003473; font-weight: bold;\">Embalaje<\/td>\n<td style=\"border: 1px solid #d9d9d9; padding: 10px;\">Bolsas de pl\u00e1stico y pel\u00edculas de PE<\/td>\n<\/tr>\n<p><!-- Row 6 --><\/p>\n<tr>\n<td style=\"border: 1px solid #d9d9d9; padding: 10px; color: #003473; font-weight: bold;\">Pa\u00eds<\/td>\n<td style=\"border: 1px solid #d9d9d9; padding: 10px;\">Porcelana<\/td>\n<td style=\"border: 1px solid #d9d9d9; padding: 10px; color: #003473; font-weight: bold;\">F\u00e1brica<\/td>\n<td style=\"border: 1px solid #d9d9d9; padding: 10px;\">Shaoguan, Provincia de Cant\u00f3n<\/td>\n<\/tr>\n<\/tbody>\n<\/table>\n<p><!-- Key Features Section --><\/p>\n<div style=\"font-family: Jost, Helvetica Neue, sans-serif; font-size: 15px; line-height: 2;\">\n<p><!-- Section Title --><\/p>\n<div style=\"color: #003473; font-weight: bold; font-size: 16px; margin-bottom: 12px;\">Caracter\u00edsticas principales<\/div>\n<p><!-- Features List --><\/p>\n<ul style=\"margin: 0; padding-left: 20px;\">\n<li><strong style=\"color: #003473;\">Alta tenacidad y resistencia al impacto:<\/strong> Garantiza durabilidad y rendimiento duradero bajo presi\u00f3n.<\/li>\n<li><strong style=\"color: #003473;\">Excelente resistencia a la presi\u00f3n y a la corrosi\u00f3n:<\/strong> Soporta alta presi\u00f3n de agua y resiste la corrosi\u00f3n de \u00e1cidos, \u00e1lcalis y sales.<\/li>\n<li><strong style=\"color: #003473;\">Larga vida \u00fatil de hasta 50 a\u00f1os:<\/strong> Confiable y seguro para aplicaciones de plomer\u00eda y suministro de agua a largo plazo.<\/li>\n<li><strong style=\"color: #003473;\">Pared interior lisa para un flujo de agua eficiente:<\/strong> Reduce la fricci\u00f3n y mejora la eficiencia del flujo de agua.<\/li>\n<li><strong style=\"color: #003473;\">Cumple con los est\u00e1ndares pertinentes:<\/strong> Adecuado para una amplia gama de aplicaciones de plomer\u00eda.<\/li>\n<li><strong style=\"color: #003473;\">Instalaci\u00f3n f\u00e1cil y rentable:<\/strong> Dise\u00f1ado para un montaje r\u00e1pido, reduciendo costes de mano de obra y mantenimiento.<\/li>\n<\/ul>\n<\/div>\n<p><!-- Application Section --><\/p>\n<div style=\"font-family: Jost, Helvetica Neue, sans-serif; font-size: 15px; line-height: 1.8; margin-top: 20px;\">\n<p><!-- Section Title --><\/p>\n<div style=\"color: #003473; font-weight: bold; font-size: 16px; margin-bottom: 10px;\">Solicitud<\/div>\n<p><!-- Application Content --><\/p>\n<p>Estos codos de drenaje de UPVC de 90\u00b0 son ideales para sistemas de drenaje y suministro de agua en edificios. Son adecuados para proyectos de plomer\u00eda residencial, comercial e industrial, garantizando un flujo de agua eficiente y confiabilidad a largo plazo.<br \/>\n<!-- Size Chart Section --><\/p>\n<div style=\"font-family: Jost, Helvetica Neue, sans-serif; font-size: 15px; line-height: 1.8; margin-top: 20px;\">\n<p><!-- Section Title --><\/p>\n<div style=\"color: #003473; font-weight: bold; font-size: 16px; margin-bottom: 12px;\">Tabla de tallas<\/div>\n<p><!-- Size Table --><\/p>\n<table style=\"width: 100%; border-collapse: collapse; text-align: center;\"><!-- Table Header --><\/p>\n<tbody>\n<tr>\n<th style=\"border: 1px solid #d9d9d9; padding: 8px; background-color: #f2f7fb; color: #003473;\">Modelo<\/th>\n<th style=\"border: 1px solid #d9d9d9; padding: 8px; background-color: #f2f7fb; color: #003473;\">Tama\u00f1o nominal<\/th>\n<th style=\"border: 1px solid #d9d9d9; padding: 8px; background-color: #f2f7fb; color: #003473;\">Cantidad \/ Caja<\/th>\n<\/tr>\n<p><!-- Row 1 --><\/p>\n<tr>\n<td style=\"border: 1px solid #d9d9d9; padding: 8px;\">Codo de drenaje de 90\u00b0 \u042450<\/td>\n<td style=\"border: 1px solid #d9d9d9; padding: 8px;\">50 mm<\/td>\n<td style=\"border: 1px solid #d9d9d9; padding: 8px;\">190<\/td>\n<\/tr>\n<p><!-- Row 2 --><\/p>\n<tr>\n<td style=\"border: 1px solid #d9d9d9; padding: 8px;\">Codo de drenaje de 90\u00b0 \u042475<\/td>\n<td style=\"border: 1px solid #d9d9d9; padding: 8px;\">75 mm<\/td>\n<td style=\"border: 1px solid #d9d9d9; padding: 8px;\">90<\/td>\n<\/tr>\n<p><!-- Row 3 --><\/p>\n<tr>\n<td style=\"border: 1px solid #d9d9d9; padding: 8px;\">Codo de drenaje de 90\u00b0 \u0424110<\/td>\n<td style=\"border: 1px solid #d9d9d9; padding: 8px;\">110 mm<\/td>\n<td style=\"border: 1px solid #d9d9d9; padding: 8px;\">35<\/td>\n<\/tr>\n<p><!-- Row 4 --><\/p>\n<tr>\n<td style=\"border: 1px solid #d9d9d9; padding: 8px;\">Codo de drenaje de 90\u00b0 \u0424160<\/td>\n<td style=\"border: 1px solid #d9d9d9; padding: 8px;\">160 mm<\/td>\n<td style=\"border: 1px solid #d9d9d9; padding: 8px;\">12<\/td>\n<\/tr>\n<\/tbody>\n<\/table>\n<\/div>\n<\/div>","protected":false},"excerpt":{"rendered":"<p>Certificaci\u00f3n de calidad:<\/p>\n<p>\u2014 Cumple con AS\/NZS, UL, CSA, RoHS, REACH, CE, SGS, ISO<\/p>\n<p>\u2014 Fabricado para cumplir con los est\u00e1ndares aplicables para uso en plomer\u00eda y electricidad.<\/p>","protected":false},"featured_media":12489,"comment_status":"closed","ping_status":"closed","template":"","meta":{"_sitemap_exclude":false,"_sitemap_priority":"","_sitemap_frequency":"","_monsterinsights_skip_tracking":false,"_monsterinsights_sitenote_active":false,"_monsterinsights_sitenote_note":"","_monsterinsights_sitenote_category":0,"_joinchat":[]},"product_brand":[],"product_cat":[320,323,319],"product_tag":[],"class_list":{"0":"post-12481","1":"product","2":"type-product","3":"status-publish","4":"has-post-thumbnail","6":"product_cat-upvc-drainage-pipe-fittings","7":"product_cat-drainage-fittings-range","8":"product_cat-plumbing-pipe-fittings-series","10":"first","11":"instock","12":"shipping-taxable","13":"product-type-simple"},"_links":{"self":[{"href":"https:\/\/www.ctube-gr.com\/es\/wp-json\/wp\/v2\/product\/12481","targetHints":{"allow":["GET"]}}],"collection":[{"href":"https:\/\/www.ctube-gr.com\/es\/wp-json\/wp\/v2\/product"}],"about":[{"href":"https:\/\/www.ctube-gr.com\/es\/wp-json\/wp\/v2\/types\/product"}],"replies":[{"embeddable":true,"href":"https:\/\/www.ctube-gr.com\/es\/wp-json\/wp\/v2\/comments?post=12481"}],"version-history":[{"count":0,"href":"https:\/\/www.ctube-gr.com\/es\/wp-json\/wp\/v2\/product\/12481\/revisions"}],"wp:featuredmedia":[{"embeddable":true,"href":"https:\/\/www.ctube-gr.com\/es\/wp-json\/wp\/v2\/media\/12489"}],"wp:attachment":[{"href":"https:\/\/www.ctube-gr.com\/es\/wp-json\/wp\/v2\/media?parent=12481"}],"wp:term":[{"taxonomy":"product_brand","embeddable":true,"href":"https:\/\/www.ctube-gr.com\/es\/wp-json\/wp\/v2\/product_brand?post=12481"},{"taxonomy":"product_cat","embeddable":true,"href":"https:\/\/www.ctube-gr.com\/es\/wp-json\/wp\/v2\/product_cat?post=12481"},{"taxonomy":"product_tag","embeddable":true,"href":"https:\/\/www.ctube-gr.com\/es\/wp-json\/wp\/v2\/product_tag?post=12481"}],"curies":[{"name":"Gracias","href":"https:\/\/api.w.org\/{rel}","templated":true}]}}