{"id":12571,"date":"2025-11-17T09:12:46","date_gmt":"2025-11-17T09:12:46","guid":{"rendered":"https:\/\/www.ctube-gr.com\/?post_type=product&#038;p=12571"},"modified":"2025-12-16T02:26:13","modified_gmt":"2025-12-16T02:26:13","slug":"accesorios-de-plomeria-sifon-ctube-acopladores-de-tuberia-accesorios-de-tuberia","status":"publish","type":"product","link":"https:\/\/www.ctube-gr.com\/es\/ctube-p-trap-plumbing-pipe-fitting-accessories-pipe-couplers-pipe-fixtures","title":{"rendered":"Accesorios para tuber\u00edas de plomer\u00eda, sif\u00f3n en P, acopladores y accesorios para tuber\u00edas"},"content":{"rendered":"<table style=\"width: 100%; border-collapse: collapse; font-family: Jost, Helvetica Neue, sans-serif; font-size: 15px; text-align: left;\"><!-- Row 1 --><\/p>\n<tbody>\n<tr>\n<td style=\"border: 1px solid #d9d9d9; padding: 10px; color: #003473; font-weight: bold; width: 20%;\">Marca<\/td>\n<td style=\"border: 1px solid #d9d9d9; padding: 10px; width: 30%;\">Tubo C<\/td>\n<td style=\"border: 1px solid #d9d9d9; padding: 10px; color: #003473; font-weight: bold; width: 20%;\">Personalizable<\/td>\n<td style=\"border: 1px solid #d9d9d9; padding: 10px; width: 30%;\">S\u00ed<\/td>\n<\/tr>\n<p><!-- Row 2 --><\/p>\n<tr>\n<td style=\"border: 1px solid #d9d9d9; padding: 10px; color: #003473; font-weight: bold;\">Material<\/td>\n<td style=\"border: 1px solid #d9d9d9; padding: 10px;\">UPVC (cloruro de polivinilo no plastificado)<\/td>\n<td style=\"border: 1px solid #d9d9d9; padding: 10px; color: #003473; font-weight: bold;\">Longitud<\/td>\n<td style=\"border: 1px solid #d9d9d9; padding: 10px;\">Est\u00e1ndar o personalizado<\/td>\n<\/tr>\n<p><!-- Row 3 --><\/p>\n<tr>\n<td style=\"border: 1px solid #d9d9d9; padding: 10px; color: #003473; font-weight: bold;\">Espesor<\/td>\n<td style=\"border: 1px solid #d9d9d9; padding: 10px;\">Espesor de pared est\u00e1ndar o seg\u00fan pedido.<\/td>\n<td style=\"border: 1px solid #d9d9d9; padding: 10px; color: #003473; font-weight: bold;\">Rango OD<\/td>\n<td style=\"border: 1px solid #d9d9d9; padding: 10px;\">50\u2013110 mm<\/td>\n<\/tr>\n<p><!-- Row 4 --><\/p>\n<tr>\n<td style=\"border: 1px solid #d9d9d9; padding: 10px; color: #003473; font-weight: bold;\">Color<\/td>\n<td style=\"border: 1px solid #d9d9d9; padding: 10px;\">Azul o personalizado<\/td>\n<td style=\"border: 1px solid #d9d9d9; padding: 10px; color: #003473; font-weight: bold;\">Solicitud<\/td>\n<td style=\"border: 1px solid #d9d9d9; padding: 10px;\">Sistemas de suministro de agua fr\u00eda, drenaje y plomer\u00eda.<\/td>\n<\/tr>\n<p><!-- Row 5 --><\/p>\n<tr>\n<td style=\"border: 1px solid #d9d9d9; padding: 10px; color: #003473; font-weight: bold;\">Muestra<\/td>\n<td style=\"border: 1px solid #d9d9d9; padding: 10px;\">Gratis<\/td>\n<td style=\"border: 1px solid #d9d9d9; padding: 10px; color: #003473; font-weight: bold;\">Embalaje<\/td>\n<td style=\"border: 1px solid #d9d9d9; padding: 10px;\">Bolsas de pl\u00e1stico y pel\u00edculas de PE<\/td>\n<\/tr>\n<p><!-- Row 6 --><\/p>\n<tr>\n<td style=\"border: 1px solid #d9d9d9; padding: 10px; color: #003473; font-weight: bold;\">Pa\u00eds<\/td>\n<td style=\"border: 1px solid #d9d9d9; padding: 10px;\">Porcelana<\/td>\n<td style=\"border: 1px solid #d9d9d9; padding: 10px; color: #003473; font-weight: bold;\">F\u00e1brica<\/td>\n<td style=\"border: 1px solid #d9d9d9; padding: 10px;\">Shaoguan, Provincia de Cant\u00f3n<\/td>\n<\/tr>\n<\/tbody>\n<\/table>\n<p><!-- Key Features Section --><\/p>\n<div style=\"font-family: Jost, Helvetica Neue, sans-serif; font-size: 15px; line-height: 2;\">\n<p><!-- Section Title --><\/p>\n<div style=\"color: #003473; font-weight: bold; font-size: 16px; margin-bottom: 12px;\">Caracter\u00edsticas principales<\/div>\n<p><!-- Features List --><\/p>\n<ul style=\"margin: 0; padding-left: 20px;\">\n<li><strong style=\"color: #003473;\">Alta tenacidad y resistencia al impacto:<\/strong> Garantiza durabilidad y rendimiento duradero bajo presi\u00f3n.<\/li>\n<li><strong style=\"color: #003473;\">Excelente resistencia a la presi\u00f3n y a la corrosi\u00f3n:<\/strong> Soporta alta presi\u00f3n de agua y resiste la corrosi\u00f3n de \u00e1cidos, \u00e1lcalis y sales.<\/li>\n<li><strong style=\"color: #003473;\">Larga vida \u00fatil de hasta 50 a\u00f1os:<\/strong> Confiable y seguro para aplicaciones de plomer\u00eda y suministro de agua a largo plazo.<\/li>\n<li><strong style=\"color: #003473;\">Pared interior lisa para un flujo de agua eficiente:<\/strong> Reduce la fricci\u00f3n y mejora la eficiencia del flujo de agua.<\/li>\n<li><strong style=\"color: #003473;\">Cumple con los est\u00e1ndares pertinentes:<\/strong> Adecuado para una amplia gama de aplicaciones de plomer\u00eda.<\/li>\n<li><strong style=\"color: #003473;\">Instalaci\u00f3n f\u00e1cil y rentable:<\/strong> Dise\u00f1ado para un montaje r\u00e1pido, reduciendo costes de mano de obra y mantenimiento.<\/li>\n<\/ul>\n<\/div>\n<p><!-- Application Section --><\/p>\n<div style=\"font-family: Jost, Helvetica Neue, sans-serif; font-size: 15px; line-height: 1.8; margin-top: 20px;\">\n<div style=\"color: #003473; font-weight: bold; font-size: 16px; margin-bottom: 10px;\">Solicitud<\/div>\n<p>Estos sifones en P son ideales para sistemas de drenaje y suministro de agua en edificios. Son adecuados para proyectos de plomer\u00eda residencial, comercial e industrial, garantizando un flujo de agua eficiente y confiabilidad a largo plazo.<\/p>\n<p><img fetchpriority=\"high\" decoding=\"async\" class=\"alignnone size-full wp-image-12706\" src=\"https:\/\/www.ctube-gr.com\/wp-content\/uploads\/2025\/11\/uPVC-Trap-for-Plumbing-1.jpg\" alt=\"Sif\u00f3n P de uPVC para plomer\u00eda\" width=\"800\" height=\"560\" srcset=\"https:\/\/www.ctube-gr.com\/wp-content\/uploads\/2025\/11\/uPVC-Trap-for-Plumbing-1.jpg 800w, https:\/\/www.ctube-gr.com\/wp-content\/uploads\/2025\/11\/uPVC-Trap-for-Plumbing-1-300x210.jpg 300w, https:\/\/www.ctube-gr.com\/wp-content\/uploads\/2025\/11\/uPVC-Trap-for-Plumbing-1-768x538.jpg 768w, https:\/\/www.ctube-gr.com\/wp-content\/uploads\/2025\/11\/uPVC-Trap-for-Plumbing-1-18x12.jpg 18w, https:\/\/www.ctube-gr.com\/wp-content\/uploads\/2025\/11\/uPVC-Trap-for-Plumbing-1-600x420.jpg 600w\" sizes=\"(max-width: 800px) 100vw, 800px\" \/><\/p>\n<\/div>\n<div>\n<p><!-- Size Chart Section --><\/p>\n<div style=\"font-family: Jost, Helvetica Neue, sans-serif; font-size: 15px; line-height: 1.8; margin-top: 20px;\">\n<p><!-- Section Title --><\/p>\n<div style=\"color: #003473; font-weight: bold; font-size: 16px; margin-bottom: 12px;\">Tabla de tallas<\/div>\n<p><!-- Table --><\/p>\n<table style=\"width: 100%; border-collapse: collapse; text-align: center;\">\n<tbody><!-- Table Header --><\/p>\n<tr>\n<th style=\"border: 1px solid #d9d9d9; padding: 8px; background-color: #f2f7fb; color: #003473;\">Modelo<\/th>\n<th style=\"border: 1px solid #d9d9d9; padding: 8px; background-color: #f2f7fb; color: #003473;\">Cantidad \/ Caja<\/th>\n<\/tr>\n<p><!-- Row: \u042450 P-Trap --><\/p>\n<tr>\n<td style=\"border: 1px solid #d9d9d9; padding: 8px;\">Trampa P \u042450<\/td>\n<td style=\"border: 1px solid #d9d9d9; padding: 8px;\">100<\/td>\n<\/tr>\n<p><!-- Row: \u042475 P-Trap --><\/p>\n<tr>\n<td style=\"border: 1px solid #d9d9d9; padding: 8px;\">Trampa P \u042475<\/td>\n<td style=\"border: 1px solid #d9d9d9; padding: 8px;\">30<\/td>\n<\/tr>\n<p><!-- Row: \u0424110 P-Trap --><\/p>\n<tr>\n<td style=\"border: 1px solid #d9d9d9; padding: 8px;\">Trampa P \u0424110<\/td>\n<td style=\"border: 1px solid #d9d9d9; padding: 8px;\">15<\/td>\n<\/tr>\n<\/tbody>\n<\/table>\n<p>&nbsp;<\/p>\n<\/div>\n<\/div>","protected":false},"excerpt":{"rendered":"<p>Certificaci\u00f3n de calidad:<\/p>\n<p>\u2014 Cumple con AS\/NZS, UL, CSA, RoHS, REACH, CE, SGS, ISO<\/p>\n<p>\u2014 Fabricado para cumplir con los est\u00e1ndares aplicables para uso en plomer\u00eda y electricidad.<\/p>","protected":false},"featured_media":12575,"comment_status":"closed","ping_status":"closed","template":"","meta":{"_sitemap_exclude":false,"_sitemap_priority":"","_sitemap_frequency":"","_joinchat":[]},"product_brand":[],"product_cat":[320,323,319],"product_tag":[],"class_list":{"0":"post-12571","1":"product","2":"type-product","3":"status-publish","4":"has-post-thumbnail","6":"product_cat-upvc-drainage-pipe-fittings","7":"product_cat-drainage-fittings-range","8":"product_cat-plumbing-pipe-fittings-series","10":"first","11":"instock","12":"shipping-taxable","13":"product-type-simple"},"_links":{"self":[{"href":"https:\/\/www.ctube-gr.com\/es\/wp-json\/wp\/v2\/product\/12571","targetHints":{"allow":["GET"]}}],"collection":[{"href":"https:\/\/www.ctube-gr.com\/es\/wp-json\/wp\/v2\/product"}],"about":[{"href":"https:\/\/www.ctube-gr.com\/es\/wp-json\/wp\/v2\/types\/product"}],"replies":[{"embeddable":true,"href":"https:\/\/www.ctube-gr.com\/es\/wp-json\/wp\/v2\/comments?post=12571"}],"version-history":[{"count":0,"href":"https:\/\/www.ctube-gr.com\/es\/wp-json\/wp\/v2\/product\/12571\/revisions"}],"wp:featuredmedia":[{"embeddable":true,"href":"https:\/\/www.ctube-gr.com\/es\/wp-json\/wp\/v2\/media\/12575"}],"wp:attachment":[{"href":"https:\/\/www.ctube-gr.com\/es\/wp-json\/wp\/v2\/media?parent=12571"}],"wp:term":[{"taxonomy":"product_brand","embeddable":true,"href":"https:\/\/www.ctube-gr.com\/es\/wp-json\/wp\/v2\/product_brand?post=12571"},{"taxonomy":"product_cat","embeddable":true,"href":"https:\/\/www.ctube-gr.com\/es\/wp-json\/wp\/v2\/product_cat?post=12571"},{"taxonomy":"product_tag","embeddable":true,"href":"https:\/\/www.ctube-gr.com\/es\/wp-json\/wp\/v2\/product_tag?post=12571"}],"curies":[{"name":"Gracias","href":"https:\/\/api.w.org\/{rel}","templated":true}]}}