{"id":12644,"date":"2025-11-19T07:56:33","date_gmt":"2025-11-19T07:56:33","guid":{"rendered":"https:\/\/www.ctube-gr.com\/?post_type=product&#038;p=12644"},"modified":"2025-12-15T03:21:59","modified_gmt":"2025-12-15T03:21:59","slug":"adhesivo-para-tuberias-de-pvc-con-cemento-solvente-ctube-adhesivo-para-plomeria-y-accesorios-para-tuberias","status":"publish","type":"product","link":"https:\/\/www.ctube-gr.com\/es\/ctube-pvc-solvent-cement-pipe-glue-plumbing-adhesive-pipe-fittings","title":{"rendered":"Pegamento para tuber\u00edas de cemento solvente de PVC Ctube, adhesivo para plomer\u00eda, accesorios para tuber\u00edas"},"content":{"rendered":"<p><!-- Product Specification Table --><\/p>\n<table style=\"width: 100%; border-collapse: collapse; font-family: Jost, Helvetica Neue, sans-serif; font-size: 15px; text-align: left;\">\n<tbody><!-- Row 1 --><\/p>\n<tr>\n<td style=\"border: 1px solid #d9d9d9; padding: 10px; color: #003473; font-weight: bold; width: 20%;\">Marca<\/td>\n<td style=\"border: 1px solid #d9d9d9; padding: 10px; width: 30%;\">Tubo C<\/td>\n<td style=\"border: 1px solid #d9d9d9; padding: 10px; color: #003473; font-weight: bold; width: 20%;\">Personalizable<\/td>\n<td style=\"border: 1px solid #d9d9d9; padding: 10px; width: 30%;\">S\u00ed<\/td>\n<\/tr>\n<p><!-- Row 2 --><\/p>\n<tr>\n<td style=\"border: 1px solid #d9d9d9; padding: 10px; color: #003473; font-weight: bold;\">Material<\/td>\n<td style=\"border: 1px solid #d9d9d9; padding: 10px;\">Cemento solvente para PVC\/UPVC<\/td>\n<td style=\"border: 1px solid #d9d9d9; padding: 10px; color: #003473; font-weight: bold;\">Viscosidad<\/td>\n<td style=\"border: 1px solid #d9d9d9; padding: 10px;\">Regular<\/td>\n<\/tr>\n<p><!-- Row 3 --><\/p>\n<tr>\n<td style=\"border: 1px solid #d9d9d9; padding: 10px; color: #003473; font-weight: bold;\">Color<\/td>\n<td style=\"border: 1px solid #d9d9d9; padding: 10px;\">Claro<\/td>\n<td style=\"border: 1px solid #d9d9d9; padding: 10px; color: #003473; font-weight: bold;\">Duraci\u00f3n<\/td>\n<td style=\"border: 1px solid #d9d9d9; padding: 10px;\">2\u20133 a\u00f1os (sellado)<\/td>\n<\/tr>\n<p><!-- Row 4 --><\/p>\n<tr>\n<td style=\"border: 1px solid #d9d9d9; padding: 10px; color: #003473; font-weight: bold;\">Solicitud<\/td>\n<td style=\"border: 1px solid #d9d9d9; padding: 10px;\">Uni\u00f3n de tuber\u00edas y accesorios de PVC\/UPVC<\/td>\n<td style=\"border: 1px solid #d9d9d9; padding: 10px; color: #003473; font-weight: bold;\">Uso<\/td>\n<td style=\"border: 1px solid #d9d9d9; padding: 10px;\">Abastecimiento de agua, drenaje, sistemas de plomer\u00eda.<\/td>\n<\/tr>\n<p><!-- Row 5 --><\/p>\n<tr>\n<td style=\"border: 1px solid #d9d9d9; padding: 10px; color: #003473; font-weight: bold;\">Muestra<\/td>\n<td style=\"border: 1px solid #d9d9d9; padding: 10px;\">Disponible<\/td>\n<td style=\"border: 1px solid #d9d9d9; padding: 10px; color: #003473; font-weight: bold;\">Cantidad \/ Caja<\/td>\n<td style=\"border: 1px solid #d9d9d9; padding: 10px;\">24<\/td>\n<\/tr>\n<p><!-- Row 6 --><\/p>\n<tr>\n<td style=\"border: 1px solid #d9d9d9; padding: 10px; color: #003473; font-weight: bold;\">Pa\u00eds<\/td>\n<td style=\"border: 1px solid #d9d9d9; padding: 10px;\">Porcelana<\/td>\n<td style=\"border: 1px solid #d9d9d9; padding: 10px; color: #003473; font-weight: bold;\">F\u00e1brica<\/td>\n<td style=\"border: 1px solid #d9d9d9; padding: 10px;\">Shaoguan, Provincia de Cant\u00f3n<\/td>\n<\/tr>\n<\/tbody>\n<\/table>\n<p><!-- Key Features Section --><\/p>\n<div style=\"font-family: Jost, Helvetica Neue, sans-serif; font-size: 15px; line-height: 2; margin-top: 20px;\">\n<div style=\"color: #003473; font-weight: bold; font-size: 16px; margin-bottom: 12px;\">Caracter\u00edsticas principales<\/div>\n<ul style=\"margin: 0; padding-left: 20px;\">\n<li><strong style=\"color: #003473;\">Uni\u00f3n fuerte y permanente:<\/strong> Crea uniones duraderas para tuber\u00edas y accesorios de PVC\/UPVC, garantizando un rendimiento sin fugas.<\/li>\n<li><strong style=\"color: #003473;\">Tiempo de curado r\u00e1pido:<\/strong> Se instala r\u00e1pidamente y permite que los sistemas reanuden su funcionamiento en poco tiempo.<\/li>\n<li><strong style=\"color: #003473;\">Alta resistencia qu\u00edmica:<\/strong> Resistente a la humedad, \u00e1cidos y productos qu\u00edmicos de plomer\u00eda en general.<\/li>\n<li><strong style=\"color: #003473;\">Amplia compatibilidad:<\/strong> Adecuado para tuber\u00edas de agua fr\u00eda, sistemas de drenaje e instalaciones de plomer\u00eda de baja presi\u00f3n.<\/li>\n<li><strong style=\"color: #003473;\">F\u00e1cil aplicaci\u00f3n:<\/strong> La consistencia suave permite un recubrimiento limpio y uniforme.<\/li>\n<li><strong style=\"color: #003473;\">Cumple con los est\u00e1ndares de plomer\u00eda:<\/strong> Formulado seg\u00fan los requisitos comunes de materiales de construcci\u00f3n y plomer\u00eda.<\/li>\n<\/ul>\n<\/div>\n<p><!-- Application Section --><\/p>\n<div style=\"font-family: Jost, Helvetica Neue, sans-serif; font-size: 15px; line-height: 1.8; margin-top: 20px;\">\n<div style=\"color: #003473; font-weight: bold; font-size: 16px; margin-bottom: 10px;\">Solicitud<\/div>\n<p>El adhesivo de cemento solvente para PVC\/UPVC se utiliza ampliamente para unir tuber\u00edas y accesorios en sistemas de plomer\u00eda residenciales, comerciales e industriales. Garantiza un sellado resistente en redes de suministro de agua, tuber\u00edas de riego, sistemas de drenaje e instalaciones generales de tuber\u00edas de PVC.<\/p>\n<\/div>","protected":false},"excerpt":{"rendered":"<p>Certificaci\u00f3n de calidad:<\/p>\n<p>\u2014 Cumple con AS\/NZS, UL, CSA, RoHS, REACH, CE, SGS, ISO<\/p>\n<p>\u2014 Fabricado para cumplir con los est\u00e1ndares aplicables para uso en plomer\u00eda y electricidad.<\/p>","protected":false},"featured_media":12654,"comment_status":"closed","ping_status":"closed","template":"","meta":{"_sitemap_exclude":false,"_sitemap_priority":"","_sitemap_frequency":"","_joinchat":[]},"product_brand":[],"product_cat":[320,323,319],"product_tag":[],"class_list":{"0":"post-12644","1":"product","2":"type-product","3":"status-publish","4":"has-post-thumbnail","6":"product_cat-upvc-drainage-pipe-fittings","7":"product_cat-drainage-fittings-range","8":"product_cat-plumbing-pipe-fittings-series","10":"first","11":"instock","12":"shipping-taxable","13":"product-type-simple"},"_links":{"self":[{"href":"https:\/\/www.ctube-gr.com\/es\/wp-json\/wp\/v2\/product\/12644","targetHints":{"allow":["GET"]}}],"collection":[{"href":"https:\/\/www.ctube-gr.com\/es\/wp-json\/wp\/v2\/product"}],"about":[{"href":"https:\/\/www.ctube-gr.com\/es\/wp-json\/wp\/v2\/types\/product"}],"replies":[{"embeddable":true,"href":"https:\/\/www.ctube-gr.com\/es\/wp-json\/wp\/v2\/comments?post=12644"}],"version-history":[{"count":0,"href":"https:\/\/www.ctube-gr.com\/es\/wp-json\/wp\/v2\/product\/12644\/revisions"}],"wp:featuredmedia":[{"embeddable":true,"href":"https:\/\/www.ctube-gr.com\/es\/wp-json\/wp\/v2\/media\/12654"}],"wp:attachment":[{"href":"https:\/\/www.ctube-gr.com\/es\/wp-json\/wp\/v2\/media?parent=12644"}],"wp:term":[{"taxonomy":"product_brand","embeddable":true,"href":"https:\/\/www.ctube-gr.com\/es\/wp-json\/wp\/v2\/product_brand?post=12644"},{"taxonomy":"product_cat","embeddable":true,"href":"https:\/\/www.ctube-gr.com\/es\/wp-json\/wp\/v2\/product_cat?post=12644"},{"taxonomy":"product_tag","embeddable":true,"href":"https:\/\/www.ctube-gr.com\/es\/wp-json\/wp\/v2\/product_tag?post=12644"}],"curies":[{"name":"Gracias","href":"https:\/\/api.w.org\/{rel}","templated":true}]}}