{"id":13276,"date":"2026-02-06T06:07:12","date_gmt":"2026-02-06T06:07:12","guid":{"rendered":"https:\/\/www.ctube-gr.com\/?post_type=product&#038;p=13276"},"modified":"2026-02-06T06:07:13","modified_gmt":"2026-02-06T06:07:13","slug":"proveedor-de-tuberias-y-tubos-ctube-ppr-para-aislamiento-termico-preaislado","status":"publish","type":"product","link":"https:\/\/www.ctube-gr.com\/es\/ctube-ppr-pipe-and-tubing-supplier-for-pre-insulated-thermal","title":{"rendered":"Proveedor de tuber\u00edas y tubos PPR Ctube para aislamiento t\u00e9rmico preaislado"},"content":{"rendered":"<p><b>Barrera t\u00e9rmica para todo tipo de clima:<\/b><span style=\"font-weight: 400;\"> Utiliza espuma de celda cerrada de PE de alto rendimiento con una conductividad t\u00e9rmica extremadamente baja para mantener el flujo de agua caliente y evitar la congelaci\u00f3n en invierno.<\/span><\/p>\n<p><b>Tecnolog\u00eda de espumado de precisi\u00f3n:<\/b><span style=\"font-weight: 400;\"> La innovadora espuma reforzada de alta densidad proporciona una excelente absorci\u00f3n de impactos y amortiguaci\u00f3n de vibraciones para un funcionamiento silencioso.<\/span><\/p>\n<p><b>Instalaci\u00f3n eficiente de \u201ccorte en anillo\u201d:<\/b><span style=\"font-weight: 400;\"> La capa de aislamiento y el n\u00facleo de PPR est\u00e1n previamente separados sin pegamento, lo que permite un pelado r\u00e1pido sin herramientas y conexiones en el sitio m\u00e1s r\u00e1pidas.<\/span><\/p>\n<p><b>Material ecol\u00f3gico:<\/b><span style=\"font-weight: 400;\"> No t\u00f3xico, inodoro y energ\u00e9ticamente eficiente: perfecto para proyectos de construcci\u00f3n ecol\u00f3gica y sistemas HVAC modernos.<\/span><\/p>\n<div id=\"gtx-trans\" style=\"position: absolute; left: 198px; top: 185px;\">\n<div class=\"gtx-trans-icon\"><\/div>\n<\/div>","protected":false},"excerpt":{"rendered":"<p data-imt-p=\"1\"><strong>Certificaci\u00f3n de calidad:<\/strong><span class=\"notranslate immersive-translate-target-wrapper\" lang=\"zh-CN\"><span class=\"notranslate\" data-immersive-translate-translation-element-mark=\"1\">\u00a0\u00a0<\/span><span class=\"notranslate immersive-translate-target-translation-theme-none immersive-translate-target-translation-inline-wrapper-theme-none immersive-translate-target-translation-inline-wrapper\" data-immersive-translate-translation-element-mark=\"1\"><span class=\"notranslate immersive-translate-target-inner immersive-translate-target-translation-theme-none-inner\" data-immersive-translate-translation-element-mark=\"1\">\u8d28\u91cf\u8ba4\u8bc1\uff1a<\/span><\/span><\/span><\/p>\n<p>\u2014 Cumple con las normas NSF, DVGW, WRAS, CE e ISO para sistemas de plomer\u00eda<\/p>\n<p>\u2014 Fabricado para cumplir con los requisitos internacionales de seguridad para agua potable.<\/p>\n<div id=\"gtx-trans\" style=\"position: absolute; left: 58px; top: -11px;\">\n<div class=\"gtx-trans-icon\"><\/div>\n<\/div>","protected":false},"featured_media":13277,"comment_status":"closed","ping_status":"closed","template":"","meta":{"_sitemap_exclude":false,"_sitemap_priority":"","_sitemap_frequency":"","_joinchat":[]},"product_brand":[],"product_cat":[326,332],"product_tag":[338,339],"class_list":{"0":"post-13276","1":"product","2":"type-product","3":"status-publish","4":"has-post-thumbnail","6":"product_cat-ppr-pipe-fittings-series","7":"product_cat-ppr-pipe-series","8":"product_tag-ppr-pipe","9":"product_tag-ppr-water-pipe","11":"first","12":"instock","13":"shipping-taxable","14":"product-type-simple"},"_links":{"self":[{"href":"https:\/\/www.ctube-gr.com\/es\/wp-json\/wp\/v2\/product\/13276","targetHints":{"allow":["GET"]}}],"collection":[{"href":"https:\/\/www.ctube-gr.com\/es\/wp-json\/wp\/v2\/product"}],"about":[{"href":"https:\/\/www.ctube-gr.com\/es\/wp-json\/wp\/v2\/types\/product"}],"replies":[{"embeddable":true,"href":"https:\/\/www.ctube-gr.com\/es\/wp-json\/wp\/v2\/comments?post=13276"}],"version-history":[{"count":0,"href":"https:\/\/www.ctube-gr.com\/es\/wp-json\/wp\/v2\/product\/13276\/revisions"}],"wp:featuredmedia":[{"embeddable":true,"href":"https:\/\/www.ctube-gr.com\/es\/wp-json\/wp\/v2\/media\/13277"}],"wp:attachment":[{"href":"https:\/\/www.ctube-gr.com\/es\/wp-json\/wp\/v2\/media?parent=13276"}],"wp:term":[{"taxonomy":"product_brand","embeddable":true,"href":"https:\/\/www.ctube-gr.com\/es\/wp-json\/wp\/v2\/product_brand?post=13276"},{"taxonomy":"product_cat","embeddable":true,"href":"https:\/\/www.ctube-gr.com\/es\/wp-json\/wp\/v2\/product_cat?post=13276"},{"taxonomy":"product_tag","embeddable":true,"href":"https:\/\/www.ctube-gr.com\/es\/wp-json\/wp\/v2\/product_tag?post=13276"}],"curies":[{"name":"Gracias","href":"https:\/\/api.w.org\/{rel}","templated":true}]}}