{"id":13282,"date":"2026-02-06T06:07:24","date_gmt":"2026-02-06T06:07:24","guid":{"rendered":"https:\/\/www.ctube-gr.com\/?post_type=product&#038;p=13282"},"modified":"2026-02-06T06:07:25","modified_gmt":"2026-02-06T06:07:25","slug":"tubo-ctube-pe-rt-para-calefaccion-por-suelo-radiante-autolimpiante","status":"publish","type":"product","link":"https:\/\/www.ctube-gr.com\/es\/ctube-pe-rt-pipe-tubing-self-cleaning-underfloor-heating","title":{"rendered":"Tuber\u00eda Ctube PE-RT autolimpiante para calefacci\u00f3n por suelo radiante"},"content":{"rendered":"<p><b>Interior ultra suave tipo \u201cespejo\u201d:<\/b><span style=\"font-weight: 400;\"> Cuenta con un revestimiento interior especializado de baja fricci\u00f3n que evita la adhesi\u00f3n de calcio, cal y lodos biol\u00f3gicos.<\/span><\/p>\n<p><b>Tecnolog\u00eda antical:<\/b><span style=\"font-weight: 400;\"> Dise\u00f1ado para mantener un flujo de agua constante y una eficiencia de intercambio de calor a largo plazo, incluso en regiones con condiciones de agua dura.<\/span><\/p>\n<p><b>Mayor longevidad del sistema:<\/b><span style=\"font-weight: 400;\"> Al evitar la acumulaci\u00f3n de sedimentos, reduce la carga de trabajo en las bombas de circulaci\u00f3n y calderas, protegiendo todo el sistema HVAC.<\/span><\/p>\n<p><b>Rendimiento sin mantenimiento:<\/b><span style=\"font-weight: 400;\"> El efecto autolimpiante garantiza que las tuber\u00edas no requieran limpieza qu\u00edmica frecuente, lo que supone un ahorro significativo en costes de servicio y mano de obra a largo plazo.<\/span><\/p>","protected":false},"excerpt":{"rendered":"<p><strong>Certificaci\u00f3n de calidad:<\/strong><\/p>\n<p>\u2014 Cumple con las normas NSF, DVGW, WRAS, CE e ISO para sistemas de plomer\u00eda<\/p>\n<p>\u2014 Fabricado para cumplir con los requisitos internacionales de seguridad para agua potable.<\/p>\n<div id=\"gtx-trans\" style=\"position: absolute; left: 91px; top: -11px;\">\n<div class=\"gtx-trans-icon\"><\/div>\n<\/div>","protected":false},"featured_media":13284,"comment_status":"closed","ping_status":"closed","template":"","meta":{"_sitemap_exclude":false,"_sitemap_priority":"","_sitemap_frequency":"","_monsterinsights_skip_tracking":false,"_monsterinsights_sitenote_active":false,"_monsterinsights_sitenote_note":"","_monsterinsights_sitenote_category":0,"_joinchat":[]},"product_brand":[],"product_cat":[327,344],"product_tag":[340,341],"class_list":{"0":"post-13282","1":"product","2":"type-product","3":"status-publish","4":"has-post-thumbnail","6":"product_cat-pe-rt-pipe-fittings-series","7":"product_cat-pe-rt-pipe-series","8":"product_tag-pert-pipe","9":"product_tag-pert-underfloor-pipe","11":"first","12":"instock","13":"shipping-taxable","14":"product-type-simple"},"_links":{"self":[{"href":"https:\/\/www.ctube-gr.com\/es\/wp-json\/wp\/v2\/product\/13282","targetHints":{"allow":["GET"]}}],"collection":[{"href":"https:\/\/www.ctube-gr.com\/es\/wp-json\/wp\/v2\/product"}],"about":[{"href":"https:\/\/www.ctube-gr.com\/es\/wp-json\/wp\/v2\/types\/product"}],"replies":[{"embeddable":true,"href":"https:\/\/www.ctube-gr.com\/es\/wp-json\/wp\/v2\/comments?post=13282"}],"version-history":[{"count":0,"href":"https:\/\/www.ctube-gr.com\/es\/wp-json\/wp\/v2\/product\/13282\/revisions"}],"wp:featuredmedia":[{"embeddable":true,"href":"https:\/\/www.ctube-gr.com\/es\/wp-json\/wp\/v2\/media\/13284"}],"wp:attachment":[{"href":"https:\/\/www.ctube-gr.com\/es\/wp-json\/wp\/v2\/media?parent=13282"}],"wp:term":[{"taxonomy":"product_brand","embeddable":true,"href":"https:\/\/www.ctube-gr.com\/es\/wp-json\/wp\/v2\/product_brand?post=13282"},{"taxonomy":"product_cat","embeddable":true,"href":"https:\/\/www.ctube-gr.com\/es\/wp-json\/wp\/v2\/product_cat?post=13282"},{"taxonomy":"product_tag","embeddable":true,"href":"https:\/\/www.ctube-gr.com\/es\/wp-json\/wp\/v2\/product_tag?post=13282"}],"curies":[{"name":"Gracias","href":"https:\/\/api.w.org\/{rel}","templated":true}]}}