{"id":13323,"date":"2026-02-06T06:06:23","date_gmt":"2026-02-06T06:06:23","guid":{"rendered":"https:\/\/www.ctube-gr.com\/?post_type=product&#038;p=13323"},"modified":"2026-02-06T06:06:24","modified_gmt":"2026-02-06T06:06:24","slug":"accesorios-de-tuberia-ctube-ppr-valvula-de-union-doble-de-laton","status":"publish","type":"product","link":"https:\/\/www.ctube-gr.com\/es\/ctube-ppr-pipe-fittings-brass-double-union-valve","title":{"rendered":"Accesorios de tuber\u00eda Ctube PPR V\u00e1lvula de uni\u00f3n doble de lat\u00f3n"},"content":{"rendered":"<p><b>Rendimiento de servicio pesado:<\/b><span style=\"font-weight: 400;\"> Cuenta con una precisi\u00f3n <\/span><b>mecanismo interno de lat\u00f3n<\/b><span style=\"font-weight: 400;\"> para un funcionamiento suave y un sellado herm\u00e9tico y confiable.<\/span><\/p>\n<p data-imt-p=\"1\"><b>Durabilidad a largo plazo:<\/b><span style=\"font-weight: 400;\"> El <\/span><b>Dise\u00f1o de doble uni\u00f3n<\/b><span style=\"font-weight: 400;\"> Permite un r\u00e1pido mantenimiento o reemplazo de v\u00e1lvulas sin cortar las tuber\u00edas PPR.<\/span><span class=\"notranslate immersive-translate-target-wrapper\" lang=\"zh-CN\"><br \/>\n<\/span><\/p>\n<p><b>Beneficio para el usuario:<\/b><span style=\"font-weight: 400;\"> Asegura <\/span><b>caudal m\u00e1ximo de agua<\/b><span style=\"font-weight: 400;\"> y aislamiento confiable para sistemas de plomer\u00eda dom\u00e9sticos o industriales.<\/span><\/p>","protected":false},"excerpt":{"rendered":"<p data-imt-p=\"1\"><strong>Certificaci\u00f3n de calidad:<span class=\"notranslate immersive-translate-target-wrapper\" lang=\"zh-CN\"><span class=\"notranslate\" data-immersive-translate-translation-element-mark=\"1\">\u00a0<\/span><\/span><\/strong><\/p>\n<p>\u2014 Cumple con las normas NSF, DVGW, WRAS, CE e ISO para sistemas de plomer\u00eda<\/p>\n<p>\u2014 Fabricado para cumplir con los requisitos internacionales de seguridad para agua potable.<\/p>\n<div id=\"gtx-trans\" style=\"position: absolute; left: 100px; top: 39px;\">\n<div class=\"gtx-trans-icon\"><\/div>\n<\/div>","protected":false},"featured_media":13325,"comment_status":"closed","ping_status":"closed","template":"","meta":{"_sitemap_exclude":false,"_sitemap_priority":"","_sitemap_frequency":"","_monsterinsights_skip_tracking":false,"_monsterinsights_sitenote_active":false,"_monsterinsights_sitenote_note":"","_monsterinsights_sitenote_category":0,"_joinchat":[]},"product_brand":[],"product_cat":[326,333],"product_tag":[338,339],"class_list":{"0":"post-13323","1":"product","2":"type-product","3":"status-publish","4":"has-post-thumbnail","6":"product_cat-ppr-pipe-fittings-series","7":"product_cat-ppr-pipe-fittings-range","8":"product_tag-ppr-pipe","9":"product_tag-ppr-water-pipe","11":"first","12":"instock","13":"shipping-taxable","14":"product-type-simple"},"_links":{"self":[{"href":"https:\/\/www.ctube-gr.com\/es\/wp-json\/wp\/v2\/product\/13323","targetHints":{"allow":["GET"]}}],"collection":[{"href":"https:\/\/www.ctube-gr.com\/es\/wp-json\/wp\/v2\/product"}],"about":[{"href":"https:\/\/www.ctube-gr.com\/es\/wp-json\/wp\/v2\/types\/product"}],"replies":[{"embeddable":true,"href":"https:\/\/www.ctube-gr.com\/es\/wp-json\/wp\/v2\/comments?post=13323"}],"version-history":[{"count":0,"href":"https:\/\/www.ctube-gr.com\/es\/wp-json\/wp\/v2\/product\/13323\/revisions"}],"wp:featuredmedia":[{"embeddable":true,"href":"https:\/\/www.ctube-gr.com\/es\/wp-json\/wp\/v2\/media\/13325"}],"wp:attachment":[{"href":"https:\/\/www.ctube-gr.com\/es\/wp-json\/wp\/v2\/media?parent=13323"}],"wp:term":[{"taxonomy":"product_brand","embeddable":true,"href":"https:\/\/www.ctube-gr.com\/es\/wp-json\/wp\/v2\/product_brand?post=13323"},{"taxonomy":"product_cat","embeddable":true,"href":"https:\/\/www.ctube-gr.com\/es\/wp-json\/wp\/v2\/product_cat?post=13323"},{"taxonomy":"product_tag","embeddable":true,"href":"https:\/\/www.ctube-gr.com\/es\/wp-json\/wp\/v2\/product_tag?post=13323"}],"curies":[{"name":"Gracias","href":"https:\/\/api.w.org\/{rel}","templated":true}]}}