{"id":13329,"date":"2026-02-06T06:06:09","date_gmt":"2026-02-06T06:06:09","guid":{"rendered":"https:\/\/www.ctube-gr.com\/?post_type=product&#038;p=13329"},"modified":"2026-02-06T06:06:10","modified_gmt":"2026-02-06T06:06:10","slug":"accesorio-de-tuberia-ctube-u-ppr-con-rosca-hembra-en-t","status":"publish","type":"product","link":"https:\/\/www.ctube-gr.com\/es\/ctube-u-type-ppr-pipe-fitting-female-threaded-tee","title":{"rendered":"Accesorio de tuber\u00eda PPR tipo U Ctube con rosca hembra en T"},"content":{"rendered":"<p><b>Flujo optimizado:<\/b><span style=\"font-weight: 400;\"> Un especialista <\/span><b>Dise\u00f1o de retorno en forma de U<\/b><span style=\"font-weight: 400;\"> que admite una r\u00e1pida circulaci\u00f3n de agua caliente manteniendo al mismo tiempo un interior de paso completo y reducci\u00f3n cero.<\/span><\/p>\n<p><b>Alta eficiencia:<\/b><span style=\"font-weight: 400;\"> Reduce la cantidad de juntas de soldadura necesarias para los sistemas de retorno, lo que aumenta la eficiencia de la instalaci\u00f3n en el sitio.<\/span><\/p>\n<p><b>Beneficio para el usuario:<\/b><span style=\"font-weight: 400;\"> La soluci\u00f3n perfecta para los circuitos de agua caliente modernos, que garantiza acceso instant\u00e1neo al agua caliente con una m\u00ednima p\u00e9rdida de calor y turbulencia.<\/span><\/p>","protected":false},"excerpt":{"rendered":"<p data-imt-p=\"1\"><strong>Certificaci\u00f3n de calidad:<span class=\"notranslate immersive-translate-target-wrapper\" lang=\"zh-CN\"><span class=\"notranslate\" data-immersive-translate-translation-element-mark=\"1\"> \u00a0<\/span><\/span><\/strong><\/p>\n<p>\u2014 Cumple con las normas NSF, DVGW, WRAS, CE e ISO para sistemas de plomer\u00eda<\/p>\n<p>\u2014 Fabricado para cumplir con los requisitos internacionales de seguridad para agua potable.<\/p>\n<div id=\"gtx-trans\" style=\"position: absolute; left: 94px; top: -11px;\">\n<div class=\"gtx-trans-icon\"><\/div>\n<\/div>","protected":false},"featured_media":13332,"comment_status":"closed","ping_status":"closed","template":"","meta":{"_sitemap_exclude":false,"_sitemap_priority":"","_sitemap_frequency":"","_monsterinsights_skip_tracking":false,"_monsterinsights_sitenote_active":false,"_monsterinsights_sitenote_note":"","_monsterinsights_sitenote_category":0,"_joinchat":[]},"product_brand":[],"product_cat":[326,333],"product_tag":[338,339],"class_list":{"0":"post-13329","1":"product","2":"type-product","3":"status-publish","4":"has-post-thumbnail","6":"product_cat-ppr-pipe-fittings-series","7":"product_cat-ppr-pipe-fittings-range","8":"product_tag-ppr-pipe","9":"product_tag-ppr-water-pipe","11":"first","12":"instock","13":"shipping-taxable","14":"product-type-simple"},"_links":{"self":[{"href":"https:\/\/www.ctube-gr.com\/es\/wp-json\/wp\/v2\/product\/13329","targetHints":{"allow":["GET"]}}],"collection":[{"href":"https:\/\/www.ctube-gr.com\/es\/wp-json\/wp\/v2\/product"}],"about":[{"href":"https:\/\/www.ctube-gr.com\/es\/wp-json\/wp\/v2\/types\/product"}],"replies":[{"embeddable":true,"href":"https:\/\/www.ctube-gr.com\/es\/wp-json\/wp\/v2\/comments?post=13329"}],"version-history":[{"count":0,"href":"https:\/\/www.ctube-gr.com\/es\/wp-json\/wp\/v2\/product\/13329\/revisions"}],"wp:featuredmedia":[{"embeddable":true,"href":"https:\/\/www.ctube-gr.com\/es\/wp-json\/wp\/v2\/media\/13332"}],"wp:attachment":[{"href":"https:\/\/www.ctube-gr.com\/es\/wp-json\/wp\/v2\/media?parent=13329"}],"wp:term":[{"taxonomy":"product_brand","embeddable":true,"href":"https:\/\/www.ctube-gr.com\/es\/wp-json\/wp\/v2\/product_brand?post=13329"},{"taxonomy":"product_cat","embeddable":true,"href":"https:\/\/www.ctube-gr.com\/es\/wp-json\/wp\/v2\/product_cat?post=13329"},{"taxonomy":"product_tag","embeddable":true,"href":"https:\/\/www.ctube-gr.com\/es\/wp-json\/wp\/v2\/product_tag?post=13329"}],"curies":[{"name":"Gracias","href":"https:\/\/api.w.org\/{rel}","templated":true}]}}