{"id":13339,"date":"2026-02-06T06:11:13","date_gmt":"2026-02-06T06:11:13","guid":{"rendered":"https:\/\/www.ctube-gr.com\/?post_type=product&#038;p=13339"},"modified":"2026-02-11T05:37:39","modified_gmt":"2026-02-11T05:37:39","slug":"accesorio-de-tuberia-ctube-tipo-y-ppr-union-de-tubo-de-ramificacion-de-3-vias","status":"publish","type":"product","link":"https:\/\/www.ctube-gr.com\/es\/ctube-y-type-ppr-pipe-fitting-3-way-branch-tube-joint","title":{"rendered":"Accesorio de tuber\u00eda PPR tipo Y Ctube, uni\u00f3n de tubo de derivaci\u00f3n de 3 v\u00edas"},"content":{"rendered":"<p data-imt-p=\"1\"><img fetchpriority=\"high\" decoding=\"async\" class=\"alignnone size-full wp-image-13559\" src=\"https:\/\/www.ctube-gr.com\/wp-content\/uploads\/2026\/02\/Ctube-Y-Type-PPR-Pipe-Fitting-3-Way-Branch-Tube-Joint.jpg\" alt=\"Accesorio de tuber\u00eda PPR tipo Y Ctube, uni\u00f3n de tubo de derivaci\u00f3n de 3 v\u00edas\" width=\"800\" height=\"560\" srcset=\"https:\/\/www.ctube-gr.com\/wp-content\/uploads\/2026\/02\/Ctube-Y-Type-PPR-Pipe-Fitting-3-Way-Branch-Tube-Joint.jpg 800w, https:\/\/www.ctube-gr.com\/wp-content\/uploads\/2026\/02\/Ctube-Y-Type-PPR-Pipe-Fitting-3-Way-Branch-Tube-Joint-300x210.jpg 300w, https:\/\/www.ctube-gr.com\/wp-content\/uploads\/2026\/02\/Ctube-Y-Type-PPR-Pipe-Fitting-3-Way-Branch-Tube-Joint-768x538.jpg 768w, https:\/\/www.ctube-gr.com\/wp-content\/uploads\/2026\/02\/Ctube-Y-Type-PPR-Pipe-Fitting-3-Way-Branch-Tube-Joint-18x12.jpg 18w, https:\/\/www.ctube-gr.com\/wp-content\/uploads\/2026\/02\/Ctube-Y-Type-PPR-Pipe-Fitting-3-Way-Branch-Tube-Joint-600x420.jpg 600w\" sizes=\"(max-width: 800px) 100vw, 800px\" \/><\/p>\n<p data-imt-p=\"1\"><b>Desv\u00edo de baja resistencia:<\/b><span style=\"font-weight: 400;\"> El <\/span><b>Forma de Y de 45 grados<\/b><span style=\"font-weight: 400;\"> La estructura minimiza significativamente la resistencia al flujo y los efectos del golpe de ariete en comparaci\u00f3n con las conexiones en T de 90 grados est\u00e1ndar.<\/span><span id=\"1\" class=\"notranslate immersive-translate-target-wrapper\" lang=\"zh-CN\" translate=\"no\" data-immersive-translate-loading-id=\"\">\u00a0 <\/span><\/p>\n<p><b>Construcci\u00f3n de paso completo:<\/b><span style=\"font-weight: 400;\"> Dise\u00f1ado con un <\/span><b>di\u00e1metro interior no constrictivo<\/b><span style=\"font-weight: 400;\"> para garantizar una presi\u00f3n de agua constante en todos los ramales.<\/span><\/p>\n<p><b>Beneficio para el usuario:<\/b><span style=\"font-weight: 400;\"> Ideal para drenaje de alto caudal o sistemas complejos de distribuci\u00f3n de agua donde es fundamental mantener una alta velocidad y un bajo nivel de ruido.<\/span><\/p>","protected":false},"excerpt":{"rendered":"<p><strong>Certificaci\u00f3n de calidad:<\/strong><\/p>\n<p>\u2014 Cumple con las normas NSF, DVGW, WRAS, CE e ISO para sistemas de plomer\u00eda<\/p>\n<p>\u2014 Fabricado para cumplir con los requisitos internacionales de seguridad para agua potable.<\/p>\n<div id=\"gtx-trans\" style=\"position: absolute; left: 82px; top: 39px;\">\n<div class=\"gtx-trans-icon\"><\/div>\n<\/div>","protected":false},"featured_media":13340,"comment_status":"closed","ping_status":"closed","template":"","meta":{"_sitemap_exclude":false,"_sitemap_priority":"","_sitemap_frequency":"","_joinchat":[]},"product_brand":[],"product_cat":[326,333],"product_tag":[345,338],"class_list":{"0":"post-13339","1":"product","2":"type-product","3":"status-publish","4":"has-post-thumbnail","6":"product_cat-ppr-pipe-fittings-series","7":"product_cat-ppr-pipe-fittings-range","8":"product_tag-ppe-water-pipe","9":"product_tag-ppr-pipe","11":"first","12":"instock","13":"shipping-taxable","14":"product-type-simple"},"_links":{"self":[{"href":"https:\/\/www.ctube-gr.com\/es\/wp-json\/wp\/v2\/product\/13339","targetHints":{"allow":["GET"]}}],"collection":[{"href":"https:\/\/www.ctube-gr.com\/es\/wp-json\/wp\/v2\/product"}],"about":[{"href":"https:\/\/www.ctube-gr.com\/es\/wp-json\/wp\/v2\/types\/product"}],"replies":[{"embeddable":true,"href":"https:\/\/www.ctube-gr.com\/es\/wp-json\/wp\/v2\/comments?post=13339"}],"version-history":[{"count":0,"href":"https:\/\/www.ctube-gr.com\/es\/wp-json\/wp\/v2\/product\/13339\/revisions"}],"wp:featuredmedia":[{"embeddable":true,"href":"https:\/\/www.ctube-gr.com\/es\/wp-json\/wp\/v2\/media\/13340"}],"wp:attachment":[{"href":"https:\/\/www.ctube-gr.com\/es\/wp-json\/wp\/v2\/media?parent=13339"}],"wp:term":[{"taxonomy":"product_brand","embeddable":true,"href":"https:\/\/www.ctube-gr.com\/es\/wp-json\/wp\/v2\/product_brand?post=13339"},{"taxonomy":"product_cat","embeddable":true,"href":"https:\/\/www.ctube-gr.com\/es\/wp-json\/wp\/v2\/product_cat?post=13339"},{"taxonomy":"product_tag","embeddable":true,"href":"https:\/\/www.ctube-gr.com\/es\/wp-json\/wp\/v2\/product_tag?post=13339"}],"curies":[{"name":"Gracias","href":"https:\/\/api.w.org\/{rel}","templated":true}]}}