{"id":13346,"date":"2026-02-06T06:29:02","date_gmt":"2026-02-06T06:29:02","guid":{"rendered":"https:\/\/www.ctube-gr.com\/?post_type=product&#038;p=13346"},"modified":"2026-02-11T05:37:00","modified_gmt":"2026-02-11T05:37:00","slug":"accesorio-de-tuberia-en-t-ctube-ppr-conector-tipo-t-de-3-vias","status":"publish","type":"product","link":"https:\/\/www.ctube-gr.com\/es\/ctube-ppr-tee-pipe-fitting-t-type-3-way-connector","title":{"rendered":"Accesorio de tuber\u00eda en T de polipropileno Ctube, conector tipo T de 3 v\u00edas"},"content":{"rendered":"<p><img fetchpriority=\"high\" decoding=\"async\" class=\"alignnone size-full wp-image-13558\" src=\"https:\/\/www.ctube-gr.com\/wp-content\/uploads\/2026\/02\/Ctube-PPR-Tee-Pipe-Fitting-T-Type-3-Way-Connector.jpg\" alt=\"Accesorio de tuber\u00eda en T de polipropileno Ctube, conector tipo T de 3 v\u00edas\" width=\"800\" height=\"560\" srcset=\"https:\/\/www.ctube-gr.com\/wp-content\/uploads\/2026\/02\/Ctube-PPR-Tee-Pipe-Fitting-T-Type-3-Way-Connector.jpg 800w, https:\/\/www.ctube-gr.com\/wp-content\/uploads\/2026\/02\/Ctube-PPR-Tee-Pipe-Fitting-T-Type-3-Way-Connector-300x210.jpg 300w, https:\/\/www.ctube-gr.com\/wp-content\/uploads\/2026\/02\/Ctube-PPR-Tee-Pipe-Fitting-T-Type-3-Way-Connector-768x538.jpg 768w, https:\/\/www.ctube-gr.com\/wp-content\/uploads\/2026\/02\/Ctube-PPR-Tee-Pipe-Fitting-T-Type-3-Way-Connector-18x12.jpg 18w, https:\/\/www.ctube-gr.com\/wp-content\/uploads\/2026\/02\/Ctube-PPR-Tee-Pipe-Fitting-T-Type-3-Way-Connector-600x420.jpg 600w\" sizes=\"(max-width: 800px) 100vw, 800px\" \/><\/p>\n<p><b>Ramificaci\u00f3n est\u00e1ndar de 90 grados:<\/b><span style=\"font-weight: 400;\"> Cuenta con una estructura en forma de T de 90 grados dise\u00f1ada con precisi\u00f3n, lo que permite una distribuci\u00f3n de agua estable y equilibrada a las l\u00edneas de derivaci\u00f3n en dise\u00f1os de tuber\u00edas verticales u horizontales.<\/span><\/p>\n<p><b>Integridad estructural reforzada:<\/b><span style=\"font-weight: 400;\"> La geometr\u00eda tipo T est\u00e1 optimizada para la resistencia a alta presi\u00f3n, proporcionando una estabilidad mec\u00e1nica superior en los puntos de conexi\u00f3n para sistemas de agua fr\u00eda y caliente.<\/span><\/p>\n<p><b>Beneficio para el usuario:<\/b><span style=\"font-weight: 400;\"> La opci\u00f3n ideal para las ramas de plomer\u00eda residencial y comercial est\u00e1ndar, que ofrece un dise\u00f1o compacto que ahorra espacio y es f\u00e1cil de alinear e instalar en redes de tuber\u00edas multidireccionales.<\/span><\/p>","protected":false},"excerpt":{"rendered":"<p><strong>Certificaci\u00f3n de calidad:<\/strong><\/p>\n<p>\u2014 Cumple con las normas NSF, DVGW, WRAS, CE e ISO para sistemas de plomer\u00eda<\/p>\n<p>\u2014 Fabricado para cumplir con los requisitos internacionales de seguridad para agua potable.<\/p>\n<div id=\"gtx-trans\" style=\"position: absolute; left: 44px; top: 39px;\">\n<div class=\"gtx-trans-icon\"><\/div>\n<\/div>","protected":false},"featured_media":13349,"comment_status":"closed","ping_status":"closed","template":"","meta":{"_sitemap_exclude":false,"_sitemap_priority":"","_sitemap_frequency":"","_monsterinsights_skip_tracking":false,"_monsterinsights_sitenote_active":false,"_monsterinsights_sitenote_note":"","_monsterinsights_sitenote_category":0,"_joinchat":[]},"product_brand":[],"product_cat":[326,333],"product_tag":[338,339],"class_list":{"0":"post-13346","1":"product","2":"type-product","3":"status-publish","4":"has-post-thumbnail","6":"product_cat-ppr-pipe-fittings-series","7":"product_cat-ppr-pipe-fittings-range","8":"product_tag-ppr-pipe","9":"product_tag-ppr-water-pipe","11":"first","12":"instock","13":"shipping-taxable","14":"product-type-simple"},"_links":{"self":[{"href":"https:\/\/www.ctube-gr.com\/es\/wp-json\/wp\/v2\/product\/13346","targetHints":{"allow":["GET"]}}],"collection":[{"href":"https:\/\/www.ctube-gr.com\/es\/wp-json\/wp\/v2\/product"}],"about":[{"href":"https:\/\/www.ctube-gr.com\/es\/wp-json\/wp\/v2\/types\/product"}],"replies":[{"embeddable":true,"href":"https:\/\/www.ctube-gr.com\/es\/wp-json\/wp\/v2\/comments?post=13346"}],"version-history":[{"count":0,"href":"https:\/\/www.ctube-gr.com\/es\/wp-json\/wp\/v2\/product\/13346\/revisions"}],"wp:featuredmedia":[{"embeddable":true,"href":"https:\/\/www.ctube-gr.com\/es\/wp-json\/wp\/v2\/media\/13349"}],"wp:attachment":[{"href":"https:\/\/www.ctube-gr.com\/es\/wp-json\/wp\/v2\/media?parent=13346"}],"wp:term":[{"taxonomy":"product_brand","embeddable":true,"href":"https:\/\/www.ctube-gr.com\/es\/wp-json\/wp\/v2\/product_brand?post=13346"},{"taxonomy":"product_cat","embeddable":true,"href":"https:\/\/www.ctube-gr.com\/es\/wp-json\/wp\/v2\/product_cat?post=13346"},{"taxonomy":"product_tag","embeddable":true,"href":"https:\/\/www.ctube-gr.com\/es\/wp-json\/wp\/v2\/product_tag?post=13346"}],"curies":[{"name":"Gracias","href":"https:\/\/api.w.org\/{rel}","templated":true}]}}