{"id":1656,"date":"2024-03-14T05:47:31","date_gmt":"2024-03-14T05:47:31","guid":{"rendered":"https:\/\/ctube-gr.com\/?post_type=product&#038;p=1656"},"modified":"2024-06-27T03:40:28","modified_gmt":"2024-06-27T03:40:28","slug":"caja-de-conexiones-de-pvc-ctube-caja-adaptable-de-plastico-electrico-caja-externa-para-cableado-de-cables-conducto-blanco","status":"publish","type":"product","link":"https:\/\/www.ctube-gr.com\/es\/ctube-pvc-junction-box-electrical-plastic-adaptable-box-external-for-wiring-cable-conduit-white","title":{"rendered":"Caja de conexiones de PVC Ctube, caja de pl\u00e1stico adaptable para conductos de cables el\u00e9ctricos externos, color blanco"},"content":{"rendered":"<div data-elementor-type=\"product-post\" data-elementor-id=\"1656\" class=\"elementor elementor-1656\" data-elementor-post-type=\"product\">\n\t\t\t\t<div class=\"elementor-element elementor-element-2382ed5 e-flex e-con-boxed e-con e-parent\" data-id=\"2382ed5\" data-element_type=\"container\" data-e-type=\"container\" data-settings=\"{&quot;ekit_has_onepagescroll_dot&quot;:&quot;yes&quot;}\">\n\t\t\t\t\t<div class=\"e-con-inner\">\n\t\t\t\t<div class=\"elementor-element elementor-element-455acf9 elementor-widget elementor-widget-text-editor\" data-id=\"455acf9\" data-element_type=\"widget\" data-e-type=\"widget\" data-settings=\"{&quot;ekit_we_effect_on&quot;:&quot;none&quot;}\" data-widget_type=\"text-editor.default\">\n\t\t\t\t\t\t\t\t\t<p>Conductos y accesorios el\u00e9ctricos de la serie AS de Ctube dise\u00f1ados seg\u00fan el est\u00e1ndar de Australia y el objetivo es brindarles a nuestros clientes una experiencia extremadamente respetuosa con el medio ambiente.<\/p><p>Para proteger el medio ambiente, creemos que debemos empezar con las materias primas. Desde la creaci\u00f3n de Ctube, hemos insistido en que 100% utilice materias primas nuevas de alta calidad para nuestros productos en lugar de materiales reciclados. Nos negamos a utilizar materiales reciclados para fabricar cualquier producto.<\/p><p>En el proceso de producci\u00f3n, controlamos estrictamente la calidad y reducimos las p\u00e9rdidas de producci\u00f3n aumentando el rendimiento de primera pasada (FPY). Solo entregamos los mejores productos a nuestros clientes.<\/p><p>Nuestra l\u00ednea de productos ha sido mejorada a la clasificaci\u00f3n de resistencia al fuego V0 y se extingue por s\u00ed sola en 5 segundos despu\u00e9s de que se corta la fuente del fuego. Adem\u00e1s, nuestros conductos y accesorios AS tienen un excelente rendimiento f\u00edsico; la resistencia a la compresi\u00f3n y al impacto tambi\u00e9n es l\u00edder en la industria. Mejora enormemente la seguridad y la durabilidad, y creemos que nuestros clientes pueden beneficiarse de esto.<\/p><p>Ya sea que se trate de decoraci\u00f3n para el hogar o industrial, tenemos una l\u00ednea de productos correspondiente a su necesidad. Porque Ctube siempre se centrar\u00e1 en el campo de los conductos el\u00e9ctricos de PVC en los pr\u00f3ximos 20 a\u00f1os, y continuaremos mejorando y optimizando nuestros productos.<\/p><p><strong><b>Caracter\u00edsticas<\/b><\/strong><\/p><ul><li><b><\/b><strong><b>EST\u00c1NDAR AUSTRALIANO.\u00a0<\/b><\/strong>Aprobado seg\u00fan AS\/NZS 2053, no t\u00f3xico y sin olores. Cumple con los requisitos de protecci\u00f3n ambiental de la UE pertinentes.<\/li><\/ul><ul><li><b><\/b><strong><b>ALTA CALIDAD.\u00a0<\/b><\/strong>100% fabricado con materiales nuevos con 99,8% FPY\/a\u00f1o de prueba interna.<\/li><\/ul><ul><li><b><\/b><strong><b>ALTA CLASIFICACI\u00d3N DE RESISTENCIA AL FUEGO.\u00a0<\/b><\/strong>Nuestra caja el\u00e9ctrica adaptable tiene una clasificaci\u00f3n de fuego V0, que es m\u00e1s alta que la de la mayor\u00eda de nuestros competidores, se autoextinguir\u00e1 en 5 segundos despu\u00e9s de cortar la fuente de fuego.<\/li><\/ul><ul><li><b><\/b><strong><b>RESISTENCIA A LOS RAYOS UV.\u00a0<\/b><\/strong>Cajas de conductos a prueba de explosiones y con gran resistencia a los rayos UV. Son perfectas para proyectos al aire libre.<\/li><\/ul><ul><li><b><\/b><strong><b>EXCELENTES PROPIEDADES F\u00cdSICAS.<\/b><\/strong>Funciona bien desde -40\u2103 a +110\u2103 y ofrece m\u00e1xima protecci\u00f3n para sus cables en el interior.<\/li><\/ul><p>\u00a0<\/p><p><strong><b>Solicitud<\/b><\/strong><\/p><p>Las cajas adaptables Ctube de 85-300 mm se utilizan para encerrar uniones, extender circuitos y terminar longitudes de cables con y sin orificios ciegos.\u00a0<\/p><p><strong><b>Capacidad de fabricaci\u00f3n<\/b><\/strong><\/p><p>\u2013 Capacidad de producci\u00f3n: 20000 unidades por semana<\/p><p>\u2013 M\u00e9todos de embalaje: bolsas de pl\u00e1stico y pel\u00edculas de PE<\/p><p><strong>Tabla de tallas<\/strong><\/p><div class=\"table\"><table cellspacing=\"0\" cellpadding=\"0\"><colgroup> <col span=\"4\" width=\"118\" \/><\/colgroup><tbody><tr class=\"ue-table-interlace-color-single\"><td width=\"119\" height=\"33\">C\u00f3digo del producto<\/td><td width=\"119\">Tama\u00f1o (LxAnxAl)<\/td><td width=\"133\">Embalaje interior<\/td><td width=\"186\">Embalaje exterior<\/td><\/tr><tr class=\"ue-table-interlace-color-double\"><td colspan=\"1\" rowspan=\"1\">CT-ASPJW8562<\/td><td colspan=\"1\" rowspan=\"1\">85 x 85 x 62 mm<\/td><td colspan=\"1\" rowspan=\"1\">1 unidad\/caja<\/td><td colspan=\"1\" rowspan=\"1\">96 cajas\/cart\u00f3n<\/td><\/tr><tr class=\"ue-table-interlace-color-single\"><td height=\"18\">CT-ASPJW10850<\/td><td width=\"119\">108 x 108 x 50 mm<\/td><td width=\"131\">1 unidad\/caja<\/td><td width=\"186\">63 cajas\/cart\u00f3n<\/td><\/tr><tr class=\"ue-table-interlace-color-double\"><td colspan=\"1\" rowspan=\"1\">CT-ASPJW10876<\/td><td colspan=\"1\" rowspan=\"1\"><p>108 x 108 x 76 mm<\/p><\/td><td colspan=\"1\" rowspan=\"1\">1 unidad\/caja<\/td><td colspan=\"1\" rowspan=\"1\">45 cajas\/cart\u00f3n<\/td><\/tr><tr class=\"ue-table-interlace-color-single\"><td colspan=\"1\" rowspan=\"1\"><p>CT-ASPJW16381<\/p><\/td><td colspan=\"1\" rowspan=\"1\">163 x 108 x 81 mm<\/td><td colspan=\"1\" rowspan=\"1\">1 unidad\/caja<\/td><td colspan=\"1\" rowspan=\"1\">42 cajas\/cart\u00f3n<\/td><\/tr><tr class=\"ue-table-interlace-color-double\"><td colspan=\"1\" rowspan=\"1\">CT-ASPJW21181<\/td><td colspan=\"1\" rowspan=\"1\">211 x 108 x 81 mm<\/td><td colspan=\"1\" rowspan=\"1\">1 unidad\/caja<\/td><td colspan=\"1\" rowspan=\"1\">18 cajas\/cart\u00f3n<\/td><\/tr><tr class=\"ue-table-interlace-color-single\"><td colspan=\"1\" rowspan=\"1\">CT-ASPJW300152<\/td><td colspan=\"1\" rowspan=\"1\">300x200x152mm<\/td><td colspan=\"1\" rowspan=\"1\">1 unidad\/caja<\/td><td colspan=\"1\" rowspan=\"1\">4 cajas\/cart\u00f3n<\/td><\/tr><tr class=\"ue-table-interlace-color-double\"><td colspan=\"1\" rowspan=\"1\">CT-ASPJW300200<\/td><td colspan=\"1\" rowspan=\"1\">300x200x200mm<\/td><td colspan=\"1\" rowspan=\"1\">1 unidad\/caja<\/td><td colspan=\"1\" rowspan=\"1\">4 cajas\/cart\u00f3n<\/td><\/tr><\/tbody><\/table><\/div>\t\t\t\t\t\t\t\t<\/div>\n\t\t\t\t\t<\/div>\n\t\t\t\t<\/div>\n\t\t\t\t<\/div>","protected":false},"excerpt":{"rendered":"<p>Certificaci\u00f3n de calidad:<br \/>\n\u2013 Aprobado seg\u00fan AS\/NZS 2053.<br \/>\n\u2013 Aprobado por IEC61386, ISO, ASTM y UL94<\/p>","protected":false},"featured_media":1660,"comment_status":"closed","ping_status":"closed","template":"","meta":{"_sitemap_exclude":false,"_sitemap_priority":"","_sitemap_frequency":"","_joinchat":[]},"product_brand":[],"product_cat":[53,40,36],"product_tag":[],"class_list":{"0":"post-1656","1":"product","2":"type-product","3":"status-publish","4":"has-post-thumbnail","6":"product_cat-adaptable-box-for-sale","7":"product_cat-as-nzs-listed-pvc-conduit-pipe-series","8":"product_cat-international-certifications-products","10":"first","11":"instock","12":"shipping-taxable","13":"product-type-simple"},"_links":{"self":[{"href":"https:\/\/www.ctube-gr.com\/es\/wp-json\/wp\/v2\/product\/1656","targetHints":{"allow":["GET"]}}],"collection":[{"href":"https:\/\/www.ctube-gr.com\/es\/wp-json\/wp\/v2\/product"}],"about":[{"href":"https:\/\/www.ctube-gr.com\/es\/wp-json\/wp\/v2\/types\/product"}],"replies":[{"embeddable":true,"href":"https:\/\/www.ctube-gr.com\/es\/wp-json\/wp\/v2\/comments?post=1656"}],"version-history":[{"count":0,"href":"https:\/\/www.ctube-gr.com\/es\/wp-json\/wp\/v2\/product\/1656\/revisions"}],"wp:featuredmedia":[{"embeddable":true,"href":"https:\/\/www.ctube-gr.com\/es\/wp-json\/wp\/v2\/media\/1660"}],"wp:attachment":[{"href":"https:\/\/www.ctube-gr.com\/es\/wp-json\/wp\/v2\/media?parent=1656"}],"wp:term":[{"taxonomy":"product_brand","embeddable":true,"href":"https:\/\/www.ctube-gr.com\/es\/wp-json\/wp\/v2\/product_brand?post=1656"},{"taxonomy":"product_cat","embeddable":true,"href":"https:\/\/www.ctube-gr.com\/es\/wp-json\/wp\/v2\/product_cat?post=1656"},{"taxonomy":"product_tag","embeddable":true,"href":"https:\/\/www.ctube-gr.com\/es\/wp-json\/wp\/v2\/product_tag?post=1656"}],"curies":[{"name":"Gracias","href":"https:\/\/api.w.org\/{rel}","templated":true}]}}