{"id":1666,"date":"2024-03-14T05:54:55","date_gmt":"2024-03-14T05:54:55","guid":{"rendered":"https:\/\/ctube-gr.com\/?post_type=product&#038;p=1666"},"modified":"2024-04-27T09:19:19","modified_gmt":"2024-04-27T09:19:19","slug":"tubo-corrugado-flexible-de-servicio-medio-ctube-blanco","status":"publish","type":"product","link":"https:\/\/www.ctube-gr.com\/es\/ctube-medium-duty-corrugated-flexible-conduit-pipe-white","title":{"rendered":"Tubo corrugado flexible de servicio medio Ctube blanco"},"content":{"rendered":"<div data-elementor-type=\"product-post\" data-elementor-id=\"1666\" class=\"elementor elementor-1666\" data-elementor-post-type=\"product\">\n\t\t\t\t<div class=\"elementor-element elementor-element-72612ac e-flex e-con-boxed e-con e-parent\" data-id=\"72612ac\" data-element_type=\"container\" data-e-type=\"container\" data-settings=\"{&quot;ekit_has_onepagescroll_dot&quot;:&quot;yes&quot;}\">\n\t\t\t\t\t<div class=\"e-con-inner\">\n\t\t\t\t<div class=\"elementor-element elementor-element-6c319f8 elementor-widget elementor-widget-text-editor\" data-id=\"6c319f8\" data-element_type=\"widget\" data-e-type=\"widget\" data-settings=\"{&quot;ekit_we_effect_on&quot;:&quot;none&quot;}\" data-widget_type=\"text-editor.default\">\n\t\t\t\t\t\t\t\t\t<p>Conductos y accesorios el\u00e9ctricos de la serie AS de Ctube dise\u00f1ados seg\u00fan el est\u00e1ndar de Australia y el objetivo es brindarles a nuestros clientes una experiencia extremadamente respetuosa con el medio ambiente.<\/p><p>Para proteger el medio ambiente, creemos que debemos empezar con las materias primas. Desde la creaci\u00f3n de Ctube, hemos insistido en que 100% utilice materias primas nuevas de alta calidad para nuestros productos en lugar de materiales reciclados. Nos negamos a utilizar materiales reciclados para fabricar cualquier producto.<\/p><p>En el proceso de producci\u00f3n, controlamos estrictamente la calidad y reducimos las p\u00e9rdidas de producci\u00f3n aumentando el rendimiento de primera pasada (FPY). Solo entregamos los mejores productos a nuestros clientes.<\/p><p>Nuestra l\u00ednea de productos ha sido mejorada a la clasificaci\u00f3n de resistencia al fuego V0 y se extingue por s\u00ed sola en 5 segundos despu\u00e9s de que se corta la fuente del fuego. Adem\u00e1s, nuestros conductos y accesorios AS tienen un excelente rendimiento f\u00edsico; la resistencia a la compresi\u00f3n y al impacto tambi\u00e9n es l\u00edder en la industria. Mejora enormemente la seguridad y la durabilidad, y creemos que nuestros clientes pueden beneficiarse de esto.<\/p><p>Ya sea que se trate de decoraci\u00f3n para el hogar o industrial, tenemos una l\u00ednea de productos correspondiente a su necesidad. Porque Ctube siempre se centrar\u00e1 en el campo de los conductos el\u00e9ctricos de PVC en los pr\u00f3ximos 20 a\u00f1os, y continuaremos mejorando y optimizando nuestros productos.<\/p><p><strong>Caracter\u00edsticas<\/strong><\/p><p>NORMA AUSTRALIANA. Aprobado seg\u00fan AS\/NZS 2053, no t\u00f3xico y sin olores. Cumple con los requisitos de protecci\u00f3n ambiental de la UE pertinentes.<\/p><p>ALTA CALIDAD. 100% fabricado con materiales nuevos con 99,8% FPY\/a\u00f1o de prueba interna.<\/p><p>ALTA CLASIFICACI\u00d3N CONTRA INCENDIOS. Nuestra caja el\u00e9ctrica adaptable tiene una clasificaci\u00f3n de resistencia al fuego V0, que es superior a la de la mayor\u00eda de nuestros competidores. Se autoextingue en 5 segundos despu\u00e9s de cortar la fuente de fuego.<\/p><p>RESISTENCIA A LOS RAYOS UV. Conducto corrugado a prueba de explosiones y con resistencia extrema a los rayos UV. Es la opci\u00f3n perfecta para proyectos al aire libre.<\/p><p>EXCELENTES PROPIEDADES F\u00cdSICAS. Funciona bien desde -40\u2103 hasta +110\u2103 y brinda m\u00e1xima protecci\u00f3n a sus cables en el interior.<\/p><p><strong>Solicitud<\/strong><\/p><p>Los conductos el\u00e9ctricos corrugados flexibles de Ctube para trabajos medianos y pesados se utilizan generalmente para revestir cables, lo que ayuda a reducir los riesgos de peligros el\u00e9ctricos, como la electrocuci\u00f3n. El conducto el\u00e9ctrico corrugado es un art\u00edculo b\u00e1sico que utilizan los electricistas y otros contratistas para la protecci\u00f3n rentable de los cables. Dise\u00f1ado para proteger y enrutar el cableado el\u00e9ctrico. Posee excelentes propiedades aislantes, lo que lo hace ideal para proteger el cableado el\u00e9ctrico. Su construcci\u00f3n s\u00f3lida, resistencia qu\u00edmica y retardancia de llama ofrecen protecci\u00f3n en entornos hostiles.<\/p><p>Capacidad de fabricaci\u00f3n<\/p><p>\u2013 Capacidad de producci\u00f3n: 10000 rollos por semana<\/p><p>\u2013 M\u00e9todos de embalaje: bolsas de pl\u00e1stico y pel\u00edculas de PE<\/p>\t\t\t\t\t\t\t\t<\/div>\n\t\t\t\t<div class=\"elementor-element elementor-element-3f23808 elementor-widget elementor-widget-text-editor\" data-id=\"3f23808\" data-element_type=\"widget\" data-e-type=\"widget\" data-settings=\"{&quot;ekit_we_effect_on&quot;:&quot;none&quot;}\" data-widget_type=\"text-editor.default\">\n\t\t\t\t\t\t\t\t\t<p><strong><b>Tabla de tallas<\/b><\/strong><\/p><table><tbody><tr><td width=\"148\"><p>C\u00f3digo del producto<\/p><\/td><td width=\"142\"><p>Tama\u00f1o nominal<\/p><\/td><td width=\"142\"><p>Longitud<\/p><\/td><td width=\"158\"><p>Peso<\/p><\/td><\/tr><tr><td><p>CT-HDCCOR2010<\/p><\/td><td width=\"142\"><p>20 mm<\/p><\/td><td width=\"142\"><p>10 metros<\/p><\/td><td width=\"158\"><p>100 g\/m2<\/p><\/td><\/tr><tr><td><p>CT-HDCCOR2025<\/p><\/td><td><p>20 mm<\/p><\/td><td><p>25 metros<\/p><\/td><td><p>100 g\/m2<\/p><\/td><\/tr><tr><td><p>CT-HDCCOR2050<\/p><\/td><td><p>20 mm<\/p><\/td><td><p>50 metros<\/p><\/td><td><p>100 g\/m2<\/p><\/td><\/tr><tr><td><p>CT-HDCCOR2510<\/p><\/td><td><p>25 mm<\/p><\/td><td><p>10 metros<\/p><\/td><td><p>150 g\/m2<\/p><\/td><\/tr><tr><td><p>CT-HDCCOR2525<\/p><\/td><td><p>25 mm<\/p><\/td><td><p>25 metros<\/p><\/td><td><p>150 g\/m2<\/p><\/td><\/tr><tr><td><p>CT-HDCCOR2550<\/p><\/td><td><p>25 mm<\/p><\/td><td><p>50 metros<\/p><\/td><td><p>150 g\/m2<\/p><\/td><\/tr><tr><td><p>CT-HDCCOR3210<\/p><\/td><td><p>32 mm<\/p><\/td><td><p>10 metros<\/p><\/td><td><p>220 g\/m2<\/p><\/td><\/tr><tr><td><p>CT-HDCCOR3225<\/p><\/td><td><p>32 mm<\/p><\/td><td><p>25 metros<\/p><\/td><td><p>220 g\/m2<\/p><\/td><\/tr><tr><td><p>CT-HDCCOR4010<\/p><\/td><td><p>40 mm<\/p><\/td><td><p>10 metros<\/p><\/td><td><p>230 g\/m2<\/p><\/td><\/tr><tr><td><p>CT-HDCCOR4025<\/p><\/td><td><p>40 mm<\/p><\/td><td><p>25 metros<\/p><\/td><td><p>230 g\/m2<\/p><\/td><\/tr><tr><td><p>CT-HDCCOR5010<\/p><\/td><td><p>50 mm<\/p><\/td><td><p>10 metros<\/p><\/td><td><p>320 g\/m2<\/p><\/td><\/tr><tr><td><p>CT-HDCCOR5025<\/p><\/td><td><p>50 mm<\/p><\/td><td><p>25 metros<\/p><\/td><td><p>320 g\/m2<\/p><\/td><\/tr><\/tbody><\/table><p><br \/><br \/><\/p>\t\t\t\t\t\t\t\t<\/div>\n\t\t\t\t\t<\/div>\n\t\t\t\t<\/div>\n\t\t\t\t<\/div>","protected":false},"excerpt":{"rendered":"<p>Certificaci\u00f3n de calidad:<\/p>\n<p>\u2013 Norma AS\/NZS 2053<\/p>\n<p>\u2013 RoHS, REACH, CE, SGS, ISO<\/p>","protected":false},"featured_media":1668,"comment_status":"closed","ping_status":"closed","template":"","meta":{"_sitemap_exclude":false,"_sitemap_priority":"","_sitemap_frequency":"","_joinchat":[]},"product_brand":[],"product_cat":[40,52,36,57],"product_tag":[],"class_list":{"0":"post-1666","1":"product","2":"type-product","3":"status-publish","4":"has-post-thumbnail","6":"product_cat-as-nzs-listed-pvc-conduit-pipe-series","7":"product_cat-corrugated-conduit-export","8":"product_cat-international-certifications-products","9":"product_cat-md-flexible-conduit-white","11":"first","12":"instock","13":"shipping-taxable","14":"product-type-simple"},"_links":{"self":[{"href":"https:\/\/www.ctube-gr.com\/es\/wp-json\/wp\/v2\/product\/1666","targetHints":{"allow":["GET"]}}],"collection":[{"href":"https:\/\/www.ctube-gr.com\/es\/wp-json\/wp\/v2\/product"}],"about":[{"href":"https:\/\/www.ctube-gr.com\/es\/wp-json\/wp\/v2\/types\/product"}],"replies":[{"embeddable":true,"href":"https:\/\/www.ctube-gr.com\/es\/wp-json\/wp\/v2\/comments?post=1666"}],"version-history":[{"count":0,"href":"https:\/\/www.ctube-gr.com\/es\/wp-json\/wp\/v2\/product\/1666\/revisions"}],"wp:featuredmedia":[{"embeddable":true,"href":"https:\/\/www.ctube-gr.com\/es\/wp-json\/wp\/v2\/media\/1668"}],"wp:attachment":[{"href":"https:\/\/www.ctube-gr.com\/es\/wp-json\/wp\/v2\/media?parent=1666"}],"wp:term":[{"taxonomy":"product_brand","embeddable":true,"href":"https:\/\/www.ctube-gr.com\/es\/wp-json\/wp\/v2\/product_brand?post=1666"},{"taxonomy":"product_cat","embeddable":true,"href":"https:\/\/www.ctube-gr.com\/es\/wp-json\/wp\/v2\/product_cat?post=1666"},{"taxonomy":"product_tag","embeddable":true,"href":"https:\/\/www.ctube-gr.com\/es\/wp-json\/wp\/v2\/product_tag?post=1666"}],"curies":[{"name":"Gracias","href":"https:\/\/api.w.org\/{rel}","templated":true}]}}