{"id":1676,"date":"2024-03-14T06:02:14","date_gmt":"2024-03-14T06:02:14","guid":{"rendered":"https:\/\/ctube-gr.com\/?post_type=product&#038;p=1676"},"modified":"2024-06-27T03:22:40","modified_gmt":"2024-06-27T03:22:40","slug":"conducto-corrugado-electrico-flexible-de-servicio-medio-ctube-16-50-mm-x-10-50-m","status":"publish","type":"product","link":"https:\/\/www.ctube-gr.com\/es\/ctube-16-50mm-x-10-50m-medium-duty-flexible-electrical-corrugated-conduit","title":{"rendered":"Conducto corrugado el\u00e9ctrico flexible de servicio medio Ctube de 16-50 mm x 10-50 m"},"content":{"rendered":"<div data-elementor-type=\"product-post\" data-elementor-id=\"1676\" class=\"elementor elementor-1676\" data-elementor-post-type=\"product\">\n\t\t\t\t<div class=\"elementor-element elementor-element-a3b6dbc e-flex e-con-boxed e-con e-parent\" data-id=\"a3b6dbc\" data-element_type=\"container\" data-e-type=\"container\" data-settings=\"{&quot;ekit_has_onepagescroll_dot&quot;:&quot;yes&quot;}\">\n\t\t\t\t\t<div class=\"e-con-inner\">\n\t\t\t\t<div class=\"elementor-element elementor-element-85cdc40 elementor-widget elementor-widget-text-editor\" data-id=\"85cdc40\" data-element_type=\"widget\" data-e-type=\"widget\" data-settings=\"{&quot;ekit_we_effect_on&quot;:&quot;none&quot;}\" data-widget_type=\"text-editor.default\">\n\t\t\t\t\t\t\t\t\t<table><tbody><tr><td width=\"328\">Marca:<\/td><td width=\"328\">Tubo C<\/td><td width=\"328\">Fabricante original:<\/td><td width=\"328\">Disponible<\/td><\/tr><tr><td width=\"328\">Material:<\/td><td width=\"328\">CLORURO DE POLIVINILO<\/td><td width=\"328\">Longitud:<\/td><td width=\"328\">Est\u00e1ndar australiano<\/td><\/tr><tr><td width=\"328\">Espesor:<\/td><td width=\"328\">Est\u00e1ndar australiano<\/td><td width=\"328\">Rango OD:<\/td><td width=\"328\">16-50 mm<\/td><\/tr><tr><td width=\"328\">Proceso de dar un t\u00edtulo:<\/td><td width=\"328\">Certificaciones AS\/NZS, RoHS, REACH, CE, SGS, ISO<\/td><td width=\"328\">Color:<\/td><td width=\"328\">Gris<\/td><\/tr><tr><td width=\"328\">Resistencia al fuego:<\/td><td width=\"328\">V0<\/td><td width=\"328\">Resistencia a los rayos UV:<\/td><td width=\"328\">S\u00ed<\/td><\/tr><tr><td width=\"328\">Conductividad:<\/td><td width=\"328\">Aislado<\/td><td width=\"328\">Dureza:<\/td><td width=\"328\">Flexible y resistente a los impactos.<\/td><\/tr><tr><td width=\"328\">Embalaje:<\/td><td width=\"328\">Bolsas de pl\u00e1stico y pel\u00edculas de PE<\/td><td width=\"328\">Muestra:<\/td><td width=\"328\">Gratis<\/td><\/tr><tr><td width=\"328\">Pa\u00eds:<\/td><td width=\"328\">Porcelana<\/td><td width=\"328\">F\u00e1brica:<\/td><td width=\"328\">Dongguan, Cant\u00f3n<\/td><\/tr><\/tbody><\/table><p><strong><b>Caracter\u00edsticas<\/b><\/strong><\/p><p>\u2013 Resistencia media a una compresi\u00f3n m\u00e1xima de 750 Nt\/5cm.<\/p><p>\u2013 Cumple con los est\u00e1ndares AS\/NZS 2053.<\/p><p>\u2013 Resistente al impacto, a la luz solar y al fuego.<\/p><p>\u2013 Superficie e interior brillante y liso.<\/p><p>\u2013 El PVC duradero no conductor no se oxida ni se corroe.<\/p><p>\u2013 Adecuado para aplicaciones tanto sobre como bajo tierra.<\/p><p><strong><b>Solicitud<\/b><\/strong><\/p><p>Los conductos el\u00e9ctricos corrugados flexibles de servicio mediano Ctube se utilizan generalmente para revestir cables, lo que ayuda a reducir los riesgos de peligros el\u00e9ctricos, como la electrocuci\u00f3n. El conducto el\u00e9ctrico corrugado es un art\u00edculo b\u00e1sico que utilizan los electricistas y otros contratistas para la protecci\u00f3n rentable de los cables. Dise\u00f1ado para proteger y enrutar el cableado el\u00e9ctrico. Posee excelentes propiedades aislantes, lo que lo hace ideal para proteger el cableado el\u00e9ctrico. Su construcci\u00f3n s\u00f3lida, resistencia qu\u00edmica y retardancia de llama ofrecen protecci\u00f3n en entornos hostiles.<\/p><p><strong><b>Capacidad de fabricaci\u00f3n<\/b><\/strong><\/p><p>\u2013 Capacidad de producci\u00f3n: 10000 rollos por semana<\/p><p>\u2013 M\u00e9todos de embalaje: bolsas de pl\u00e1stico y pel\u00edculas de PE<\/p>\t\t\t\t\t\t\t\t<\/div>\n\t\t\t\t<div class=\"elementor-element elementor-element-82b695c elementor-widget elementor-widget-text-editor\" data-id=\"82b695c\" data-element_type=\"widget\" data-e-type=\"widget\" data-settings=\"{&quot;ekit_we_effect_on&quot;:&quot;none&quot;}\" data-widget_type=\"text-editor.default\">\n\t\t\t\t\t\t\t\t\t<p><strong><b>Tabla de tallas<\/b><\/strong><\/p><table><tbody><tr><td width=\"119\"><p>C\u00f3digo del producto<\/p><\/td><td width=\"119\"><p>Tama\u00f1o nominal<\/p><\/td><td width=\"119\"><p>Longitud<\/p><\/td><td width=\"133\"><p>Peso<\/p><\/td><\/tr><tr><td><p>CT-HDCCOR2010<\/p><\/td><td width=\"119\"><p>20 mm<\/p><\/td><td width=\"119\"><p>10 metros<\/p><\/td><td width=\"131\"><p>100 g\/m2<\/p><\/td><\/tr><tr><td><p>CT-HDCCOR2025<\/p><\/td><td><p>20 mm<\/p><\/td><td><p>25 metros<\/p><\/td><td><p>100 g\/m2<\/p><\/td><\/tr><tr><td><p>CT-HDCCOR2050<\/p><\/td><td><p>20 mm<\/p><\/td><td><p>50 metros<\/p><\/td><td><p>100 g\/m2<\/p><\/td><\/tr><tr><td><p>CT-HDCCOR2510<\/p><\/td><td><p>25 mm<\/p><\/td><td><p>10 metros<\/p><\/td><td><p>150 g\/m2<\/p><\/td><\/tr><tr><td><p>CT-HDCCOR2525<\/p><\/td><td><p>25 mm<\/p><\/td><td><p>25 metros<\/p><\/td><td><p>150 g\/m2<\/p><\/td><\/tr><tr><td><p>CT-HDCCOR2550<\/p><\/td><td><p>25 mm<\/p><\/td><td><p>50 metros<\/p><\/td><td><p>150 g\/m2<\/p><\/td><\/tr><tr><td><p>CT-HDCCOR3210<\/p><\/td><td><p>32 mm<\/p><\/td><td><p>10 metros<\/p><\/td><td><p>220 g\/m2<\/p><\/td><\/tr><tr><td><p>CT-HDCCOR3225<\/p><\/td><td><p>32 mm<\/p><\/td><td><p>25 metros<\/p><\/td><td><p>220 g\/m2<\/p><\/td><\/tr><tr><td><p>CT-HDCCOR4010<\/p><\/td><td><p>40 mm<\/p><\/td><td><p>10 metros<\/p><\/td><td><p>230 g\/m2<\/p><\/td><\/tr><tr><td><p>CT-HDCCOR4025<\/p><\/td><td><p>40 mm<\/p><\/td><td><p>25 metros<\/p><\/td><td><p>230 g\/m2<\/p><\/td><\/tr><tr><td><p>CT-HDCCOR5010<\/p><\/td><td><p>50 mm<\/p><\/td><td><p>10 metros<\/p><\/td><td><p>320 g\/m2<\/p><\/td><\/tr><tr><td><p>CT-HDCCOR5025<\/p><\/td><td><p>50 mm<\/p><\/td><td><p>25 metros<\/p><\/td><td><p>320 g\/m2<\/p><\/td><\/tr><\/tbody><\/table><p><br \/><br \/><\/p>\t\t\t\t\t\t\t\t<\/div>\n\t\t\t\t\t<\/div>\n\t\t\t\t<\/div>\n\t\t\t\t<\/div>","protected":false},"excerpt":{"rendered":"<p>Certificaci\u00f3n de calidad:<\/p>\n<p>\u2013 Norma australiana<\/p>\n<p>\u2013 Cumple con AS\/NZS 2053, RoHS, REACH, CE, SGS, ISO<\/p>","protected":false},"featured_media":1679,"comment_status":"closed","ping_status":"closed","template":"","meta":{"_sitemap_exclude":false,"_sitemap_priority":"","_sitemap_frequency":"","_joinchat":[]},"product_brand":[],"product_cat":[40,52,36,58],"product_tag":[],"class_list":{"0":"post-1676","1":"product","2":"type-product","3":"status-publish","4":"has-post-thumbnail","6":"product_cat-as-nzs-listed-pvc-conduit-pipe-series","7":"product_cat-corrugated-conduit-export","8":"product_cat-international-certifications-products","9":"product_cat-md-flexible-conduit-grey","11":"first","12":"instock","13":"shipping-taxable","14":"product-type-simple"},"_links":{"self":[{"href":"https:\/\/www.ctube-gr.com\/es\/wp-json\/wp\/v2\/product\/1676","targetHints":{"allow":["GET"]}}],"collection":[{"href":"https:\/\/www.ctube-gr.com\/es\/wp-json\/wp\/v2\/product"}],"about":[{"href":"https:\/\/www.ctube-gr.com\/es\/wp-json\/wp\/v2\/types\/product"}],"replies":[{"embeddable":true,"href":"https:\/\/www.ctube-gr.com\/es\/wp-json\/wp\/v2\/comments?post=1676"}],"version-history":[{"count":0,"href":"https:\/\/www.ctube-gr.com\/es\/wp-json\/wp\/v2\/product\/1676\/revisions"}],"wp:featuredmedia":[{"embeddable":true,"href":"https:\/\/www.ctube-gr.com\/es\/wp-json\/wp\/v2\/media\/1679"}],"wp:attachment":[{"href":"https:\/\/www.ctube-gr.com\/es\/wp-json\/wp\/v2\/media?parent=1676"}],"wp:term":[{"taxonomy":"product_brand","embeddable":true,"href":"https:\/\/www.ctube-gr.com\/es\/wp-json\/wp\/v2\/product_brand?post=1676"},{"taxonomy":"product_cat","embeddable":true,"href":"https:\/\/www.ctube-gr.com\/es\/wp-json\/wp\/v2\/product_cat?post=1676"},{"taxonomy":"product_tag","embeddable":true,"href":"https:\/\/www.ctube-gr.com\/es\/wp-json\/wp\/v2\/product_tag?post=1676"}],"curies":[{"name":"Gracias","href":"https:\/\/api.w.org\/{rel}","templated":true}]}}