{"id":1687,"date":"2024-03-14T06:08:51","date_gmt":"2024-03-14T06:08:51","guid":{"rendered":"https:\/\/ctube-gr.com\/?post_type=product&#038;p=1687"},"modified":"2024-04-27T09:29:14","modified_gmt":"2024-04-27T09:29:14","slug":"tubo-corrugado-de-color-naranja","status":"publish","type":"product","link":"https:\/\/www.ctube-gr.com\/es\/orange-corrugated-conduit-pipe","title":{"rendered":"Conducto corrugado el\u00e9ctrico flexible de alta resistencia Ctube de 16-50 mm x 10-50 m, color naranja"},"content":{"rendered":"<div data-elementor-type=\"product-post\" data-elementor-id=\"1687\" class=\"elementor elementor-1687\" data-elementor-post-type=\"product\">\n\t\t\t\t<div class=\"elementor-element elementor-element-ce4a518 e-flex e-con-boxed e-con e-parent\" data-id=\"ce4a518\" data-element_type=\"container\" data-e-type=\"container\" data-settings=\"{&quot;ekit_has_onepagescroll_dot&quot;:&quot;yes&quot;}\">\n\t\t\t\t\t<div class=\"e-con-inner\">\n\t\t\t\t<div class=\"elementor-element elementor-element-05a3cce elementor-widget elementor-widget-text-editor\" data-id=\"05a3cce\" data-element_type=\"widget\" data-e-type=\"widget\" data-settings=\"{&quot;ekit_we_effect_on&quot;:&quot;none&quot;}\" data-widget_type=\"text-editor.default\">\n\t\t\t\t\t\t\t\t\t<table width=\"1418\"><tbody><tr class=\"ue-table-interlace-color-single\"><td valign=\"top\" width=\"328\">Marca:<\/td><td valign=\"top\" width=\"328\">Tubo C<\/td><td valign=\"top\" width=\"328\">Fabricante original:<\/td><td valign=\"top\" width=\"328\">Disponible<\/td><\/tr><tr class=\"ue-table-interlace-color-double\"><td valign=\"top\" width=\"328\">Material:<\/td><td valign=\"top\" width=\"328\">CLORURO DE POLIVINILO<\/td><td valign=\"top\" width=\"328\">Longitud:<\/td><td valign=\"top\" width=\"328\">Est\u00e1ndar australiano<\/td><\/tr><tr class=\"ue-table-interlace-color-single\"><td valign=\"top\" width=\"328\">Espesor:<\/td><td valign=\"top\" width=\"328\">Est\u00e1ndar australiano<\/td><td valign=\"top\" width=\"328\">Rango OD:<\/td><td valign=\"top\" width=\"328\">16-50 mm<\/td><\/tr><tr class=\"ue-table-interlace-color-double\"><td valign=\"top\" width=\"328\">Proceso de dar un t\u00edtulo:<\/td><td valign=\"top\" width=\"328\">Certificaciones AS\/NZS, RoHS, REACH, CE, SGS, ISO<\/td><td valign=\"top\" width=\"328\">Color:<\/td><td valign=\"top\" width=\"328\">Naranja<\/td><\/tr><tr class=\"ue-table-interlace-color-single\"><td valign=\"top\" width=\"328\">Resistencia al fuego:<\/td><td valign=\"top\" width=\"328\">V0<\/td><td valign=\"top\" width=\"328\">Resistencia a los rayos UV:<\/td><td valign=\"top\" width=\"328\">S\u00ed<\/td><\/tr><tr class=\"ue-table-interlace-color-double\"><td valign=\"top\" width=\"328\">Conductividad:<\/td><td valign=\"top\" width=\"328\">Aislado<\/td><td valign=\"top\" width=\"328\">Dureza:<\/td><td valign=\"top\" width=\"328\">Flexible y resistente a los impactos.<\/td><\/tr><tr class=\"ue-table-interlace-color-single\"><td valign=\"top\" width=\"328\">Embalaje:<\/td><td valign=\"top\" width=\"328\">Bolsas de pl\u00e1stico y pel\u00edculas de PE<\/td><td valign=\"top\" width=\"328\">Muestra:<\/td><td valign=\"top\" width=\"328\">Gratis<\/td><\/tr><tr class=\"ue-table-interlace-color-double\"><td valign=\"top\" width=\"328\">Pa\u00eds:<\/td><td valign=\"top\" width=\"328\">Porcelana<\/td><td valign=\"top\" width=\"328\">F\u00e1brica:<\/td><td valign=\"top\" width=\"328\">Dongguan, Cant\u00f3n<\/td><\/tr><\/tbody><\/table><p><strong><b>Caracter\u00edsticas<\/b><\/strong><\/p><p>\u2013 Resistente a altas temperaturas hasta una compresi\u00f3n m\u00e1xima de 1250 Nt\/5cm.<\/p><p>\u2013 Cumple con los est\u00e1ndares AS\/NZS 2053.<\/p><p>\u2013 Resistente al impacto, a la luz solar y al fuego.<\/p><p>\u2013 Superficie e interior brillante y liso.<\/p><p>\u2013 El PVC duradero no conductor no se oxida ni se corroe.<\/p><p>\u2013 Adecuado para aplicaciones tanto sobre como bajo tierra.<\/p><p><strong>Solicitud<\/strong><\/p><p>Los conductos el\u00e9ctricos corrugados flexibles de alta resistencia Ctube se utilizan generalmente para revestir cables, lo que ayuda a reducir los riesgos de peligros el\u00e9ctricos, como la electrocuci\u00f3n. El conducto el\u00e9ctrico corrugado es un art\u00edculo b\u00e1sico que utilizan los electricistas y otros contratistas para una protecci\u00f3n de cables rentable. Dise\u00f1ado para proteger y enrutar el cableado el\u00e9ctrico. Posee excelentes propiedades aislantes, lo que lo hace ideal para proteger el cableado el\u00e9ctrico. Su construcci\u00f3n s\u00f3lida, resistencia qu\u00edmica y retardancia de llama ofrecen protecci\u00f3n en entornos hostiles.<\/p><p><strong>Capacidad de fabricaci\u00f3n<\/strong><\/p><p>\u2013 Capacidad de producci\u00f3n: 10000 rollos por semana<\/p><p>\u2013 M\u00e9todos de embalaje: bolsas de pl\u00e1stico y pel\u00edculas de PE<\/p>\t\t\t\t\t\t\t\t<\/div>\n\t\t\t\t<div class=\"elementor-element elementor-element-a81f876 elementor-widget elementor-widget-text-editor\" data-id=\"a81f876\" data-element_type=\"widget\" data-e-type=\"widget\" data-settings=\"{&quot;ekit_we_effect_on&quot;:&quot;none&quot;}\" data-widget_type=\"text-editor.default\">\n\t\t\t\t\t\t\t\t\t<p><strong><b>Tabla de tallas<\/b><\/strong><\/p><table width=\"640\" cellspacing=\"0\" cellpadding=\"0\"><colgroup><col span=\"4\" width=\"118\" \/><\/colgroup><tbody><tr class=\"ue-table-interlace-color-single\"><td width=\"119\" height=\"33\">C\u00f3digo del producto<\/td><td colspan=\"1\" rowspan=\"1\" valign=\"null\" width=\"119\">Tama\u00f1o nominal<\/td><td width=\"119\">Longitud<\/td><td width=\"133\">Peso<\/td><\/tr><tr class=\"ue-table-interlace-color-double\"><td height=\"18\">CT-HDCCOR2010<\/td><td colspan=\"1\" rowspan=\"1\" valign=\"null\" width=\"119\">20 mm<\/td><td width=\"119\">10 metros<\/td><td width=\"131\">100 g\/m2<\/td><\/tr><tr class=\"ue-table-interlace-color-single\"><td colspan=\"1\" rowspan=\"1\">CT-HDCCOR2025<\/td><td colspan=\"1\" rowspan=\"1\" valign=\"null\" width=\"null\">20 mm<\/td><td colspan=\"1\" rowspan=\"1\"><p>25 metros<\/p><\/td><td colspan=\"1\" rowspan=\"1\">100 g\/m2<\/td><\/tr><tr class=\"ue-table-interlace-color-double\"><td colspan=\"1\" rowspan=\"1\">CT-HDCCOR2050<\/td><td colspan=\"1\" rowspan=\"1\">20 mm<\/td><td colspan=\"1\" rowspan=\"1\">50 metros<\/td><td colspan=\"1\" rowspan=\"1\">100 g\/m2<\/td><\/tr><tr class=\"ue-table-interlace-color-single\"><td colspan=\"1\" rowspan=\"1\">CT-HDCCOR2510<\/td><td colspan=\"1\" rowspan=\"1\">25 mm<\/td><td colspan=\"1\" rowspan=\"1\">10 metros<\/td><td colspan=\"1\" rowspan=\"1\">150 g\/m2<\/td><\/tr><tr class=\"ue-table-interlace-color-double\"><td colspan=\"1\" rowspan=\"1\">CT-HDCCOR2525<\/td><td colspan=\"1\" rowspan=\"1\">25 mm<\/td><td colspan=\"1\" rowspan=\"1\">25 metros<\/td><td colspan=\"1\" rowspan=\"1\">150 g\/m2<\/td><\/tr><tr class=\"ue-table-interlace-color-single\"><td colspan=\"1\" rowspan=\"1\">CT-HDCCOR2550<\/td><td colspan=\"1\" rowspan=\"1\">25 mm<\/td><td colspan=\"1\" rowspan=\"1\">50 metros<\/td><td colspan=\"1\" rowspan=\"1\">150 g\/m2<\/td><\/tr><tr class=\"ue-table-interlace-color-double\"><td colspan=\"1\" rowspan=\"1\">CT-HDCCOR3210<\/td><td colspan=\"1\" rowspan=\"1\">32 mm<\/td><td colspan=\"1\" rowspan=\"1\">10 metros<\/td><td colspan=\"1\" rowspan=\"1\">220 g\/m2<\/td><\/tr><tr class=\"ue-table-interlace-color-single\"><td colspan=\"1\" rowspan=\"1\">CT-HDCCOR3225<\/td><td colspan=\"1\" rowspan=\"1\">32 mm<\/td><td colspan=\"1\" rowspan=\"1\">25 metros<\/td><td colspan=\"1\" rowspan=\"1\">220 g\/m2<\/td><\/tr><tr class=\"ue-table-interlace-color-double\"><td colspan=\"1\" rowspan=\"1\">CT-HDCCOR4010<\/td><td colspan=\"1\" rowspan=\"1\">40 mm<\/td><td colspan=\"1\" rowspan=\"1\">10 metros<\/td><td colspan=\"1\" rowspan=\"1\">230 g\/m2<\/td><\/tr><tr class=\"ue-table-interlace-color-single\"><td colspan=\"1\" rowspan=\"1\">CT-HDCCOR4025<\/td><td colspan=\"1\" rowspan=\"1\">40 mm<\/td><td colspan=\"1\" rowspan=\"1\">25 metros<\/td><td colspan=\"1\" rowspan=\"1\">230 g\/m2<\/td><\/tr><tr class=\"ue-table-interlace-color-double\"><td colspan=\"1\" rowspan=\"1\">CT-HDCCOR5010<\/td><td colspan=\"1\" rowspan=\"1\">50 mm<\/td><td colspan=\"1\" rowspan=\"1\">10 metros<\/td><td colspan=\"1\" rowspan=\"1\">320 g\/m2<\/td><\/tr><tr class=\"ue-table-interlace-color-single\"><td colspan=\"1\" rowspan=\"1\">CT-HDCCOR5025<\/td><td colspan=\"1\" rowspan=\"1\">50 mm<\/td><td colspan=\"1\" rowspan=\"1\">25 metros<\/td><td colspan=\"1\" rowspan=\"1\">320 g\/m2<\/td><\/tr><\/tbody><\/table>\t\t\t\t\t\t\t\t<\/div>\n\t\t\t\t\t<\/div>\n\t\t\t\t<\/div>\n\t\t\t\t<\/div>","protected":false},"excerpt":{"rendered":"<p>Certificaci\u00f3n de calidad:<\/p>\n<p>\u2013 Norma australiana<\/p>\n<p>\u2013 Cumple con AS\/NZS 2053, RoHS, REACH, CE, SGS, ISO<\/p>","protected":false},"featured_media":1688,"comment_status":"closed","ping_status":"closed","template":"","meta":{"_sitemap_exclude":false,"_sitemap_priority":"","_sitemap_frequency":"","_joinchat":[]},"product_brand":[],"product_cat":[40,52,59,36],"product_tag":[],"class_list":{"0":"post-1687","1":"product","2":"type-product","3":"status-publish","4":"has-post-thumbnail","6":"product_cat-as-nzs-listed-pvc-conduit-pipe-series","7":"product_cat-corrugated-conduit-export","8":"product_cat-hd-flexible-conduit-orange","9":"product_cat-international-certifications-products","11":"first","12":"instock","13":"shipping-taxable","14":"product-type-simple"},"_links":{"self":[{"href":"https:\/\/www.ctube-gr.com\/es\/wp-json\/wp\/v2\/product\/1687","targetHints":{"allow":["GET"]}}],"collection":[{"href":"https:\/\/www.ctube-gr.com\/es\/wp-json\/wp\/v2\/product"}],"about":[{"href":"https:\/\/www.ctube-gr.com\/es\/wp-json\/wp\/v2\/types\/product"}],"replies":[{"embeddable":true,"href":"https:\/\/www.ctube-gr.com\/es\/wp-json\/wp\/v2\/comments?post=1687"}],"version-history":[{"count":0,"href":"https:\/\/www.ctube-gr.com\/es\/wp-json\/wp\/v2\/product\/1687\/revisions"}],"wp:featuredmedia":[{"embeddable":true,"href":"https:\/\/www.ctube-gr.com\/es\/wp-json\/wp\/v2\/media\/1688"}],"wp:attachment":[{"href":"https:\/\/www.ctube-gr.com\/es\/wp-json\/wp\/v2\/media?parent=1687"}],"wp:term":[{"taxonomy":"product_brand","embeddable":true,"href":"https:\/\/www.ctube-gr.com\/es\/wp-json\/wp\/v2\/product_brand?post=1687"},{"taxonomy":"product_cat","embeddable":true,"href":"https:\/\/www.ctube-gr.com\/es\/wp-json\/wp\/v2\/product_cat?post=1687"},{"taxonomy":"product_tag","embeddable":true,"href":"https:\/\/www.ctube-gr.com\/es\/wp-json\/wp\/v2\/product_tag?post=1687"}],"curies":[{"name":"Gracias","href":"https:\/\/api.w.org\/{rel}","templated":true}]}}