{"id":1714,"date":"2024-03-14T06:59:30","date_gmt":"2024-03-14T06:59:30","guid":{"rendered":"https:\/\/ctube-gr.com\/?post_type=product&#038;p=1714"},"modified":"2024-06-27T03:27:02","modified_gmt":"2024-06-27T03:27:02","slug":"caja-de-conexiones-de-3-vias-de-poca-profundidad","status":"publish","type":"product","link":"https:\/\/www.ctube-gr.com\/es\/3-way-shallow-junction-box","title":{"rendered":"Caja de conexiones de tres v\u00edas de poca profundidad seg\u00fan normas australianas"},"content":{"rendered":"<div data-elementor-type=\"product-post\" data-elementor-id=\"1714\" class=\"elementor elementor-1714\" data-elementor-post-type=\"product\">\n\t\t\t\t<div class=\"elementor-element elementor-element-39401dc e-flex e-con-boxed e-con e-parent\" data-id=\"39401dc\" data-element_type=\"container\" data-e-type=\"container\" data-settings=\"{&quot;ekit_has_onepagescroll_dot&quot;:&quot;yes&quot;}\">\n\t\t\t\t\t<div class=\"e-con-inner\">\n\t\t\t\t<div class=\"elementor-element elementor-element-89f02bf elementor-widget elementor-widget-text-editor\" data-id=\"89f02bf\" data-element_type=\"widget\" data-e-type=\"widget\" data-settings=\"{&quot;ekit_we_effect_on&quot;:&quot;none&quot;}\" data-widget_type=\"text-editor.default\">\n\t\t\t\t\t\t\t\t\t<table><tbody><tr><td width=\"98\">Marca:<\/td><td width=\"126\">Tubo C<\/td><td width=\"160\">Fabricante original:<\/td><td width=\"159\">Disponible<\/td><\/tr><tr><td width=\"98\">Material:<\/td><td width=\"126\">CLORURO DE POLIVINILO<\/td><td width=\"160\">Longitud:<\/td><td width=\"159\">Est\u00e1ndar australiano<\/td><\/tr><tr><td width=\"98\">Espesor:<\/td><td width=\"126\">Est\u00e1ndar australiano<\/td><td width=\"160\">Rango OD:<\/td><td width=\"159\">20-25 mm<\/td><\/tr><tr><td width=\"98\">Proceso de dar un t\u00edtulo:<\/td><td width=\"126\">Certificaciones AS\/NZS, RoHS, REACH, CE, SGS, ISO<\/td><td width=\"160\">Color:<\/td><td width=\"159\">Gris o personalizado<\/td><\/tr><tr><td width=\"98\">Resistencia al fuego:<\/td><td width=\"126\">V0<\/td><td width=\"160\">Resistencia a los rayos UV:<\/td><td width=\"159\">S\u00ed<\/td><\/tr><tr><td width=\"98\">Conductividad:<\/td><td width=\"126\">Aislado<\/td><td width=\"160\">Dureza:<\/td><td width=\"159\">R\u00edgido y resistente a los impactos.<\/td><\/tr><tr><td width=\"98\">Embalaje:<\/td><td width=\"126\">Bolsas de pl\u00e1stico y pel\u00edculas de PE<\/td><td width=\"160\">Muestra:<\/td><td width=\"159\">Gratis<\/td><\/tr><tr><td width=\"98\">Pa\u00eds:<\/td><td width=\"126\">Porcelana<\/td><td width=\"160\">F\u00e1brica:<\/td><td width=\"159\">Dongguan, Cant\u00f3n<\/td><\/tr><\/tbody><\/table><p><strong><b>Caracter\u00edsticas<\/b><\/strong><\/p><p>\u00a0<\/p><p>\u2013 Tapas y tornillos incluidos.<\/p><p>\u2013 Cumple con los est\u00e1ndares AS\/NZS 2053.<\/p><p>\u2013 Resistente al impacto, a la luz solar y al fuego.<\/p><p>\u2013 Superficie e interior brillante y liso.<\/p><p>\u2013 El PVC duradero no conductor no se oxida ni se corroe.<\/p><p>\u2013 Adecuado para aplicaciones tanto sobre como bajo tierra.<\/p><p><strong><b>Solicitud<\/b><\/strong><\/p><p>Las cajas de conexiones de 3 v\u00edas de poca profundidad Ctube de 20 a 25 mm son cajas que albergan conexiones el\u00e9ctricas y se utilizan para unir conductos el\u00e9ctricos de modo que los cables puedan pasar por 3 v\u00edas. Protegen las conexiones el\u00e9ctricas de las inclemencias del tiempo y tambi\u00e9n protegen a las personas de descargas el\u00e9ctricas accidentales.<\/p><p><strong><b>Capacidad de fabricaci\u00f3n<\/b><\/strong><\/p><p>\u2013 Capacidad de producci\u00f3n: 50000 piezas por semana<\/p><p>\u2013 M\u00e9todos de embalaje: bolsas de pl\u00e1stico y pel\u00edculas de PE<\/p>\t\t\t\t\t\t\t\t<\/div>\n\t\t\t\t<div class=\"elementor-element elementor-element-895b501 elementor-widget elementor-widget-text-editor\" data-id=\"895b501\" data-element_type=\"widget\" data-e-type=\"widget\" data-settings=\"{&quot;ekit_we_effect_on&quot;:&quot;none&quot;}\" data-widget_type=\"text-editor.default\">\n\t\t\t\t\t\t\t\t\t<p><strong><b>Tabla de tallas<\/b><\/strong><\/p><table><tbody><tr><td width=\"105\"><p>C\u00f3digo del producto<\/p><\/td><td width=\"106\"><p>Tama\u00f1o nominal<\/p><\/td><td width=\"106\"><p>Tama\u00f1o (LxAnxAl)<\/p><\/td><td width=\"118\"><p>Embalaje interior<\/p><\/td><td width=\"165\"><p>Embalaje exterior<\/p><\/td><\/tr><tr><td><p>CT-SJB20-3<\/p><\/td><td width=\"106\"><p>20 mm<\/p><\/td><td width=\"106\"><p>20x19x9mm<\/p><\/td><td width=\"118\"><p>10 unidades\/caja<\/p><\/td><td width=\"165\"><p>200 cajas\/cart\u00f3n<\/p><\/td><\/tr><tr><td><p>CT-SJB25-3<\/p><\/td><td><p>25 mm<\/p><\/td><td><p>20x19x9mm<\/p><\/td><td><p>10 unidades\/caja<\/p><\/td><td><p>200 cajas\/cart\u00f3n<\/p><\/td><\/tr><\/tbody><\/table>\t\t\t\t\t\t\t\t<\/div>\n\t\t\t\t\t<\/div>\n\t\t\t\t<\/div>\n\t\t\t\t<\/div>","protected":false},"excerpt":{"rendered":"<p>Certificaci\u00f3n de calidad:<\/p>\n<p>\u2013 Norma australiana<\/p>\n<p>\u2013 Cumple con AS\/NZS 2053, RoHS, REACH, CE, SGS, ISO<\/p>","protected":false},"featured_media":7525,"comment_status":"closed","ping_status":"closed","template":"","meta":{"_sitemap_exclude":false,"_sitemap_priority":"","_sitemap_frequency":"","_joinchat":[]},"product_brand":[],"product_cat":[40,36,51],"product_tag":[],"class_list":{"0":"post-1714","1":"product","2":"type-product","3":"status-publish","4":"has-post-thumbnail","6":"product_cat-as-nzs-listed-pvc-conduit-pipe-series","7":"product_cat-international-certifications-products","8":"product_cat-junction-box-custom","10":"first","11":"instock","12":"shipping-taxable","13":"product-type-simple"},"_links":{"self":[{"href":"https:\/\/www.ctube-gr.com\/es\/wp-json\/wp\/v2\/product\/1714","targetHints":{"allow":["GET"]}}],"collection":[{"href":"https:\/\/www.ctube-gr.com\/es\/wp-json\/wp\/v2\/product"}],"about":[{"href":"https:\/\/www.ctube-gr.com\/es\/wp-json\/wp\/v2\/types\/product"}],"replies":[{"embeddable":true,"href":"https:\/\/www.ctube-gr.com\/es\/wp-json\/wp\/v2\/comments?post=1714"}],"version-history":[{"count":0,"href":"https:\/\/www.ctube-gr.com\/es\/wp-json\/wp\/v2\/product\/1714\/revisions"}],"wp:featuredmedia":[{"embeddable":true,"href":"https:\/\/www.ctube-gr.com\/es\/wp-json\/wp\/v2\/media\/7525"}],"wp:attachment":[{"href":"https:\/\/www.ctube-gr.com\/es\/wp-json\/wp\/v2\/media?parent=1714"}],"wp:term":[{"taxonomy":"product_brand","embeddable":true,"href":"https:\/\/www.ctube-gr.com\/es\/wp-json\/wp\/v2\/product_brand?post=1714"},{"taxonomy":"product_cat","embeddable":true,"href":"https:\/\/www.ctube-gr.com\/es\/wp-json\/wp\/v2\/product_cat?post=1714"},{"taxonomy":"product_tag","embeddable":true,"href":"https:\/\/www.ctube-gr.com\/es\/wp-json\/wp\/v2\/product_tag?post=1714"}],"curies":[{"name":"Gracias","href":"https:\/\/api.w.org\/{rel}","templated":true}]}}