{"id":1747,"date":"2024-03-14T08:57:05","date_gmt":"2024-03-14T08:57:05","guid":{"rendered":"https:\/\/ctube-gr.com\/?post_type=product&#038;p=1747"},"modified":"2024-06-27T03:27:49","modified_gmt":"2024-06-27T03:27:49","slug":"caja-de-conexiones-de-2-vias-de-20-25-mm-de-profundidad-ctube","status":"publish","type":"product","link":"https:\/\/www.ctube-gr.com\/es\/ctube-20-25mm-2-way-shallow-junction-box","title":{"rendered":"Caja de conexiones de dos v\u00edas de 20 a 25 mm de espesor seg\u00fan normas australianas"},"content":{"rendered":"<div data-elementor-type=\"product-post\" data-elementor-id=\"1747\" class=\"elementor elementor-1747\" data-elementor-post-type=\"product\">\n\t\t\t\t<div class=\"elementor-element elementor-element-0aa1b5e e-flex e-con-boxed e-con e-parent\" data-id=\"0aa1b5e\" data-element_type=\"container\" data-e-type=\"container\" data-settings=\"{&quot;ekit_has_onepagescroll_dot&quot;:&quot;yes&quot;}\">\n\t\t\t\t\t<div class=\"e-con-inner\">\n\t\t\t\t<div class=\"elementor-element elementor-element-7c823cc elementor-widget elementor-widget-text-editor\" data-id=\"7c823cc\" data-element_type=\"widget\" data-e-type=\"widget\" data-settings=\"{&quot;ekit_we_effect_on&quot;:&quot;none&quot;}\" data-widget_type=\"text-editor.default\">\n\t\t\t\t\t\t\t\t\t<p><strong>Caracter\u00edsticas<\/strong><\/p>\n<p>\u2013 Tapas y tornillos incluidos.&nbsp;<\/p>\n<p>\u2013 Cumple con los est\u00e1ndares AS\/NZS 2053.<\/p>\n<p>\u2013 Resistente al impacto, a la luz solar y al fuego.<\/p>\n<p>\u2013 Superficie e interior brillante y liso.<\/p>\n<p>\u2013 El PVC duradero no conductor no se oxida ni se corroe.<\/p>\n<p>\u2013 Adecuado para aplicaciones tanto sobre como bajo tierra.<\/p>\n<p><strong>Solicitud<\/strong><\/p>\n<p>Las cajas de conexiones de 2 v\u00edas de poca profundidad Ctube de 20 a 25 mm son cajas que albergan conexiones el\u00e9ctricas y se utilizan para unir conductos el\u00e9ctricos de modo que los cables puedan pasar en dos direcciones. Protegen las conexiones el\u00e9ctricas de las inclemencias del tiempo y tambi\u00e9n protegen a las personas de descargas el\u00e9ctricas accidentales.<\/p>\n<p>Capacidad de fabricaci\u00f3n<\/p>\n<p>\u2013 Capacidad de producci\u00f3n: 50000 piezas por semana<\/p>\n<p>\u2013 M\u00e9todos de embalaje: bolsas de pl\u00e1stico y pel\u00edculas de PE<\/p>\t\t\t\t\t\t\t\t<\/div>\n\t\t\t\t<div class=\"elementor-element elementor-element-f8b80a5 elementor-widget elementor-widget-text-editor\" data-id=\"f8b80a5\" data-element_type=\"widget\" data-e-type=\"widget\" data-settings=\"{&quot;ekit_we_effect_on&quot;:&quot;none&quot;}\" data-widget_type=\"text-editor.default\">\n\t\t\t\t\t\t\t\t\t<p><strong><b>Tabla de tallas<\/b><\/strong><\/p><table><tbody><tr><td width=\"103\"><p>C\u00f3digo del producto<\/p><\/td><td width=\"103\"><p>Tama\u00f1o nominal<\/p><\/td><td width=\"103\"><p>Tama\u00f1o (LxAnxAl)<\/p><\/td><td width=\"116\"><p>Embalaje interior<\/p><\/td><td width=\"162\"><p>Embalaje exterior<\/p><\/td><\/tr><tr><td><p>CT-SJB20-2<\/p><\/td><td width=\"103\"><p>20 mm<\/p><\/td><td width=\"103\"><p>21 x 18 x 9 mm<\/p><\/td><td width=\"116\"><p>10 unidades\/caja<\/p><\/td><td width=\"162\"><p>200 cajas\/cart\u00f3n<\/p><\/td><\/tr><tr><td><p>CT-SJB25-2<\/p><\/td><td><p>25 mm<\/p><\/td><td><p>21 x 18 x 9 mm<\/p><\/td><td><p>10 unidades\/caja<\/p><\/td><td><p>200 cajas\/cart\u00f3n<\/p><\/td><\/tr><\/tbody><\/table><p><br \/><br \/><\/p>\t\t\t\t\t\t\t\t<\/div>\n\t\t\t\t\t<\/div>\n\t\t\t\t<\/div>\n\t\t\t\t<\/div>","protected":false},"excerpt":{"rendered":"<p>Certificaci\u00f3n de calidad:<\/p>\n<p>\u2013 Norma australiana<\/p>\n<p>\u2013 Cumple con AS\/NZS 2053, RoHS, REACH, CE, SGS, ISO<\/p>","protected":false},"featured_media":1749,"comment_status":"closed","ping_status":"closed","template":"","meta":{"_sitemap_exclude":false,"_sitemap_priority":"","_sitemap_frequency":"","_joinchat":[]},"product_brand":[],"product_cat":[40,36,51],"product_tag":[],"class_list":{"0":"post-1747","1":"product","2":"type-product","3":"status-publish","4":"has-post-thumbnail","6":"product_cat-as-nzs-listed-pvc-conduit-pipe-series","7":"product_cat-international-certifications-products","8":"product_cat-junction-box-custom","10":"first","11":"instock","12":"shipping-taxable","13":"product-type-simple"},"_links":{"self":[{"href":"https:\/\/www.ctube-gr.com\/es\/wp-json\/wp\/v2\/product\/1747","targetHints":{"allow":["GET"]}}],"collection":[{"href":"https:\/\/www.ctube-gr.com\/es\/wp-json\/wp\/v2\/product"}],"about":[{"href":"https:\/\/www.ctube-gr.com\/es\/wp-json\/wp\/v2\/types\/product"}],"replies":[{"embeddable":true,"href":"https:\/\/www.ctube-gr.com\/es\/wp-json\/wp\/v2\/comments?post=1747"}],"version-history":[{"count":0,"href":"https:\/\/www.ctube-gr.com\/es\/wp-json\/wp\/v2\/product\/1747\/revisions"}],"wp:featuredmedia":[{"embeddable":true,"href":"https:\/\/www.ctube-gr.com\/es\/wp-json\/wp\/v2\/media\/1749"}],"wp:attachment":[{"href":"https:\/\/www.ctube-gr.com\/es\/wp-json\/wp\/v2\/media?parent=1747"}],"wp:term":[{"taxonomy":"product_brand","embeddable":true,"href":"https:\/\/www.ctube-gr.com\/es\/wp-json\/wp\/v2\/product_brand?post=1747"},{"taxonomy":"product_cat","embeddable":true,"href":"https:\/\/www.ctube-gr.com\/es\/wp-json\/wp\/v2\/product_cat?post=1747"},{"taxonomy":"product_tag","embeddable":true,"href":"https:\/\/www.ctube-gr.com\/es\/wp-json\/wp\/v2\/product_tag?post=1747"}],"curies":[{"name":"Gracias","href":"https:\/\/api.w.org\/{rel}","templated":true}]}}