{"id":1755,"date":"2024-03-14T09:11:07","date_gmt":"2024-03-14T09:11:07","guid":{"rendered":"https:\/\/ctube-gr.com\/?post_type=product&#038;p=1755"},"modified":"2024-06-27T03:27:39","modified_gmt":"2024-06-27T03:27:39","slug":"caja-de-conexiones-profunda-de-2-vias-de-25-mm-ctube-20","status":"publish","type":"product","link":"https:\/\/www.ctube-gr.com\/es\/ctube-20-25mm-2-way-deep-junction-box","title":{"rendered":"Caja de conexiones profunda de 2 v\u00edas de 20 a 25 mm seg\u00fan normas australianas"},"content":{"rendered":"<div data-elementor-type=\"product-post\" data-elementor-id=\"1755\" class=\"elementor elementor-1755\" data-elementor-post-type=\"product\">\n\t\t\t\t<div class=\"elementor-element elementor-element-e7c5716 e-flex e-con-boxed e-con e-parent\" data-id=\"e7c5716\" data-element_type=\"container\" data-e-type=\"container\" data-settings=\"{&quot;ekit_has_onepagescroll_dot&quot;:&quot;yes&quot;}\">\n\t\t\t\t\t<div class=\"e-con-inner\">\n\t\t\t\t<div class=\"elementor-element elementor-element-fd595c2 elementor-widget elementor-widget-text-editor\" data-id=\"fd595c2\" data-element_type=\"widget\" data-e-type=\"widget\" data-settings=\"{&quot;ekit_we_effect_on&quot;:&quot;none&quot;}\" data-widget_type=\"text-editor.default\">\n\t\t\t\t\t\t\t\t\t<table>\n<tbody>\n<tr>\n<td width=\"143\">\n<p>Marca:<\/p>\n<\/td>\n<td width=\"144\">\n<p>Tubo C<\/p>\n<\/td>\n<td width=\"144\">\n<p>Fabricante original:<\/p>\n<\/td>\n<td width=\"143\">\n<p>Disponible<\/p>\n<\/td>\n<\/tr>\n<tr>\n<td width=\"143\">\n<p>Material:<\/p>\n<\/td>\n<td width=\"144\">\n<p>CLORURO DE POLIVINILO<\/p>\n<\/td>\n<td width=\"144\">\n<p>Longitud:<\/p>\n<\/td>\n<td width=\"143\">\n<p>Est\u00e1ndar australiano<\/p>\n<\/td>\n<\/tr>\n<tr>\n<td width=\"143\">\n<p>Espesor:<\/p>\n<\/td>\n<td width=\"144\">\n<p>Est\u00e1ndar australiano<\/p>\n<\/td>\n<td width=\"144\">\n<p>Rango OD:<\/p>\n<\/td>\n<td width=\"143\">\n<p>20-25 mm<\/p>\n<\/td>\n<\/tr>\n<tr>\n<td width=\"143\">\n<p>Proceso de dar un t\u00edtulo:<\/p>\n<\/td>\n<td width=\"144\">\n<p>Certificaciones AS\/NZS, RoHS, REACH, CE, SGS, ISO<\/p>\n<\/td>\n<td width=\"144\">\n<p>Color:<\/p>\n<\/td>\n<td width=\"143\">\n<p>Gris o personalizado<\/p>\n<\/td>\n<\/tr>\n<tr>\n<td width=\"143\">\n<p>Resistencia al fuego:<\/p>\n<\/td>\n<td width=\"144\">\n<p>V0<\/p>\n<\/td>\n<td width=\"144\">\n<p>Resistencia a los rayos UV:<\/p>\n<\/td>\n<td width=\"143\">\n<p>S\u00ed<\/p>\n<\/td>\n<\/tr>\n<tr>\n<td width=\"143\">\n<p>Conductividad:<\/p>\n<\/td>\n<td width=\"144\">\n<p>Aislado<\/p>\n<\/td>\n<td width=\"144\">\n<p>Dureza:<\/p>\n<\/td>\n<td width=\"143\">\n<p>R\u00edgido y resistente a los impactos.<\/p>\n<\/td>\n<\/tr>\n<tr>\n<td width=\"143\">\n<p>Embalaje:<\/p>\n<\/td>\n<td width=\"144\">\n<p>Bolsas de pl\u00e1stico y pel\u00edculas de PE<\/p>\n<\/td>\n<td width=\"144\">\n<p>Muestra:<\/p>\n<\/td>\n<td width=\"143\">\n<p>Gratis<\/p>\n<\/td>\n<\/tr>\n<tr>\n<td width=\"143\">\n<p>Pa\u00eds:<\/p>\n<\/td>\n<td width=\"144\">\n<p>Porcelana<\/p>\n<\/td>\n<td width=\"144\">\n<p>F\u00e1brica:<\/p>\n<\/td>\n<td width=\"143\">\n<p>Dongguan, Cant\u00f3n<\/p>\n<\/td>\n<\/tr>\n<\/tbody>\n<\/table>\n<p><\/p>\n<p><strong><b>Caracter\u00edsticas<\/b><\/strong><\/p>\n<p>\u2013 Tapas y tornillos incluidos.<\/p>\n<p>\u2013 Cumple con los est\u00e1ndares AS\/NZS 2053.<\/p>\n<p>\u2013 Resistente al impacto, a la luz solar y al fuego.<\/p>\n<p>\u2013 Superficie e interior brillante y liso.<\/p>\n<p>\u2013 El PVC duradero no conductor no se oxida ni se corroe.<\/p>\n<p>\u2013 Adecuado para aplicaciones tanto sobre como bajo tierra.<\/p>\n<p><\/p>\n<p><strong><b>Solicitud<\/b><\/strong><\/p>\n<p>Las cajas de conexiones profundas de 2 v\u00edas de Ctube son cajas que albergan conexiones el\u00e9ctricas y se utilizan para unir conductos el\u00e9ctricos de modo que se puedan terminar los cables. Protegen las conexiones el\u00e9ctricas de la intemperie y tambi\u00e9n protegen a las personas de descargas el\u00e9ctricas accidentales.<\/p>\n<p><\/p>\n<p><strong><b>Capacidad de fabricaci\u00f3n<\/b><\/strong><\/p>\n<p>\u2013 Capacidad de producci\u00f3n: 50000 piezas por semana<\/p>\n<p>\u2013 M\u00e9todos de embalaje: bolsas de pl\u00e1stico y pel\u00edculas de PE<\/p>\t\t\t\t\t\t\t\t<\/div>\n\t\t\t\t<div class=\"elementor-element elementor-element-5968abd elementor-widget elementor-widget-text-editor\" data-id=\"5968abd\" data-element_type=\"widget\" data-e-type=\"widget\" data-settings=\"{&quot;ekit_we_effect_on&quot;:&quot;none&quot;}\" data-widget_type=\"text-editor.default\">\n\t\t\t\t\t\t\t\t\t<p><strong><b>Tabla de tallas<\/b><\/strong><\/p><table><tbody><tr><td width=\"109\"><p>C\u00f3digo del producto<\/p><\/td><td width=\"120\"><p>Tama\u00f1o nominal<\/p><\/td><td width=\"115\"><p>Tama\u00f1o (LxAnxAl)<\/p><\/td><td width=\"121\"><p>Embalaje interior<\/p><\/td><td width=\"166\"><p>Embalaje exterior<\/p><\/td><\/tr><tr><td><p>CT-DJB20-2<\/p><\/td><td width=\"120\"><p>20 mm<\/p><\/td><td width=\"115\"><p>23 \u00d7 16,5 \u00d7 15,6 mm<\/p><\/td><td width=\"121\"><p>10 unidades\/caja<\/p><\/td><td width=\"166\"><p>200 cajas\/cart\u00f3n<\/p><\/td><\/tr><tr><td><p>CT-DJB25-2<\/p><\/td><td><p>25 mm<\/p><\/td><td><p>23 \u00d7 16,5 \u00d7 15,6 mm<\/p><\/td><td><p>10 unidades\/caja<\/p><\/td><td><p>200 cajas\/cart\u00f3n<\/p><\/td><\/tr><\/tbody><\/table><p><br \/><br \/><\/p>\t\t\t\t\t\t\t\t<\/div>\n\t\t\t\t\t<\/div>\n\t\t\t\t<\/div>\n\t\t\t\t<\/div>","protected":false},"excerpt":{"rendered":"<p>Certificaci\u00f3n de calidad:<\/p>\n<p>\u2013 Norma australiana<\/p>\n<p>\u2013 Cumple con AS\/NZS 2053, RoHS, REACH, CE, SGS, ISO<\/p>","protected":false},"featured_media":1759,"comment_status":"closed","ping_status":"closed","template":"","meta":{"_sitemap_exclude":false,"_sitemap_priority":"","_sitemap_frequency":"","_joinchat":[]},"product_brand":[],"product_cat":[40,36,51],"product_tag":[],"class_list":{"0":"post-1755","1":"product","2":"type-product","3":"status-publish","4":"has-post-thumbnail","6":"product_cat-as-nzs-listed-pvc-conduit-pipe-series","7":"product_cat-international-certifications-products","8":"product_cat-junction-box-custom","10":"first","11":"instock","12":"shipping-taxable","13":"product-type-simple"},"_links":{"self":[{"href":"https:\/\/www.ctube-gr.com\/es\/wp-json\/wp\/v2\/product\/1755","targetHints":{"allow":["GET"]}}],"collection":[{"href":"https:\/\/www.ctube-gr.com\/es\/wp-json\/wp\/v2\/product"}],"about":[{"href":"https:\/\/www.ctube-gr.com\/es\/wp-json\/wp\/v2\/types\/product"}],"replies":[{"embeddable":true,"href":"https:\/\/www.ctube-gr.com\/es\/wp-json\/wp\/v2\/comments?post=1755"}],"version-history":[{"count":0,"href":"https:\/\/www.ctube-gr.com\/es\/wp-json\/wp\/v2\/product\/1755\/revisions"}],"wp:featuredmedia":[{"embeddable":true,"href":"https:\/\/www.ctube-gr.com\/es\/wp-json\/wp\/v2\/media\/1759"}],"wp:attachment":[{"href":"https:\/\/www.ctube-gr.com\/es\/wp-json\/wp\/v2\/media?parent=1755"}],"wp:term":[{"taxonomy":"product_brand","embeddable":true,"href":"https:\/\/www.ctube-gr.com\/es\/wp-json\/wp\/v2\/product_brand?post=1755"},{"taxonomy":"product_cat","embeddable":true,"href":"https:\/\/www.ctube-gr.com\/es\/wp-json\/wp\/v2\/product_cat?post=1755"},{"taxonomy":"product_tag","embeddable":true,"href":"https:\/\/www.ctube-gr.com\/es\/wp-json\/wp\/v2\/product_tag?post=1755"}],"curies":[{"name":"Gracias","href":"https:\/\/api.w.org\/{rel}","templated":true}]}}