{"id":1764,"date":"2024-03-14T09:17:34","date_gmt":"2024-03-14T09:17:34","guid":{"rendered":"https:\/\/ctube-gr.com\/?post_type=product&#038;p=1764"},"modified":"2024-06-27T03:27:26","modified_gmt":"2024-06-27T03:27:26","slug":"caja-de-conexiones-de-1-via-de-20-25-mm-de-profundidad-ctube","status":"publish","type":"product","link":"https:\/\/www.ctube-gr.com\/es\/ctube-20-25mm-1-way-shallow-junction-box","title":{"rendered":"Caja de conexiones de una v\u00eda de poca profundidad, de 20 a 25 mm, seg\u00fan normas australianas"},"content":{"rendered":"<div data-elementor-type=\"product-post\" data-elementor-id=\"1764\" class=\"elementor elementor-1764\" data-elementor-post-type=\"product\">\n\t\t\t\t<div class=\"elementor-element elementor-element-bb462a1 e-flex e-con-boxed e-con e-parent\" data-id=\"bb462a1\" data-element_type=\"container\" data-e-type=\"container\" data-settings=\"{&quot;ekit_has_onepagescroll_dot&quot;:&quot;yes&quot;}\">\n\t\t\t\t\t<div class=\"e-con-inner\">\n\t\t\t\t<div class=\"elementor-element elementor-element-fe02b37 elementor-widget elementor-widget-text-editor\" data-id=\"fe02b37\" data-element_type=\"widget\" data-e-type=\"widget\" data-settings=\"{&quot;ekit_we_effect_on&quot;:&quot;none&quot;}\" data-widget_type=\"text-editor.default\">\n\t\t\t\t\t\t\t\t\t<table><tbody><tr><td width=\"143\"><p>Marca:<\/p><\/td><td width=\"144\"><p>Tubo C<\/p><\/td><td width=\"144\"><p>Fabricante original:<\/p><\/td><td width=\"143\"><p>Disponible<\/p><\/td><\/tr><tr><td width=\"143\"><p>Material:<\/p><\/td><td width=\"144\"><p>CLORURO DE POLIVINILO<\/p><\/td><td width=\"144\"><p>Longitud:<\/p><\/td><td width=\"143\"><p>Est\u00e1ndar australiano<\/p><\/td><\/tr><tr><td width=\"143\"><p>Espesor:<\/p><\/td><td width=\"144\"><p>Est\u00e1ndar australiano<\/p><\/td><td width=\"144\"><p>Rango OD:<\/p><\/td><td width=\"143\"><p>20-25 mm<\/p><\/td><\/tr><tr><td width=\"143\"><p>Proceso de dar un t\u00edtulo:<\/p><\/td><td width=\"144\"><p>Certificaciones AS\/NZS, RoHS, REACH, CE, SGS, ISO<\/p><\/td><td width=\"144\"><p>Color:<\/p><\/td><td width=\"143\"><p>Gris o personalizado<\/p><\/td><\/tr><tr><td width=\"143\"><p>Resistencia al fuego:<\/p><\/td><td width=\"144\"><p>V0<\/p><\/td><td width=\"144\"><p>Resistencia a los rayos UV:<\/p><\/td><td width=\"143\"><p>S\u00ed<\/p><\/td><\/tr><tr><td width=\"143\"><p>Conductividad:<\/p><\/td><td width=\"144\"><p>Aislado<\/p><\/td><td width=\"144\"><p>Dureza:<\/p><\/td><td width=\"143\"><p>R\u00edgido y resistente a los impactos.<\/p><\/td><\/tr><tr><td width=\"143\"><p>Embalaje:<\/p><\/td><td width=\"144\"><p>Bolsas de pl\u00e1stico y pel\u00edculas de PE<\/p><\/td><td width=\"144\"><p>Muestra:<\/p><\/td><td width=\"143\"><p>Gratis<\/p><\/td><\/tr><tr><td width=\"143\"><p>Pa\u00eds:<\/p><\/td><td width=\"144\"><p>Porcelana<\/p><\/td><td width=\"144\"><p>F\u00e1brica:<\/p><\/td><td width=\"143\"><p>Dongguan, Cant\u00f3n<\/p><\/td><\/tr><\/tbody><\/table><p>\u00a0<\/p><p><strong><b>Caracter\u00edsticas<\/b><\/strong><\/p><p>\u2013 Tapas y tornillos incluidos.<\/p><p>\u2013 Cumple con los est\u00e1ndares AS\/NZS 2053.<\/p><p>\u2013 Resistente al impacto, a la luz solar y al fuego.<\/p><p>\u2013 Superficie e interior brillante y liso.<\/p><p>\u2013 El PVC duradero no conductor no se oxida ni se corroe.<\/p><p>\u2013 Adecuado para aplicaciones tanto sobre como bajo tierra.<\/p><p><strong><b>Solicitud<\/b><\/strong><\/p><p>Las cajas de conexiones unidireccionales poco profundas de Ctube son cajas que albergan conexiones el\u00e9ctricas y se utilizan para unir conductos el\u00e9ctricos de modo que se puedan terminar los cables. Protegen las conexiones el\u00e9ctricas de la intemperie y tambi\u00e9n protegen a las personas de descargas el\u00e9ctricas accidentales.<\/p><p><strong><b>Capacidad de fabricaci\u00f3n<\/b><\/strong><\/p><p>\u2013 Capacidad de producci\u00f3n: 50000 piezas por semana<\/p><p>\u2013 M\u00e9todos de embalaje: bolsas de pl\u00e1stico y pel\u00edculas de PE<\/p>\t\t\t\t\t\t\t\t<\/div>\n\t\t\t\t<div class=\"elementor-element elementor-element-90f4daa elementor-widget elementor-widget-text-editor\" data-id=\"90f4daa\" data-element_type=\"widget\" data-e-type=\"widget\" data-settings=\"{&quot;ekit_we_effect_on&quot;:&quot;none&quot;}\" data-widget_type=\"text-editor.default\">\n\t\t\t\t\t\t\t\t\t<p><strong><b>Tabla de tallas<\/b><\/strong><\/p><table><tbody><tr><td width=\"109\"><p>C\u00f3digo del producto<\/p><\/td><td width=\"120\"><p>Tama\u00f1o nominal<\/p><\/td><td width=\"115\"><p>Tama\u00f1o (LxAnxAl)<\/p><\/td><td width=\"121\"><p>Embalaje interior<\/p><\/td><td width=\"166\"><p>Embalaje exterior<\/p><\/td><\/tr><tr><td><p>CT-DJB20-2<\/p><\/td><td width=\"120\"><p>20 mm<\/p><\/td><td width=\"115\"><p>23 \u00d7 16,5 \u00d7 15,6 mm<\/p><\/td><td width=\"121\"><p>10 unidades\/caja<\/p><\/td><td width=\"166\"><p>200 cajas\/cart\u00f3n<\/p><\/td><\/tr><tr><td><p>CT-DJB25-2<\/p><\/td><td><p>25 mm<\/p><\/td><td><p>23 \u00d7 16,5 \u00d7 15,6 mm<\/p><\/td><td><p>10 unidades\/caja<\/p><\/td><td><p>200 cajas\/cart\u00f3n<\/p><\/td><\/tr><\/tbody><\/table><p><br \/><br \/><\/p>\t\t\t\t\t\t\t\t<\/div>\n\t\t\t\t\t<\/div>\n\t\t\t\t<\/div>\n\t\t\t\t<\/div>","protected":false},"excerpt":{"rendered":"<p>Certificaci\u00f3n de calidad:<\/p>\n<p>\u2013 Norma australiana<\/p>\n<p>\u2013 Cumple con AS\/NZS 2053, RoHS, REACH, CE, SGS, ISO<\/p>","protected":false},"featured_media":1767,"comment_status":"closed","ping_status":"closed","template":"","meta":{"_sitemap_exclude":false,"_sitemap_priority":"","_sitemap_frequency":"","_joinchat":[]},"product_brand":[],"product_cat":[40,36,51],"product_tag":[],"class_list":{"0":"post-1764","1":"product","2":"type-product","3":"status-publish","4":"has-post-thumbnail","6":"product_cat-as-nzs-listed-pvc-conduit-pipe-series","7":"product_cat-international-certifications-products","8":"product_cat-junction-box-custom","10":"first","11":"instock","12":"shipping-taxable","13":"product-type-simple"},"_links":{"self":[{"href":"https:\/\/www.ctube-gr.com\/es\/wp-json\/wp\/v2\/product\/1764","targetHints":{"allow":["GET"]}}],"collection":[{"href":"https:\/\/www.ctube-gr.com\/es\/wp-json\/wp\/v2\/product"}],"about":[{"href":"https:\/\/www.ctube-gr.com\/es\/wp-json\/wp\/v2\/types\/product"}],"replies":[{"embeddable":true,"href":"https:\/\/www.ctube-gr.com\/es\/wp-json\/wp\/v2\/comments?post=1764"}],"version-history":[{"count":0,"href":"https:\/\/www.ctube-gr.com\/es\/wp-json\/wp\/v2\/product\/1764\/revisions"}],"wp:featuredmedia":[{"embeddable":true,"href":"https:\/\/www.ctube-gr.com\/es\/wp-json\/wp\/v2\/media\/1767"}],"wp:attachment":[{"href":"https:\/\/www.ctube-gr.com\/es\/wp-json\/wp\/v2\/media?parent=1764"}],"wp:term":[{"taxonomy":"product_brand","embeddable":true,"href":"https:\/\/www.ctube-gr.com\/es\/wp-json\/wp\/v2\/product_brand?post=1764"},{"taxonomy":"product_cat","embeddable":true,"href":"https:\/\/www.ctube-gr.com\/es\/wp-json\/wp\/v2\/product_cat?post=1764"},{"taxonomy":"product_tag","embeddable":true,"href":"https:\/\/www.ctube-gr.com\/es\/wp-json\/wp\/v2\/product_tag?post=1764"}],"curies":[{"name":"Gracias","href":"https:\/\/api.w.org\/{rel}","templated":true}]}}