{"id":1783,"date":"2024-03-14T09:28:48","date_gmt":"2024-03-14T09:28:48","guid":{"rendered":"https:\/\/ctube-gr.com\/?post_type=product&#038;p=1783"},"modified":"2024-06-27T03:17:18","modified_gmt":"2024-06-27T03:17:18","slug":"conducto-electrico-de-pvc-rigido-de-alta-resistencia-ctube-20-de-150-mm","status":"publish","type":"product","link":"https:\/\/www.ctube-gr.com\/es\/ctube-20-150mm-heavy-duty-rigid-pvc-electrical-conduit","title":{"rendered":"Conducto el\u00e9ctrico de PVC r\u00edgido de alta resistencia Ctube de 20 a 150 mm"},"content":{"rendered":"<div data-elementor-type=\"product-post\" data-elementor-id=\"1783\" class=\"elementor elementor-1783\" data-elementor-post-type=\"product\">\n\t\t\t\t<div class=\"elementor-element elementor-element-485c7ea e-flex e-con-boxed e-con e-parent\" data-id=\"485c7ea\" data-element_type=\"container\" data-e-type=\"container\" data-settings=\"{&quot;ekit_has_onepagescroll_dot&quot;:&quot;yes&quot;}\">\n\t\t\t\t\t<div class=\"e-con-inner\">\n\t\t\t\t<div class=\"elementor-element elementor-element-de4c3f5 elementor-widget elementor-widget-text-editor\" data-id=\"de4c3f5\" data-element_type=\"widget\" data-e-type=\"widget\" data-settings=\"{&quot;ekit_we_effect_on&quot;:&quot;none&quot;}\" data-widget_type=\"text-editor.default\">\n\t\t\t\t\t\t\t\t\t<table><tbody><tr><td width=\"131\">Marca:<\/td><td width=\"160\">Tubo C<\/td><td width=\"178\">Fabricante original:<\/td><td width=\"114\">Disponible<\/td><\/tr><tr><td width=\"131\">Material:<\/td><td width=\"160\">CLORURO DE POLIVINILO<\/td><td width=\"178\">Longitud:<\/td><td width=\"114\">Est\u00e1ndar australiano<\/td><\/tr><tr><td width=\"131\">Espesor:<\/td><td width=\"160\">Est\u00e1ndar australiano<\/td><td width=\"178\">Rango OD:<\/td><td width=\"114\">20-150 mm<\/td><\/tr><tr><td width=\"131\">Proceso de dar un t\u00edtulo:<\/td><td width=\"160\">Certificaciones AS\/NZS, RoHS, REACH, CE, SGS, ISO<\/td><td width=\"178\">Color:<\/td><td width=\"114\">Naranja<\/td><\/tr><tr><td width=\"131\">Resistencia al fuego:<\/td><td width=\"160\">V0<\/td><td width=\"178\">Resistencia a los rayos UV:<\/td><td width=\"114\">S\u00ed<\/td><\/tr><tr><td width=\"131\">Conductividad:<\/td><td width=\"160\">Aislado<\/td><td width=\"178\">Dureza:<\/td><td width=\"114\">R\u00edgido y resistente a los impactos.<\/td><\/tr><tr><td width=\"131\">Embalaje:<\/td><td width=\"160\">Bolsas de pl\u00e1stico y pel\u00edculas de PE<\/td><td width=\"178\">Muestra:<\/td><td width=\"114\">Gratis<\/td><\/tr><tr><td width=\"131\">Pa\u00eds:<\/td><td width=\"160\">Porcelana<\/td><td width=\"178\">F\u00e1brica:<\/td><td width=\"114\">Dongguan, Cant\u00f3n<\/td><\/tr><\/tbody><\/table><p><strong><b>Caracter\u00edsticas<\/b><\/strong><\/p><p>\u2013 Resistente a altas temperaturas hasta una compresi\u00f3n m\u00e1xima de 1250 Nt\/5cm.<\/p><p>\u2013 Cumple con los est\u00e1ndares AS\/NZS 2053.<\/p><p>\u2013 Resistente al impacto, a la luz solar y al fuego.<\/p><p>\u2013 Superficie e interior brillante y liso.<\/p><p>\u2013 El PVC duradero no conductor no se oxida ni se corroe.<\/p><p>\u2013 Adecuado para aplicaciones tanto sobre como bajo tierra.<\/p><p><strong><b>Solicitud<\/b><\/strong><\/p><p>Los conductos el\u00e9ctricos r\u00edgidos de alta resistencia Ctube de 20 a 150 mm son resistentes a la luz solar y se utilizan expuestos, revestidos en hormig\u00f3n, ocultos en paredes y en aplicaciones de entierro directo, incluidos sistemas para:<\/p><p>\u2013 Utilidades;<\/p><p>\u2013 Cables, l\u00edneas de datos y comunicaciones;<\/p><p>\u2013 Edificios institucionales, comerciales e industriales;<\/p><p><strong><b>Capacidad de fabricaci\u00f3n<\/b><\/strong><\/p><p>\u2013 Capacidad de producci\u00f3n: 10000 metros por semana<\/p><p>\u2013 M\u00e9todos de embalaje: bolsas de pl\u00e1stico y pel\u00edculas de PE<\/p>\t\t\t\t\t\t\t\t<\/div>\n\t\t\t\t<div class=\"elementor-element elementor-element-4abc331 elementor-widget elementor-widget-text-editor\" data-id=\"4abc331\" data-element_type=\"widget\" data-e-type=\"widget\" data-settings=\"{&quot;ekit_we_effect_on&quot;:&quot;none&quot;}\" data-widget_type=\"text-editor.default\">\n\t\t\t\t\t\t\t\t\t<p><strong><b>Tabla de tallas<\/b><\/strong><\/p><table><tbody><tr><td width=\"109\"><p>C\u00f3digo del producto<\/p><\/td><td width=\"109\"><p>Tama\u00f1o nominal<\/p><\/td><td width=\"109\"><p>Peso m\u00ednimo<\/p><\/td><td width=\"119\"><p>Peso m\u00e1ximo<\/p><\/td><td width=\"111\"><p>Longitud<\/p><\/td><\/tr><tr><td><p>CT-HDRCOR20<\/p><\/td><td width=\"109\"><p>20 mm<\/p><\/td><td width=\"109\"><p>2,3 mm<\/p><\/td><td width=\"119\"><p>2,6 mm<\/p><\/td><td width=\"111\"><p>4 millones<\/p><\/td><\/tr><tr><td><p>CT-HDRCOR25<\/p><\/td><td><p>25 mm<\/p><\/td><td><p>2,5 mm<\/p><\/td><td width=\"119\"><p>2,8 mm<\/p><\/td><td width=\"111\"><p>4 millones<\/p><\/td><\/tr><tr><td><p>CT-HDRCOR32<\/p><\/td><td><p>32 mm<\/p><\/td><td><p>2,7 mm<\/p><\/td><td width=\"119\"><p>3 mm<\/p><\/td><td width=\"111\"><p>4 millones<\/p><\/td><\/tr><tr><td><p>CT-HDRCOR40<\/p><\/td><td><p>40 mm<\/p><\/td><td><p>3,1 mm<\/p><\/td><td width=\"119\"><p>3,4 mm<\/p><\/td><td width=\"111\"><p>4 millones<\/p><\/td><\/tr><tr><td><p>CT-HDRCOR50<\/p><\/td><td><p>50 mm<\/p><\/td><td><p>3,4 mm<\/p><\/td><td width=\"119\"><p>3,9 mm<\/p><\/td><td width=\"111\"><p>4 millones<\/p><\/td><\/tr><tr><td><p>CT-HDRCOR63<\/p><\/td><td><p>63 mm<\/p><\/td><td><p>3,9 mm<\/p><\/td><td width=\"119\"><p>4,5 mm<\/p><\/td><td width=\"111\"><p>4 millones<\/p><\/td><\/tr><tr><td><p>CT-HDRCOR80<\/p><\/td><td><p>80 mm<\/p><\/td><td><p>4,6 mm<\/p><\/td><td width=\"119\"><p>5,3 mm<\/p><\/td><td width=\"111\"><p>4 millones<\/p><\/td><\/tr><tr><td><p>CT-HDRCOR100<\/p><\/td><td><p>100 mm<\/p><\/td><td><p>5,9 mm<\/p><\/td><td width=\"119\"><p>6,7 mm<\/p><\/td><td width=\"111\"><p>4 millones<\/p><\/td><\/tr><tr><td><p>CT-HDRCOR125<\/p><\/td><td><p>125 mm<\/p><\/td><td><p>7,2 mm<\/p><\/td><td width=\"119\"><p>8,1 mm<\/p><\/td><td width=\"111\"><p>4 millones<\/p><\/td><\/tr><tr><td><p>CT-HDRCOR150<\/p><\/td><td><p>150 mm<\/p><\/td><td><p>8,3 mm<\/p><\/td><td width=\"119\"><p>9,3 mm<\/p><\/td><td width=\"111\"><p>4 millones<\/p><\/td><\/tr><\/tbody><\/table><p><br \/><br \/><\/p>\t\t\t\t\t\t\t\t<\/div>\n\t\t\t\t\t<\/div>\n\t\t\t\t<\/div>\n\t\t\t\t<\/div>","protected":false},"excerpt":{"rendered":"<p>Certificaci\u00f3n de calidad:<\/p>\n<p>\u2013 Norma australiana<\/p>\n<p>\u2013 Cumple con AS\/NZS 2053, RoHS, REACH, CE, SGS, ISO<\/p>","protected":false},"featured_media":1786,"comment_status":"closed","ping_status":"closed","template":"","meta":{"_sitemap_exclude":false,"_sitemap_priority":"","_sitemap_frequency":"","_joinchat":[]},"product_brand":[],"product_cat":[40,68,36,50],"product_tag":[],"class_list":{"0":"post-1783","1":"product","2":"type-product","3":"status-publish","4":"has-post-thumbnail","6":"product_cat-as-nzs-listed-pvc-conduit-pipe-series","7":"product_cat-heavy-duty-conduit","8":"product_cat-international-certifications-products","9":"product_cat-rigid-conduit","11":"first","12":"instock","13":"shipping-taxable","14":"product-type-simple"},"_links":{"self":[{"href":"https:\/\/www.ctube-gr.com\/es\/wp-json\/wp\/v2\/product\/1783","targetHints":{"allow":["GET"]}}],"collection":[{"href":"https:\/\/www.ctube-gr.com\/es\/wp-json\/wp\/v2\/product"}],"about":[{"href":"https:\/\/www.ctube-gr.com\/es\/wp-json\/wp\/v2\/types\/product"}],"replies":[{"embeddable":true,"href":"https:\/\/www.ctube-gr.com\/es\/wp-json\/wp\/v2\/comments?post=1783"}],"version-history":[{"count":0,"href":"https:\/\/www.ctube-gr.com\/es\/wp-json\/wp\/v2\/product\/1783\/revisions"}],"wp:featuredmedia":[{"embeddable":true,"href":"https:\/\/www.ctube-gr.com\/es\/wp-json\/wp\/v2\/media\/1786"}],"wp:attachment":[{"href":"https:\/\/www.ctube-gr.com\/es\/wp-json\/wp\/v2\/media?parent=1783"}],"wp:term":[{"taxonomy":"product_brand","embeddable":true,"href":"https:\/\/www.ctube-gr.com\/es\/wp-json\/wp\/v2\/product_brand?post=1783"},{"taxonomy":"product_cat","embeddable":true,"href":"https:\/\/www.ctube-gr.com\/es\/wp-json\/wp\/v2\/product_cat?post=1783"},{"taxonomy":"product_tag","embeddable":true,"href":"https:\/\/www.ctube-gr.com\/es\/wp-json\/wp\/v2\/product_tag?post=1783"}],"curies":[{"name":"Gracias","href":"https:\/\/api.w.org\/{rel}","templated":true}]}}