{"id":1829,"date":"2024-03-14T10:10:31","date_gmt":"2024-03-14T10:10:31","guid":{"rendered":"https:\/\/ctube-gr.com\/?post_type=product&#038;p=1829"},"modified":"2025-06-07T08:16:09","modified_gmt":"2025-06-07T08:16:09","slug":"ctube-csa-tuberia-electrica-no-metalica","status":"publish","type":"product","link":"https:\/\/www.ctube-gr.com\/es\/ctube-csa-electrical-nonmetallic-tubing","title":{"rendered":"Tubos el\u00e9ctricos no met\u00e1licos Ctube CSA"},"content":{"rendered":"<p><iframe width=\"560\" height=\"415\" src=\"https:\/\/www.youtube.com\/embed\/p1SHAwuiLy8?si=m0aOt029FEpivzEy\" title=\"Reproductor de v\u00eddeo de YouTube\" frameborder=\"0\" allow=\"accelerometer; autoplay; clipboard-write; encrypted-media; gyroscope; picture-in-picture; web-share\" referrerpolicy=\"strict-origin-when-cross-origin\" allowfullscreen><\/iframe><br \/>\n1. Cumple con UL1653, CSA C22.2 N.\u00ba 227.1<\/p>\n<p>2. Tama\u00f1os comerciales: 1\/2, 3\/4, 1, 1-1\/4, 1-1\/2, 2, 2-1\/2<\/p>\n<p>3. Retardante de llama UL94 V0, autoextinguible una vez que se deja el fuego abierto dentro de los 5<\/p>\n<p>4. Resistencia a los rayos UV, adecuado para uso en construcciones el\u00e9ctricas en interiores o exteriores.<\/p>\n<p>5.Superficie: buen brillo y luminosidad.<\/p>\n<p>6. Resistencia a reactivos espec\u00edficos<\/p>\n<p>7. Alta calidad con el uso de materias primas nuevas 100% en productos, nunca use materiales reciclados<\/p>\n<p>8. M\u00e1s liviano que el de metal, f\u00e1cil de instalar, ahorra costos de env\u00edo e instalaci\u00f3n.<\/p>\n<p>9. Se pueden proporcionar muestras gratuitas para verificar la calidad antes del pedido de prueba al por mayor.<\/p>\n<p>10. Servicio personalizado disponible, el tama\u00f1o y el color se pueden personalizar, su marca o logotipo se puede imprimir en los conductos.<\/p>\n<p><img fetchpriority=\"high\" decoding=\"async\" src=\"https:\/\/ctube-gr.com\/wp-content\/uploads\/2024\/03\/Ctube-CSA-Electrical-Nonmetallic-Tubing.png\" alt=\"\" width=\"688\" height=\"444\" \/><\/p>\n<p><strong><b>Marcas<\/b><\/strong><\/p>\n<p>Lo siguiente debe marcarse de forma clara y permanente en el tubo otorrinolaringol\u00f3gico a intervalos de no m\u00e1s de 1,5 m (60 pulgadas):<\/p>\n<p>contenido:<\/p>\n<ol>\n<li>a) el nombre del fabricante, la marca registrada u otro identificador reconocido;<\/li>\n<li>b) Tipo \u201cENT\u201d;<\/li>\n<li>c) material de construcci\u00f3n \u201cPVC\u201d;<\/li>\n<li>d) Dimensiones m\u00e9tricas e imperiales, como 16 (1\/2);<\/li>\n<li>e) \u201cFT4\u201d cuando se prueba de acuerdo con la cl\u00e1usula 7.3; CSA C22.2 NO.227.1-06 UL 1653 21<\/li>\n<li>f) c\u00f3digo de producci\u00f3n (fecha de fabricaci\u00f3n);<\/li>\n<li>g) \u201cpara \u00e1ticos residenciales, 900 mm (3 pies) por encima de la parte inferior de las vigas del techo\u201d cuando el material ENT cumple con la cl\u00e1usula 4.1.4;<\/li>\n<li>h) En los Estados Unidos, cuando el fabricante tenga varias plantas que produzcan fuelles el\u00e9ctricos no met\u00e1licos, identifique la planta de producci\u00f3n. En Canad\u00e1, el inciso (h) no se aplica.<\/li>\n<li>i) En Canad\u00e1, el tama\u00f1o comercial 63 (2-1\/2) debe estar marcado como \u201cSolo Canad\u00e1\u201d.<\/li>\n<\/ol>\n<p>El paquete m\u00e1s peque\u00f1o de longitudes cortadas, rollos o carretes terminados deber\u00e1 estar marcado con:<\/p>\n<ol>\n<li>a) el nombre del fabricante, la marca registrada u otro identificador reconocido;<\/li>\n<li>b) Tipo \u201cENT\u201d;<\/li>\n<li>c) material de construcci\u00f3n \u201cPVC\u201d;<\/li>\n<li>d) Dimensiones m\u00e9tricas e imperiales, como 16 (1\/2);<\/li>\n<li>e) la longitud total del producto en el paquete;<\/li>\n<li>f) las instrucciones del fabricante para la fijaci\u00f3n de los accesorios de conexi\u00f3n del disolvente (esta marca puede aparecer en el embalaje o en el folleto adjunto);<\/li>\n<li>g) \u201cPara \u00e1ticos residenciales a 900 mm (3 pies) por encima de la parte inferior de las vigas del techo\u201d cuando el material del fuelle el\u00e9ctrico no met\u00e1lico cumple con la Secci\u00f3n 4.1.4.<\/li>\n<li>h) En Canad\u00e1, el tama\u00f1o comercial 63 (2-1\/2) debe marcarse como \u201cSolo Canad\u00e1\u201d.<\/li>\n<\/ol>","protected":false},"excerpt":{"rendered":"<p><strong><b>Certificaci\u00f3n de calidad:<\/b><\/strong><\/p>\n<p>\u2013 CSA C22.2 N.\u00ba 227.1, UL1653<\/p>","protected":false},"featured_media":7261,"comment_status":"closed","ping_status":"closed","template":"","meta":{"_sitemap_exclude":false,"_sitemap_priority":"","_sitemap_frequency":"","_joinchat":[]},"product_brand":[],"product_cat":[39,70,36],"product_tag":[],"class_list":{"0":"post-1829","1":"product","2":"type-product","3":"status-publish","4":"has-post-thumbnail","6":"product_cat-csa-listed-pvc-conduit-pipe-series","7":"product_cat-electrical-nonmetallic-tubing","8":"product_cat-international-certifications-products","10":"first","11":"instock","12":"shipping-taxable","13":"product-type-simple"},"_links":{"self":[{"href":"https:\/\/www.ctube-gr.com\/es\/wp-json\/wp\/v2\/product\/1829","targetHints":{"allow":["GET"]}}],"collection":[{"href":"https:\/\/www.ctube-gr.com\/es\/wp-json\/wp\/v2\/product"}],"about":[{"href":"https:\/\/www.ctube-gr.com\/es\/wp-json\/wp\/v2\/types\/product"}],"replies":[{"embeddable":true,"href":"https:\/\/www.ctube-gr.com\/es\/wp-json\/wp\/v2\/comments?post=1829"}],"version-history":[{"count":0,"href":"https:\/\/www.ctube-gr.com\/es\/wp-json\/wp\/v2\/product\/1829\/revisions"}],"wp:featuredmedia":[{"embeddable":true,"href":"https:\/\/www.ctube-gr.com\/es\/wp-json\/wp\/v2\/media\/7261"}],"wp:attachment":[{"href":"https:\/\/www.ctube-gr.com\/es\/wp-json\/wp\/v2\/media?parent=1829"}],"wp:term":[{"taxonomy":"product_brand","embeddable":true,"href":"https:\/\/www.ctube-gr.com\/es\/wp-json\/wp\/v2\/product_brand?post=1829"},{"taxonomy":"product_cat","embeddable":true,"href":"https:\/\/www.ctube-gr.com\/es\/wp-json\/wp\/v2\/product_cat?post=1829"},{"taxonomy":"product_tag","embeddable":true,"href":"https:\/\/www.ctube-gr.com\/es\/wp-json\/wp\/v2\/product_tag?post=1829"}],"curies":[{"name":"Gracias","href":"https:\/\/api.w.org\/{rel}","templated":true}]}}