{"id":1840,"date":"2024-03-14T10:16:15","date_gmt":"2024-03-14T10:16:15","guid":{"rendered":"https:\/\/ctube-gr.com\/?post_type=product&#038;p=1840"},"modified":"2024-06-25T03:00:54","modified_gmt":"2024-06-25T03:00:54","slug":"conducto-electrico-rigido-de-pvc-a-prueba-de-rayos-ultravioleta-de-color-gris-de-20-mm-iec61386","status":"publish","type":"product","link":"https:\/\/www.ctube-gr.com\/es\/iec61386-20mm-medium-duty-grey-uv-proof-pvc-rigid-electrical-conduit-pipe","title":{"rendered":"Conducto el\u00e9ctrico r\u00edgido de PVC resistente a los rayos ultravioleta, de color gris, de 20 mm, conforme a la norma IEC61386"},"content":{"rendered":"<div data-elementor-type=\"product-post\" data-elementor-id=\"1840\" class=\"elementor elementor-1840\" data-elementor-post-type=\"product\">\n\t\t\t\t<div class=\"elementor-element elementor-element-6c68eab e-flex e-con-boxed e-con e-parent\" data-id=\"6c68eab\" data-element_type=\"container\" data-e-type=\"container\" data-settings=\"{&quot;ekit_has_onepagescroll_dot&quot;:&quot;yes&quot;}\">\n\t\t\t\t\t<div class=\"e-con-inner\">\n\t\t\t\t<div class=\"elementor-element elementor-element-84f76cd elementor-widget elementor-widget-text-editor\" data-id=\"84f76cd\" data-element_type=\"widget\" data-e-type=\"widget\" data-settings=\"{&quot;ekit_we_effect_on&quot;:&quot;none&quot;}\" data-widget_type=\"text-editor.default\">\n\t\t\t\t\t\t\t\t\t<table><tbody><tr><td width=\"154\">Marca:<\/td><td width=\"154\">Tubo C<\/td><td width=\"155\">Fabricante original:<\/td><td width=\"154\">Disponible<\/td><\/tr><tr><td width=\"154\">Material:<\/td><td width=\"154\">CLORURO DE POLIVINILO<\/td><td width=\"155\">Longitud:<\/td><td width=\"154\">Est\u00e1ndar australiano<\/td><\/tr><tr><td width=\"154\">Espesor:<\/td><td width=\"154\">Est\u00e1ndar australiano<\/td><td width=\"155\">Rango OD:<\/td><td width=\"154\">16-150 mm<\/td><\/tr><tr><td width=\"154\">Proceso de dar un t\u00edtulo:<\/td><td width=\"154\">Certificaciones AS\/NZS, RoHS, REACH, CE, SGS, ISO<\/td><td width=\"155\">Color:<\/td><td width=\"154\">Gris<\/td><\/tr><tr><td width=\"154\">Resistencia al fuego:<\/td><td width=\"154\">V0<\/td><td width=\"155\">Resistencia a los rayos UV:<\/td><td width=\"154\">S\u00ed<\/td><\/tr><tr><td width=\"154\">Conductividad:<\/td><td width=\"154\">Aislado<\/td><td width=\"155\">Dureza:<\/td><td width=\"154\">R\u00edgido y resistente a los impactos.<\/td><\/tr><tr><td width=\"154\">Embalaje:<\/td><td width=\"154\">Bolsas de pl\u00e1stico y pel\u00edculas de PE<\/td><td width=\"155\">Muestra:<\/td><td width=\"154\">Gratis<\/td><\/tr><tr><td width=\"154\">Pa\u00eds:<\/td><td width=\"154\">Porcelana<\/td><td width=\"155\">F\u00e1brica:<\/td><td width=\"154\">Dongguan, Cant\u00f3n<\/td><\/tr><\/tbody><\/table><p><strong><b>Caracter\u00edsticas<\/b><\/strong><\/p><p>\u2013 Resistencia media a una compresi\u00f3n m\u00e1xima de 750 Nt\/5cm.<\/p><p>\u2013 Cumple con los est\u00e1ndares AS\/NZS 2053.<\/p><p>\u2013 Resistente al impacto, a la luz solar y al fuego.<\/p><p>\u2013 Superficie e interior brillante y liso.<\/p><p>\u2013 El PVC duradero no conductor no se oxida ni se corroe.<\/p><p>\u2013 Adecuado para aplicaciones tanto sobre como bajo tierra.<\/p><p><strong><b>Solicitud<\/b><\/strong><\/p><p>Los conductos el\u00e9ctricos r\u00edgidos de servicio mediano Ctube de 16 a 150 mm son resistentes a la luz solar y se utilizan expuestos, revestidos en hormig\u00f3n, ocultos en paredes y en aplicaciones de entierro directo, incluidos sistemas para:<\/p><p>\u2013 Utilidades;<\/p><p>\u2013 Cables, l\u00edneas de datos y comunicaciones;<\/p><p>\u2013 Edificios institucionales, comerciales e industriales;<\/p><p><strong><b>Capacidad de fabricaci\u00f3n<\/b><\/strong><\/p><p>\u2013 Capacidad de producci\u00f3n: 10000 metros por semana<\/p><p>\u2013 M\u00e9todos de embalaje: bolsas de pl\u00e1stico y pel\u00edculas de PE<\/p>\t\t\t\t\t\t\t\t<\/div>\n\t\t\t\t<div class=\"elementor-element elementor-element-1a66699 elementor-widget elementor-widget-text-editor\" data-id=\"1a66699\" data-element_type=\"widget\" data-e-type=\"widget\" data-settings=\"{&quot;ekit_we_effect_on&quot;:&quot;none&quot;}\" data-widget_type=\"text-editor.default\">\n\t\t\t\t\t\t\t\t\t<p><strong><b>Tabla de tallas<\/b><\/strong><\/p><table><tbody><tr><td width=\"110\"><p>C\u00f3digo del producto<\/p><\/td><td width=\"110\"><p>Tama\u00f1o nominal<\/p><\/td><td width=\"110\"><p>Peso m\u00ednimo<\/p><\/td><td width=\"120\"><p>Peso m\u00e1ximo<\/p><\/td><td width=\"112\"><p>Longitud<\/p><\/td><\/tr><tr><td><p>CT-MDRCY16<\/p><\/td><td width=\"110\"><p>16 mm<\/p><\/td><td width=\"110\"><p>1,6 mm<\/p><\/td><td width=\"120\"><p>1,9 mm<\/p><\/td><td width=\"112\"><p>4 millones<\/p><\/td><\/tr><tr><td><p>CT-MDRCY20<\/p><\/td><td><p>20 mm<\/p><\/td><td><p>1,8 mm<\/p><\/td><td width=\"120\"><p>2,1 mm<\/p><\/td><td width=\"112\"><p>4 millones<\/p><\/td><\/tr><tr><td><p>CT-MDRCY25<\/p><\/td><td><p>25 mm<\/p><\/td><td><p>1,8 mm<\/p><\/td><td width=\"120\"><p>2,1 mm<\/p><\/td><td width=\"112\"><p>4 millones<\/p><\/td><\/tr><tr><td><p>CT-MDRCY32<\/p><\/td><td><p>32 mm<\/p><\/td><td><p>2,1 mm<\/p><\/td><td width=\"120\"><p>2,4 mm<\/p><\/td><td width=\"112\"><p>4 millones<\/p><\/td><\/tr><tr><td><p>CT-MDRCY40<\/p><\/td><td><p>40 mm<\/p><\/td><td><p>2,4 mm<\/p><\/td><td width=\"120\"><p>2,7 mm<\/p><\/td><td width=\"112\"><p>4 millones<\/p><\/td><\/tr><tr><td><p>CT-MDRCY50<\/p><\/td><td><p>50 mm<\/p><\/td><td><p>2,8 mm<\/p><\/td><td width=\"120\"><p>3,1 mm<\/p><\/td><td width=\"112\"><p>4 millones<\/p><\/td><\/tr><tr><td><p>CT-MDRCY63<\/p><\/td><td><p>63 mm<\/p><\/td><td><p>3 mm<\/p><\/td><td width=\"120\"><p>3,5 mm<\/p><\/td><td width=\"112\"><p>4 millones<\/p><\/td><\/tr><tr><td><p>CT-MDRCY80<\/p><\/td><td><p>80 mm<\/p><\/td><td><p>3,5 mm<\/p><\/td><td width=\"120\"><p>4,1 mm<\/p><\/td><td width=\"112\"><p>4 millones<\/p><\/td><\/tr><tr><td><p>CT-MDRCY100<\/p><\/td><td><p>100 mm<\/p><\/td><td><p>4,5 mm<\/p><\/td><td width=\"120\"><p>5,2 mm<\/p><\/td><td width=\"112\"><p>4 millones<\/p><\/td><\/tr><tr><td><p>CT-MDRCY150<\/p><\/td><td><p>150 mm<\/p><\/td><td><p>6,3 mm<\/p><\/td><td width=\"120\"><p>7,1 mm<\/p><\/td><td width=\"112\"><p>4 millones<\/p><\/td><\/tr><\/tbody><\/table>\t\t\t\t\t\t\t\t<\/div>\n\t\t\t\t\t<\/div>\n\t\t\t\t<\/div>\n\t\t\t\t<\/div>","protected":false},"excerpt":{"rendered":"<p><strong><b>Certificaci\u00f3n de calidad:<\/b><\/strong><\/p>\n<p>\u2013 Cumple con AS\/NZS 2053, IEC61386<\/p>","protected":false},"featured_media":7514,"comment_status":"closed","ping_status":"closed","template":"","meta":{"_sitemap_exclude":false,"_sitemap_priority":"","_sitemap_frequency":"","_joinchat":[]},"product_brand":[],"product_cat":[41,36,73],"product_tag":[],"class_list":{"0":"post-1840","1":"product","2":"type-product","3":"status-publish","4":"has-post-thumbnail","6":"product_cat-iec-certified-pvc-conduit-pipe-series","7":"product_cat-international-certifications-products","8":"product_cat-medium-duty-conduit-iec-certified-pvc-conduit-pipe-series","10":"first","11":"instock","12":"shipping-taxable","13":"product-type-simple"},"_links":{"self":[{"href":"https:\/\/www.ctube-gr.com\/es\/wp-json\/wp\/v2\/product\/1840","targetHints":{"allow":["GET"]}}],"collection":[{"href":"https:\/\/www.ctube-gr.com\/es\/wp-json\/wp\/v2\/product"}],"about":[{"href":"https:\/\/www.ctube-gr.com\/es\/wp-json\/wp\/v2\/types\/product"}],"replies":[{"embeddable":true,"href":"https:\/\/www.ctube-gr.com\/es\/wp-json\/wp\/v2\/comments?post=1840"}],"version-history":[{"count":0,"href":"https:\/\/www.ctube-gr.com\/es\/wp-json\/wp\/v2\/product\/1840\/revisions"}],"wp:featuredmedia":[{"embeddable":true,"href":"https:\/\/www.ctube-gr.com\/es\/wp-json\/wp\/v2\/media\/7514"}],"wp:attachment":[{"href":"https:\/\/www.ctube-gr.com\/es\/wp-json\/wp\/v2\/media?parent=1840"}],"wp:term":[{"taxonomy":"product_brand","embeddable":true,"href":"https:\/\/www.ctube-gr.com\/es\/wp-json\/wp\/v2\/product_brand?post=1840"},{"taxonomy":"product_cat","embeddable":true,"href":"https:\/\/www.ctube-gr.com\/es\/wp-json\/wp\/v2\/product_cat?post=1840"},{"taxonomy":"product_tag","embeddable":true,"href":"https:\/\/www.ctube-gr.com\/es\/wp-json\/wp\/v2\/product_tag?post=1840"}],"curies":[{"name":"Gracias","href":"https:\/\/api.w.org\/{rel}","templated":true}]}}