{"id":1872,"date":"2024-03-15T00:38:02","date_gmt":"2024-03-15T00:38:02","guid":{"rendered":"https:\/\/ctube-gr.com\/?post_type=product&#038;p=1872"},"modified":"2024-08-02T08:55:24","modified_gmt":"2024-08-02T08:55:24","slug":"conducto-electrico-rigido-de-pvc-tipo-ctube-a","status":"publish","type":"product","link":"https:\/\/www.ctube-gr.com\/es\/ctube-type-a-pvc-rigid-electrical-conduit","title":{"rendered":"Conducto el\u00e9ctrico r\u00edgido de PVC tipo A Ctube"},"content":{"rendered":"<p>El conducto de PVC r\u00edgido tipo A de Ctube est\u00e1 dise\u00f1ado para usarse con cableado a 75 \u00b0C. Y cuando se lo encierra en zanjas de hormig\u00f3n en el exterior de los edificios, se puede usar con cableado a 90 \u00b0C.<\/p>\n<ul>\n<li>Prueba de material de PVC: ASTM D1784-20<\/li>\n<li>Cumple con la norma UL651.<\/li>\n<li>Material de PVC resistente a la corrosi\u00f3n.<\/li>\n<li>Resistente al impacto.<\/li>\n<li>Autoextinguible<\/li>\n<li>Resistente al fuego.<\/li>\n<li>Interior y exterior liso.<\/li>\n<li>Adecuado para aplicaciones subterr\u00e1neas o sobre el suelo.<\/li>\n<li>Las longitudes est\u00e1ndar son de 10 pies y 20 pies con extremo acampanado o no. Se pueden personalizar otras longitudes para aplicaciones espec\u00edficas.<\/li>\n<\/ul>\n<p>&nbsp;<\/p>\n<p><strong><b>Propiedades<\/b><\/strong><\/p>\n<table>\n<tbody>\n<tr>\n<td width=\"192\">Resistencia a la tracci\u00f3n<\/td>\n<td width=\"391\">4000 libras por pulgada<sup>2<\/sup>\u00a0(2,76 kN\/cm2)<\/td>\n<\/tr>\n<tr>\n<td width=\"192\">Extrusi\u00f3n<\/td>\n<td width=\"391\">Fusi\u00f3n<\/td>\n<\/tr>\n<tr>\n<td width=\"192\">Absorci\u00f3n de agua<\/td>\n<td width=\"391\">\ufe640,50% de peso total despu\u00e9s del remojo<\/td>\n<\/tr>\n<tr>\n<td width=\"192\">Resistencia al aplastamiento<\/td>\n<td width=\"391\">ID\u226570% despu\u00e9s de la prueba<\/td>\n<\/tr>\n<tr>\n<td width=\"192\">Resistencia al impacto<\/td>\n<td width=\"391\">Menos de 3 grietas y desgarros de 1\/32 de pulgada<\/td>\n<\/tr>\n<tr>\n<td width=\"192\">Deflexi\u00f3n bajo carga<\/td>\n<td width=\"391\">\ufe640,25 mm (0,010 pulgadas) Deformaci\u00f3n<\/td>\n<\/tr>\n<tr>\n<td width=\"192\">Clasificaci\u00f3n de resistencia al fuego<\/td>\n<td width=\"391\">UL 94V-0<\/td>\n<\/tr>\n<tr>\n<td width=\"192\">Resistencia a reactivos espec\u00edficos<\/td>\n<td width=\"391\">Menos \u00b12,50% Peso despu\u00e9s de 60\/120 d\u00edas de remojo<\/td>\n<\/tr>\n<tr>\n<td width=\"192\">Permanencia de la impresi\u00f3n<\/td>\n<td width=\"391\">S\u00ed<\/td>\n<\/tr>\n<tr>\n<td width=\"192\">Resistente al \u00f3xido y a la luz solar<\/td>\n<td width=\"391\">S\u00ed<\/td>\n<\/tr>\n<tr>\n<td width=\"192\">Color<\/td>\n<td width=\"391\">Gris o OEM<\/td>\n<\/tr>\n<tr>\n<td width=\"192\">Material<\/td>\n<td width=\"391\">CLORURO DE POLIVINILO<\/td>\n<\/tr>\n<tr>\n<td width=\"192\">Servicios de personalizaci\u00f3n<\/td>\n<td width=\"391\">Disponible<\/td>\n<\/tr>\n<tr>\n<td width=\"192\">Lugar de origen<\/td>\n<td width=\"391\">Dongguan, China<\/td>\n<\/tr>\n<tr>\n<td width=\"192\">Env\u00edo<\/td>\n<td width=\"391\">Por mar<\/td>\n<\/tr>\n<tr>\n<td width=\"192\">Muestras<\/td>\n<td width=\"391\">Disponible<\/td>\n<\/tr>\n<tr>\n<td width=\"192\">Longitud<\/td>\n<td width=\"391\">10 pies o 20 pies.<\/td>\n<\/tr>\n<\/tbody>\n<\/table>\n<p>&nbsp;<\/p>\n<p><strong><b>Marcas<\/b><\/strong><\/p>\n<p>Informaci\u00f3n que debe marcarse en los conductos,<\/p>\n<ol>\n<li>a) La frase \u201cconducto de PVC r\u00edgido,<\/li>\n<li>b) El tama\u00f1o comercial del producto de conducto,<\/li>\n<li>c) El nombre o marca comercial del fabricante o cualquier otro signo distintivo mediante el cual pueda identificarse f\u00e1cilmente la organizaci\u00f3n responsable del producto.<\/li>\n<li>d) La fecha u otro per\u00edodo de dataci\u00f3n de fabricaci\u00f3n que no exceda de tres meses consecutivos.<\/li>\n<\/ol>\n<p>Para un codo, la fecha de fabricaci\u00f3n ser\u00e1 la fecha en la que:<\/p>\n<p>1) El conducto se extruye cuando tanto la extrusi\u00f3n como la flexi\u00f3n ocurren en la misma ubicaci\u00f3n o<\/p>\n<p>2) Se form\u00f3 el codo, donde el conducto se extruye en una ubicaci\u00f3n diferente.<\/p>\n<ol>\n<li>f) Todas las marcas deber\u00e1n repetirse a intervalos uniformes y deber\u00e1n aparecer al menos cada 10 pies (3 m), pero no menos de una vez, en cada tramo recto del conducto de PVC.<\/li>\n<\/ol>\n<p>&nbsp;<\/p>\n<p><strong><b>Capacidad de fabricaci\u00f3n<\/b><\/strong><\/p>\n<p>\u2013 Capacidad de producci\u00f3n: 100000 metros por semana<\/p>\n<p>\u2013 M\u00e9todos de embalaje: bolsas de pl\u00e1stico y pel\u00edculas de PE<\/p>\n<p><strong><b>Tabla de tallas<br \/>\n<\/b><\/strong><\/p>\n<p><img fetchpriority=\"high\" decoding=\"async\" src=\"https:\/\/ctube-gr.com\/wp-content\/uploads\/2024\/03\/Ctube-Type-A-PVC-Rigid-Electrical-Conduit-.webp\" alt=\"\" width=\"1185\" height=\"830\" \/><\/p>","protected":false},"excerpt":{"rendered":"<p><strong><b>Certificaci\u00f3n de calidad:<\/b><\/strong><\/p>\n<p>\u2013 Listado por UL<\/p>\n<p>\u2013 Cumplimiento con ASTM<\/p>","protected":false},"featured_media":7254,"comment_status":"closed","ping_status":"closed","template":"","meta":{"_sitemap_exclude":false,"_sitemap_priority":"","_sitemap_frequency":"","_joinchat":[]},"product_brand":[],"product_cat":[36,79,38],"product_tag":[],"class_list":{"0":"post-1872","1":"product","2":"type-product","3":"status-publish","4":"has-post-thumbnail","6":"product_cat-international-certifications-products","7":"product_cat-type-a-rigid-conduit","8":"product_cat-ul-listed-pvc-conduit-pipe-series","10":"first","11":"instock","12":"shipping-taxable","13":"product-type-simple"},"_links":{"self":[{"href":"https:\/\/www.ctube-gr.com\/es\/wp-json\/wp\/v2\/product\/1872","targetHints":{"allow":["GET"]}}],"collection":[{"href":"https:\/\/www.ctube-gr.com\/es\/wp-json\/wp\/v2\/product"}],"about":[{"href":"https:\/\/www.ctube-gr.com\/es\/wp-json\/wp\/v2\/types\/product"}],"replies":[{"embeddable":true,"href":"https:\/\/www.ctube-gr.com\/es\/wp-json\/wp\/v2\/comments?post=1872"}],"version-history":[{"count":0,"href":"https:\/\/www.ctube-gr.com\/es\/wp-json\/wp\/v2\/product\/1872\/revisions"}],"wp:featuredmedia":[{"embeddable":true,"href":"https:\/\/www.ctube-gr.com\/es\/wp-json\/wp\/v2\/media\/7254"}],"wp:attachment":[{"href":"https:\/\/www.ctube-gr.com\/es\/wp-json\/wp\/v2\/media?parent=1872"}],"wp:term":[{"taxonomy":"product_brand","embeddable":true,"href":"https:\/\/www.ctube-gr.com\/es\/wp-json\/wp\/v2\/product_brand?post=1872"},{"taxonomy":"product_cat","embeddable":true,"href":"https:\/\/www.ctube-gr.com\/es\/wp-json\/wp\/v2\/product_cat?post=1872"},{"taxonomy":"product_tag","embeddable":true,"href":"https:\/\/www.ctube-gr.com\/es\/wp-json\/wp\/v2\/product_tag?post=1872"}],"curies":[{"name":"Gracias","href":"https:\/\/api.w.org\/{rel}","templated":true}]}}