{"id":1893,"date":"2024-03-15T00:49:18","date_gmt":"2024-03-15T00:49:18","guid":{"rendered":"https:\/\/ctube-gr.com\/?post_type=product&#038;p=1893"},"modified":"2025-06-07T08:08:30","modified_gmt":"2025-06-07T08:08:30","slug":"conducto-de-pvc-ctube-schedule-40-tuberia-electrica-sch-40-1-2-8-pulg-x-10-pies-gery","status":"publish","type":"product","link":"https:\/\/www.ctube-gr.com\/es\/ctube-schedule-40-pvc-conduit-sch-40-electrical-pipe-1-2-8-in-x-10-ft-gery","title":{"rendered":"Conducto de PVC Ctube Schedule 40 Sch 40 Tuber\u00eda el\u00e9ctrica 1\/2 \u2013 8 pulg. x 10 pies \u2013 Gery"},"content":{"rendered":"<p><iframe title=\"Reproductor de v\u00eddeo de YouTube\" src=\"https:\/\/www.youtube.com\/embed\/u32J5D1BXYM?si=XRnOVmjj1X0r4WLr\" width=\"560\" height=\"415\" frameborder=\"0\" allowfullscreen=\"allowfullscreen\"><span data-mce-type=\"bookmark\" style=\"display: inline-block; width: 0px; overflow: hidden; line-height: 0;\" class=\"mce_SELRES_start\"><\/span><\/iframe><br \/>\nLos conductos el\u00e9ctricos de PVC Ctube Schedule 40 y 80 son resistentes y duraderos, con excelentes propiedades como resistencia a la tracci\u00f3n, resistencia a la perforaci\u00f3n, absorci\u00f3n de agua, etc., y somos un fabricante listado por UL ampliamente reconocido en la industria.<\/p>\n<p>Durante m\u00e1s de 10 a\u00f1os, nos hemos comprometido a ofrecer los mejores conductos de PVC para instalaciones comerciales, residenciales y p\u00fablicas. Los conductos de PVC Schedule 40 y 80 se pueden utilizar en entornos subterr\u00e1neos, en el suelo y al aire libre y brindar\u00e1n a\u00f1os de uso sin necesidad de mantenimiento. En comparaci\u00f3n con los conductos de metal, los conductos el\u00e9ctricos de PVC tienen ventajas como peso ligero, buen aislamiento, resistencia a la luz solar y peso ligero. Tambi\u00e9n son la mejor opci\u00f3n para proyectos comerciales y residenciales.<\/p>\n<p><strong><b>Caracter\u00edsticas<\/b><\/strong><\/p>\n<p><strong><b>LISTADO UL.\u00a0<\/b><\/strong>El conducto el\u00e9ctrico de PVC con certificaci\u00f3n UL 651 es la combinaci\u00f3n perfecta para su proyecto y ventas al por mayor en el mercado de EE. UU. y Canad\u00e1.<\/p>\n<p><strong><b>CLASIFICACI\u00d3N CONTRA INCENDIOS UL 94V-0<\/b><\/strong>Sin llamas una vez que se corta la fuente de fuego, lo que significa la mayor clasificaci\u00f3n de resistencia al fuego de la industria.<\/p>\n<p><strong><b>TUBER\u00cdA DE PVC NO MET\u00c1LICA<\/b><\/strong>Las ventajas de las tuber\u00edas r\u00edgidas de PVC schedule 40 son su resistencia al calor, a la corrosi\u00f3n, al fuego, a la luz solar y al \u00f3xido.<\/p>\n<p><strong><b>DE M\u00daLTIPLES FINES.<\/b><\/strong>\u00a0Ya sea que coloque los conductos de cableado el\u00e9ctrico sobre el suelo o bajo tierra, ambos funcionan bien.<\/p>\n<p><strong><b>SERVICIOS PERSONALIZADOS.\u00a0<\/b><\/strong>El grosor y el color se pueden personalizar para que el modelo 100% cumpla con los requisitos de su negocio.<\/p>\n<p><strong><b>Propiedades<\/b><\/strong><\/p>\n<table>\n<tbody>\n<tr>\n<td width=\"166\">Resistencia a la tracci\u00f3n<\/td>\n<td width=\"390\">5000 psi (3,45 kN\/cm2)<\/td>\n<\/tr>\n<tr>\n<td width=\"166\">Extrusi\u00f3n<\/td>\n<td width=\"390\">Fusi\u00f3n<\/td>\n<\/tr>\n<tr>\n<td width=\"166\">Absorci\u00f3n de agua<\/td>\n<td width=\"390\">\ufe640,50% de peso total despu\u00e9s del remojo<\/td>\n<\/tr>\n<tr>\n<td width=\"166\">Resistencia al aplastamiento<\/td>\n<td width=\"390\">ID\u226570% despu\u00e9s de la prueba<\/td>\n<\/tr>\n<tr>\n<td width=\"166\">Resistencia al impacto<\/td>\n<td width=\"390\">Menos de 3 grietas y desgarros de 1\/32 de pulgada<\/td>\n<\/tr>\n<tr>\n<td width=\"166\">Deflexi\u00f3n bajo carga<\/td>\n<td width=\"390\">\ufe640,25 mm de deformaci\u00f3n<\/td>\n<\/tr>\n<tr>\n<td width=\"166\">Clasificaci\u00f3n de resistencia al fuego<\/td>\n<td width=\"390\">UL 94V-0<\/td>\n<\/tr>\n<tr>\n<td width=\"166\">Resistencia a reactivos espec\u00edficos<\/td>\n<td width=\"390\">Menos \u00b12,50% Peso despu\u00e9s de 60\/120 d\u00edas de remojo<\/td>\n<\/tr>\n<tr>\n<td width=\"166\">Permanencia de la impresi\u00f3n<\/td>\n<td width=\"390\">S\u00ed<\/td>\n<\/tr>\n<tr>\n<td width=\"166\">Resistente al \u00f3xido y a la luz solar<\/td>\n<td width=\"390\">S\u00ed<\/td>\n<\/tr>\n<tr>\n<td width=\"166\">Color<\/td>\n<td width=\"390\">Gery o personalizado<\/td>\n<\/tr>\n<tr>\n<td width=\"166\">Material<\/td>\n<td width=\"390\">CLORURO DE POLIVINILO<\/td>\n<\/tr>\n<tr>\n<td width=\"166\">Servicios personalizados<\/td>\n<td width=\"390\">Disponible<\/td>\n<\/tr>\n<tr>\n<td width=\"166\">Lugar de origen<\/td>\n<td width=\"390\">Dongguan, China<\/td>\n<\/tr>\n<tr>\n<td width=\"166\">Env\u00edo<\/td>\n<td width=\"390\">Por mar<\/td>\n<\/tr>\n<tr>\n<td width=\"166\">Muestras<\/td>\n<td width=\"390\">Disponible<\/td>\n<\/tr>\n<tr>\n<td width=\"166\">Longitud<\/td>\n<td width=\"390\">10 pies o 20 pies.<\/td>\n<\/tr>\n<\/tbody>\n<\/table>\n<p><strong><b>Marcas<\/b><\/strong><\/p>\n<p>Informaci\u00f3n que debe marcarse en los conductos,<\/p>\n<ol>\n<li>a) La frase \u201cconducto de PVC r\u00edgido,<\/li>\n<li>b) El tama\u00f1o comercial del producto de conducto,<\/li>\n<li>c) El nombre o marca comercial del fabricante o cualquier otro signo distintivo mediante el cual pueda identificarse f\u00e1cilmente la organizaci\u00f3n responsable del producto.<\/li>\n<li>d) La fecha u otro per\u00edodo de dataci\u00f3n de fabricaci\u00f3n que no exceda de tres meses consecutivos.<\/li>\n<\/ol>\n<p>Para un codo, la fecha de fabricaci\u00f3n ser\u00e1 la fecha en la que:<\/p>\n<p>1) El conducto se extruye cuando tanto la extrusi\u00f3n como la flexi\u00f3n ocurren en la misma ubicaci\u00f3n o<\/p>\n<p>2) Se form\u00f3 el codo, donde el conducto se extruye en una ubicaci\u00f3n diferente.<\/p>\n<ol>\n<li>f) Todas las marcas deber\u00e1n repetirse a intervalos uniformes y deber\u00e1n aparecer al menos cada 10 pies (3 m), pero no menos de una vez, en cada tramo recto de conducto de PVC.<\/li>\n<\/ol>\n<p><strong><b>\u00a0<\/b><\/strong><\/p>\n<p><strong><b>Seguro de calidad<\/b><\/strong><\/p>\n<p>Ctube aplic\u00f3 un estricto sistema de gesti\u00f3n de calidad como ISO9001: 2015 para controlar la calidad de los productos, y hemos establecido un sistema de auditor\u00eda de calidad m\u00e1s estricto dentro de la f\u00e1brica para garantizar que la calidad de los productos que compra est\u00e9 en las mejores condiciones.<\/p>\n<p>Al mismo tiempo, nuestros productos cumplen con CSA, IEC y otros est\u00e1ndares organizativos, lo que puede garantizar que pueda comprar productos de alta calidad.<\/p>\n<p><strong><b>Solicitud<\/b><\/strong><\/p>\n<p>Los conductos de PVC r\u00edgidos Ctube schedule 40 son resistentes a la luz solar y se utilizan expuestos, revestidos en hormig\u00f3n, ocultos en paredes y en aplicaciones de entierro directo, incluidos sistemas para:<\/p>\n<p>\u2013 Utilidades;<\/p>\n<p>\u2013 Cables, l\u00edneas de datos y comunicaciones;<\/p>\n<p>\u2013 Edificios institucionales, comerciales e industriales;<\/p>\n<p><strong><b>Capacidad de fabricaci\u00f3n<\/b><\/strong><\/p>\n<p>\u2013 Capacidad de producci\u00f3n: 100000 metros por semana<\/p>\n<p>\u2013 M\u00e9todos de embalaje: bolsas de pl\u00e1stico y pel\u00edculas de PE<\/p>","protected":false},"excerpt":{"rendered":"<p><strong><b>Certificaci\u00f3n de calidad:<\/b><\/strong><\/p>\n<p>\u2013 Listado por UL<\/p>\n<p>\u2013 Cumplimiento de CSA, ETL y ASTM<\/p>","protected":false},"featured_media":7246,"comment_status":"closed","ping_status":"closed","template":"","meta":{"_sitemap_exclude":false,"_sitemap_priority":"","_sitemap_frequency":"","_monsterinsights_skip_tracking":false,"_monsterinsights_sitenote_active":false,"_monsterinsights_sitenote_note":"","_monsterinsights_sitenote_category":0,"_joinchat":[]},"product_brand":[],"product_cat":[36,81,38],"product_tag":[],"class_list":{"0":"post-1893","1":"product","2":"type-product","3":"status-publish","4":"has-post-thumbnail","6":"product_cat-international-certifications-products","7":"product_cat-schedule-40-conduit-pipe","8":"product_cat-ul-listed-pvc-conduit-pipe-series","10":"first","11":"instock","12":"shipping-taxable","13":"product-type-simple"},"_links":{"self":[{"href":"https:\/\/www.ctube-gr.com\/es\/wp-json\/wp\/v2\/product\/1893","targetHints":{"allow":["GET"]}}],"collection":[{"href":"https:\/\/www.ctube-gr.com\/es\/wp-json\/wp\/v2\/product"}],"about":[{"href":"https:\/\/www.ctube-gr.com\/es\/wp-json\/wp\/v2\/types\/product"}],"replies":[{"embeddable":true,"href":"https:\/\/www.ctube-gr.com\/es\/wp-json\/wp\/v2\/comments?post=1893"}],"version-history":[{"count":0,"href":"https:\/\/www.ctube-gr.com\/es\/wp-json\/wp\/v2\/product\/1893\/revisions"}],"wp:featuredmedia":[{"embeddable":true,"href":"https:\/\/www.ctube-gr.com\/es\/wp-json\/wp\/v2\/media\/7246"}],"wp:attachment":[{"href":"https:\/\/www.ctube-gr.com\/es\/wp-json\/wp\/v2\/media?parent=1893"}],"wp:term":[{"taxonomy":"product_brand","embeddable":true,"href":"https:\/\/www.ctube-gr.com\/es\/wp-json\/wp\/v2\/product_brand?post=1893"},{"taxonomy":"product_cat","embeddable":true,"href":"https:\/\/www.ctube-gr.com\/es\/wp-json\/wp\/v2\/product_cat?post=1893"},{"taxonomy":"product_tag","embeddable":true,"href":"https:\/\/www.ctube-gr.com\/es\/wp-json\/wp\/v2\/product_tag?post=1893"}],"curies":[{"name":"Gracias","href":"https:\/\/api.w.org\/{rel}","templated":true}]}}