{"id":1905,"date":"2024-03-15T00:54:07","date_gmt":"2024-03-15T00:54:07","guid":{"rendered":"https:\/\/ctube-gr.com\/?post_type=product&#038;p=1905"},"modified":"2024-11-04T03:59:36","modified_gmt":"2024-11-04T03:59:36","slug":"conducto-de-servicio-enterrado-directo-ctube-db120-conducto-rigido-de-pvc","status":"publish","type":"product","link":"https:\/\/www.ctube-gr.com\/es\/ctube-db120-direct-buried-utility-duct-pvc-rigid-conduit","title":{"rendered":"Conducto de servicios p\u00fablicos enterrado directo Ctube DB120 Conducto r\u00edgido de PVC"},"content":{"rendered":"<div data-elementor-type=\"product-post\" data-elementor-id=\"1905\" class=\"elementor elementor-1905\" data-elementor-post-type=\"product\">\n\t\t\t\t<div class=\"elementor-element elementor-element-a77ddb0 e-flex e-con-boxed e-con e-parent\" data-id=\"a77ddb0\" data-element_type=\"container\" data-e-type=\"container\" data-settings=\"{&quot;ekit_has_onepagescroll_dot&quot;:&quot;yes&quot;}\">\n\t\t\t\t\t<div class=\"e-con-inner\">\n\t\t\t\t<div class=\"elementor-element elementor-element-3182274 elementor-widget elementor-widget-text-editor\" data-id=\"3182274\" data-element_type=\"widget\" data-e-type=\"widget\" data-settings=\"{&quot;ekit_we_effect_on&quot;:&quot;none&quot;}\" data-widget_type=\"text-editor.default\">\n\t\t\t\t\t\t\t\t\t<p>El conducto r\u00edgido de PVC Ctube DB120 est\u00e1 dise\u00f1ado para instalaci\u00f3n subterr\u00e1nea de cables y alambres el\u00e9ctricos y de comunicaciones, adecuado para enterramiento directo sin revestimiento en hormig\u00f3n.<\/p><ul><li>De acuerdo con la norma NEMA TC 688, ASTM F-512.<\/li><li>Resistente a la corrosi\u00f3n.<\/li><li>Resistente al impacto.<\/li><li>Autoextinguible, resistente al fuego.9<\/li><li>Interior y exterior liso.<\/li><li>Se produce en longitudes est\u00e1ndar de 10\u2032 o 20\u2032 con un extremo acampanado.<\/li><\/ul><p>\u00a0<\/p><p><strong><b>Propiedades<\/b><\/strong><\/p><table><tbody><tr><td><p>Nombre del producto:<\/p><\/td><td><p>Conducto de servicio DB de entierro directo DB 120<\/p><\/td><\/tr><tr><td><p>Materia prima:<\/p><\/td><td><p>CLORURO DE POLIVINILO<\/p><\/td><\/tr><tr><td><p>Proceso de dar un t\u00edtulo:<\/p><\/td><td><p>Certificaci\u00f3n SGS\/ROSH\/CE\/IEC<\/p><\/td><\/tr><tr><td><p>Tama\u00f1o del comercio:<\/p><\/td><td><p>1\u201d, 1 1\/2\u201d, 2\u201d, 3\u201d, 3 1\/2\u201d, 4\u201d, 5\u201d, 6\u201d<\/p><\/td><\/tr><tr><td><p>Longitud :<\/p><\/td><td><p>10 PIES \/ 20 PIES<\/p><\/td><\/tr><tr><td><p>Color :<\/p><\/td><td><p>Gris, blanco o se puede personalizar.<\/p><\/td><\/tr><tr><td><p>Solicitud :<\/p><\/td><td><p>Entierro directo o entierro en hormig\u00f3n\u00a0<\/p><\/td><\/tr><tr><td><p>Caracter\u00edstica :<\/p><\/td><td><p>Resistencia al fuego, resistencia a la corrosi\u00f3n, etc.<\/p><\/td><\/tr><\/tbody><\/table><p><strong><b>Marcas<\/b><\/strong><\/p><p>Informaci\u00f3n que debe marcarse en los conductos,<\/p><ol><li>a) La frase \u201cconducto de PVC r\u00edgido,<\/li><li>b) El tama\u00f1o comercial del producto de conducto,<\/li><li>c) El nombre o marca comercial del fabricante o cualquier otro signo distintivo mediante el cual pueda identificarse f\u00e1cilmente la organizaci\u00f3n responsable del producto.<\/li><li>d) La fecha u otro per\u00edodo de dataci\u00f3n de fabricaci\u00f3n que no exceda de tres meses consecutivos.<\/li><\/ol><p>Para un codo, la fecha de fabricaci\u00f3n ser\u00e1 la fecha en la que:<\/p><p>1) El conducto se extruye cuando tanto la extrusi\u00f3n como la flexi\u00f3n ocurren en la misma ubicaci\u00f3n o<\/p><p>2) Se form\u00f3 el codo, donde el conducto se extruye en una ubicaci\u00f3n diferente.<\/p><ol><li>f) Todas las marcas deber\u00e1n repetirse a intervalos uniformes y deber\u00e1n aparecer al menos cada 10 pies (3 m), pero no menos de una vez, en cada tramo recto del conducto de PVC.<\/li><\/ol><p><strong><b>Capacidad de fabricaci\u00f3n<\/b><\/strong><\/p><p>\u2013 Capacidad de producci\u00f3n: 100000 metros por semana<\/p><p>\u2013 M\u00e9todos de embalaje: bolsas de pl\u00e1stico y pel\u00edculas de PE<\/p>\t\t\t\t\t\t\t\t<\/div>\n\t\t\t\t<div class=\"elementor-element elementor-element-5f2cefe elementor-widget elementor-widget-text-editor\" data-id=\"5f2cefe\" data-element_type=\"widget\" data-e-type=\"widget\" data-settings=\"{&quot;ekit_we_effect_on&quot;:&quot;none&quot;}\" data-widget_type=\"text-editor.default\">\n\t\t\t\t\t\t\t\t\t<p><img fetchpriority=\"high\" decoding=\"async\" class=\"alignnone wp-image-1912 size-full\" src=\"https:\/\/ctube-gr.com\/wp-content\/uploads\/2024\/03\/Ctube-DB120-Direct-Buried-Utility-Duct-PVC-Rigid-Conduit.webp\" alt=\"\" width=\"1069\" height=\"670\" srcset=\"https:\/\/www.ctube-gr.com\/wp-content\/uploads\/2024\/03\/Ctube-DB120-Direct-Buried-Utility-Duct-PVC-Rigid-Conduit.webp 1069w, https:\/\/www.ctube-gr.com\/wp-content\/uploads\/2024\/03\/Ctube-DB120-Direct-Buried-Utility-Duct-PVC-Rigid-Conduit-300x188.webp 300w, https:\/\/www.ctube-gr.com\/wp-content\/uploads\/2024\/03\/Ctube-DB120-Direct-Buried-Utility-Duct-PVC-Rigid-Conduit-1024x642.webp 1024w, https:\/\/www.ctube-gr.com\/wp-content\/uploads\/2024\/03\/Ctube-DB120-Direct-Buried-Utility-Duct-PVC-Rigid-Conduit-768x481.webp 768w, https:\/\/www.ctube-gr.com\/wp-content\/uploads\/2024\/03\/Ctube-DB120-Direct-Buried-Utility-Duct-PVC-Rigid-Conduit-600x376.webp 600w\" sizes=\"(max-width: 1069px) 100vw, 1069px\" \/><\/p>\t\t\t\t\t\t\t\t<\/div>\n\t\t\t\t\t<\/div>\n\t\t\t\t<\/div>\n\t\t\t\t<\/div>","protected":false},"excerpt":{"rendered":"<p><strong><b>Certificaci\u00f3n de calidad:<\/b><\/strong><\/p>\n<p>\u2013 Listado por UL<\/p>\n<p>\u2013 Cumplimiento con ASTM y NEME<\/p>","protected":false},"featured_media":1909,"comment_status":"closed","ping_status":"closed","template":"","meta":{"_sitemap_exclude":false,"_sitemap_priority":"","_sitemap_frequency":"","_joinchat":[]},"product_brand":[],"product_cat":[82,36,38],"product_tag":[],"class_list":{"0":"post-1905","1":"product","2":"type-product","3":"status-publish","4":"has-post-thumbnail","6":"product_cat-db120-utility-duct-conduit","7":"product_cat-international-certifications-products","8":"product_cat-ul-listed-pvc-conduit-pipe-series","10":"first","11":"instock","12":"shipping-taxable","13":"product-type-simple"},"_links":{"self":[{"href":"https:\/\/www.ctube-gr.com\/es\/wp-json\/wp\/v2\/product\/1905","targetHints":{"allow":["GET"]}}],"collection":[{"href":"https:\/\/www.ctube-gr.com\/es\/wp-json\/wp\/v2\/product"}],"about":[{"href":"https:\/\/www.ctube-gr.com\/es\/wp-json\/wp\/v2\/types\/product"}],"replies":[{"embeddable":true,"href":"https:\/\/www.ctube-gr.com\/es\/wp-json\/wp\/v2\/comments?post=1905"}],"version-history":[{"count":0,"href":"https:\/\/www.ctube-gr.com\/es\/wp-json\/wp\/v2\/product\/1905\/revisions"}],"wp:featuredmedia":[{"embeddable":true,"href":"https:\/\/www.ctube-gr.com\/es\/wp-json\/wp\/v2\/media\/1909"}],"wp:attachment":[{"href":"https:\/\/www.ctube-gr.com\/es\/wp-json\/wp\/v2\/media?parent=1905"}],"wp:term":[{"taxonomy":"product_brand","embeddable":true,"href":"https:\/\/www.ctube-gr.com\/es\/wp-json\/wp\/v2\/product_brand?post=1905"},{"taxonomy":"product_cat","embeddable":true,"href":"https:\/\/www.ctube-gr.com\/es\/wp-json\/wp\/v2\/product_cat?post=1905"},{"taxonomy":"product_tag","embeddable":true,"href":"https:\/\/www.ctube-gr.com\/es\/wp-json\/wp\/v2\/product_tag?post=1905"}],"curies":[{"name":"Gracias","href":"https:\/\/api.w.org\/{rel}","templated":true}]}}