{"id":1926,"date":"2024-03-15T01:02:57","date_gmt":"2024-03-15T01:02:57","guid":{"rendered":"https:\/\/ctube-gr.com\/?post_type=product&#038;p=1926"},"modified":"2024-11-22T07:35:29","modified_gmt":"2024-11-22T07:35:29","slug":"acoplamientos-de-conducto-rigido-de-pvc-con-tope-central-programa-40-de-ctube","status":"publish","type":"product","link":"https:\/\/www.ctube-gr.com\/es\/ctube-schedule-40-pvc-rigid-conduit-couplings-with-center-stop","title":{"rendered":"Acoplamientos de conductos r\u00edgidos de PVC con tope central, c\u00e9dula 40 de Ctube"},"content":{"rendered":"<p>Los acoplamientos de expansi\u00f3n r\u00edgidos se utilizan para conectar dos piezas de conducto entre s\u00ed.<\/p>\n<p>1, Construcci\u00f3n en PVC schedule 40.<br \/>\n2. Acoplamiento de tope central utilizado para unir tramos de tuber\u00eda con dos extremos de casquillo de soldadura con solvente.<br \/>\n3. Dise\u00f1ado para aplicaciones sobre y bajo tierra.<br \/>\n4. PVC duradero y ecol\u00f3gico, no se oxida ni se corroe, lo que es especialmente importante en aplicaciones al aire libre.<br \/>\n5. Resistente a la luz solar, ideal para aplicaciones tanto en interiores como en exteriores.<\/p>\n<p>&nbsp;<\/p>\n<table width=\"840\">\n<tbody>\n<tr>\n<td width=\"274\">Carga de flexi\u00f3n<\/td>\n<td width=\"566\">Hasta 4448 N (1000 lbf)<\/td>\n<\/tr>\n<tr>\n<td width=\"274\">Resistencia al aplastamiento<\/td>\n<td width=\"566\">Hasta 166,7 lbf por l\u00ednea<\/td>\n<\/tr>\n<tr>\n<td width=\"274\">Distorsi\u00f3n por calor<\/td>\n<td width=\"566\">\ufe6415% sin grietas<\/td>\n<\/tr>\n<tr>\n<td width=\"274\">Absorci\u00f3n de agua<\/td>\n<td width=\"566\">\ufe640,50% Peso<\/td>\n<\/tr>\n<tr>\n<td width=\"274\">Prueba de inflamabilidad<\/td>\n<td width=\"566\">Menos de 5 segundos siguen en llamas<\/td>\n<\/tr>\n<tr>\n<td width=\"274\">Prueba de proceso de extrusi\u00f3n\/moldeo<\/td>\n<td width=\"566\">Sin descascarillado ni agrietamiento<\/td>\n<\/tr>\n<tr>\n<td width=\"274\">Clasificaci\u00f3n de resistencia al fuego<\/td>\n<td width=\"566\">UL 94V-0<\/td>\n<\/tr>\n<tr>\n<td width=\"274\">Permanencia de la impresi\u00f3n<\/td>\n<td width=\"566\">S\u00ed<\/td>\n<\/tr>\n<tr>\n<td width=\"274\">Resistente al \u00f3xido y a la luz solar<\/td>\n<td width=\"566\">S\u00ed<\/td>\n<\/tr>\n<tr>\n<td width=\"274\">Color<\/td>\n<td width=\"566\">Gris o Personalizaci\u00f3n<\/td>\n<\/tr>\n<tr>\n<td width=\"274\">Material<\/td>\n<td width=\"566\">CLORURO DE POLIVINILO<\/td>\n<\/tr>\n<tr>\n<td width=\"274\">Servicios personalizados<\/td>\n<td width=\"566\">Disponible<\/td>\n<\/tr>\n<tr>\n<td width=\"274\">Lugar de origen<\/td>\n<td width=\"566\">Dongguan, China<\/td>\n<\/tr>\n<tr>\n<td width=\"274\">Env\u00edo<\/td>\n<td width=\"566\">Por mar<\/td>\n<\/tr>\n<tr>\n<td width=\"274\">Muestras<\/td>\n<td width=\"566\">Disponible<\/td>\n<\/tr>\n<\/tbody>\n<\/table>\n<p>&nbsp;<\/p>\n<p><strong><b>Tabla de tallas<\/b><\/strong><\/p>\n<table>\n<tbody>\n<tr>\n<td width=\"313\"><strong><b>Tama\u00f1o (pulgadas)<\/b><\/strong><\/td>\n<td width=\"107\"><strong><b>Nro. de pieza<\/b><\/strong><\/td>\n<td width=\"92\"><strong><b>Ganar)<\/b><\/strong><\/td>\n<td width=\"244\"><strong><b>L(pulgadas)<\/b><\/strong><\/td>\n<\/tr>\n<tr>\n<td width=\"313\">1\/2<\/td>\n<td width=\"107\">CT-ULCP01<\/td>\n<td width=\"92\">1.065<\/td>\n<td width=\"244\">1.500<\/td>\n<\/tr>\n<tr>\n<td width=\"313\">3\/4<\/td>\n<td width=\"107\">CT-ULCP02<\/td>\n<td width=\"92\">1.307<\/td>\n<td width=\"244\">1.563<\/td>\n<\/tr>\n<tr>\n<td width=\"313\">1<\/td>\n<td width=\"107\">CT-ULCP03<\/td>\n<td width=\"92\">1.602<\/td>\n<td width=\"244\">2.000<\/td>\n<\/tr>\n<tr>\n<td width=\"313\">1-1\/4<\/td>\n<td width=\"107\">CT-ULCP04<\/td>\n<td width=\"92\">2.019<\/td>\n<td width=\"244\">2.165<\/td>\n<\/tr>\n<tr>\n<td width=\"313\">1-1\/2<\/td>\n<td width=\"107\">CT-ULCP05<\/td>\n<td width=\"92\">2.252<\/td>\n<td width=\"244\">2.357<\/td>\n<\/tr>\n<tr>\n<td width=\"313\">2<\/td>\n<td width=\"107\">CT-ULCP06<\/td>\n<td width=\"92\">2.744<\/td>\n<td width=\"244\">2.600<\/td>\n<\/tr>\n<tr>\n<td width=\"313\">2-1\/2<\/td>\n<td width=\"107\">CT-ULCP07<\/td>\n<td width=\"92\">3.350<\/td>\n<td width=\"244\">3.500<\/td>\n<\/tr>\n<tr>\n<td width=\"313\">3<\/td>\n<td width=\"107\">CT-ULCP08<\/td>\n<td width=\"92\">4.035<\/td>\n<td width=\"244\">3.875<\/td>\n<\/tr>\n<tr>\n<td width=\"313\">3-1\/2<\/td>\n<td width=\"107\">CT-ULCP09<\/td>\n<td width=\"92\">4.539<\/td>\n<td width=\"244\">4.000<\/td>\n<\/tr>\n<tr>\n<td width=\"313\">4<\/td>\n<td width=\"107\">CT-ULCP10<\/td>\n<td width=\"92\">5.039<\/td>\n<td width=\"244\">4.188<\/td>\n<\/tr>\n<tr>\n<td width=\"313\">5<\/td>\n<td width=\"107\">CT-ULCP11<\/td>\n<td width=\"92\">6.168<\/td>\n<td width=\"244\">5.375<\/td>\n<\/tr>\n<tr>\n<td width=\"313\">6<\/td>\n<td width=\"107\">CT-ULCP12<\/td>\n<td width=\"92\">7.430<\/td>\n<td width=\"244\">6.375<\/td>\n<\/tr>\n<tr>\n<td width=\"313\">8<\/td>\n<td width=\"107\">CT-ULCP13<\/td>\n<td width=\"92\">9.315<\/td>\n<td width=\"244\">8.346<\/td>\n<\/tr>\n<\/tbody>\n<\/table>","protected":false},"excerpt":{"rendered":"<p>Rigid Expansion Couplings are used to connect two pieces of conduit together 1,\u00a0 PVC schedule 40 construction. 2, Center stop coupling used to join lengths of conduit pipe together with two solvent weld socket ends. 3, Designed for above-ground and below-ground applications. 4, Durable and eco-friendy PVC, will not rust or corrode which is especially [&hellip;]<\/p>\n","protected":false},"featured_media":9840,"comment_status":"closed","ping_status":"closed","template":"","meta":{"_sitemap_exclude":false,"_sitemap_priority":"","_sitemap_frequency":"","_joinchat":[]},"product_brand":[],"product_cat":[77,36,38],"product_tag":[],"class_list":{"0":"post-1926","1":"product","2":"type-product","3":"status-publish","4":"has-post-thumbnail","6":"product_cat-ul651-fittings","7":"product_cat-international-certifications-products","8":"product_cat-ul-listed-pvc-conduit-pipe-series","10":"first","11":"instock","12":"shipping-taxable","13":"product-type-simple"},"_links":{"self":[{"href":"https:\/\/www.ctube-gr.com\/es\/wp-json\/wp\/v2\/product\/1926","targetHints":{"allow":["GET"]}}],"collection":[{"href":"https:\/\/www.ctube-gr.com\/es\/wp-json\/wp\/v2\/product"}],"about":[{"href":"https:\/\/www.ctube-gr.com\/es\/wp-json\/wp\/v2\/types\/product"}],"replies":[{"embeddable":true,"href":"https:\/\/www.ctube-gr.com\/es\/wp-json\/wp\/v2\/comments?post=1926"}],"version-history":[{"count":0,"href":"https:\/\/www.ctube-gr.com\/es\/wp-json\/wp\/v2\/product\/1926\/revisions"}],"wp:featuredmedia":[{"embeddable":true,"href":"https:\/\/www.ctube-gr.com\/es\/wp-json\/wp\/v2\/media\/9840"}],"wp:attachment":[{"href":"https:\/\/www.ctube-gr.com\/es\/wp-json\/wp\/v2\/media?parent=1926"}],"wp:term":[{"taxonomy":"product_brand","embeddable":true,"href":"https:\/\/www.ctube-gr.com\/es\/wp-json\/wp\/v2\/product_brand?post=1926"},{"taxonomy":"product_cat","embeddable":true,"href":"https:\/\/www.ctube-gr.com\/es\/wp-json\/wp\/v2\/product_cat?post=1926"},{"taxonomy":"product_tag","embeddable":true,"href":"https:\/\/www.ctube-gr.com\/es\/wp-json\/wp\/v2\/product_tag?post=1926"}],"curies":[{"name":"Gracias","href":"https:\/\/api.w.org\/{rel}","templated":true}]}}