{"id":1940,"date":"2024-03-15T01:08:09","date_gmt":"2024-03-15T01:08:09","guid":{"rendered":"https:\/\/ctube-gr.com\/?post_type=product&#038;p=1940"},"modified":"2024-11-22T07:13:35","modified_gmt":"2024-11-22T07:13:35","slug":"adaptadores-de-conducto-de-pvc-con-terminal-macho-ctube","status":"publish","type":"product","link":"https:\/\/www.ctube-gr.com\/es\/ctube-male-terminal-pvc-conduit-adapters","title":{"rendered":"Adaptadores de conductos de PVC con terminal macho Ctube"},"content":{"rendered":"<p>El conector adaptador de terminal macho atornillado de tubo C es un conector que se utiliza para realizar la transici\u00f3n de un conducto de PVC con extremo de espiga a un extremo de campana hembra de pl\u00e1stico PVC o metal roscado. Los adaptadores de terminal macho tambi\u00e9n se pueden utilizar para conectar un conducto de PVC a una caja u otro cuerpo roscado con el uso de una contratuerca<\/p>\n<p><strong><b>Propiedades<\/b><\/strong><\/p>\n<table>\n<tbody>\n<tr>\n<td>art\u00edculo<\/td>\n<td>valor<\/td>\n<\/tr>\n<tr>\n<td>Lugar de origen<\/td>\n<td>Porcelana<\/td>\n<\/tr>\n<tr>\n<td>Nombre de marca<\/td>\n<td>Tubo C<\/td>\n<\/tr>\n<tr>\n<td>N\u00famero de modelo<\/td>\n<td>CT-CC1\/2<\/td>\n<\/tr>\n<tr>\n<td>Tipo<\/td>\n<td>Termocontra\u00edble<\/td>\n<\/tr>\n<tr>\n<td>Material<\/td>\n<td>CLORURO DE POLIVINILO<\/td>\n<\/tr>\n<tr>\n<td>Nombre del producto<\/td>\n<td>Adaptador macho de PVC<\/td>\n<\/tr>\n<tr>\n<td>Color<\/td>\n<td>Gris<\/td>\n<\/tr>\n<tr>\n<td>Tama\u00f1o<\/td>\n<td>1\/2\u2033 \u2013 1\u2033<\/td>\n<\/tr>\n<tr>\n<td>Solicitud<\/td>\n<td>Protecci\u00f3n de cables el\u00e9ctricos<\/td>\n<\/tr>\n<tr>\n<td>Titulado<\/td>\n<td>CEI, ISO, CE<\/td>\n<\/tr>\n<tr>\n<td>Caracter\u00edstica 1<\/td>\n<td>Clasificaci\u00f3n de resistencia al fuego V0<\/td>\n<\/tr>\n<tr>\n<td>Caracter\u00edstica 2<\/td>\n<td>Resistencia qu\u00edmica<\/td>\n<\/tr>\n<tr>\n<td>Impermeable<\/td>\n<td>IP65<\/td>\n<\/tr>\n<\/tbody>\n<\/table>\n<p><strong><b>Tabla de tallas<\/b><\/strong><\/p>\n<table>\n<tbody>\n<tr>\n<td>C\u00f3digo de productos<\/td>\n<td>Tama\u00f1o<\/td>\n<td>Ganar)<\/td>\n<td>L(pulgadas)<\/td>\n<td>H(en)<\/td>\n<\/tr>\n<tr>\n<td>TC-A<\/td>\n<td>1\/2<\/td>\n<td>1.069<\/td>\n<td>1.449<\/td>\n<td>0.886<\/td>\n<\/tr>\n<tr>\n<td>Contador p\u00fablico B<\/td>\n<td>3\/4<\/td>\n<td>1.302<\/td>\n<td>1.529<\/td>\n<td>0.965<\/td>\n<\/tr>\n<tr>\n<td>TC-C<\/td>\n<td>1<\/td>\n<td>1.587<\/td>\n<td>1.889<\/td>\n<td>1.201<\/td>\n<\/tr>\n<\/tbody>\n<\/table>","protected":false},"excerpt":{"rendered":"<p>Ctube plain to screwed male terminal adapter connector is a connector used to transition from a spigot end PVC conduit to a threaded metal or PVC plastic female bell end. Male Terminal Adapters can also be used to connect PVC conduit to a box or other threaded body with the use of a lock nut [&hellip;]<\/p>\n","protected":false},"featured_media":9835,"comment_status":"closed","ping_status":"closed","template":"","meta":{"_sitemap_exclude":false,"_sitemap_priority":"","_sitemap_frequency":"","_joinchat":[]},"product_brand":[],"product_cat":[77,36,38],"product_tag":[],"class_list":{"0":"post-1940","1":"product","2":"type-product","3":"status-publish","4":"has-post-thumbnail","6":"product_cat-ul651-fittings","7":"product_cat-international-certifications-products","8":"product_cat-ul-listed-pvc-conduit-pipe-series","10":"first","11":"instock","12":"shipping-taxable","13":"product-type-simple"},"_links":{"self":[{"href":"https:\/\/www.ctube-gr.com\/es\/wp-json\/wp\/v2\/product\/1940","targetHints":{"allow":["GET"]}}],"collection":[{"href":"https:\/\/www.ctube-gr.com\/es\/wp-json\/wp\/v2\/product"}],"about":[{"href":"https:\/\/www.ctube-gr.com\/es\/wp-json\/wp\/v2\/types\/product"}],"replies":[{"embeddable":true,"href":"https:\/\/www.ctube-gr.com\/es\/wp-json\/wp\/v2\/comments?post=1940"}],"version-history":[{"count":0,"href":"https:\/\/www.ctube-gr.com\/es\/wp-json\/wp\/v2\/product\/1940\/revisions"}],"wp:featuredmedia":[{"embeddable":true,"href":"https:\/\/www.ctube-gr.com\/es\/wp-json\/wp\/v2\/media\/9835"}],"wp:attachment":[{"href":"https:\/\/www.ctube-gr.com\/es\/wp-json\/wp\/v2\/media?parent=1940"}],"wp:term":[{"taxonomy":"product_brand","embeddable":true,"href":"https:\/\/www.ctube-gr.com\/es\/wp-json\/wp\/v2\/product_brand?post=1940"},{"taxonomy":"product_cat","embeddable":true,"href":"https:\/\/www.ctube-gr.com\/es\/wp-json\/wp\/v2\/product_cat?post=1940"},{"taxonomy":"product_tag","embeddable":true,"href":"https:\/\/www.ctube-gr.com\/es\/wp-json\/wp\/v2\/product_tag?post=1940"}],"curies":[{"name":"Gracias","href":"https:\/\/api.w.org\/{rel}","templated":true}]}}