{"id":1961,"date":"2024-03-15T01:51:48","date_gmt":"2024-03-15T01:51:48","guid":{"rendered":"https:\/\/ctube-gr.com\/?post_type=product&#038;p=1961"},"modified":"2024-04-29T10:02:38","modified_gmt":"2024-04-29T10:02:38","slug":"ctube-85-300mm-lszh-caja-adaptable","status":"publish","type":"product","link":"https:\/\/www.ctube-gr.com\/es\/ctube-85-300mm-lszh-adaptable-box","title":{"rendered":"Caja adaptable LSZH de 85-300 mm Ctube"},"content":{"rendered":"<div data-elementor-type=\"product-post\" data-elementor-id=\"1961\" class=\"elementor elementor-1961\" data-elementor-post-type=\"product\">\n\t\t\t\t<div class=\"elementor-element elementor-element-5a7cdc4 e-flex e-con-boxed e-con e-parent\" data-id=\"5a7cdc4\" data-element_type=\"container\" data-e-type=\"container\" data-settings=\"{&quot;ekit_has_onepagescroll_dot&quot;:&quot;yes&quot;}\">\n\t\t\t\t\t<div class=\"e-con-inner\">\n\t\t\t\t<div class=\"elementor-element elementor-element-bcd5d3a elementor-widget elementor-widget-text-editor\" data-id=\"bcd5d3a\" data-element_type=\"widget\" data-e-type=\"widget\" data-settings=\"{&quot;ekit_we_effect_on&quot;:&quot;none&quot;}\" data-widget_type=\"text-editor.default\">\n\t\t\t\t\t\t\t\t\t<table><tbody><tr><td width=\"156\">Marca:<\/td><td width=\"156\">Tubo C<\/td><td width=\"157\">Fabricante original:<\/td><td width=\"156\">Disponible<\/td><\/tr><tr><td width=\"156\">Material:<\/td><td width=\"156\">L\u00e1ser de luz ultravioleta<\/td><td width=\"157\">Longitud:<\/td><td width=\"156\">Personalizado<\/td><\/tr><tr><td width=\"156\">Espesor:<\/td><td width=\"156\">Personalizado<\/td><td width=\"157\">Rango OD:<\/td><td width=\"156\">85-300 mm<\/td><\/tr><tr><td width=\"156\">Proceso de dar un t\u00edtulo:<\/td><td width=\"156\">RoHS, CE, SGS, ISO<\/td><td width=\"157\">Color:<\/td><td width=\"156\">Gris o personalizado<\/td><\/tr><tr><td width=\"156\">Resistencia al fuego:<\/td><td width=\"156\">V0<\/td><td width=\"157\">Resistencia a los rayos UV:<\/td><td width=\"156\">S\u00ed<\/td><\/tr><tr><td width=\"156\">Conductividad:<\/td><td width=\"156\">Aislado<\/td><td width=\"157\">Dureza:<\/td><td width=\"156\">R\u00edgido y resistente a los impactos.<\/td><\/tr><tr><td width=\"156\">Embalaje:<\/td><td width=\"156\">Bolsas de pl\u00e1stico y pel\u00edculas de PE<\/td><td width=\"157\">Muestra:<\/td><td width=\"156\">Gratis<\/td><\/tr><tr><td width=\"156\">Pa\u00eds:<\/td><td width=\"156\">Porcelana<\/td><td width=\"157\">F\u00e1brica:<\/td><td width=\"156\">Dongguan, Cant\u00f3n<\/td><\/tr><\/tbody><\/table><p><strong><b>Caracter\u00edsticas<\/b><\/strong><\/p><p>\u2013 Produce niveles muy bajos de humo y est\u00e1 pr\u00e1cticamente libre de hal\u00f3genos.<\/p><p>\u2013 Tapas y tornillos incluidos.<\/p><p>\u2013 Cumple con IEC61386-1, IEC61386-21, IEC60754-1, IEC61034-2, UL94.<\/p><p>\u2013 Resistente al impacto, a la luz solar y al fuego.<\/p><p>\u2013 Superficie e interior brillante y liso.<\/p><p>\u2013 El PVC duradero no conductor no se oxida ni se corroe.<\/p><p>\u2013 Adecuado para aplicaciones tanto sobre como bajo tierra.<\/p><p><strong><b>Solicitud<\/b><\/strong><\/p><p>Las cajas adaptables LSZH de 85-300 mm de Ctube se utilizan para encerrar uniones, extender circuitos y terminar longitudes de cables con y sin orificios ciegos.<\/p><p><strong><b>Capacidad de fabricaci\u00f3n<\/b><\/strong><\/p><p>\u2013 Capacidad de producci\u00f3n: 20000 unidades por semana<\/p><p>\u2013 M\u00e9todos de embalaje: bolsas de pl\u00e1stico y pel\u00edculas de PE<\/p>\t\t\t\t\t\t\t\t<\/div>\n\t\t\t\t<div class=\"elementor-element elementor-element-87a10cc elementor-widget elementor-widget-text-editor\" data-id=\"87a10cc\" data-element_type=\"widget\" data-e-type=\"widget\" data-settings=\"{&quot;ekit_we_effect_on&quot;:&quot;none&quot;}\" data-widget_type=\"text-editor.default\">\n\t\t\t\t\t\t\t\t\t<p><strong><b>Tabla de tallas<\/b><\/strong><\/p><table><tbody><tr><td width=\"127\"><p>C\u00f3digo del producto<\/p><\/td><td width=\"128\"><p>Tama\u00f1o (LxAnxAl)<\/p><\/td><td width=\"135\"><p>Embalaje interior<\/p><\/td><td width=\"189\"><p>Embalaje exterior<\/p><\/td><\/tr><tr><td><p>CT-HFPJB8562<\/p><\/td><td><p>85 x 85 x 62 mm<\/p><\/td><td><p>1 unidad\/caja<\/p><\/td><td><p>96 cajas\/cart\u00f3n<\/p><\/td><\/tr><tr><td><p>CT-HFPJB10850<\/p><\/td><td width=\"128\"><p>108 x 108 x 50 mm<\/p><\/td><td width=\"135\"><p>1 unidad\/caja<\/p><\/td><td width=\"189\"><p>63 cajas\/cart\u00f3n<\/p><\/td><\/tr><tr><td><p>CT-HFPJB10876<\/p><\/td><td><p>108 x 108 x 76 mm<\/p><\/td><td><p>1 unidad\/caja<\/p><\/td><td><p>45 cajas\/cart\u00f3n<\/p><\/td><\/tr><tr><td><p>CT-HFPJB16381<\/p><\/td><td><p>163 x 108 x 81 mm<\/p><\/td><td><p>1 unidad\/caja<\/p><\/td><td><p>42 cajas\/cart\u00f3n<\/p><\/td><\/tr><tr><td><p>CT-HFPJB21181<\/p><\/td><td><p>211 x 108 x 81 mm<\/p><\/td><td><p>1 unidad\/caja<\/p><\/td><td><p>18 cajas\/cart\u00f3n<\/p><\/td><\/tr><tr><td><p>CT-HFPJB300152<\/p><\/td><td><p>300x200x152mm<\/p><\/td><td><p>1 unidad\/caja<\/p><\/td><td><p>4 cajas\/cart\u00f3n<\/p><\/td><\/tr><tr><td><p>CT-HFPJB300200<\/p><\/td><td><p>300x200x200mm<\/p><\/td><td><p>1 unidad\/caja<\/p><\/td><td><p>4 cajas\/cart\u00f3n<\/p><\/td><\/tr><\/tbody><\/table>\t\t\t\t\t\t\t\t<\/div>\n\t\t\t\t\t<\/div>\n\t\t\t\t<\/div>\n\t\t\t\t<\/div>","protected":false},"excerpt":{"rendered":"<p><strong><b>Certificaci\u00f3n de calidad:<\/b><\/strong><\/p>\n<p>\u2013 Especialmente dise\u00f1ado y producido para aplicaciones solares.<\/p>\n<p>\u2013 Cumple con IEC61386, ISO, ASTM, UL94.<\/p>","protected":false},"featured_media":1963,"comment_status":"closed","ping_status":"closed","template":"","meta":{"_sitemap_exclude":false,"_sitemap_priority":"","_sitemap_frequency":"","_joinchat":[]},"product_brand":[],"product_cat":[104,43,37],"product_tag":[],"class_list":{"0":"post-1961","1":"product","2":"type-product","3":"status-publish","4":"has-post-thumbnail","6":"product_cat-adaptable-box-low-smoke-halogen-free-conduit-and-fittings","7":"product_cat-low-smoke-halogen-free-conduit-and-fittings","8":"product_cat-specialized-application-products","10":"first","11":"instock","12":"shipping-taxable","13":"product-type-simple"},"_links":{"self":[{"href":"https:\/\/www.ctube-gr.com\/es\/wp-json\/wp\/v2\/product\/1961","targetHints":{"allow":["GET"]}}],"collection":[{"href":"https:\/\/www.ctube-gr.com\/es\/wp-json\/wp\/v2\/product"}],"about":[{"href":"https:\/\/www.ctube-gr.com\/es\/wp-json\/wp\/v2\/types\/product"}],"replies":[{"embeddable":true,"href":"https:\/\/www.ctube-gr.com\/es\/wp-json\/wp\/v2\/comments?post=1961"}],"version-history":[{"count":0,"href":"https:\/\/www.ctube-gr.com\/es\/wp-json\/wp\/v2\/product\/1961\/revisions"}],"wp:featuredmedia":[{"embeddable":true,"href":"https:\/\/www.ctube-gr.com\/es\/wp-json\/wp\/v2\/media\/1963"}],"wp:attachment":[{"href":"https:\/\/www.ctube-gr.com\/es\/wp-json\/wp\/v2\/media?parent=1961"}],"wp:term":[{"taxonomy":"product_brand","embeddable":true,"href":"https:\/\/www.ctube-gr.com\/es\/wp-json\/wp\/v2\/product_brand?post=1961"},{"taxonomy":"product_cat","embeddable":true,"href":"https:\/\/www.ctube-gr.com\/es\/wp-json\/wp\/v2\/product_cat?post=1961"},{"taxonomy":"product_tag","embeddable":true,"href":"https:\/\/www.ctube-gr.com\/es\/wp-json\/wp\/v2\/product_tag?post=1961"}],"curies":[{"name":"Gracias","href":"https:\/\/api.w.org\/{rel}","templated":true}]}}