{"id":1980,"date":"2024-03-15T01:59:53","date_gmt":"2024-03-15T01:59:53","guid":{"rendered":"https:\/\/ctube-gr.com\/?post_type=product&#038;p=1980"},"modified":"2024-04-29T09:58:28","modified_gmt":"2024-04-29T09:58:28","slug":"conducto-corrugado-flexible-de-alta-resistencia-lszh-ctube-20-50-mm","status":"publish","type":"product","link":"https:\/\/www.ctube-gr.com\/es\/ctube-20-50mm-heavy-duty-flexible-corrugated-lszh-conduit","title":{"rendered":"Conducto corrugado flexible de alta resistencia LSZH Ctube de 20 a 50 mm"},"content":{"rendered":"<div data-elementor-type=\"product-post\" data-elementor-id=\"1980\" class=\"elementor elementor-1980\" data-elementor-post-type=\"product\">\n\t\t\t\t<div class=\"elementor-element elementor-element-0cacd80 e-flex e-con-boxed e-con e-parent\" data-id=\"0cacd80\" data-element_type=\"container\" data-e-type=\"container\" data-settings=\"{&quot;ekit_has_onepagescroll_dot&quot;:&quot;yes&quot;}\">\n\t\t\t\t\t<div class=\"e-con-inner\">\n\t\t\t\t<div class=\"elementor-element elementor-element-890edd3 elementor-widget elementor-widget-text-editor\" data-id=\"890edd3\" data-element_type=\"widget\" data-e-type=\"widget\" data-settings=\"{&quot;ekit_we_effect_on&quot;:&quot;none&quot;}\" data-widget_type=\"text-editor.default\">\n\t\t\t\t\t\t\t\t\t<table><tbody><tr><td width=\"147\">Marca:<\/td><td width=\"147\">Tubo C<\/td><td width=\"148\">Fabricante original:<\/td><td width=\"147\">Disponible<\/td><\/tr><tr><td width=\"147\">Material:<\/td><td width=\"147\">L\u00e1ser de luz ultravioleta<\/td><td width=\"148\">Longitud:<\/td><td width=\"147\">Personalizado<\/td><\/tr><tr><td width=\"147\">Espesor:<\/td><td width=\"147\">Personalizado<\/td><td width=\"148\">Rango OD:<\/td><td width=\"147\">20-50 mm<\/td><\/tr><tr><td width=\"147\">Proceso de dar un t\u00edtulo:<\/td><td width=\"147\">RoHS, CE, SGS, ISO<\/td><td width=\"148\">Color:<\/td><td width=\"147\">Gris o personalizado<\/td><\/tr><tr><td width=\"147\">Resistencia al fuego:<\/td><td width=\"147\">V0<\/td><td width=\"148\">Resistencia a los rayos UV:<\/td><td width=\"147\">S\u00ed<\/td><\/tr><tr><td width=\"147\">Conductividad:<\/td><td width=\"147\">Aislado<\/td><td width=\"148\">Dureza:<\/td><td width=\"147\">Flexible y resistente a los impactos.<\/td><\/tr><tr><td width=\"147\">Embalaje:<\/td><td width=\"147\">Bolsas de pl\u00e1stico y pel\u00edculas de PE<\/td><td width=\"148\">Muestra:<\/td><td width=\"147\">Gratis<\/td><\/tr><tr><td width=\"147\">Pa\u00eds:<\/td><td width=\"147\">Porcelana<\/td><td width=\"148\">F\u00e1brica:<\/td><td width=\"147\">Dongguan, Cant\u00f3n<\/td><\/tr><\/tbody><\/table><p><strong><b>Caracter\u00edsticas<\/b><\/strong><\/p><p>\u2013 Produce niveles muy bajos de humo y est\u00e1 pr\u00e1cticamente libre de hal\u00f3genos.<\/p><p>\u2013 Resistente a altas temperaturas hasta una compresi\u00f3n m\u00e1xima de 1250 Nt\/5cm.<\/p><p>\u2013 Cumple con IEC61386-1, IEC61386-21, IEC60754-1, IEC61034-2, UL94.<\/p><p>\u2013 Resistente al impacto, a la luz solar y al fuego.<\/p><p>\u2013 Superficie e interior brillante y liso.<\/p><p>\u2013 Termopl\u00e1stico duradero, no conductor y libre de hal\u00f3genos que no se oxida ni se corroe.<\/p><p>\u2013 Adecuado para aplicaciones tanto sobre como bajo tierra.<\/p><p><strong><b>Solicitud<\/b><\/strong><\/p><p>El conducto corrugado flexible LSZH de Ctube se utiliza generalmente para revestir cables, lo que ayuda a reducir los riesgos de peligros el\u00e9ctricos, como la electrocuci\u00f3n. El conducto el\u00e9ctrico corrugado es un art\u00edculo b\u00e1sico que utilizan los electricistas y otros contratistas para una protecci\u00f3n rentable de los cables. Dise\u00f1ado para proteger y enrutar el cableado el\u00e9ctrico. Posee excelentes propiedades aislantes, lo que lo hace ideal para proteger el cableado el\u00e9ctrico. Su construcci\u00f3n s\u00f3lida, resistencia qu\u00edmica y retardo de llama ofrecen protecci\u00f3n en entornos hostiles. El producto no emite humos ni gases t\u00f3xicos y no libera hal\u00f3genos t\u00f3xicos.<\/p><p><strong><b>Capacidad de fabricaci\u00f3n<\/b><\/strong><\/p><p>\u2013 Capacidad de producci\u00f3n: 10000 metros por semana<\/p><p>\u2013 M\u00e9todos de embalaje: bolsas de pl\u00e1stico y pel\u00edculas de PE<\/p>\t\t\t\t\t\t\t\t<\/div>\n\t\t\t\t<div class=\"elementor-element elementor-element-1ac6de3 elementor-widget elementor-widget-text-editor\" data-id=\"1ac6de3\" data-element_type=\"widget\" data-e-type=\"widget\" data-settings=\"{&quot;ekit_we_effect_on&quot;:&quot;none&quot;}\" data-widget_type=\"text-editor.default\">\n\t\t\t\t\t\t\t\t\t<p><strong><b>Tabla de tallas<\/b><\/strong><\/p><table><tbody><tr><td width=\"80\"><p>C\u00f3digo del producto<\/p><\/td><td width=\"80\"><p>Tama\u00f1o nominal<\/p><\/td><td width=\"80\"><p>OD m\u00ednima<\/p><\/td><td width=\"88\"><p>OD m\u00e1xima<\/p><\/td><td width=\"82\"><p>Identificaci\u00f3n m\u00ednima<\/p><\/td><td><p>Peso<\/p><\/td><\/tr><tr><td><p>CT-HFHDC20<\/p><\/td><td><p>\u03a620 mm<\/p><\/td><td><p>19,7 mm<\/p><\/td><td width=\"88\"><p>20,3 mm<\/p><\/td><td width=\"82\"><p>12,7 mm<\/p><\/td><td><p>100 g\/m2<\/p><\/td><\/tr><tr><td><p>CT-HFHDC25<\/p><\/td><td><p>\u03a625 mm<\/p><\/td><td><p>24,6 mm<\/p><\/td><td width=\"88\"><p>25,4 mm<\/p><\/td><td width=\"82\"><p>16,5 mm<\/p><\/td><td><p>150 g\/m2<\/p><\/td><\/tr><tr><td><p>CT-HFHDC32<\/p><\/td><td><p>\u03a632 mm<\/p><\/td><td><p>31,6 mm<\/p><\/td><td width=\"88\"><p>32,4 mm<\/p><\/td><td width=\"82\"><p>22,0 mm<\/p><\/td><td><p>220 g\/m2<\/p><\/td><\/tr><tr><td><p>CT-HFHDC40<\/p><\/td><td><p>\u03a640 mm<\/p><\/td><td><p>39,6 mm<\/p><\/td><td width=\"88\"><p>40,4 mm<\/p><\/td><td width=\"82\"><p>28,3 mm<\/p><\/td><td><p>230 g\/m2<\/p><\/td><\/tr><tr><td><p>CT-HFHDC50<\/p><\/td><td><p>\u03a650 mm<\/p><\/td><td><p>49,5 mm<\/p><\/td><td width=\"88\"><p>50,5 mm<\/p><\/td><td width=\"82\"><p>36,0 mm<\/p><\/td><td><p>320 g\/m2<\/p><\/td><\/tr><\/tbody><\/table>\t\t\t\t\t\t\t\t<\/div>\n\t\t\t\t\t<\/div>\n\t\t\t\t<\/div>\n\t\t\t\t<\/div>","protected":false},"excerpt":{"rendered":"<p><strong><b>Certificaci\u00f3n de calidad:<\/b><\/strong><\/p>\n<p>\u2013 Cumple con IEC61386-1, IEC61386-21 IEC60754-1, IEC61034-2, aprobado por UL94<\/p>","protected":false},"featured_media":1986,"comment_status":"closed","ping_status":"closed","template":"","meta":{"_sitemap_exclude":false,"_sitemap_priority":"","_sitemap_frequency":"","_joinchat":[]},"product_brand":[],"product_cat":[101,43,37],"product_tag":[],"class_list":{"0":"post-1980","1":"product","2":"type-product","3":"status-publish","4":"has-post-thumbnail","6":"product_cat-corrugated-conduit","7":"product_cat-low-smoke-halogen-free-conduit-and-fittings","8":"product_cat-specialized-application-products","10":"first","11":"instock","12":"shipping-taxable","13":"product-type-simple"},"_links":{"self":[{"href":"https:\/\/www.ctube-gr.com\/es\/wp-json\/wp\/v2\/product\/1980","targetHints":{"allow":["GET"]}}],"collection":[{"href":"https:\/\/www.ctube-gr.com\/es\/wp-json\/wp\/v2\/product"}],"about":[{"href":"https:\/\/www.ctube-gr.com\/es\/wp-json\/wp\/v2\/types\/product"}],"replies":[{"embeddable":true,"href":"https:\/\/www.ctube-gr.com\/es\/wp-json\/wp\/v2\/comments?post=1980"}],"version-history":[{"count":0,"href":"https:\/\/www.ctube-gr.com\/es\/wp-json\/wp\/v2\/product\/1980\/revisions"}],"wp:featuredmedia":[{"embeddable":true,"href":"https:\/\/www.ctube-gr.com\/es\/wp-json\/wp\/v2\/media\/1986"}],"wp:attachment":[{"href":"https:\/\/www.ctube-gr.com\/es\/wp-json\/wp\/v2\/media?parent=1980"}],"wp:term":[{"taxonomy":"product_brand","embeddable":true,"href":"https:\/\/www.ctube-gr.com\/es\/wp-json\/wp\/v2\/product_brand?post=1980"},{"taxonomy":"product_cat","embeddable":true,"href":"https:\/\/www.ctube-gr.com\/es\/wp-json\/wp\/v2\/product_cat?post=1980"},{"taxonomy":"product_tag","embeddable":true,"href":"https:\/\/www.ctube-gr.com\/es\/wp-json\/wp\/v2\/product_tag?post=1980"}],"curies":[{"name":"Gracias","href":"https:\/\/api.w.org\/{rel}","templated":true}]}}