{"id":2001,"date":"2024-03-15T02:18:47","date_gmt":"2024-03-15T02:18:47","guid":{"rendered":"https:\/\/ctube-gr.com\/?post_type=product&#038;p=2001"},"modified":"2024-04-29T10:00:04","modified_gmt":"2024-04-29T10:00:04","slug":"conducto-rigido-lszh-de-alta-resistencia-ctube-20-de-63-mm","status":"publish","type":"product","link":"https:\/\/www.ctube-gr.com\/es\/ctube-20-63mm-heavy-duty-rigid-lszh-conduit","title":{"rendered":"Conducto r\u00edgido LSZH de alta resistencia Ctube de 20 a 63 mm"},"content":{"rendered":"<div data-elementor-type=\"product-post\" data-elementor-id=\"2001\" class=\"elementor elementor-2001\" data-elementor-post-type=\"product\">\n\t\t\t\t<div class=\"elementor-element elementor-element-76ff589 e-flex e-con-boxed e-con e-parent\" data-id=\"76ff589\" data-element_type=\"container\" data-e-type=\"container\" data-settings=\"{&quot;ekit_has_onepagescroll_dot&quot;:&quot;yes&quot;}\">\n\t\t\t\t\t<div class=\"e-con-inner\">\n\t\t\t\t<div class=\"elementor-element elementor-element-f27eef7 elementor-widget elementor-widget-text-editor\" data-id=\"f27eef7\" data-element_type=\"widget\" data-e-type=\"widget\" data-settings=\"{&quot;ekit_we_effect_on&quot;:&quot;none&quot;}\" data-widget_type=\"text-editor.default\">\n\t\t\t\t\t\t\t\t\t<table><tbody><tr><td width=\"149\">Marca:<\/td><td width=\"149\">Tubo C<\/td><td width=\"150\">Fabricante original:<\/td><td width=\"149\">Disponible<\/td><\/tr><tr><td width=\"149\">Material:<\/td><td width=\"149\">L\u00e1ser de luz ultravioleta<\/td><td width=\"150\">Longitud:<\/td><td width=\"149\">Personalizado<\/td><\/tr><tr><td width=\"149\">Espesor:<\/td><td width=\"149\">Personalizado<\/td><td width=\"150\">Rango OD:<\/td><td width=\"149\">20-63 mm<\/td><\/tr><tr><td width=\"149\">Proceso de dar un t\u00edtulo:<\/td><td width=\"149\">RoHS, CE, SGS, ISO<\/td><td width=\"150\">Color:<\/td><td width=\"149\">Gris o personalizado<\/td><\/tr><tr><td width=\"149\">Resistencia al fuego:<\/td><td width=\"149\">V0<\/td><td width=\"150\">Resistencia a los rayos UV:<\/td><td width=\"149\">S\u00ed<\/td><\/tr><tr><td width=\"149\">Conductividad:<\/td><td width=\"149\">Aislado<\/td><td width=\"150\">Dureza:<\/td><td width=\"149\">R\u00edgido y resistente a los impactos.<\/td><\/tr><tr><td width=\"149\">Embalaje:<\/td><td width=\"149\">Bolsas de pl\u00e1stico y pel\u00edculas de PE<\/td><td width=\"150\">Muestra:<\/td><td width=\"149\">Gratis<\/td><\/tr><tr><td width=\"149\">Pa\u00eds:<\/td><td width=\"149\">Porcelana<\/td><td width=\"150\">F\u00e1brica:<\/td><td width=\"149\">Dongguan, Cant\u00f3n<\/td><\/tr><\/tbody><\/table><p><strong><b>Caracter\u00edsticas<\/b><\/strong><\/p><p>\u2013 Produce niveles muy bajos de humo y est\u00e1 pr\u00e1cticamente libre de hal\u00f3genos.<\/p><p>\u2013 Resistencia media a una compresi\u00f3n m\u00e1xima de 750 Nt\/5cm.<\/p><p>\u2013 Cumple con IEC61386-1, IEC61386-21, IEC60754-1, IEC61034-2, UL94.<\/p><p>\u2013 Resistente al impacto, a la luz solar y al fuego.<\/p><p>\u2013 Superficie e interior brillante y liso.<\/p><p>\u2013 Termopl\u00e1stico duradero, no conductor y libre de hal\u00f3genos que no se oxida ni se corroe.<\/p><p>\u2013 Adecuado para aplicaciones tanto sobre como bajo tierra.<\/p><p><strong><b>Solicitud<\/b><\/strong><\/p><p>El conducto r\u00edgido LSZH de servicio medio Ctube de 20 a 63 mm se conoce m\u00e1s com\u00fanmente como HFT y se utiliza en gran medida en t\u00faneles, teatros, centros comerciales y cualquier lugar donde haya una gran presencia de p\u00fablico. El producto no emite humos ni gases t\u00f3xicos y no libera hal\u00f3genos t\u00f3xicos. Son resistentes a la luz solar y se utilizan expuestos, revestidos de hormig\u00f3n, ocultos en paredes y en aplicaciones de enterramiento directo, incluidos sistemas para:<\/p><p>\u2013 Utilidades;<\/p><p>\u2013 Cables, l\u00edneas de datos y comunicaciones;<\/p><p>\u2013 Edificios institucionales, comerciales e industriales;<\/p><p><strong><b>Capacidad de fabricaci\u00f3n<\/b><\/strong><\/p><p>\u2013 Capacidad de producci\u00f3n: 10000 metros por semana<\/p><p>\u2013 M\u00e9todos de embalaje: bolsas de pl\u00e1stico y pel\u00edculas de PE<\/p>\t\t\t\t\t\t\t\t<\/div>\n\t\t\t\t<div class=\"elementor-element elementor-element-933827c elementor-widget elementor-widget-text-editor\" data-id=\"933827c\" data-element_type=\"widget\" data-e-type=\"widget\" data-settings=\"{&quot;ekit_we_effect_on&quot;:&quot;none&quot;}\" data-widget_type=\"text-editor.default\">\n\t\t\t\t\t\t\t\t\t<p><strong><b>Tabla de tallas<\/b><\/strong><\/p><table style=\"height: 574px;\" width=\"217\"><tbody><tr><td width=\"79\"><p>C\u00f3digo del producto<\/p><\/td><td width=\"79\"><p>Tama\u00f1o nominal<\/p><\/td><td width=\"79\"><p>OD m\u00ednima<\/p><\/td><td width=\"86\"><p>OD m\u00e1xima<\/p><\/td><td width=\"81\"><p>Peso<\/p><\/td><td><p>Paquete<\/p><\/td><\/tr><tr><td><p>CT-HFHDR20<\/p><\/td><td><p>\u03a620 mm<\/p><\/td><td><p>19,7 mm<\/p><\/td><td width=\"86\"><p>20,0 mm<\/p><\/td><td width=\"81\"><p>2,3-2,6 mm<\/p><\/td><td><p>25 piezas\/barra<\/p><\/td><\/tr><tr><td><p>CT-HFHDR25<\/p><\/td><td><p>\u03a625 mm<\/p><\/td><td><p>24,7 mm<\/p><\/td><td width=\"86\"><p>25,0 mm<\/p><\/td><td width=\"81\"><p>2,5-2,8 mm<\/p><\/td><td><p>18 piezas\/barra<\/p><\/td><\/tr><tr><td><p>CT-HFHDR32<\/p><\/td><td><p>\u03a632 mm<\/p><\/td><td><p>31,7 mm<\/p><\/td><td width=\"86\"><p>32,0 mm<\/p><\/td><td width=\"81\"><p>2,7-3,0 mm<\/p><\/td><td><p>12 piezas\/barra<\/p><\/td><\/tr><tr><td><p>CT-HFHDR40<\/p><\/td><td><p>\u03a640 mm<\/p><\/td><td><p>39,7 mm<\/p><\/td><td width=\"86\"><p>40,0 mm<\/p><\/td><td width=\"81\"><p>3,1-3,4 mm<\/p><\/td><td><p>12 piezas\/barra<\/p><\/td><\/tr><tr><td><p>CT-HFHDR50<\/p><\/td><td><p>\u03a650 mm<\/p><\/td><td><p>49,7 mm<\/p><\/td><td width=\"86\"><p>50,0 mm<\/p><\/td><td width=\"81\"><p>3,4-3,9 mm<\/p><\/td><td><p>5 piezas\/barra<\/p><\/td><\/tr><tr><td><p>CT-HFHDR63<\/p><\/td><td><p>\u03a663 mm<\/p><\/td><td><p>62,7 mm<\/p><\/td><td width=\"86\"><p>63,0 mm<\/p><\/td><td width=\"81\"><p>3,9-4,5 mm<\/p><\/td><td><p>5 piezas\/barra<\/p><\/td><\/tr><\/tbody><\/table>\t\t\t\t\t\t\t\t<\/div>\n\t\t\t\t\t<\/div>\n\t\t\t\t<\/div>\n\t\t\t\t<\/div>","protected":false},"excerpt":{"rendered":"<p><strong><b>Certificaci\u00f3n de calidad:<\/b><\/strong><\/p>\n<p>\u2013 Aprobado por IEC61386-1, IEC61386-21, IEC60754-1, IEC61034-2 y UL94<\/p>","protected":false},"featured_media":2005,"comment_status":"closed","ping_status":"closed","template":"","meta":{"_sitemap_exclude":false,"_sitemap_priority":"","_sitemap_frequency":"","_joinchat":[]},"product_brand":[],"product_cat":[43,89,37],"product_tag":[],"class_list":{"0":"post-2001","1":"product","2":"type-product","3":"status-publish","4":"has-post-thumbnail","6":"product_cat-low-smoke-halogen-free-conduit-and-fittings","7":"product_cat-rigid-conduit-low-smoke-halogen-free-conduit-and-fittings","8":"product_cat-specialized-application-products","10":"first","11":"instock","12":"shipping-taxable","13":"product-type-simple"},"_links":{"self":[{"href":"https:\/\/www.ctube-gr.com\/es\/wp-json\/wp\/v2\/product\/2001","targetHints":{"allow":["GET"]}}],"collection":[{"href":"https:\/\/www.ctube-gr.com\/es\/wp-json\/wp\/v2\/product"}],"about":[{"href":"https:\/\/www.ctube-gr.com\/es\/wp-json\/wp\/v2\/types\/product"}],"replies":[{"embeddable":true,"href":"https:\/\/www.ctube-gr.com\/es\/wp-json\/wp\/v2\/comments?post=2001"}],"version-history":[{"count":0,"href":"https:\/\/www.ctube-gr.com\/es\/wp-json\/wp\/v2\/product\/2001\/revisions"}],"wp:featuredmedia":[{"embeddable":true,"href":"https:\/\/www.ctube-gr.com\/es\/wp-json\/wp\/v2\/media\/2005"}],"wp:attachment":[{"href":"https:\/\/www.ctube-gr.com\/es\/wp-json\/wp\/v2\/media?parent=2001"}],"wp:term":[{"taxonomy":"product_brand","embeddable":true,"href":"https:\/\/www.ctube-gr.com\/es\/wp-json\/wp\/v2\/product_brand?post=2001"},{"taxonomy":"product_cat","embeddable":true,"href":"https:\/\/www.ctube-gr.com\/es\/wp-json\/wp\/v2\/product_cat?post=2001"},{"taxonomy":"product_tag","embeddable":true,"href":"https:\/\/www.ctube-gr.com\/es\/wp-json\/wp\/v2\/product_tag?post=2001"}],"curies":[{"name":"Gracias","href":"https:\/\/api.w.org\/{rel}","templated":true}]}}