{"id":2030,"date":"2024-03-15T02:30:48","date_gmt":"2024-03-15T02:30:48","guid":{"rendered":"https:\/\/ctube-gr.com\/?post_type=product&#038;p=2030"},"modified":"2024-04-18T03:21:04","modified_gmt":"2024-04-18T03:21:04","slug":"caja-de-conexiones-poco-profunda-ctube-20-25-mm-3-vias-lszh","status":"publish","type":"product","link":"https:\/\/www.ctube-gr.com\/es\/ctube-20-25mm-3-way-lszh-shallow-junction-box","title":{"rendered":"Caja de conexiones de 3 v\u00edas LSZH de 20-25 mm de Ctube"},"content":{"rendered":"<div data-elementor-type=\"product-post\" data-elementor-id=\"2030\" class=\"elementor elementor-2030\" data-elementor-post-type=\"product\">\n\t\t\t\t<div class=\"elementor-element elementor-element-b543983 e-flex e-con-boxed e-con e-parent\" data-id=\"b543983\" data-element_type=\"container\" data-e-type=\"container\" data-settings=\"{&quot;ekit_has_onepagescroll_dot&quot;:&quot;yes&quot;}\">\n\t\t\t\t\t<div class=\"e-con-inner\">\n\t\t\t\t<div class=\"elementor-element elementor-element-831a854 elementor-widget elementor-widget-text-editor\" data-id=\"831a854\" data-element_type=\"widget\" data-e-type=\"widget\" data-settings=\"{&quot;ekit_we_effect_on&quot;:&quot;none&quot;}\" data-widget_type=\"text-editor.default\">\n\t\t\t\t\t\t\t\t\t<table><tbody><tr><td width=\"154\">Marca:<\/td><td width=\"154\">Tubo C<\/td><td width=\"155\">Fabricante original:<\/td><td width=\"154\">Disponible<\/td><\/tr><tr><td width=\"154\">Material:<\/td><td width=\"154\">L\u00e1ser de luz ultravioleta<\/td><td width=\"155\">Longitud:<\/td><td width=\"154\">Personalizado<\/td><\/tr><tr><td width=\"154\">Espesor:<\/td><td width=\"154\">Personalizado<\/td><td width=\"155\">Rango OD:<\/td><td width=\"154\">20-25 mm<\/td><\/tr><tr><td width=\"154\">Proceso de dar un t\u00edtulo:<\/td><td width=\"154\">RoHS, CE, SGS, ISO<\/td><td width=\"155\">Color:<\/td><td width=\"154\">Gris o personalizado<\/td><\/tr><tr><td width=\"154\">Resistencia al fuego:<\/td><td width=\"154\">V0<\/td><td width=\"155\">Resistencia a los rayos UV:<\/td><td width=\"154\">S\u00ed<\/td><\/tr><tr><td width=\"154\">Conductividad:<\/td><td width=\"154\">Aislado<\/td><td width=\"155\">Dureza:<\/td><td width=\"154\">R\u00edgido y resistente a los impactos.<\/td><\/tr><tr><td width=\"154\">Embalaje:<\/td><td width=\"154\">Bolsas de pl\u00e1stico y pel\u00edculas de PE<\/td><td width=\"155\">Muestra:<\/td><td width=\"154\">Gratis<\/td><\/tr><tr><td width=\"154\">Pa\u00eds:<\/td><td width=\"154\">Porcelana<\/td><td width=\"155\">F\u00e1brica:<\/td><td width=\"154\">Dongguan, Cant\u00f3n<\/td><\/tr><\/tbody><\/table><p><strong><b>Caracter\u00edsticas<\/b><\/strong><\/p><p>\u2013 Tapas y tornillos incluidos.<\/p><p>\u2013 Cumple con IEC61386-1, IEC61386-21, IEC60754-1, IEC61034-2, UL94.<\/p><p>\u2013 Resistente al impacto, a la luz solar y al fuego.<\/p><p>\u2013 Superficie e interior brillante y liso.<\/p><p>\u2013 El PVC duradero no conductor no se oxida ni se corroe.<\/p><p>\u2013 Adecuado para aplicaciones tanto sobre como bajo tierra.<\/p><p><strong><b>Solicitud<\/b><\/strong><\/p><p>Las cajas de conexiones de poca profundidad LSZH de 3 v\u00edas de Ctube son cajas de baja emisi\u00f3n de humo y sin hal\u00f3genos que albergan conexiones el\u00e9ctricas y se utilizan para unir conductos el\u00e9ctricos de modo que los cables puedan pasar por 3 v\u00edas. Protegen las conexiones el\u00e9ctricas del clima y tambi\u00e9n protegen a las personas de descargas el\u00e9ctricas accidentales.<\/p><p><strong><b>Capacidad de fabricaci\u00f3n<\/b><\/strong><\/p><p>\u2013 Capacidad de producci\u00f3n: 50000 piezas por semana<\/p><p>\u2013 M\u00e9todos de embalaje: bolsas de pl\u00e1stico y pel\u00edculas de PE<\/p>\t\t\t\t\t\t\t\t<\/div>\n\t\t\t\t<div class=\"elementor-element elementor-element-7c49714 elementor-widget elementor-widget-text-editor\" data-id=\"7c49714\" data-element_type=\"widget\" data-e-type=\"widget\" data-settings=\"{&quot;ekit_we_effect_on&quot;:&quot;none&quot;}\" data-widget_type=\"text-editor.default\">\n\t\t\t\t\t\t\t\t\t<p><strong><b>Tabla de tallas<\/b><\/strong><\/p><table><tbody><tr><td width=\"105\"><p>C\u00f3digo del producto<\/p><\/td><td width=\"105\"><p>Tama\u00f1o nominal<\/p><\/td><td width=\"105\"><p>Ancho<\/p><\/td><td width=\"117\"><p>Altura<\/p><\/td><td width=\"164\"><p>Embalaje exterior<\/p><\/td><\/tr><tr><td><p>CT-SJB20-3<\/p><\/td><td width=\"105\"><p>20 mm<\/p><\/td><td width=\"105\"><p>64 mm<\/p><\/td><td width=\"117\"><p>43 mm<\/p><\/td><td width=\"164\"><p>120 cajas\/cart\u00f3n<\/p><\/td><\/tr><tr><td><p>CT-SJB25-3<\/p><\/td><td><p>25 mm<\/p><\/td><td><p>64 mm<\/p><\/td><td><p>43 mm<\/p><\/td><td><p>120 cajas\/cart\u00f3n<\/p><\/td><\/tr><\/tbody><\/table>\t\t\t\t\t\t\t\t<\/div>\n\t\t\t\t\t<\/div>\n\t\t\t\t<\/div>\n\t\t\t\t<\/div>","protected":false},"excerpt":{"rendered":"<p><strong><b>Certificaci\u00f3n de calidad:<\/b><\/strong><\/p>\n<p>\u2013 Aprobado por IEC61386-1, IEC61386-21, IEC60754-1, IEC61034-2 y UL94<\/p>","protected":false},"featured_media":2035,"comment_status":"closed","ping_status":"closed","template":"","meta":{"_sitemap_exclude":false,"_sitemap_priority":"","_sitemap_frequency":"","_joinchat":[]},"product_brand":[],"product_cat":[92,43,37],"product_tag":[],"class_list":{"0":"post-2030","1":"product","2":"type-product","3":"status-publish","4":"has-post-thumbnail","6":"product_cat-junction-box-low-smoke-halogen-free-conduit-and-fittings","7":"product_cat-low-smoke-halogen-free-conduit-and-fittings","8":"product_cat-specialized-application-products","10":"first","11":"instock","12":"shipping-taxable","13":"product-type-simple"},"_links":{"self":[{"href":"https:\/\/www.ctube-gr.com\/es\/wp-json\/wp\/v2\/product\/2030","targetHints":{"allow":["GET"]}}],"collection":[{"href":"https:\/\/www.ctube-gr.com\/es\/wp-json\/wp\/v2\/product"}],"about":[{"href":"https:\/\/www.ctube-gr.com\/es\/wp-json\/wp\/v2\/types\/product"}],"replies":[{"embeddable":true,"href":"https:\/\/www.ctube-gr.com\/es\/wp-json\/wp\/v2\/comments?post=2030"}],"version-history":[{"count":0,"href":"https:\/\/www.ctube-gr.com\/es\/wp-json\/wp\/v2\/product\/2030\/revisions"}],"wp:featuredmedia":[{"embeddable":true,"href":"https:\/\/www.ctube-gr.com\/es\/wp-json\/wp\/v2\/media\/2035"}],"wp:attachment":[{"href":"https:\/\/www.ctube-gr.com\/es\/wp-json\/wp\/v2\/media?parent=2030"}],"wp:term":[{"taxonomy":"product_brand","embeddable":true,"href":"https:\/\/www.ctube-gr.com\/es\/wp-json\/wp\/v2\/product_brand?post=2030"},{"taxonomy":"product_cat","embeddable":true,"href":"https:\/\/www.ctube-gr.com\/es\/wp-json\/wp\/v2\/product_cat?post=2030"},{"taxonomy":"product_tag","embeddable":true,"href":"https:\/\/www.ctube-gr.com\/es\/wp-json\/wp\/v2\/product_tag?post=2030"}],"curies":[{"name":"Gracias","href":"https:\/\/api.w.org\/{rel}","templated":true}]}}