{"id":2044,"date":"2024-03-15T02:34:12","date_gmt":"2024-03-15T02:34:12","guid":{"rendered":"https:\/\/ctube-gr.com\/?post_type=product&#038;p=2044"},"modified":"2024-04-29T09:55:11","modified_gmt":"2024-04-29T09:55:11","slug":"caja-de-conexiones-profundas-lszh-de-3-vias-ctube-20-25-mm","status":"publish","type":"product","link":"https:\/\/www.ctube-gr.com\/es\/ctube-20-25mm-3-way-lszh-deep-junction-box","title":{"rendered":"Caja de conexiones profundas LSZH de 3 v\u00edas de 20 a 25 mm de Ctube"},"content":{"rendered":"<div data-elementor-type=\"product-post\" data-elementor-id=\"2044\" class=\"elementor elementor-2044\" data-elementor-post-type=\"product\">\n\t\t\t\t<div class=\"elementor-element elementor-element-87a0c89 e-flex e-con-boxed e-con e-parent\" data-id=\"87a0c89\" data-element_type=\"container\" data-e-type=\"container\" data-settings=\"{&quot;ekit_has_onepagescroll_dot&quot;:&quot;yes&quot;}\">\n\t\t\t\t\t<div class=\"e-con-inner\">\n\t\t\t\t<div class=\"elementor-element elementor-element-37c9e28 elementor-widget elementor-widget-text-editor\" data-id=\"37c9e28\" data-element_type=\"widget\" data-e-type=\"widget\" data-settings=\"{&quot;ekit_we_effect_on&quot;:&quot;none&quot;}\" data-widget_type=\"text-editor.default\">\n\t\t\t\t\t\t\t\t\t<table><tbody><tr><td width=\"148\">Marca:<\/td><td width=\"148\">Tubo C<\/td><td width=\"149\">Fabricante original:<\/td><td width=\"148\">Disponible<\/td><\/tr><tr><td width=\"148\">Material:<\/td><td width=\"148\">L\u00e1ser de luz ultravioleta<\/td><td width=\"149\">Longitud:<\/td><td width=\"148\">Personalizado<\/td><\/tr><tr><td width=\"148\">Espesor:<\/td><td width=\"148\">Personalizado<\/td><td width=\"149\">Rango OD:<\/td><td width=\"148\">20-25 mm<\/td><\/tr><tr><td width=\"148\">Proceso de dar un t\u00edtulo:<\/td><td width=\"148\">RoHS, CE, SGS, ISO<\/td><td width=\"149\">Color:<\/td><td width=\"148\">Gris o personalizado<\/td><\/tr><tr><td width=\"148\">Resistencia al fuego:<\/td><td width=\"148\">V0<\/td><td width=\"149\">Resistencia a los rayos UV:<\/td><td width=\"148\">S\u00ed<\/td><\/tr><tr><td width=\"148\">Conductividad:<\/td><td width=\"148\">Aislado<\/td><td width=\"149\">Dureza:<\/td><td width=\"148\">R\u00edgido y resistente a los impactos.<\/td><\/tr><tr><td width=\"148\">Embalaje:<\/td><td width=\"148\">Bolsas de pl\u00e1stico y pel\u00edculas de PE<\/td><td width=\"149\">Muestra:<\/td><td width=\"148\">Gratis<\/td><\/tr><tr><td width=\"148\">Pa\u00eds:<\/td><td width=\"148\">Porcelana<\/td><td width=\"149\">F\u00e1brica:<\/td><td width=\"148\">Dongguan, Cant\u00f3n<\/td><\/tr><\/tbody><\/table><p><strong><b>Caracter\u00edsticas<\/b><\/strong><\/p><p>\u2013 Produce niveles muy bajos de humo y est\u00e1 pr\u00e1cticamente libre de hal\u00f3genos.<\/p><p>\u2013 Tapas y tornillos incluidos.<\/p><p>\u2013 Cumple con IEC61386-1, IEC61386-21, IEC60754-1, IEC61034-2, UL94.<\/p><p>\u2013 Resistente al impacto, a la luz solar y al fuego.<\/p><p>\u2013 Superficie e interior brillante y liso.<\/p><p>\u2013 El PVC duradero no conductor no se oxida ni se corroe.<\/p><p>\u2013 Adecuado para aplicaciones tanto sobre como bajo tierra.<\/p><p><strong><b>Solicitud<\/b><\/strong><\/p><p>Las cajas de conexiones profundas LSZH de 3 v\u00edas de Ctube son cajas de baja emisi\u00f3n de humo y sin hal\u00f3genos que albergan conexiones el\u00e9ctricas y se utilizan para unir conductos el\u00e9ctricos de modo que los cables puedan pasar por 3 v\u00edas. Protegen las conexiones el\u00e9ctricas del clima y tambi\u00e9n protegen a las personas de descargas el\u00e9ctricas accidentales.<\/p><p><strong><b>Capacidad de fabricaci\u00f3n<\/b><\/strong><\/p><p>\u2013 Capacidad de producci\u00f3n: 50000 piezas por semana<\/p><p>\u2013 M\u00e9todos de embalaje: bolsas de pl\u00e1stico y pel\u00edculas de PE<\/p>\t\t\t\t\t\t\t\t<\/div>\n\t\t\t\t\t<\/div>\n\t\t\t\t<\/div>\n\t\t<div class=\"elementor-element elementor-element-dcc0e03 e-flex e-con-boxed e-con e-parent\" data-id=\"dcc0e03\" data-element_type=\"container\" data-e-type=\"container\" data-settings=\"{&quot;ekit_has_onepagescroll_dot&quot;:&quot;yes&quot;}\">\n\t\t\t\t\t<div class=\"e-con-inner\">\n\t\t\t\t<div class=\"elementor-element elementor-element-859ec39 elementor-widget elementor-widget-text-editor\" data-id=\"859ec39\" data-element_type=\"widget\" data-e-type=\"widget\" data-settings=\"{&quot;ekit_we_effect_on&quot;:&quot;none&quot;}\" data-widget_type=\"text-editor.default\">\n\t\t\t\t\t\t\t\t\t<p><strong><b>Tabla de tallas<\/b><\/strong><\/p><table><tbody><tr><td width=\"103\"><p>C\u00f3digo del producto<\/p><\/td><td width=\"103\"><p>Tama\u00f1o nominal<\/p><\/td><td width=\"103\"><p>Ancho<\/p><\/td><td width=\"115\"><p>Altura<\/p><\/td><td width=\"162\"><p>Embalaje exterior<\/p><\/td><\/tr><tr><td><p>CT-DJB20-3<\/p><\/td><td width=\"103\"><p>20 mm<\/p><\/td><td width=\"103\"><p>64 mm<\/p><\/td><td width=\"115\"><p>71 mm<\/p><\/td><td width=\"162\"><p>120 cajas\/cart\u00f3n<\/p><\/td><\/tr><tr><td><p>CT-DJB25-3<\/p><\/td><td><p>25 mm<\/p><\/td><td><p>64 mm<\/p><\/td><td><p>71 mm<\/p><\/td><td><p>120 cajas\/cart\u00f3n<\/p><\/td><\/tr><\/tbody><\/table>\t\t\t\t\t\t\t\t<\/div>\n\t\t\t\t\t<\/div>\n\t\t\t\t<\/div>\n\t\t\t\t<\/div>","protected":false},"excerpt":{"rendered":"<p><strong><b>Certificaci\u00f3n de calidad:<\/b><\/strong><\/p>\n<p>\u2013 Aprobado por IEC61386-1, IEC61386-21, IEC60754-1, IEC61034-2 y UL94<\/p>","protected":false},"featured_media":2049,"comment_status":"closed","ping_status":"closed","template":"","meta":{"_sitemap_exclude":false,"_sitemap_priority":"","_sitemap_frequency":"","_joinchat":[]},"product_brand":[],"product_cat":[92,43,37],"product_tag":[],"class_list":{"0":"post-2044","1":"product","2":"type-product","3":"status-publish","4":"has-post-thumbnail","6":"product_cat-junction-box-low-smoke-halogen-free-conduit-and-fittings","7":"product_cat-low-smoke-halogen-free-conduit-and-fittings","8":"product_cat-specialized-application-products","10":"first","11":"instock","12":"shipping-taxable","13":"product-type-simple"},"_links":{"self":[{"href":"https:\/\/www.ctube-gr.com\/es\/wp-json\/wp\/v2\/product\/2044","targetHints":{"allow":["GET"]}}],"collection":[{"href":"https:\/\/www.ctube-gr.com\/es\/wp-json\/wp\/v2\/product"}],"about":[{"href":"https:\/\/www.ctube-gr.com\/es\/wp-json\/wp\/v2\/types\/product"}],"replies":[{"embeddable":true,"href":"https:\/\/www.ctube-gr.com\/es\/wp-json\/wp\/v2\/comments?post=2044"}],"version-history":[{"count":0,"href":"https:\/\/www.ctube-gr.com\/es\/wp-json\/wp\/v2\/product\/2044\/revisions"}],"wp:featuredmedia":[{"embeddable":true,"href":"https:\/\/www.ctube-gr.com\/es\/wp-json\/wp\/v2\/media\/2049"}],"wp:attachment":[{"href":"https:\/\/www.ctube-gr.com\/es\/wp-json\/wp\/v2\/media?parent=2044"}],"wp:term":[{"taxonomy":"product_brand","embeddable":true,"href":"https:\/\/www.ctube-gr.com\/es\/wp-json\/wp\/v2\/product_brand?post=2044"},{"taxonomy":"product_cat","embeddable":true,"href":"https:\/\/www.ctube-gr.com\/es\/wp-json\/wp\/v2\/product_cat?post=2044"},{"taxonomy":"product_tag","embeddable":true,"href":"https:\/\/www.ctube-gr.com\/es\/wp-json\/wp\/v2\/product_tag?post=2044"}],"curies":[{"name":"Gracias","href":"https:\/\/api.w.org\/{rel}","templated":true}]}}