{"id":2063,"date":"2024-03-15T02:41:04","date_gmt":"2024-03-15T02:41:04","guid":{"rendered":"https:\/\/ctube-gr.com\/?post_type=product&#038;p=2063"},"modified":"2024-06-14T09:33:29","modified_gmt":"2024-06-14T09:33:29","slug":"caja-de-conexiones-profundas-lszh-de-2-vias-de-ctube-20-25-mm","status":"publish","type":"product","link":"https:\/\/www.ctube-gr.com\/es\/ctube-20-25mm-2-way-lszh-deep-junction-box","title":{"rendered":"Caja de conexiones profundas LSZH de 2 v\u00edas de 20 a 25 mm de Ctube"},"content":{"rendered":"<div data-elementor-type=\"product-post\" data-elementor-id=\"2063\" class=\"elementor elementor-2063\" data-elementor-post-type=\"product\">\n\t\t\t\t<div class=\"elementor-element elementor-element-595382c e-flex e-con-boxed e-con e-parent\" data-id=\"595382c\" data-element_type=\"container\" data-e-type=\"container\" data-settings=\"{&quot;ekit_has_onepagescroll_dot&quot;:&quot;yes&quot;}\">\n\t\t\t\t\t<div class=\"e-con-inner\">\n\t\t\t\t<div class=\"elementor-element elementor-element-3386f5c elementor-widget elementor-widget-text-editor\" data-id=\"3386f5c\" data-element_type=\"widget\" data-e-type=\"widget\" data-settings=\"{&quot;ekit_we_effect_on&quot;:&quot;none&quot;}\" data-widget_type=\"text-editor.default\">\n\t\t\t\t\t\t\t\t\t<table><tbody><tr><td width=\"148\">Marca:<\/td><td width=\"148\">Tubo C<\/td><td width=\"148\">Fabricante original:<\/td><td width=\"148\">Disponible<\/td><\/tr><tr><td width=\"148\">Material:<\/td><td width=\"148\">L\u00e1ser de luz ultravioleta<\/td><td width=\"148\">Longitud:<\/td><td width=\"148\">Personalizado<\/td><\/tr><tr><td width=\"148\">Espesor:<\/td><td width=\"148\">Personalizado<\/td><td width=\"148\">Rango OD:<\/td><td width=\"148\">20-25 mm<\/td><\/tr><tr><td width=\"148\">Proceso de dar un t\u00edtulo:<\/td><td width=\"148\">RoHS, CE, SGS, ISO<\/td><td width=\"148\">Color:<\/td><td width=\"148\">Gris o personalizado<\/td><\/tr><tr><td width=\"148\">Resistencia al fuego:<\/td><td width=\"148\">V0<\/td><td width=\"148\">Resistencia a los rayos UV:<\/td><td width=\"148\">S\u00ed<\/td><\/tr><tr><td width=\"148\">Conductividad:<\/td><td width=\"148\">Aislado<\/td><td width=\"148\">Dureza:<\/td><td width=\"148\">R\u00edgido y resistente a los impactos.<\/td><\/tr><tr><td width=\"148\">Embalaje:<\/td><td width=\"148\">Bolsas de pl\u00e1stico y pel\u00edculas de PE<\/td><td width=\"148\">Muestra:<\/td><td width=\"148\">Gratis<\/td><\/tr><tr><td width=\"148\">Pa\u00eds:<\/td><td width=\"148\">Porcelana<\/td><td width=\"148\">F\u00e1brica:<\/td><td width=\"148\">Dongguan, Cant\u00f3n<\/td><\/tr><\/tbody><\/table><p><strong><b>Caracter\u00edsticas<\/b><\/strong><\/p><p>\u2013 Produce niveles muy bajos de humo y est\u00e1 pr\u00e1cticamente libre de hal\u00f3genos.<\/p><p>\u2013 Tapas y tornillos incluidos.<\/p><p>\u2013 Cumple con IEC61386-1, IEC61386-21, IEC60754-1, IEC61034-2, UL94.<\/p><p>\u2013 Resistente al impacto, a la luz solar y al fuego.<\/p><p>\u2013 Superficie e interior brillante y liso.<\/p><p>\u2013 El PVC duradero no conductor no se oxida ni se corroe.<\/p><p>\u2013 Adecuado para aplicaciones tanto sobre como bajo tierra.<\/p><p><strong><b>Solicitud<\/b><\/strong><\/p><p>Las cajas de conexiones profundas LSZH de 2 v\u00edas de Ctube son cajas de baja emisi\u00f3n de humo y sin hal\u00f3genos que albergan conexiones el\u00e9ctricas y se utilizan para unir conductos el\u00e9ctricos de modo que los cables puedan pasar en 2 direcciones. Protegen las conexiones el\u00e9ctricas del clima y tambi\u00e9n protegen a las personas de descargas el\u00e9ctricas accidentales.<\/p><p><strong><b>Capacidad de fabricaci\u00f3n<\/b><\/strong><\/p><p>\u2013 Capacidad de producci\u00f3n: 50000 piezas por semana<\/p><p>\u2013 M\u00e9todos de embalaje: bolsas de pl\u00e1stico y pel\u00edculas de PE<\/p>\t\t\t\t\t\t\t\t<\/div>\n\t\t\t\t<div class=\"elementor-element elementor-element-c6f4bcb elementor-widget elementor-widget-text-editor\" data-id=\"c6f4bcb\" data-element_type=\"widget\" data-e-type=\"widget\" data-settings=\"{&quot;ekit_we_effect_on&quot;:&quot;none&quot;}\" data-widget_type=\"text-editor.default\">\n\t\t\t\t\t\t\t\t\t<p><strong>Tabla de tallas<\/strong><\/p><table><tbody><tr><td width=\"105\">C\u00f3digo del producto<\/td><td width=\"105\">Tama\u00f1o nominal<\/td><td width=\"105\">Ancho<\/td><td width=\"117\">Altura<\/td><td width=\"164\">Embalaje exterior<\/td><\/tr><tr><td>CT-DJB20-2<\/td><td width=\"105\">20 mm<\/td><td width=\"105\">64 mm<\/td><td width=\"117\">71 mm<\/td><td width=\"164\">120 cajas\/cart\u00f3n<\/td><\/tr><tr><td>CT-DJB25-2<\/td><td>25 mm<\/td><td>64 mm<\/td><td>71 mm<\/td><td>120 cajas\/cart\u00f3n<\/td><\/tr><\/tbody><\/table><p><b>\u00a0\u00a0<\/b><\/p>\t\t\t\t\t\t\t\t<\/div>\n\t\t\t\t\t<\/div>\n\t\t\t\t<\/div>\n\t\t\t\t<\/div>","protected":false},"excerpt":{"rendered":"<p><strong><b>Certificaci\u00f3n de calidad:<\/b><\/strong><\/p>\n<p>\u2013 Aprobado por IEC61386-1, IEC61386-21, IEC60754-1, IEC61034-2 y UL94<\/p>","protected":false},"featured_media":2064,"comment_status":"closed","ping_status":"closed","template":"","meta":{"_sitemap_exclude":false,"_sitemap_priority":"","_sitemap_frequency":"","_joinchat":[]},"product_brand":[],"product_cat":[92,43,37],"product_tag":[],"class_list":{"0":"post-2063","1":"product","2":"type-product","3":"status-publish","4":"has-post-thumbnail","6":"product_cat-junction-box-low-smoke-halogen-free-conduit-and-fittings","7":"product_cat-low-smoke-halogen-free-conduit-and-fittings","8":"product_cat-specialized-application-products","10":"first","11":"instock","12":"shipping-taxable","13":"product-type-simple"},"_links":{"self":[{"href":"https:\/\/www.ctube-gr.com\/es\/wp-json\/wp\/v2\/product\/2063","targetHints":{"allow":["GET"]}}],"collection":[{"href":"https:\/\/www.ctube-gr.com\/es\/wp-json\/wp\/v2\/product"}],"about":[{"href":"https:\/\/www.ctube-gr.com\/es\/wp-json\/wp\/v2\/types\/product"}],"replies":[{"embeddable":true,"href":"https:\/\/www.ctube-gr.com\/es\/wp-json\/wp\/v2\/comments?post=2063"}],"version-history":[{"count":0,"href":"https:\/\/www.ctube-gr.com\/es\/wp-json\/wp\/v2\/product\/2063\/revisions"}],"wp:featuredmedia":[{"embeddable":true,"href":"https:\/\/www.ctube-gr.com\/es\/wp-json\/wp\/v2\/media\/2064"}],"wp:attachment":[{"href":"https:\/\/www.ctube-gr.com\/es\/wp-json\/wp\/v2\/media?parent=2063"}],"wp:term":[{"taxonomy":"product_brand","embeddable":true,"href":"https:\/\/www.ctube-gr.com\/es\/wp-json\/wp\/v2\/product_brand?post=2063"},{"taxonomy":"product_cat","embeddable":true,"href":"https:\/\/www.ctube-gr.com\/es\/wp-json\/wp\/v2\/product_cat?post=2063"},{"taxonomy":"product_tag","embeddable":true,"href":"https:\/\/www.ctube-gr.com\/es\/wp-json\/wp\/v2\/product_tag?post=2063"}],"curies":[{"name":"Gracias","href":"https:\/\/api.w.org\/{rel}","templated":true}]}}