{"id":2780,"date":"2024-03-29T00:50:08","date_gmt":"2024-03-29T00:50:08","guid":{"rendered":"https:\/\/ctube-gr.com\/?post_type=product&#038;p=2780"},"modified":"2024-08-01T06:18:37","modified_gmt":"2024-08-01T06:18:37","slug":"caja-adaptable-solar-ctube-85-300mm","status":"publish","type":"product","link":"https:\/\/www.ctube-gr.com\/es\/ctube-85-300mm-solar-adaptable-box","title":{"rendered":"Caja adaptable solar Ctube 85-300 mm"},"content":{"rendered":"<p><strong><b>Descripci\u00f3n general<\/b><\/strong><\/p>\n<table>\n<tbody>\n<tr>\n<td width=\"141\">Marca:<\/td>\n<td width=\"141\">Tubo C<\/td>\n<td width=\"142\">Fabricante original:<\/td>\n<td width=\"141\">Disponible<\/td>\n<\/tr>\n<tr>\n<td width=\"141\">Material:<\/td>\n<td width=\"141\">CLORURO DE POLIVINILO<\/td>\n<td width=\"142\">Longitud:<\/td>\n<td width=\"141\">Personalizado<\/td>\n<\/tr>\n<tr>\n<td width=\"141\">Espesor:<\/td>\n<td width=\"141\">Personalizado<\/td>\n<td width=\"142\">Rango OD:<\/td>\n<td width=\"141\">85-300 mm<\/td>\n<\/tr>\n<tr>\n<td width=\"141\">Proceso de dar un t\u00edtulo:<\/td>\n<td width=\"141\">AS\/NZS 2053, IEC61386, CE, UL94 5 VA<\/td>\n<td width=\"142\">Color:<\/td>\n<td width=\"141\">Gris o personalizado<\/td>\n<\/tr>\n<tr>\n<td width=\"141\">Resistencia al fuego:<\/td>\n<td width=\"141\">V0<\/td>\n<td width=\"142\">Resistencia a los rayos UV:<\/td>\n<td width=\"141\">S\u00ed<\/td>\n<\/tr>\n<tr>\n<td width=\"141\">Conductividad:<\/td>\n<td width=\"141\">Aislado<\/td>\n<td width=\"142\">Dureza:<\/td>\n<td width=\"141\">R\u00edgido y resistente a los impactos.<\/td>\n<\/tr>\n<tr>\n<td width=\"141\">Embalaje:<\/td>\n<td width=\"141\">Bolsas de pl\u00e1stico y pel\u00edculas de PE<\/td>\n<td width=\"142\">Muestra:<\/td>\n<td width=\"141\">Gratis<\/td>\n<\/tr>\n<tr>\n<td width=\"141\">Pa\u00eds:<\/td>\n<td width=\"141\">Porcelana<\/td>\n<td width=\"142\">F\u00e1brica:<\/td>\n<td width=\"141\">Dongguan, Cant\u00f3n<\/td>\n<\/tr>\n<\/tbody>\n<\/table>\n<p><strong><b>Caracter\u00edsticas<\/b><\/strong><\/p>\n<p>\u2013 Ideal para proyectos y empresas de energ\u00eda solar.<\/p>\n<p>\u2013 Tapas y tornillos incluidos.<\/p>\n<p>\u2013 Cumple con AS\/NZS 2053, IEC61386, CE, UL94 5VA<\/p>\n<p>\u2013 Resistente al impacto, a la luz solar y al fuego.<\/p>\n<p>\u2013 Superficie e interior brillante y liso.<\/p>\n<p>\u2013 El PVC duradero no conductor no se oxida ni se corroe.<\/p>\n<p>\u2013 Adecuado para aplicaciones tanto sobre como bajo tierra.<\/p>\n<p><strong><b>Solicitud<\/b><\/strong><\/p>\n<p>Las cajas adaptables para energ\u00eda solar Ctube de 85-300 mm se utilizan para encerrar uniones, extender circuitos y terminar tramos de cables con y sin orificios precortados. Est\u00e1n especialmente dise\u00f1adas y fabricadas para aplicaciones solares y protegen las conexiones el\u00e9ctricas de las inclemencias del tiempo, adem\u00e1s de proteger a las personas.<\/p>\n<p><strong><b>Capacidad de fabricaci\u00f3n<\/b><\/strong><\/p>\n<p>\u2013 Capacidad de producci\u00f3n: 20000 unidades por semana<\/p>\n<p>\u2013 M\u00e9todos de embalaje: bolsas de pl\u00e1stico y pel\u00edculas de PE<\/p>\n<p><strong><b>Tabla de tallas<\/b><\/strong><\/p>\n<table>\n<tbody>\n<tr>\n<td width=\"119\">C\u00f3digo del producto<\/td>\n<td width=\"126\">Tama\u00f1o (LxAnxAl)<\/td>\n<td width=\"133\">Embalaje interior<\/td>\n<td width=\"186\">Embalaje exterior<\/td>\n<\/tr>\n<tr>\n<td>CT-AB8562<\/td>\n<td>85 x 85 x 62 mm<\/td>\n<td>1 unidad\/caja<\/td>\n<td>96 cajas\/cart\u00f3n<\/td>\n<\/tr>\n<tr>\n<td>CT-AB10850<\/td>\n<td width=\"126\">108 x 108 x 50 mm<\/td>\n<td width=\"133\">1 unidad\/caja<\/td>\n<td width=\"186\">63 cajas\/cart\u00f3n<\/td>\n<\/tr>\n<tr>\n<td>CT-AB10876<\/td>\n<td>108 x 108 x 76 mm<\/td>\n<td>1 unidad\/caja<\/td>\n<td>45 cajas\/cart\u00f3n<\/td>\n<\/tr>\n<tr>\n<td>CT-AB16381<\/td>\n<td>163 x 108 x 81 mm<\/td>\n<td>1 unidad\/caja<\/td>\n<td>42 cajas\/cart\u00f3n<\/td>\n<\/tr>\n<tr>\n<td>CT-AB21181<\/td>\n<td>211 x 108 x 81 mm<\/td>\n<td>1 unidad\/caja<\/td>\n<td>18 cajas\/cart\u00f3n<\/td>\n<\/tr>\n<tr>\n<td>CT-AB300152<\/td>\n<td>300x200x152mm<\/td>\n<td>1 unidad\/caja<\/td>\n<td>4 cajas\/cart\u00f3n<\/td>\n<\/tr>\n<tr>\n<td>CT-AB300200<\/td>\n<td>300x200x200mm<\/td>\n<td>1 unidad\/caja<\/td>\n<td>4 cajas\/cart\u00f3n<\/td>\n<\/tr>\n<\/tbody>\n<\/table>","protected":false},"excerpt":{"rendered":"<p><strong><b>Certificaci\u00f3n de calidad:<\/b><\/strong><\/p>\n<p>\u2013 Especialmente dise\u00f1ado y producido para aplicaciones solares.<\/p>\n<p>\u2013 Cumple con AS\/NZS 2053, IEC61386, CE, UL94 5VA<\/p>","protected":false},"featured_media":2786,"comment_status":"closed","ping_status":"closed","template":"","meta":{"_sitemap_exclude":false,"_sitemap_priority":"","_sitemap_frequency":"","_joinchat":[]},"product_brand":[],"product_cat":[42,37],"product_tag":[],"class_list":{"0":"post-2780","1":"product","2":"type-product","3":"status-publish","4":"has-post-thumbnail","6":"product_cat-solar-pvc-conduit-and-fittings","7":"product_cat-specialized-application-products","9":"first","10":"instock","11":"shipping-taxable","12":"product-type-simple"},"_links":{"self":[{"href":"https:\/\/www.ctube-gr.com\/es\/wp-json\/wp\/v2\/product\/2780","targetHints":{"allow":["GET"]}}],"collection":[{"href":"https:\/\/www.ctube-gr.com\/es\/wp-json\/wp\/v2\/product"}],"about":[{"href":"https:\/\/www.ctube-gr.com\/es\/wp-json\/wp\/v2\/types\/product"}],"replies":[{"embeddable":true,"href":"https:\/\/www.ctube-gr.com\/es\/wp-json\/wp\/v2\/comments?post=2780"}],"version-history":[{"count":0,"href":"https:\/\/www.ctube-gr.com\/es\/wp-json\/wp\/v2\/product\/2780\/revisions"}],"wp:featuredmedia":[{"embeddable":true,"href":"https:\/\/www.ctube-gr.com\/es\/wp-json\/wp\/v2\/media\/2786"}],"wp:attachment":[{"href":"https:\/\/www.ctube-gr.com\/es\/wp-json\/wp\/v2\/media?parent=2780"}],"wp:term":[{"taxonomy":"product_brand","embeddable":true,"href":"https:\/\/www.ctube-gr.com\/es\/wp-json\/wp\/v2\/product_brand?post=2780"},{"taxonomy":"product_cat","embeddable":true,"href":"https:\/\/www.ctube-gr.com\/es\/wp-json\/wp\/v2\/product_cat?post=2780"},{"taxonomy":"product_tag","embeddable":true,"href":"https:\/\/www.ctube-gr.com\/es\/wp-json\/wp\/v2\/product_tag?post=2780"}],"curies":[{"name":"Gracias","href":"https:\/\/api.w.org\/{rel}","templated":true}]}}