{"id":2793,"date":"2024-03-29T01:25:57","date_gmt":"2024-03-29T01:25:57","guid":{"rendered":"https:\/\/ctube-gr.com\/?post_type=product&#038;p=2793"},"modified":"2024-08-01T06:17:38","modified_gmt":"2024-08-01T06:17:38","slug":"conducto-corrugado-flexible-para-electricidad-solar-de-alta-resistencia-de-color-negro-de-2050-mm-x-2550-m","status":"publish","type":"product","link":"https:\/\/www.ctube-gr.com\/es\/ctube-20-50mm-x-25-50m-heavy-duty-solar-flexible-electrical-corrugated-conduit-black","title":{"rendered":"Conducto corrugado flexible para electricidad solar de alta resistencia, de color negro, de 20-50 mm x 25-50 m"},"content":{"rendered":"<table>\n<tbody>\n<tr>\n<td width=\"153\">Marca:<\/td>\n<td width=\"154\">Tubo C<\/td>\n<td width=\"154\">Fabricante original:<\/td>\n<td width=\"153\">Disponible<\/td>\n<\/tr>\n<tr>\n<td width=\"153\">Material:<\/td>\n<td width=\"154\">CLORURO DE POLIVINILO<\/td>\n<td width=\"154\">Longitud:<\/td>\n<td width=\"153\">Personalizado<\/td>\n<\/tr>\n<tr>\n<td width=\"153\">Espesor:<\/td>\n<td width=\"154\">Personalizado<\/td>\n<td width=\"154\">Rango OD:<\/td>\n<td width=\"153\">20-50 mm<\/td>\n<\/tr>\n<tr>\n<td width=\"153\">Proceso de dar un t\u00edtulo:<\/td>\n<td width=\"154\">AS\/NZS 2053, IEC61386, CE, UL94 5 VA<\/td>\n<td width=\"154\">Color:<\/td>\n<td width=\"153\">Negro<\/td>\n<\/tr>\n<tr>\n<td width=\"153\">Resistencia al fuego:<\/td>\n<td width=\"154\">V0<\/td>\n<td width=\"154\">Resistencia a los rayos UV:<\/td>\n<td width=\"153\">S\u00ed<\/td>\n<\/tr>\n<tr>\n<td width=\"153\">Conductividad:<\/td>\n<td width=\"154\">Aislado<\/td>\n<td width=\"154\">Dureza:<\/td>\n<td width=\"153\">Flexible y resistente a los impactos.<\/td>\n<\/tr>\n<tr>\n<td width=\"153\">Embalaje:<\/td>\n<td width=\"154\">Bolsas de pl\u00e1stico y pel\u00edculas de PE<\/td>\n<td width=\"154\">Muestra:<\/td>\n<td width=\"153\">Gratis<\/td>\n<\/tr>\n<tr>\n<td width=\"153\">Pa\u00eds:<\/td>\n<td width=\"154\">Porcelana<\/td>\n<td width=\"154\">F\u00e1brica:<\/td>\n<td width=\"153\">Dongguan, Cant\u00f3n<\/td>\n<\/tr>\n<\/tbody>\n<\/table>\n<p><strong><b>Caracter\u00edsticas<\/b><\/strong><\/p>\n<p>\u2013 Ideal para proyectos y empresas de energ\u00eda solar.<\/p>\n<p>\u2013 Resistente a altas temperaturas hasta una compresi\u00f3n m\u00e1xima de 1250 Nt\/5cm.<\/p>\n<p>\u2013 Cumple con AS\/NZS 2053, IEC61386, CE, UL94 5VA.<\/p>\n<p>\u2013 Resistente al impacto, a la luz solar y al fuego.<\/p>\n<p>\u2013 Superficie e interior brillante y liso.<\/p>\n<p>\u2013 El PVC duradero no conductor no se oxida ni se corroe.<\/p>\n<p>\u2013 Adecuado para aplicaciones tanto sobre como bajo tierra.<\/p>\n<p><strong><b>Solicitud<\/b><\/strong><\/p>\n<p>Los conductos el\u00e9ctricos corrugados flexibles solares de alta resistencia Ctube se utilizan generalmente para revestir cables, lo que ayuda a reducir los riesgos de peligros el\u00e9ctricos, como la electrocuci\u00f3n. El conducto el\u00e9ctrico corrugado es un art\u00edculo b\u00e1sico que utilizan los electricistas y otros contratistas para la protecci\u00f3n rentable de los cables. Dise\u00f1ado para proteger y enrutar el cableado el\u00e9ctrico. Posee excelentes propiedades aislantes, lo que lo hace ideal para proteger el cableado el\u00e9ctrico. Su construcci\u00f3n s\u00f3lida, resistencia qu\u00edmica y retardo de llama ofrecen protecci\u00f3n en entornos hostiles. Est\u00e1n especialmente dise\u00f1ados y producidos para aplicaciones solares y protegen las conexiones el\u00e9ctricas del clima, as\u00ed como tambi\u00e9n protegen a las personas de descargas el\u00e9ctricas accidentales.<\/p>\n<p><strong><b>Capacidad de fabricaci\u00f3n<\/b><\/strong><\/p>\n<p>\u2013 Capacidad de producci\u00f3n: 10000 rollos por semana<\/p>\n<p>\u2013 M\u00e9todos de embalaje: bolsas de pl\u00e1stico y pel\u00edculas de PE<\/p>\n<p><strong><b>Tabla de tallas<\/b><\/strong><\/p>\n<table>\n<tbody>\n<tr>\n<td width=\"302\">C\u00f3digo del producto<\/td>\n<td width=\"144\">Tama\u00f1o nominal<\/td>\n<td width=\"128\">Longitud<\/td>\n<\/tr>\n<tr>\n<td width=\"302\">CT-HDSOLCCB2050<\/td>\n<td width=\"144\">20 mm<\/td>\n<td width=\"128\">50 metros<\/td>\n<\/tr>\n<tr>\n<td width=\"302\">CT-HDSOLCCB2550<\/td>\n<td width=\"144\">25 mm<\/td>\n<td width=\"128\">50 metros<\/td>\n<\/tr>\n<tr>\n<td width=\"302\">CT-HDSOLCCB3225<\/td>\n<td width=\"144\">32 mm<\/td>\n<td width=\"128\">25 metros<\/td>\n<\/tr>\n<tr>\n<td width=\"302\">CT-HDSOLCCB4025<\/td>\n<td width=\"144\">40 mm<\/td>\n<td width=\"128\">25 metros<\/td>\n<\/tr>\n<tr>\n<td width=\"302\">CT-HDSOLCCB5025<\/td>\n<td width=\"144\">50 mm<\/td>\n<td width=\"128\">25 metros<\/td>\n<\/tr>\n<\/tbody>\n<\/table>","protected":false},"excerpt":{"rendered":"<p><strong><b>Certificaci\u00f3n de calidad:<\/b><\/strong><\/p>\n<p>\u2013 Especialmente dise\u00f1ado y producido para aplicaciones solares.<\/p>\n<p>\u2013 Cumple con AS\/NZS 2053, IEC61386, CE, UL94 5VA.<\/p>","protected":false},"featured_media":2797,"comment_status":"closed","ping_status":"closed","template":"","meta":{"_sitemap_exclude":false,"_sitemap_priority":"","_sitemap_frequency":"","_joinchat":[]},"product_brand":[],"product_cat":[106,42,37],"product_tag":[],"class_list":{"0":"post-2793","1":"product","2":"type-product","3":"status-publish","4":"has-post-thumbnail","6":"product_cat-corrugated-conduit-solar-pvc-conduit-and-fittings","7":"product_cat-solar-pvc-conduit-and-fittings","8":"product_cat-specialized-application-products","10":"first","11":"instock","12":"shipping-taxable","13":"product-type-simple"},"_links":{"self":[{"href":"https:\/\/www.ctube-gr.com\/es\/wp-json\/wp\/v2\/product\/2793","targetHints":{"allow":["GET"]}}],"collection":[{"href":"https:\/\/www.ctube-gr.com\/es\/wp-json\/wp\/v2\/product"}],"about":[{"href":"https:\/\/www.ctube-gr.com\/es\/wp-json\/wp\/v2\/types\/product"}],"replies":[{"embeddable":true,"href":"https:\/\/www.ctube-gr.com\/es\/wp-json\/wp\/v2\/comments?post=2793"}],"version-history":[{"count":0,"href":"https:\/\/www.ctube-gr.com\/es\/wp-json\/wp\/v2\/product\/2793\/revisions"}],"wp:featuredmedia":[{"embeddable":true,"href":"https:\/\/www.ctube-gr.com\/es\/wp-json\/wp\/v2\/media\/2797"}],"wp:attachment":[{"href":"https:\/\/www.ctube-gr.com\/es\/wp-json\/wp\/v2\/media?parent=2793"}],"wp:term":[{"taxonomy":"product_brand","embeddable":true,"href":"https:\/\/www.ctube-gr.com\/es\/wp-json\/wp\/v2\/product_brand?post=2793"},{"taxonomy":"product_cat","embeddable":true,"href":"https:\/\/www.ctube-gr.com\/es\/wp-json\/wp\/v2\/product_cat?post=2793"},{"taxonomy":"product_tag","embeddable":true,"href":"https:\/\/www.ctube-gr.com\/es\/wp-json\/wp\/v2\/product_tag?post=2793"}],"curies":[{"name":"Gracias","href":"https:\/\/api.w.org\/{rel}","templated":true}]}}