{"id":2831,"date":"2024-03-29T01:50:41","date_gmt":"2024-03-29T01:50:41","guid":{"rendered":"https:\/\/ctube-gr.com\/?post_type=product&#038;p=2831"},"modified":"2024-07-29T09:44:14","modified_gmt":"2024-07-29T09:44:14","slug":"tubo-ctube-16-de-50-mm-con-curvatura-de-90-grados-para-barrido-solar","status":"publish","type":"product","link":"https:\/\/www.ctube-gr.com\/es\/ctube-16-50mm-90-degree-solar-sweep-bend","title":{"rendered":"Tubo curvado solar de 90 grados de 16 a 50 mm"},"content":{"rendered":"<div data-elementor-type=\"product-post\" data-elementor-id=\"2831\" class=\"elementor elementor-2831\" data-elementor-post-type=\"product\">\n\t\t\t\t<div class=\"elementor-element elementor-element-31c507ca e-flex e-con-boxed e-con e-parent\" data-id=\"31c507ca\" data-element_type=\"container\" data-e-type=\"container\" data-settings=\"{&quot;ekit_has_onepagescroll_dot&quot;:&quot;yes&quot;}\">\n\t\t\t\t\t<div class=\"e-con-inner\">\n\t\t\t\t<div class=\"elementor-element elementor-element-b3045ef elementor-widget elementor-widget-text-editor\" data-id=\"b3045ef\" data-element_type=\"widget\" data-e-type=\"widget\" data-settings=\"{&quot;ekit_we_effect_on&quot;:&quot;none&quot;}\" data-widget_type=\"text-editor.default\">\n\t\t\t\t\t\t\t\t\t<table><tbody><tr><td width=\"136\">Marca:<\/td><td width=\"137\">Tubo C<\/td><td width=\"137\">Fabricante original:<\/td><td width=\"136\">Disponible<\/td><\/tr><tr><td width=\"136\">Material:<\/td><td width=\"137\">CLORURO DE POLIVINILO<\/td><td width=\"137\">Longitud:<\/td><td width=\"136\">Personalizado<\/td><\/tr><tr><td width=\"136\">Espesor:<\/td><td width=\"137\">Personalizado<\/td><td width=\"137\">Rango OD:<\/td><td width=\"136\">16-50 mm<\/td><\/tr><tr><td width=\"136\">Proceso de dar un t\u00edtulo:<\/td><td width=\"137\">Normas IEC61386, ISO, ASTM y UL94<\/td><td width=\"137\">Color:<\/td><td width=\"136\">Gris o personalizado<\/td><\/tr><tr><td width=\"136\">Resistencia al fuego:<\/td><td width=\"137\">V0<\/td><td width=\"137\">Resistencia a los rayos UV:<\/td><td width=\"136\">S\u00ed<\/td><\/tr><tr><td width=\"136\">Conductividad:<\/td><td width=\"137\">Aislado<\/td><td width=\"137\">Dureza:<\/td><td width=\"136\">R\u00edgido y resistente a los impactos.<\/td><\/tr><tr><td width=\"136\">Embalaje:<\/td><td width=\"137\">Bolsas de pl\u00e1stico y pel\u00edculas de PE<\/td><td width=\"137\">Muestra:<\/td><td width=\"136\">Gratis<\/td><\/tr><tr><td width=\"136\">Pa\u00eds:<\/td><td width=\"137\">Porcelana<\/td><td width=\"137\">F\u00e1brica:<\/td><td width=\"136\">Dongguan, Cant\u00f3n<\/td><\/tr><\/tbody><\/table><p><strong><b>Caracter\u00edsticas<\/b><\/strong><\/p><p>\u2013 \u00c1ngulo de 90 grados.<\/p><p>\u2013 Ideal para proyectos y empresas de energ\u00eda solar.<\/p><p>\u2013 Cumple con IEC61386-1, IEC61386-21, IEC60754-1, IEC61034-2, UL94.<\/p><p>\u2013 Resistente al impacto, a la luz solar y al fuego.<\/p><p>\u2013 Superficie e interior brillante y liso.<\/p><p>\u2013 El PVC duradero no conductor no se oxida ni se corroe.<\/p><p>\u2013 Adecuado para aplicaciones tanto sobre como bajo tierra.<\/p><p><strong><b>Solicitud<\/b><\/strong><\/p><p>El codo de barrido solar de 90 grados de 16 a 50 mm de Ctube es un codo de radio amplio que no gira abruptamente. Un codo de barrido tiene un radio mucho mayor que un codo est\u00e1ndar, lo que permite un mejor flujo. Tanto los codos como las curvas se utilizan para cambiar la direcci\u00f3n del recorrido del conducto. Est\u00e1n especialmente dise\u00f1ados y producidos para aplicaciones solares y protegen las conexiones el\u00e9ctricas del clima, as\u00ed como tambi\u00e9n protegen a las personas de descargas el\u00e9ctricas accidentales.<\/p><p><strong><b>Capacidad de fabricaci\u00f3n<\/b><\/strong><\/p><p>\u2013 Capacidad de producci\u00f3n: 50000 piezas por semana<\/p><p>\u2013 M\u00e9todos de embalaje: bolsas de pl\u00e1stico y pel\u00edculas de PE<\/p>\t\t\t\t\t\t\t\t<\/div>\n\t\t\t\t\t<\/div>\n\t\t\t\t<\/div>\n\t\t<div class=\"elementor-element elementor-element-f8ecffe e-flex e-con-boxed e-con e-parent\" data-id=\"f8ecffe\" data-element_type=\"container\" data-e-type=\"container\" data-settings=\"{&quot;ekit_has_onepagescroll_dot&quot;:&quot;yes&quot;}\">\n\t\t\t\t\t<div class=\"e-con-inner\">\n\t\t\t\t<div class=\"elementor-element elementor-element-bd6e196 elementor-widget elementor-widget-text-editor\" data-id=\"bd6e196\" data-element_type=\"widget\" data-e-type=\"widget\" data-settings=\"{&quot;ekit_we_effect_on&quot;:&quot;none&quot;}\" data-widget_type=\"text-editor.default\">\n\t\t\t\t\t\t\t\t\t<p><strong><b>Tabla de tallas<\/b><\/strong><\/p><table><tbody><tr><td width=\"129\"><p>C\u00f3digo del producto<\/p><\/td><td width=\"129\"><p>Tama\u00f1o nominal<\/p><\/td><td width=\"144\"><p>Embalaje interior<\/p><\/td><td width=\"201\"><p>Embalaje exterior<\/p><\/td><\/tr><tr><td><p>CT-SWBY16<\/p><\/td><td><p>16 mm<\/p><\/td><td><p>\u2013<\/p><\/td><td><p>250 cajas\/cart\u00f3n<\/p><\/td><\/tr><tr><td><p>CT-SWBY20<\/p><\/td><td width=\"129\"><p>20 mm<\/p><\/td><td width=\"144\"><p>\u2013<\/p><\/td><td width=\"201\"><p>180 cajas\/cart\u00f3n<\/p><\/td><\/tr><tr><td><p>CT-SWBY25<\/p><\/td><td><p>25 mm<\/p><\/td><td><p>\u2013<\/p><\/td><td><p>135 cajas\/cart\u00f3n<\/p><\/td><\/tr><tr><td><p>CT-SWBY32<\/p><\/td><td><p>32 mm<\/p><\/td><td><p>\u2013<\/p><\/td><td><p>100 cajas\/cart\u00f3n<\/p><\/td><\/tr><tr><td><p>CT-SWBY40<\/p><\/td><td><p>40 mm<\/p><\/td><td><p>\u2013<\/p><\/td><td><p>35 cajas\/cart\u00f3n<\/p><\/td><\/tr><tr><td><p>CT-SWBY50<\/p><\/td><td><p>50 mm<\/p><\/td><td><p>\u2013<\/p><\/td><td><p>28 cajas\/cart\u00f3n<\/p><\/td><\/tr><\/tbody><\/table><p><br \/><br \/><\/p>\t\t\t\t\t\t\t\t<\/div>\n\t\t\t\t\t<\/div>\n\t\t\t\t<\/div>\n\t\t\t\t<\/div>","protected":false},"excerpt":{"rendered":"<p><strong><b>Certificaci\u00f3n de calidad:<\/b><\/strong><\/p>\n<p>\u2013 Especialmente dise\u00f1ado y producido para aplicaciones solares.<\/p>\n<p>\u2013 Cumple con IEC61386, ISO, ASTM, UL94.<\/p>","protected":false},"featured_media":2833,"comment_status":"closed","ping_status":"closed","template":"","meta":{"_sitemap_exclude":false,"_sitemap_priority":"","_sitemap_frequency":"","_joinchat":[]},"product_brand":[],"product_cat":[35],"product_tag":[],"class_list":{"0":"post-2831","1":"product","2":"type-product","3":"status-publish","4":"has-post-thumbnail","6":"product_cat-uncategorized","8":"first","9":"instock","10":"shipping-taxable","11":"product-type-simple"},"_links":{"self":[{"href":"https:\/\/www.ctube-gr.com\/es\/wp-json\/wp\/v2\/product\/2831","targetHints":{"allow":["GET"]}}],"collection":[{"href":"https:\/\/www.ctube-gr.com\/es\/wp-json\/wp\/v2\/product"}],"about":[{"href":"https:\/\/www.ctube-gr.com\/es\/wp-json\/wp\/v2\/types\/product"}],"replies":[{"embeddable":true,"href":"https:\/\/www.ctube-gr.com\/es\/wp-json\/wp\/v2\/comments?post=2831"}],"version-history":[{"count":0,"href":"https:\/\/www.ctube-gr.com\/es\/wp-json\/wp\/v2\/product\/2831\/revisions"}],"wp:featuredmedia":[{"embeddable":true,"href":"https:\/\/www.ctube-gr.com\/es\/wp-json\/wp\/v2\/media\/2833"}],"wp:attachment":[{"href":"https:\/\/www.ctube-gr.com\/es\/wp-json\/wp\/v2\/media?parent=2831"}],"wp:term":[{"taxonomy":"product_brand","embeddable":true,"href":"https:\/\/www.ctube-gr.com\/es\/wp-json\/wp\/v2\/product_brand?post=2831"},{"taxonomy":"product_cat","embeddable":true,"href":"https:\/\/www.ctube-gr.com\/es\/wp-json\/wp\/v2\/product_cat?post=2831"},{"taxonomy":"product_tag","embeddable":true,"href":"https:\/\/www.ctube-gr.com\/es\/wp-json\/wp\/v2\/product_tag?post=2831"}],"curies":[{"name":"Gracias","href":"https:\/\/api.w.org\/{rel}","templated":true}]}}