{"id":2914,"date":"2024-03-29T02:45:15","date_gmt":"2024-03-29T02:45:15","guid":{"rendered":"https:\/\/ctube-gr.com\/?post_type=product&#038;p=2914"},"modified":"2024-08-01T06:15:52","modified_gmt":"2024-08-01T06:15:52","slug":"conector-adaptador-de-terminal-macho-atornillado-de-20-50-mm-para-panel-solar-ctube","status":"publish","type":"product","link":"https:\/\/www.ctube-gr.com\/es\/ctube-20-50mm-solar-plain-to-screwed-male-terminal-adapter-connector","title":{"rendered":"Conector adaptador de terminal macho atornillado de 20 a 50 mm para paneles solares de Ctube"},"content":{"rendered":"<table>\n<tbody>\n<tr>\n<td width=\"139\">Marca:<\/td>\n<td width=\"139\">Tubo C<\/td>\n<td width=\"139\">Fabricante original:<\/td>\n<td width=\"139\">Disponible<\/td>\n<\/tr>\n<tr>\n<td width=\"139\">Material:<\/td>\n<td width=\"139\">CLORURO DE POLIVINILO<\/td>\n<td width=\"139\">Longitud:<\/td>\n<td width=\"139\">Personalizado<\/td>\n<\/tr>\n<tr>\n<td width=\"139\">Espesor:<\/td>\n<td width=\"139\">Personalizado<\/td>\n<td width=\"139\">Rango OD:<\/td>\n<td width=\"139\">20-50 mm<\/td>\n<\/tr>\n<tr>\n<td width=\"139\">Proceso de dar un t\u00edtulo:<\/td>\n<td width=\"139\">AS\/NZS 2053, IEC61386, CE, UL94 5 VA<\/td>\n<td width=\"139\">Color:<\/td>\n<td width=\"139\">Gris o personalizado<\/td>\n<\/tr>\n<tr>\n<td width=\"139\">Resistencia al fuego:<\/td>\n<td width=\"139\">V0<\/td>\n<td width=\"139\">Resistencia a los rayos UV:<\/td>\n<td width=\"139\">S\u00ed<\/td>\n<\/tr>\n<tr>\n<td width=\"139\">Conductividad:<\/td>\n<td width=\"139\">Aislado<\/td>\n<td width=\"139\">Dureza:<\/td>\n<td width=\"139\">R\u00edgido y resistente a los impactos.<\/td>\n<\/tr>\n<tr>\n<td width=\"139\">Embalaje:<\/td>\n<td width=\"139\">Bolsas de pl\u00e1stico y pel\u00edculas de PE<\/td>\n<td width=\"139\">Muestra:<\/td>\n<td width=\"139\">Gratis<\/td>\n<\/tr>\n<tr>\n<td width=\"139\">Pa\u00eds:<\/td>\n<td width=\"139\">Porcelana<\/td>\n<td width=\"139\">F\u00e1brica:<\/td>\n<td width=\"139\">Dongguan, Cant\u00f3n<\/td>\n<\/tr>\n<\/tbody>\n<\/table>\n<p><strong><b>Caracter\u00edsticas<\/b><\/strong><\/p>\n<p>\u2013 Ideal para proyectos y empresas de energ\u00eda solar.<\/p>\n<p>\u2013 Cumple con AS\/NZS 2053, IEC61386, CE, UL94 5VA.<\/p>\n<p>\u2013 Resistente al impacto, a la luz solar y al fuego.<\/p>\n<p>\u2013 Superficie e interior brillante y liso.<\/p>\n<p>\u2013 El PVC duradero no conductor no se oxida ni se corroe.<\/p>\n<p>\u2013 Adecuado para aplicaciones tanto sobre como bajo tierra.<\/p>\n<p><strong><b>Solicitud<\/b><\/strong><\/p>\n<p>El conector adaptador de terminal macho atornillado para paneles solares de 20 a 50 mm de Ctube es un conector que se utiliza para realizar la transici\u00f3n de un conducto de PVC con extremo de espiga a un extremo de campana hembra de PVC o metal roscado. Est\u00e1n especialmente dise\u00f1ados y producidos para aplicaciones solares y protegen las conexiones el\u00e9ctricas de las inclemencias del tiempo, as\u00ed como a las personas de descargas el\u00e9ctricas accidentales.<\/p>\n<p><strong><b>Capacidad de fabricaci\u00f3n<\/b><\/strong><\/p>\n<p>\u2013 Capacidad de producci\u00f3n: 50000 piezas por semana<\/p>\n<p>\u2013 M\u00e9todos de embalaje: bolsas de pl\u00e1stico y pel\u00edculas de PE<\/p>\n<p><strong><b>Tabla de tallas<\/b><\/strong><\/p>\n<table>\n<tbody>\n<tr>\n<td width=\"113\">C\u00f3digo del producto<\/td>\n<td width=\"113\">Tama\u00f1o nominal<\/td>\n<td width=\"127\">Embalaje interior<\/td>\n<td width=\"177\">Embalaje exterior<\/td>\n<\/tr>\n<tr>\n<td>CT-PSA20<\/td>\n<td width=\"113\">20 mm<\/td>\n<td width=\"127\">50 piezas\/caja<\/td>\n<td width=\"177\">1000 cajas\/cart\u00f3n<\/td>\n<\/tr>\n<tr>\n<td>CT-PSA25<\/td>\n<td>25 mm<\/td>\n<td>50 piezas\/caja<\/td>\n<td>1000 cajas\/cart\u00f3n<\/td>\n<\/tr>\n<tr>\n<td>CT-PSA32<\/td>\n<td>32 mm<\/td>\n<td>20 piezas\/caja<\/td>\n<td>500 cajas\/cart\u00f3n<\/td>\n<\/tr>\n<tr>\n<td>CT-PSA40<\/td>\n<td>40 mm<\/td>\n<td>10 piezas\/caja<\/td>\n<td>200 cajas\/cart\u00f3n<\/td>\n<\/tr>\n<tr>\n<td>CT-PSA50<\/td>\n<td>50 mm<\/td>\n<td>5 piezas\/caja<\/td>\n<td>200 cajas\/cart\u00f3n<\/td>\n<\/tr>\n<\/tbody>\n<\/table>","protected":false},"excerpt":{"rendered":"<p><strong><b>Certificaci\u00f3n de calidad:<\/b><\/strong><\/p>\n<p>\u2013 Especialmente dise\u00f1ado y producido para aplicaciones solares.<\/p>\n<p>\u2013 Cumple con AS\/NZS 2053, IEC61386, CE, UL94 5VA.<\/p>","protected":false},"featured_media":2918,"comment_status":"closed","ping_status":"closed","template":"","meta":{"_sitemap_exclude":false,"_sitemap_priority":"","_sitemap_frequency":"","_joinchat":[]},"product_brand":[],"product_cat":[107,42,37],"product_tag":[],"class_list":{"0":"post-2914","1":"product","2":"type-product","3":"status-publish","4":"has-post-thumbnail","6":"product_cat-fittings-wholesale","7":"product_cat-solar-pvc-conduit-and-fittings","8":"product_cat-specialized-application-products","10":"first","11":"instock","12":"shipping-taxable","13":"product-type-simple"},"_links":{"self":[{"href":"https:\/\/www.ctube-gr.com\/es\/wp-json\/wp\/v2\/product\/2914","targetHints":{"allow":["GET"]}}],"collection":[{"href":"https:\/\/www.ctube-gr.com\/es\/wp-json\/wp\/v2\/product"}],"about":[{"href":"https:\/\/www.ctube-gr.com\/es\/wp-json\/wp\/v2\/types\/product"}],"replies":[{"embeddable":true,"href":"https:\/\/www.ctube-gr.com\/es\/wp-json\/wp\/v2\/comments?post=2914"}],"version-history":[{"count":0,"href":"https:\/\/www.ctube-gr.com\/es\/wp-json\/wp\/v2\/product\/2914\/revisions"}],"wp:featuredmedia":[{"embeddable":true,"href":"https:\/\/www.ctube-gr.com\/es\/wp-json\/wp\/v2\/media\/2918"}],"wp:attachment":[{"href":"https:\/\/www.ctube-gr.com\/es\/wp-json\/wp\/v2\/media?parent=2914"}],"wp:term":[{"taxonomy":"product_brand","embeddable":true,"href":"https:\/\/www.ctube-gr.com\/es\/wp-json\/wp\/v2\/product_brand?post=2914"},{"taxonomy":"product_cat","embeddable":true,"href":"https:\/\/www.ctube-gr.com\/es\/wp-json\/wp\/v2\/product_cat?post=2914"},{"taxonomy":"product_tag","embeddable":true,"href":"https:\/\/www.ctube-gr.com\/es\/wp-json\/wp\/v2\/product_tag?post=2914"}],"curies":[{"name":"Gracias","href":"https:\/\/api.w.org\/{rel}","templated":true}]}}