{"id":2980,"date":"2024-03-29T03:16:17","date_gmt":"2024-03-29T03:16:17","guid":{"rendered":"https:\/\/ctube-gr.com\/?post_type=product&#038;p=2980"},"modified":"2024-08-01T06:13:47","modified_gmt":"2024-08-01T06:13:47","slug":"caja-de-conexiones-solares-de-3-vias-de-20-x-25-mm-de-ctube","status":"publish","type":"product","link":"https:\/\/www.ctube-gr.com\/es\/ctube-20-25mm-3-way-solar-shallow-junction-box","title":{"rendered":"Caja de conexiones solares de 3 v\u00edas de 20 a 25 mm de Ctube"},"content":{"rendered":"<table>\n<tbody>\n<tr>\n<td width=\"328\">Marca:<\/td>\n<td width=\"328\">Tubo C<\/td>\n<td width=\"328\">Fabricante original:<\/td>\n<td width=\"328\">Disponible<\/td>\n<\/tr>\n<tr>\n<td width=\"328\">Material:<\/td>\n<td width=\"328\">CLORURO DE POLIVINILO<\/td>\n<td width=\"328\">Longitud:<\/td>\n<td width=\"328\">Personalizado<\/td>\n<\/tr>\n<tr>\n<td width=\"328\">Espesor:<\/td>\n<td width=\"328\">Personalizado<\/td>\n<td width=\"328\">Rango OD:<\/td>\n<td width=\"328\">20-25 mm<\/td>\n<\/tr>\n<tr>\n<td width=\"328\">Proceso de dar un t\u00edtulo:<\/td>\n<td width=\"328\">AS\/NZS 2053, IEC61386, CE, UL94 5 VA<\/td>\n<td width=\"328\">Color:<\/td>\n<td width=\"328\">Gris o personalizado<\/td>\n<\/tr>\n<tr>\n<td width=\"328\">Resistencia al fuego:<\/td>\n<td width=\"328\">V0<\/td>\n<td width=\"328\">Resistencia a los rayos UV:<\/td>\n<td width=\"328\">S\u00ed<\/td>\n<\/tr>\n<tr>\n<td width=\"328\">Conductividad:<\/td>\n<td width=\"328\">Aislado<\/td>\n<td width=\"328\">Dureza:<\/td>\n<td width=\"328\">R\u00edgido y resistente a los impactos.<\/td>\n<\/tr>\n<tr>\n<td width=\"328\">Embalaje:<\/td>\n<td width=\"328\">Bolsas de pl\u00e1stico y pel\u00edculas de PE<\/td>\n<td width=\"328\">Muestra:<\/td>\n<td width=\"328\">Gratis<\/td>\n<\/tr>\n<tr>\n<td width=\"328\">Pa\u00eds:<\/td>\n<td width=\"328\">Porcelana<\/td>\n<td width=\"328\">F\u00e1brica:<\/td>\n<td width=\"328\">Dongguan, Cant\u00f3n<\/td>\n<\/tr>\n<\/tbody>\n<\/table>\n<p><strong><b>Caracter\u00edsticas<\/b><\/strong><\/p>\n<p>\u2013 Ideal para proyectos y empresas de energ\u00eda solar.<\/p>\n<p>\u2013 Tapas y tornillos incluidos.<\/p>\n<p>\u2013 Cumple con AS\/NZS 2053, IEC61386, CE, UL94 5VA<\/p>\n<p>\u2013 Resistente al impacto, a la luz solar y al fuego.<\/p>\n<p>\u2013 Superficie e interior brillante y liso.<\/p>\n<p>\u2013 El PVC duradero no conductor no se oxida ni se corroe.<\/p>\n<p>\u2013 Adecuado para aplicaciones tanto sobre como bajo tierra.<\/p>\n<p><strong><b>Solicitud<\/b><\/strong><\/p>\n<p>Las cajas de conexiones solares de 3 v\u00edas de 20-25 mm de Ctube son cajas que albergan conexiones el\u00e9ctricas y se utilizan para unir conductos el\u00e9ctricos de modo que los cables puedan pasar por 3 v\u00edas. Est\u00e1n especialmente dise\u00f1adas y producidas para aplicaciones solares y protegen las conexiones el\u00e9ctricas de las inclemencias del tiempo, as\u00ed como a las personas de descargas el\u00e9ctricas accidentales.<\/p>\n<p><strong><b>Capacidad de fabricaci\u00f3n<\/b><\/strong><\/p>\n<p>\u2013 Capacidad de producci\u00f3n: 50000 piezas por semana<\/p>\n<p>\u2013 M\u00e9todos de embalaje: bolsas de pl\u00e1stico y pel\u00edculas de PE<\/p>\n<p><strong>Tabla de tallas<\/strong><\/p>\n<table width=\"868\" cellspacing=\"0\" cellpadding=\"0\">\n<colgroup>\n<col span=\"4\" width=\"118\" \/><\/colgroup>\n<tbody>\n<tr>\n<td width=\"119\" height=\"33\">C\u00f3digo del producto<\/td>\n<td colspan=\"1\" rowspan=\"1\" valign=\"null\" width=\"119\">Tama\u00f1o nominal<\/td>\n<td width=\"119\">Tama\u00f1o de la caja<\/td>\n<td width=\"133\">Embalaje interior<\/td>\n<td width=\"186\">Embalaje exterior<\/td>\n<\/tr>\n<tr>\n<td height=\"18\">CT-SJB20-3<\/td>\n<td colspan=\"1\" rowspan=\"1\" valign=\"null\" width=\"119\">20 mm<\/td>\n<td width=\"119\">20x19x9cm<\/td>\n<td width=\"131\">10 unidades\/caja<\/td>\n<td width=\"186\">200 cajas\/cart\u00f3n<\/td>\n<\/tr>\n<tr>\n<td colspan=\"1\" rowspan=\"1\">CT-SJB25-3<\/td>\n<td colspan=\"1\" rowspan=\"1\" valign=\"null\" width=\"null\">25 mm<\/td>\n<td colspan=\"1\" rowspan=\"1\">20x19x9cm<\/td>\n<td colspan=\"1\" rowspan=\"1\">10 unidades\/caja<\/td>\n<td colspan=\"1\" rowspan=\"1\">200 cajas\/cart\u00f3n<\/td>\n<\/tr>\n<\/tbody>\n<\/table>","protected":false},"excerpt":{"rendered":"<p><strong><b>Certificaci\u00f3n de calidad:<\/b><\/strong><\/p>\n<p>\u2013 Especialmente dise\u00f1ado y producido para aplicaciones solares.<\/p>\n<p>\u2013 Cumple con AS\/NZS 2053, IEC61386, CE, UL94 5VA.<\/p>","protected":false},"featured_media":2988,"comment_status":"closed","ping_status":"closed","template":"","meta":{"_sitemap_exclude":false,"_sitemap_priority":"","_sitemap_frequency":"","_joinchat":[]},"product_brand":[],"product_cat":[108,42,37],"product_tag":[],"class_list":{"0":"post-2980","1":"product","2":"type-product","3":"status-publish","4":"has-post-thumbnail","6":"product_cat-junction-box-manufacturer","7":"product_cat-solar-pvc-conduit-and-fittings","8":"product_cat-specialized-application-products","10":"first","11":"instock","12":"shipping-taxable","13":"product-type-simple"},"_links":{"self":[{"href":"https:\/\/www.ctube-gr.com\/es\/wp-json\/wp\/v2\/product\/2980","targetHints":{"allow":["GET"]}}],"collection":[{"href":"https:\/\/www.ctube-gr.com\/es\/wp-json\/wp\/v2\/product"}],"about":[{"href":"https:\/\/www.ctube-gr.com\/es\/wp-json\/wp\/v2\/types\/product"}],"replies":[{"embeddable":true,"href":"https:\/\/www.ctube-gr.com\/es\/wp-json\/wp\/v2\/comments?post=2980"}],"version-history":[{"count":0,"href":"https:\/\/www.ctube-gr.com\/es\/wp-json\/wp\/v2\/product\/2980\/revisions"}],"wp:featuredmedia":[{"embeddable":true,"href":"https:\/\/www.ctube-gr.com\/es\/wp-json\/wp\/v2\/media\/2988"}],"wp:attachment":[{"href":"https:\/\/www.ctube-gr.com\/es\/wp-json\/wp\/v2\/media?parent=2980"}],"wp:term":[{"taxonomy":"product_brand","embeddable":true,"href":"https:\/\/www.ctube-gr.com\/es\/wp-json\/wp\/v2\/product_brand?post=2980"},{"taxonomy":"product_cat","embeddable":true,"href":"https:\/\/www.ctube-gr.com\/es\/wp-json\/wp\/v2\/product_cat?post=2980"},{"taxonomy":"product_tag","embeddable":true,"href":"https:\/\/www.ctube-gr.com\/es\/wp-json\/wp\/v2\/product_tag?post=2980"}],"curies":[{"name":"Gracias","href":"https:\/\/api.w.org\/{rel}","templated":true}]}}