{"id":3067,"date":"2024-03-29T08:56:41","date_gmt":"2024-03-29T08:56:41","guid":{"rendered":"https:\/\/ctube-gr.com\/?post_type=product&#038;p=3067"},"modified":"2024-08-01T06:14:14","modified_gmt":"2024-08-01T06:14:14","slug":"caja-de-conexiones-solares-profundas-de-4-vias-de-20-x-25-mm-de-ctube","status":"publish","type":"product","link":"https:\/\/www.ctube-gr.com\/es\/ctube-20-25mm-4-way-solar-deep-junction-box","title":{"rendered":"Caja de conexiones solares profundas de 4 v\u00edas de 20 a 25 mm de Ctube"},"content":{"rendered":"<table>\n<tbody>\n<tr>\n<td width=\"137\">Marca:<\/td>\n<td width=\"138\">Tubo C<\/td>\n<td width=\"138\">Fabricante original:<\/td>\n<td width=\"137\">Disponible<\/td>\n<\/tr>\n<tr>\n<td width=\"137\">Material:<\/td>\n<td width=\"138\">CLORURO DE POLIVINILO<\/td>\n<td width=\"138\">Longitud:<\/td>\n<td width=\"137\">Personalizado<\/td>\n<\/tr>\n<tr>\n<td width=\"137\">Espesor:<\/td>\n<td width=\"138\">Personalizado<\/td>\n<td width=\"138\">Rango OD:<\/td>\n<td width=\"137\">20-25 mm<\/td>\n<\/tr>\n<tr>\n<td width=\"137\">Proceso de dar un t\u00edtulo:<\/td>\n<td width=\"138\">AS\/NZS 2053, IEC61386, CE, UL94 5 VA<\/td>\n<td width=\"138\">Color:<\/td>\n<td width=\"137\">Gris o personalizado<\/td>\n<\/tr>\n<tr>\n<td width=\"137\">Resistencia al fuego:<\/td>\n<td width=\"138\">V0<\/td>\n<td width=\"138\">Resistencia a los rayos UV:<\/td>\n<td width=\"137\">S\u00ed<\/td>\n<\/tr>\n<tr>\n<td width=\"137\">Conductividad:<\/td>\n<td width=\"138\">Aislado<\/td>\n<td width=\"138\">Dureza:<\/td>\n<td width=\"137\">R\u00edgido y resistente a los impactos.<\/td>\n<\/tr>\n<tr>\n<td width=\"137\">Embalaje:<\/td>\n<td width=\"138\">Bolsas de pl\u00e1stico y pel\u00edculas de PE<\/td>\n<td width=\"138\">Muestra:<\/td>\n<td width=\"137\">Gratis<\/td>\n<\/tr>\n<tr>\n<td width=\"137\">Pa\u00eds:<\/td>\n<td width=\"138\">Porcelana<\/td>\n<td width=\"138\">F\u00e1brica:<\/td>\n<td width=\"137\">Dongguan, Cant\u00f3n<\/td>\n<\/tr>\n<\/tbody>\n<\/table>\n<p>&nbsp;<\/p>\n<p><strong><b>Caracter\u00edsticas<\/b><\/strong><\/p>\n<p>\u2013 Ideal para proyectos y empresas de energ\u00eda solar.<br \/>\n\u2013 Tapas y tornillos incluidos.<br \/>\n\u2013 Cumple con AS\/NZS 2053, IEC61386, CE, UL94 5VA<br \/>\n\u2013 Resistente al impacto, a la luz solar y al fuego.<br \/>\n\u2013 Superficie e interior brillante y liso.<br \/>\n\u2013 El PVC duradero no conductor no se oxida ni se corroe.<br \/>\n\u2013 Adecuado para aplicaciones tanto sobre como bajo tierra.<br \/>\n<b><\/b><\/p>\n<p><strong><b>Solicitud<\/b><\/strong><\/p>\n<p>Las cajas de conexiones solares de 4 v\u00edas de Ctube de 20 a 25 mm de poca profundidad son cajas que albergan conexiones el\u00e9ctricas y se utilizan para unir conductos el\u00e9ctricos de modo que los cables puedan pasar por 4 v\u00edas. Est\u00e1n especialmente dise\u00f1adas y fabricadas para aplicaciones solares y protegen las conexiones el\u00e9ctricas de las inclemencias del tiempo, as\u00ed como a las personas de descargas el\u00e9ctricas accidentales.<br \/>\n<b><\/b><\/p>\n<p><strong><b>Capacidad de fabricaci\u00f3n<\/b><\/strong><\/p>\n<p>\u2013 Capacidad de producci\u00f3n: 50000 piezas por semana<br \/>\n\u2013 M\u00e9todos de embalaje: bolsas de pl\u00e1stico y pel\u00edculas de PE<\/p>\n<p><strong><b>Tabla de tallas<\/b><\/strong><\/p>\n<table>\n<tbody>\n<tr>\n<td width=\"97\">C\u00f3digo del producto<\/td>\n<td width=\"97\">Tama\u00f1o nominal<\/td>\n<td width=\"97\">Tama\u00f1o (LxAnxAl)<\/td>\n<td width=\"108\">Embalaje interior<\/td>\n<td width=\"151\">Embalaje exterior<\/td>\n<\/tr>\n<tr>\n<td>CT-DJB20-4<\/td>\n<td width=\"97\">20 mm<\/td>\n<td width=\"97\">21 x 18 x 9 mm<\/td>\n<td width=\"108\">10 unidades\/caja<\/td>\n<td width=\"151\">200 cajas\/cart\u00f3n<\/td>\n<\/tr>\n<tr>\n<td>CT-DJB25-4<\/td>\n<td>25 mm<\/td>\n<td>21 x 18 x 9 mm<\/td>\n<td>10 unidades\/caja<\/td>\n<td>200 cajas\/cart\u00f3n<\/td>\n<\/tr>\n<\/tbody>\n<\/table>\n<p>&nbsp;<\/p>","protected":false},"excerpt":{"rendered":"<p><strong><b>Certificaci\u00f3n de calidad:<\/b><\/strong><\/p>\n<p>\u2013 Especialmente dise\u00f1ado y producido para aplicaciones solares.<\/p>\n<p>\u2013 Cumple con AS\/NZS 2053, IEC61386, CE, UL94 5VA.<\/p>","protected":false},"featured_media":3069,"comment_status":"closed","ping_status":"closed","template":"","meta":{"_sitemap_exclude":false,"_sitemap_priority":"","_sitemap_frequency":"","_joinchat":[]},"product_brand":[],"product_cat":[108,42,37],"product_tag":[],"class_list":{"0":"post-3067","1":"product","2":"type-product","3":"status-publish","4":"has-post-thumbnail","6":"product_cat-junction-box-manufacturer","7":"product_cat-solar-pvc-conduit-and-fittings","8":"product_cat-specialized-application-products","10":"first","11":"instock","12":"shipping-taxable","13":"product-type-simple"},"_links":{"self":[{"href":"https:\/\/www.ctube-gr.com\/es\/wp-json\/wp\/v2\/product\/3067","targetHints":{"allow":["GET"]}}],"collection":[{"href":"https:\/\/www.ctube-gr.com\/es\/wp-json\/wp\/v2\/product"}],"about":[{"href":"https:\/\/www.ctube-gr.com\/es\/wp-json\/wp\/v2\/types\/product"}],"replies":[{"embeddable":true,"href":"https:\/\/www.ctube-gr.com\/es\/wp-json\/wp\/v2\/comments?post=3067"}],"version-history":[{"count":0,"href":"https:\/\/www.ctube-gr.com\/es\/wp-json\/wp\/v2\/product\/3067\/revisions"}],"wp:featuredmedia":[{"embeddable":true,"href":"https:\/\/www.ctube-gr.com\/es\/wp-json\/wp\/v2\/media\/3069"}],"wp:attachment":[{"href":"https:\/\/www.ctube-gr.com\/es\/wp-json\/wp\/v2\/media?parent=3067"}],"wp:term":[{"taxonomy":"product_brand","embeddable":true,"href":"https:\/\/www.ctube-gr.com\/es\/wp-json\/wp\/v2\/product_brand?post=3067"},{"taxonomy":"product_cat","embeddable":true,"href":"https:\/\/www.ctube-gr.com\/es\/wp-json\/wp\/v2\/product_cat?post=3067"},{"taxonomy":"product_tag","embeddable":true,"href":"https:\/\/www.ctube-gr.com\/es\/wp-json\/wp\/v2\/product_tag?post=3067"}],"curies":[{"name":"Gracias","href":"https:\/\/api.w.org\/{rel}","templated":true}]}}