{"id":3321,"date":"2024-04-01T08:58:41","date_gmt":"2024-04-01T08:58:41","guid":{"rendered":"https:\/\/ctube-gr.com\/?post_type=product&#038;p=3321"},"modified":"2024-08-01T06:10:35","modified_gmt":"2024-08-01T06:10:35","slug":"conducto-electrico-rigido-solar-de-alta-resistencia-ctube-20-de-150-mm","status":"publish","type":"product","link":"https:\/\/www.ctube-gr.com\/es\/ctube-20-150mm-heavy-duty-solar-rigid-electrical-conduit","title":{"rendered":"Conducto el\u00e9ctrico r\u00edgido para uso solar de alta resistencia Ctube de 20 a 150 mm"},"content":{"rendered":"<p><strong><b>Descripci\u00f3n general<\/b><\/strong><\/p>\n<table>\n<tbody>\n<tr>\n<td width=\"151\">Marca:<\/td>\n<td width=\"151\">Tubo C<\/td>\n<td width=\"152\">Fabricante original:<\/td>\n<td width=\"151\">Disponible<\/td>\n<\/tr>\n<tr>\n<td width=\"151\">Material:<\/td>\n<td width=\"151\">CLORURO DE POLIVINILO<\/td>\n<td width=\"152\">Longitud:<\/td>\n<td width=\"151\">Personalizado<\/td>\n<\/tr>\n<tr>\n<td width=\"151\">Espesor:<\/td>\n<td width=\"151\">Personalizado<\/td>\n<td width=\"152\">Rango OD:<\/td>\n<td width=\"151\">20-150 mm<\/td>\n<\/tr>\n<tr>\n<td width=\"151\">Proceso de dar un t\u00edtulo:<\/td>\n<td width=\"151\">AS\/NZS 2053, IEC61386, CE, UL94 5 VA<\/td>\n<td width=\"152\">Color:<\/td>\n<td width=\"151\">Gris<\/td>\n<\/tr>\n<tr>\n<td width=\"151\">Resistencia al fuego:<\/td>\n<td width=\"151\">V0<\/td>\n<td width=\"152\">Resistencia a los rayos UV:<\/td>\n<td width=\"151\">S\u00ed<\/td>\n<\/tr>\n<tr>\n<td width=\"151\">Conductividad:<\/td>\n<td width=\"151\">Aislado<\/td>\n<td width=\"152\">Dureza:<\/td>\n<td width=\"151\">R\u00edgido y resistente a los impactos.<\/td>\n<\/tr>\n<tr>\n<td width=\"151\">Embalaje:<\/td>\n<td width=\"151\">Bolsas de pl\u00e1stico y pel\u00edculas de PE<\/td>\n<td width=\"152\">Muestra:<\/td>\n<td width=\"151\">Gratis<\/td>\n<\/tr>\n<tr>\n<td width=\"151\">Pa\u00eds:<\/td>\n<td width=\"151\">Porcelana<\/td>\n<td width=\"152\">F\u00e1brica:<\/td>\n<td width=\"151\">Dongguan, Cant\u00f3n<\/td>\n<\/tr>\n<\/tbody>\n<\/table>\n<p><strong><b>Caracter\u00edsticas<\/b><\/strong><\/p>\n<p>\u2013 Ideal para proyectos y empresas de energ\u00eda solar.<\/p>\n<p>\u2013 Resistente a altas temperaturas hasta una compresi\u00f3n m\u00e1xima de 1250 Nt\/5cm.<\/p>\n<p>\u2013 Cumple con AS\/NZS 2053, IEC61386, CE, UL94 5VA<\/p>\n<p>\u2013 Resistente al impacto, a la luz solar y al fuego.<\/p>\n<p>\u2013 Superficie e interior brillante y liso.<\/p>\n<p>\u2013 El PVC duradero no conductor no se oxida ni se corroe.<\/p>\n<p>\u2013 Adecuado para aplicaciones tanto sobre como bajo tierra.<\/p>\n<p><strong><b>Solicitud<\/b><\/strong><\/p>\n<p>Los conductos el\u00e9ctricos r\u00edgidos solares de servicio pesado Ctube de 20 a 150 mm son resistentes a la luz solar y se utilizan expuestos, revestidos en hormig\u00f3n, ocultos en paredes y en aplicaciones de entierro directo, incluidos sistemas para:<\/p>\n<p>\u2013 Utilidades;<\/p>\n<p>\u2013 Cables, l\u00edneas de datos y comunicaciones;<\/p>\n<p>\u2013 Edificios institucionales, comerciales e industriales;<\/p>\n<p>Est\u00e1n especialmente dise\u00f1ados y producidos para aplicaciones solares y protegen las conexiones el\u00e9ctricas de las inclemencias del tiempo, adem\u00e1s de proteger a las personas de descargas el\u00e9ctricas accidentales.<\/p>\n<p><strong><b>Capacidad de fabricaci\u00f3n<\/b><\/strong><\/p>\n<p>\u2013 Capacidad de producci\u00f3n: 10000 metros por semana<\/p>\n<p>\u2013 M\u00e9todos de embalaje: bolsas de pl\u00e1stico y pel\u00edculas de PE<\/p>\n<p><strong><b>Tabla de tallas<\/b><\/strong><\/p>\n<table>\n<tbody>\n<tr>\n<td width=\"117\">C\u00f3digo del producto<\/td>\n<td width=\"102\">Tama\u00f1o nominal<\/td>\n<td width=\"110\">Peso m\u00ednimo<\/td>\n<td width=\"120\">Peso m\u00e1ximo<\/td>\n<td width=\"113\">Longitud<\/td>\n<\/tr>\n<tr>\n<td width=\"117\">CT-HDSOLRCY20<\/td>\n<td width=\"102\">20 mm<\/td>\n<td width=\"110\">2,3 mm<\/td>\n<td width=\"120\">2,6 mm<\/td>\n<td width=\"113\">4 millones<\/td>\n<\/tr>\n<tr>\n<td width=\"117\">CT-HDSOLRCY25<\/td>\n<td width=\"102\">25 mm<\/td>\n<td>2,5 mm<\/td>\n<td width=\"120\">2,8 mm<\/td>\n<td width=\"113\">4 millones<\/td>\n<\/tr>\n<tr>\n<td width=\"117\">CT-HDSOLRCY32<\/td>\n<td width=\"102\">32 mm<\/td>\n<td>2,7 mm<\/td>\n<td width=\"120\">3 mm<\/td>\n<td width=\"113\">4 millones<\/td>\n<\/tr>\n<tr>\n<td width=\"117\">CT-HDSOLRCY40<\/td>\n<td width=\"102\">40 mm<\/td>\n<td>3,1 mm<\/td>\n<td width=\"120\">3,4 mm<\/td>\n<td width=\"113\">4 millones<\/td>\n<\/tr>\n<tr>\n<td width=\"117\">CT-HDSOLRCY50<\/td>\n<td width=\"102\">50 mm<\/td>\n<td>3,4 mm<\/td>\n<td width=\"120\">3,9 mm<\/td>\n<td width=\"113\">4 millones<\/td>\n<\/tr>\n<tr>\n<td width=\"117\">CT-HDSOLRCY63<\/td>\n<td width=\"102\">63 mm<\/td>\n<td>3,9 mm<\/td>\n<td width=\"120\">4,5 mm<\/td>\n<td width=\"113\">4 millones<\/td>\n<\/tr>\n<tr>\n<td width=\"117\">CT-HDSOLRCY80<\/td>\n<td width=\"102\">80 mm<\/td>\n<td>4,6 mm<\/td>\n<td width=\"120\">5,3 mm<\/td>\n<td width=\"113\">4 millones<\/td>\n<\/tr>\n<tr>\n<td width=\"117\">CT-HDSOLRCY100<\/td>\n<td width=\"102\">100 mm<\/td>\n<td>5,9 mm<\/td>\n<td width=\"120\">6,7 mm<\/td>\n<td width=\"113\">4 millones<\/td>\n<\/tr>\n<tr>\n<td width=\"117\">CT-HDSOLRCY125<\/td>\n<td width=\"102\">125 mm<\/td>\n<td>7,2 mm<\/td>\n<td width=\"120\">8,1 mm<\/td>\n<td width=\"113\">4 millones<\/td>\n<\/tr>\n<tr>\n<td width=\"117\">CT-HDSOLRCY150<\/td>\n<td width=\"102\">150 mm<\/td>\n<td>8,3 mm<\/td>\n<td width=\"120\">9,3 mm<\/td>\n<td width=\"113\">4 millones<\/td>\n<\/tr>\n<\/tbody>\n<\/table>","protected":false},"excerpt":{"rendered":"<p>Certificaci\u00f3n de calidad:<br \/>\n\u2013 Aprobado seg\u00fan AS\/NZS 2053.<br \/>\n\u2013 AS\/NZS 2053, IEC61386, CE, UL94 5 VA<\/p>","protected":false},"featured_media":3335,"comment_status":"closed","ping_status":"closed","template":"","meta":{"_sitemap_exclude":false,"_sitemap_priority":"","_sitemap_frequency":"","_joinchat":[]},"product_brand":[],"product_cat":[109,42,37],"product_tag":[],"class_list":{"0":"post-3321","1":"product","2":"type-product","3":"status-publish","4":"has-post-thumbnail","6":"product_cat-conduit-supplier","7":"product_cat-solar-pvc-conduit-and-fittings","8":"product_cat-specialized-application-products","10":"first","11":"instock","12":"shipping-taxable","13":"product-type-simple"},"_links":{"self":[{"href":"https:\/\/www.ctube-gr.com\/es\/wp-json\/wp\/v2\/product\/3321","targetHints":{"allow":["GET"]}}],"collection":[{"href":"https:\/\/www.ctube-gr.com\/es\/wp-json\/wp\/v2\/product"}],"about":[{"href":"https:\/\/www.ctube-gr.com\/es\/wp-json\/wp\/v2\/types\/product"}],"replies":[{"embeddable":true,"href":"https:\/\/www.ctube-gr.com\/es\/wp-json\/wp\/v2\/comments?post=3321"}],"version-history":[{"count":0,"href":"https:\/\/www.ctube-gr.com\/es\/wp-json\/wp\/v2\/product\/3321\/revisions"}],"wp:featuredmedia":[{"embeddable":true,"href":"https:\/\/www.ctube-gr.com\/es\/wp-json\/wp\/v2\/media\/3335"}],"wp:attachment":[{"href":"https:\/\/www.ctube-gr.com\/es\/wp-json\/wp\/v2\/media?parent=3321"}],"wp:term":[{"taxonomy":"product_brand","embeddable":true,"href":"https:\/\/www.ctube-gr.com\/es\/wp-json\/wp\/v2\/product_brand?post=3321"},{"taxonomy":"product_cat","embeddable":true,"href":"https:\/\/www.ctube-gr.com\/es\/wp-json\/wp\/v2\/product_cat?post=3321"},{"taxonomy":"product_tag","embeddable":true,"href":"https:\/\/www.ctube-gr.com\/es\/wp-json\/wp\/v2\/product_tag?post=3321"}],"curies":[{"name":"Gracias","href":"https:\/\/api.w.org\/{rel}","templated":true}]}}