{"id":6397,"date":"2024-05-27T06:29:21","date_gmt":"2024-05-27T06:29:21","guid":{"rendered":"https:\/\/www.ctube-gr.com\/?post_type=product&#038;p=6397"},"modified":"2024-06-27T03:04:45","modified_gmt":"2024-06-27T03:04:45","slug":"conducto-de-entrada-ctube-conducto-electrico-flexible-canalizacion-no-metalica-conductos-de-pvc-corrugados-homologados-por-ul-color-azul","status":"publish","type":"product","link":"https:\/\/www.ctube-gr.com\/es\/ctube-ent-conduit-electrical-flexible-pipe-nonmetallic-raceway-ul-listed-corrugated-pvc-conduits-blue","title":{"rendered":"Conducto el\u00e9ctrico flexible Ctube ENT Conducto el\u00e9ctrico no met\u00e1lico Conductos de PVC corrugado homologados por UL \u2013 Azul"},"content":{"rendered":"<div class=\"chanpinx\">\n<p><strong>Descripci\u00f3n general<\/strong><\/p>\n<p>En los proyectos actuales, necesitamos un producto que sea ligero, f\u00e1cil de doblar y resistente a la corrosi\u00f3n. Puede ayudarnos a instalar y cablear en paisajes m\u00e1s complejos, como esquinas. Es el origen de los conductos el\u00e9ctricos flexibles ENT.<\/p>\n<p>Necesitamos materias primas de mayor calidad, mejor dise\u00f1o y procesos de producci\u00f3n que los de un conducto flexible normal. Para cumplir con los requisitos pertinentes de UL 1653, hemos mejorado las materias primas, los procesos y las formulaciones. En la actualidad, nuestra calidad ha cumplido o superado por completo los requisitos pertinentes de UL.<\/p>\n<p>Al mismo tiempo, para adaptarse a entornos hostiles como estar enterrado directamente en concreto, hemos considerado completamente cada detalle del producto para garantizar que la tuber\u00eda corrugada no tenga problemas en el uso real (como una instalaci\u00f3n en la pared o en el piso).<\/p>\n<p>En pocas palabras, el conducto el\u00e9ctrico flexible ENT es liviano, de alta resistencia, se puede enterrar directamente y se adapta f\u00e1cil y completamente a diferentes entornos, lo que ahorra muchos costos de mano de obra para su proyecto. Por lo tanto, se usa ampliamente en decoraci\u00f3n del hogar, hospitales, proyectos gubernamentales, etc.<\/p>\n<p>&nbsp;<\/p>\n<p><strong>Caracter\u00edstica,<\/strong><\/p>\n<p><strong>LISTADO UL.<\/strong>\u00a0Los conductos flexibles Ctube ENT est\u00e1n homologados por UL y su calidad cumple o supera los est\u00e1ndares de UL.<\/p>\n<p><strong>Hormig\u00f3n Estanco.\u00a0<\/strong>Combinaci\u00f3n perfecta con entornos de hormig\u00f3n y subterr\u00e1neos. Ofrecemos hasta 50 a\u00f1os de garant\u00eda y aseguramos que lo utilice con confianza.<\/p>\n<p><strong>Resistente al impacto.\u00a0<\/strong>Hasta 2,7 J (2,0 ft-lbf), antiimpacto, no se rompe ni se agrieta una vez instalado.<\/p>\n<p><strong>Alta clasificaci\u00f3n contra incendios.<\/strong>\u00a0Clasificaci\u00f3n de resistencia al fuego UL94. Al cortar la fuente de fuego, el dispositivo se extingue autom\u00e1ticamente en 5 segundos para garantizar la seguridad de su proyecto.<\/p>\n<p><strong>Flexible y fuerte.\u00a0<\/strong>Resistente a tirones de hasta 170 libras pero muy flexible, para tirar f\u00e1cilmente de cables en las esquinas.<\/p>\n<p><strong>Socio de confianza.\u00a0<\/strong>M\u00e1s de 11 a\u00f1os de experiencia en exportaci\u00f3n a Estados Unidos y servicios a m\u00e1s de 100 empresas en Estados Unidos y Canad\u00e1. Ctube es el proveedor de tuber\u00edas el\u00e9ctricas m\u00e1s confiable de Asia.<\/p>\n<h3>Especificaci\u00f3n<\/h3>\n<div class=\"table\">\n<table width=\"840\" cellspacing=\"0\" cellpadding=\"0\">\n<tbody>\n<tr>\n<td width=\"274\">Resistente al impacto<\/td>\n<td width=\"566\">2,7 J (2,0 ft-lbf)<\/td>\n<\/tr>\n<tr>\n<td width=\"274\">Anti-curvatura<\/td>\n<td width=\"566\">Hasta 4448 N (1000 lb), sin grietas<\/td>\n<\/tr>\n<tr>\n<td width=\"274\">Resistente a tirones<\/td>\n<td width=\"566\">Hasta 170 libras<\/td>\n<\/tr>\n<tr>\n<td width=\"274\">Resistente al fuego<\/td>\n<td width=\"566\">2 horas y 4 horas no combustible<\/td>\n<\/tr>\n<tr>\n<td width=\"274\">Hormig\u00f3n apretado<\/td>\n<td width=\"566\">Aprobado por UL<\/td>\n<\/tr>\n<tr>\n<td width=\"274\">Prueba de tensi\u00f3n<\/td>\n<td width=\"566\">Hasta 134 N (300 lbf)<\/td>\n<\/tr>\n<tr>\n<td width=\"274\">Permanencia de la impresi\u00f3n<\/td>\n<td width=\"566\">S\u00ed<\/td>\n<\/tr>\n<tr>\n<td width=\"274\">Resistente al \u00f3xido y a la luz solar<\/td>\n<td width=\"566\">S\u00ed<\/td>\n<\/tr>\n<tr>\n<td width=\"274\">Color<\/td>\n<td width=\"566\">Gris, Azul, Rojo, Amarillo o Personalizado<\/td>\n<\/tr>\n<tr>\n<td width=\"274\">Material<\/td>\n<td width=\"566\">CLORURO DE POLIVINILO<\/td>\n<\/tr>\n<tr>\n<td width=\"274\">Servicios personalizados<\/td>\n<td width=\"566\">Disponible<\/td>\n<\/tr>\n<tr>\n<td width=\"274\">Lugar de origen<\/td>\n<td width=\"566\">Dongguan, China<\/td>\n<\/tr>\n<tr>\n<td width=\"274\">Env\u00edo<\/td>\n<td width=\"566\">Por mar o por aire<\/td>\n<\/tr>\n<tr>\n<td width=\"274\">Longitud<\/td>\n<td width=\"566\">Por paquete<\/td>\n<\/tr>\n<\/tbody>\n<\/table>\n<\/div>\n<p><strong>Marcas<\/strong><\/p>\n<p>Lo siguiente debe marcarse de forma clara y permanente en el tubo otorrinolaringol\u00f3gico a intervalos de no m\u00e1s de 1,5 m (60 pulgadas):<\/p>\n<p>contenido:<\/p>\n<p>a) el nombre del fabricante, la marca registrada u otro identificador reconocido;<\/p>\n<p>b) Tipo \u201cENT\u201d;<\/p>\n<p>c) material de construcci\u00f3n \u201cPVC\u201d;<\/p>\n<p>d) Dimensiones m\u00e9tricas e imperiales, como 16 (1\/2);<\/p>\n<p>e) \u201cFT4\u201d cuando se prueba de acuerdo con la cl\u00e1usula 7.3; CSA C22.2 NO.227.1-06 UL 1653 21<\/p>\n<p>f) c\u00f3digo de producci\u00f3n (fecha de fabricaci\u00f3n);<\/p>\n<p>g) \u201cpara \u00e1ticos residenciales, 900 mm (3 pies) por encima de la parte inferior de las vigas del techo\u201d cuando el material ENT cumple con la cl\u00e1usula 4.1.4;<\/p>\n<p>h) En los Estados Unidos, cuando el fabricante tenga varias plantas que produzcan fuelles el\u00e9ctricos no met\u00e1licos, identifique la planta de producci\u00f3n. En Canad\u00e1, el inciso (h) no se aplica.<\/p>\n<p>i) En Canad\u00e1, el tama\u00f1o comercial 63 (2-1\/2) debe estar marcado como \u201cSolo Canad\u00e1\u201d.<\/p>\n<p>&nbsp;<\/p>\n<p>El paquete m\u00e1s peque\u00f1o de longitudes cortadas, rollos o carretes terminados deber\u00e1 estar marcado con:<\/p>\n<p>a) el nombre del fabricante, la marca registrada u otro identificador reconocido;<\/p>\n<p>b) Tipo \u201cENT\u201d;<\/p>\n<p>c) material de construcci\u00f3n \u201cPVC\u201d;<\/p>\n<p>d) Dimensiones m\u00e9tricas e imperiales, como 16 (1\/2);<\/p>\n<p>e) la longitud total del producto en el paquete;<\/p>\n<p>f) las instrucciones del fabricante para la fijaci\u00f3n de los accesorios de conexi\u00f3n del disolvente (esta marca puede aparecer en el embalaje o en el folleto adjunto);<\/p>\n<p>g) \u201cPara \u00e1ticos residenciales a 900 mm (3 pies) por encima de la parte inferior de las vigas del techo\u201d cuando el material del fuelle el\u00e9ctrico no met\u00e1lico cumple con la Secci\u00f3n 4.1.4.<\/p>\n<p>h) En Canad\u00e1, el tama\u00f1o comercial 63 (2-1\/2) debe marcarse como \u201cSolo Canad\u00e1\u201d.<\/p>\n<\/div>\n<div class=\"des\">Propiedades adicionales<\/div>\n<div class=\"chanpinx\">\n<p><strong>Bobinas de otorrinolaringolog\u00eda Ctube \u2013 Raya azul<\/strong><\/p>\n<div class=\"table\">\n<table width=\"548\" cellspacing=\"0\" cellpadding=\"0\">\n<tbody>\n<tr>\n<td width=\"98\" height=\"36\"><strong>Tama\u00f1o (pulgadas)<\/strong><\/td>\n<td width=\"120\" height=\"36\"><strong>Nro. de pieza<\/strong><\/td>\n<td width=\"81\" height=\"36\"><strong>OD(en)<\/strong><\/td>\n<td width=\"128\" height=\"36\"><strong>Identificaci\u00f3n(en)<\/strong><\/td>\n<td width=\"122\" height=\"36\"><strong>Longitud en pies<\/strong><\/td>\n<\/tr>\n<tr>\n<td width=\"98\" height=\"18\">1\/2<\/td>\n<td width=\"120\" height=\"18\">CT-ENTFC12<\/td>\n<td width=\"81\" height=\"18\">0.840<\/td>\n<td width=\"128\" height=\"18\">0.574<\/td>\n<td width=\"122\" height=\"18\">200<\/td>\n<\/tr>\n<tr>\n<td width=\"98\" height=\"18\">3\/4<\/td>\n<td width=\"120\" height=\"18\">CT-ENTFC19<\/td>\n<td width=\"81\" height=\"18\">1.050<\/td>\n<td width=\"128\" height=\"18\">0.778<\/td>\n<td width=\"122\" height=\"18\">100<\/td>\n<\/tr>\n<tr>\n<td width=\"98\" height=\"18\">1<\/td>\n<td width=\"120\" height=\"18\">CT-ENTFC25<\/td>\n<td width=\"81\" height=\"18\">1.315<\/td>\n<td width=\"128\" height=\"18\">1.000<\/td>\n<td width=\"122\" height=\"18\">100<\/td>\n<\/tr>\n<tr>\n<td width=\"98\" height=\"18\">1-1\/4<\/td>\n<td width=\"120\" height=\"18\">CT-ENTFC31<\/td>\n<td width=\"81\" height=\"18\">1.660<\/td>\n<td width=\"128\" height=\"18\">1.340<\/td>\n<td width=\"122\" height=\"18\">500<\/td>\n<\/tr>\n<tr>\n<td width=\"98\" height=\"18\">1-1\/2<\/td>\n<td width=\"120\" height=\"18\">CT-ENTFC38<\/td>\n<td width=\"81\" height=\"18\">1.900<\/td>\n<td width=\"128\" height=\"18\">1.610<\/td>\n<td width=\"122\" height=\"18\">300<\/td>\n<\/tr>\n<tr>\n<td width=\"98\" height=\"18\">2<\/td>\n<td width=\"120\" height=\"18\">CT-ENTFC50<\/td>\n<td width=\"81\" height=\"18\">2.375<\/td>\n<td width=\"128\" height=\"18\">2.020<\/td>\n<td width=\"122\" height=\"18\">225<\/td>\n<\/tr>\n<\/tbody>\n<\/table>\n<\/div>\n<p><strong>\u00a0<\/strong><\/p>\n<p><strong>Carretes Ctube ENT \u2013 Raya azul<\/strong><\/p>\n<div class=\"table\">\n<table width=\"548\" cellspacing=\"0\" cellpadding=\"0\">\n<tbody>\n<tr>\n<td width=\"88\" height=\"36\"><strong>Tama\u00f1o (pulgadas)<\/strong><\/td>\n<td width=\"129\" height=\"36\"><strong>Nro. de pieza<\/strong><\/td>\n<td width=\"81\" height=\"36\"><strong>OD(en)<\/strong><\/td>\n<td width=\"128\" height=\"36\"><strong>Identificaci\u00f3n(en)<\/strong><\/td>\n<td width=\"122\" height=\"36\"><strong>Longitud en pies<\/strong><\/td>\n<\/tr>\n<tr>\n<td width=\"88\" height=\"18\">1\/2<\/td>\n<td width=\"129\" height=\"18\">CT-ENTFR12<\/td>\n<td width=\"81\" height=\"18\">0.840<\/td>\n<td width=\"128\" height=\"18\">0.574<\/td>\n<td width=\"122\" height=\"18\">1500<\/td>\n<\/tr>\n<tr>\n<td width=\"88\" height=\"18\">3\/4<\/td>\n<td width=\"129\" height=\"18\">CT-ENTFR19<\/td>\n<td width=\"81\" height=\"18\">1.050<\/td>\n<td width=\"128\" height=\"18\">0.778<\/td>\n<td width=\"122\" height=\"18\">1000<\/td>\n<\/tr>\n<tr>\n<td width=\"88\" height=\"18\">1<\/td>\n<td width=\"129\" height=\"18\">CT-ENTFR25<\/td>\n<td width=\"81\" height=\"18\">1.315<\/td>\n<td width=\"128\" height=\"18\">1.000<\/td>\n<td width=\"122\" height=\"18\">750<\/td>\n<\/tr>\n<tr>\n<td width=\"88\" height=\"18\">1-1\/4<\/td>\n<td width=\"129\" height=\"18\">CT-ENTFR31<\/td>\n<td width=\"81\" height=\"18\">1.660<\/td>\n<td width=\"128\" height=\"18\">1.345<\/td>\n<td width=\"122\" height=\"18\">1000<\/td>\n<\/tr>\n<tr>\n<td width=\"88\" height=\"18\">1-1\/2<\/td>\n<td width=\"129\" height=\"18\">CT-ENTFR38<\/td>\n<td width=\"81\" height=\"18\">1.900<\/td>\n<td width=\"128\" height=\"18\">1.610<\/td>\n<td width=\"122\" height=\"18\">750<\/td>\n<\/tr>\n<tr>\n<td width=\"88\" height=\"18\">2<\/td>\n<td width=\"129\" height=\"18\">CT-ENTFR50<\/td>\n<td width=\"81\" height=\"18\">2.375<\/td>\n<td width=\"128\" height=\"18\">2.020<\/td>\n<td width=\"122\" height=\"18\">500<\/td>\n<\/tr>\n<tr>\n<td width=\"88\" height=\"18\">2-1\/2<\/td>\n<td width=\"129\" height=\"18\">CT-ENTFR38<\/td>\n<td width=\"81\" height=\"18\">2.866<\/td>\n<td width=\"128\" height=\"18\">2.469<\/td>\n<td width=\"122\" height=\"18\">325<\/td>\n<\/tr>\n<\/tbody>\n<\/table>\n<\/div>\n<p>Observaciones: se puede personalizar el grosor y el color.<\/p>\n<p><strong>Objetivo<\/strong><\/p>\n<p>Edificios prefabricados<\/p>\n<p>Entierro directo<\/p>\n<p>Concreto<\/p>\n<p>Piso y techo<\/p>\n<p>Industrial<\/p>\n<\/div>\n<p>Servicio OEM: Se pueden personalizar las marcas, espesores y colores de los productos.<\/p>\n<div class=\"wp2\">\n<div class=\"clear\"><\/div>\n<\/div>","protected":false},"excerpt":{"rendered":"<p>Certificaci\u00f3n de calidad:<\/p>\n<p>\u2013 Listado por UL<\/p>","protected":false},"featured_media":6404,"comment_status":"closed","ping_status":"closed","template":"","meta":{"_sitemap_exclude":false,"_sitemap_priority":"","_sitemap_frequency":"","_joinchat":[]},"product_brand":[],"product_cat":[38,76,36],"product_tag":[189],"class_list":{"0":"post-6397","1":"product","2":"type-product","3":"status-publish","4":"has-post-thumbnail","6":"product_cat-ul-listed-pvc-conduit-pipe-series","7":"product_cat-ent-flexible-conduit","8":"product_cat-international-certifications-products","9":"product_tag-ent","11":"first","12":"instock","13":"shipping-taxable","14":"product-type-simple"},"_links":{"self":[{"href":"https:\/\/www.ctube-gr.com\/es\/wp-json\/wp\/v2\/product\/6397","targetHints":{"allow":["GET"]}}],"collection":[{"href":"https:\/\/www.ctube-gr.com\/es\/wp-json\/wp\/v2\/product"}],"about":[{"href":"https:\/\/www.ctube-gr.com\/es\/wp-json\/wp\/v2\/types\/product"}],"replies":[{"embeddable":true,"href":"https:\/\/www.ctube-gr.com\/es\/wp-json\/wp\/v2\/comments?post=6397"}],"version-history":[{"count":0,"href":"https:\/\/www.ctube-gr.com\/es\/wp-json\/wp\/v2\/product\/6397\/revisions"}],"wp:featuredmedia":[{"embeddable":true,"href":"https:\/\/www.ctube-gr.com\/es\/wp-json\/wp\/v2\/media\/6404"}],"wp:attachment":[{"href":"https:\/\/www.ctube-gr.com\/es\/wp-json\/wp\/v2\/media?parent=6397"}],"wp:term":[{"taxonomy":"product_brand","embeddable":true,"href":"https:\/\/www.ctube-gr.com\/es\/wp-json\/wp\/v2\/product_brand?post=6397"},{"taxonomy":"product_cat","embeddable":true,"href":"https:\/\/www.ctube-gr.com\/es\/wp-json\/wp\/v2\/product_cat?post=6397"},{"taxonomy":"product_tag","embeddable":true,"href":"https:\/\/www.ctube-gr.com\/es\/wp-json\/wp\/v2\/product_tag?post=6397"}],"curies":[{"name":"Gracias","href":"https:\/\/api.w.org\/{rel}","templated":true}]}}