{"id":6407,"date":"2024-05-27T07:28:46","date_gmt":"2024-05-27T07:28:46","guid":{"rendered":"https:\/\/www.ctube-gr.com\/?post_type=product&#038;p=6407"},"modified":"2025-10-30T05:43:25","modified_gmt":"2025-10-30T05:43:25","slug":"conducto-corrugado-flexible-ctube-tuberia-de-pvc-para-cableado-electrico-tuberia-subterranea-para-ent-color-negro","status":"publish","type":"product","link":"https:\/\/www.ctube-gr.com\/es\/ctube-corrugated-flexible-conduit-electrical-pvc-wiring-pipe-for-cable-underground-ent-piping-black","title":{"rendered":"Conducto flexible corrugado Ctube Tubo de PVC para cableado el\u00e9ctrico para tuber\u00edas subterr\u00e1neas de ENT - Negro"},"content":{"rendered":"<p><strong>Descripci\u00f3n general<\/strong><\/p>\n<p>Conductos y accesorios el\u00e9ctricos de la serie AS de Ctube dise\u00f1ados seg\u00fan el est\u00e1ndar de Australia y el objetivo es brindarles a nuestros clientes una experiencia extremadamente respetuosa con el medio ambiente.<\/p>\n<p>Para proteger el medio ambiente, creemos que debemos empezar con las materias primas. Desde la creaci\u00f3n de Ctube, hemos insistido en que 100% utilice materias primas nuevas de alta calidad para nuestros productos en lugar de materiales reciclados. Nos negamos a utilizar materiales reciclados para fabricar cualquier producto.<\/p>\n<p>En el proceso de producci\u00f3n, controlamos estrictamente la calidad y reducimos las p\u00e9rdidas de producci\u00f3n aumentando el rendimiento de primera pasada (FPY). Solo entregamos los mejores productos a nuestros clientes.<\/p>\n<p>Nuestra l\u00ednea de productos ha sido mejorada a la clasificaci\u00f3n de resistencia al fuego V0 y se extingue por s\u00ed sola en 5 segundos despu\u00e9s de que se corta la fuente del fuego. Adem\u00e1s, nuestros conductos y accesorios AS tienen un excelente rendimiento f\u00edsico; la resistencia a la compresi\u00f3n y al impacto tambi\u00e9n es l\u00edder en la industria. Mejora enormemente la seguridad y la durabilidad, y creemos que nuestros clientes pueden beneficiarse de esto.<\/p>\n<p>Ya sea que se trate de decoraci\u00f3n para el hogar o industrial, tenemos una l\u00ednea de productos correspondiente a su necesidad. Porque Ctube siempre se centrar\u00e1 en el campo de los conductos el\u00e9ctricos de PVC en los pr\u00f3ximos 20 a\u00f1os, y continuaremos mejorando y optimizando nuestros productos.<\/p>\n<p>&nbsp;<\/p>\n<p><strong>Caracter\u00edsticas<\/strong><\/p>\n<ul class=\"list-paddingleft-2\">\n<li><strong>EST\u00c1NDAR AUSTRALIANO. <\/strong>Aprobado seg\u00fan AS\/NZS 2053, no t\u00f3xico y sin olores. Cumple con los requisitos de protecci\u00f3n ambiental de la UE pertinentes.<\/li>\n<li><strong>ALTA CALIDAD.\u00a0<\/strong>100% fabricado con materiales nuevos con 99,8% FPY\/a\u00f1o de prueba interna.<\/li>\n<li><strong>ALTA CLASIFICACI\u00d3N DE RESISTENCIA AL FUEGO.\u00a0<\/strong>Nuestra caja el\u00e9ctrica adaptable tiene una clasificaci\u00f3n de fuego V0, que es m\u00e1s alta que la de la mayor\u00eda de nuestros competidores, se autoextinguir\u00e1 en 5 segundos despu\u00e9s de cortar la fuente de fuego.<\/li>\n<li><strong>RESISTENCIA A LOS RAYOS UV. <\/strong>Conducto corrugado a prueba de explosiones y con resistencia extrema a los rayos UV. Es perfecto para proyectos al aire libre.<\/li>\n<li><strong>EXCELENTES PROPIEDADES F\u00cdSICAS.<\/strong> \u00a0Funciona bien desde -40\u2103 a +110\u2103 y ofrece m\u00e1xima protecci\u00f3n para sus cables en el interior.<\/li>\n<\/ul>\n<p>&nbsp;<\/p>\n<p><strong>Solicitud<\/strong><\/p>\n<p>Los conductos el\u00e9ctricos corrugados flexibles de Ctube para trabajos medianos y pesados se utilizan generalmente para revestir cables, lo que ayuda a reducir los riesgos de peligros el\u00e9ctricos, como la electrocuci\u00f3n. El conducto el\u00e9ctrico corrugado es un art\u00edculo b\u00e1sico que utilizan los electricistas y otros contratistas para la protecci\u00f3n rentable de los cables. Dise\u00f1ado para proteger y enrutar el cableado el\u00e9ctrico. Posee excelentes propiedades aislantes, lo que lo hace ideal para proteger el cableado el\u00e9ctrico. Su construcci\u00f3n s\u00f3lida, resistencia qu\u00edmica y retardancia de llama ofrecen protecci\u00f3n en entornos hostiles.<\/p>\n<p><strong>Capacidad de fabricaci\u00f3n<\/strong><\/p>\n<p>\u2013 Capacidad de producci\u00f3n: 10000 rollos por semana<\/p>\n<p>\u2013 M\u00e9todos de embalaje: bolsas de pl\u00e1stico y pel\u00edcula de PE<\/p>\n<p>&nbsp;<\/p>\n<p><strong>Tabla de tallas<\/strong><\/p>\n<div class=\"table\">\n<table width=\"640\" cellspacing=\"0\" cellpadding=\"0\">\n<colgroup>\n<col span=\"4\" width=\"118\" \/><\/colgroup>\n<tbody>\n<tr class=\"ue-table-interlace-color-single\">\n<td width=\"119\" height=\"33\">C\u00f3digo del producto<\/td>\n<td colspan=\"1\" rowspan=\"1\" valign=\"null\" width=\"119\">Tama\u00f1o nominal<\/td>\n<td width=\"119\">Longitud<\/td>\n<td width=\"133\">Peso<\/td>\n<\/tr>\n<tr class=\"ue-table-interlace-color-double\">\n<td height=\"18\">CT-HDCCOR2010<\/td>\n<td colspan=\"1\" rowspan=\"1\" valign=\"null\" width=\"119\">20 mm<\/td>\n<td width=\"119\">10 metros<\/td>\n<td width=\"131\">100 g\/m2<\/td>\n<\/tr>\n<tr class=\"ue-table-interlace-color-single\">\n<td colspan=\"1\" rowspan=\"1\">CT-HDCCOR2025<\/td>\n<td colspan=\"1\" rowspan=\"1\" valign=\"null\" width=\"null\">20 mm<\/td>\n<td colspan=\"1\" rowspan=\"1\">25 metros<\/td>\n<td colspan=\"1\" rowspan=\"1\">100 g\/m2<\/td>\n<\/tr>\n<tr class=\"ue-table-interlace-color-double\">\n<td colspan=\"1\" rowspan=\"1\">CT-HDCCOR2050<\/td>\n<td colspan=\"1\" rowspan=\"1\">20 mm<\/td>\n<td colspan=\"1\" rowspan=\"1\">50 metros<\/td>\n<td colspan=\"1\" rowspan=\"1\">100 g\/m2<\/td>\n<\/tr>\n<tr class=\"ue-table-interlace-color-single\">\n<td colspan=\"1\" rowspan=\"1\">CT-HDCCOR2510<\/td>\n<td colspan=\"1\" rowspan=\"1\">25 mm<\/td>\n<td colspan=\"1\" rowspan=\"1\">10 metros<\/td>\n<td colspan=\"1\" rowspan=\"1\">150 g\/m2<\/td>\n<\/tr>\n<tr class=\"ue-table-interlace-color-double\">\n<td colspan=\"1\" rowspan=\"1\">CT-HDCCOR2525<\/td>\n<td colspan=\"1\" rowspan=\"1\">25 mm<\/td>\n<td colspan=\"1\" rowspan=\"1\">25 metros<\/td>\n<td colspan=\"1\" rowspan=\"1\">150 g\/m2<\/td>\n<\/tr>\n<tr class=\"ue-table-interlace-color-single\">\n<td colspan=\"1\" rowspan=\"1\">CT-HDCCOR2550<\/td>\n<td colspan=\"1\" rowspan=\"1\">25 mm<\/td>\n<td colspan=\"1\" rowspan=\"1\">50 metros<\/td>\n<td colspan=\"1\" rowspan=\"1\">150 g\/m2<\/td>\n<\/tr>\n<tr class=\"ue-table-interlace-color-double\">\n<td colspan=\"1\" rowspan=\"1\">CT-HDCCOR3210<\/td>\n<td colspan=\"1\" rowspan=\"1\">32 mm<\/td>\n<td colspan=\"1\" rowspan=\"1\">10 metros<\/td>\n<td colspan=\"1\" rowspan=\"1\">220 g\/m2<\/td>\n<\/tr>\n<tr class=\"ue-table-interlace-color-single\">\n<td colspan=\"1\" rowspan=\"1\">CT-HDCCOR3225<\/td>\n<td colspan=\"1\" rowspan=\"1\">32 mm<\/td>\n<td colspan=\"1\" rowspan=\"1\">25 metros<\/td>\n<td colspan=\"1\" rowspan=\"1\">220 g\/m2<\/td>\n<\/tr>\n<tr class=\"ue-table-interlace-color-double\">\n<td colspan=\"1\" rowspan=\"1\">CT-HDCCOR4010<\/td>\n<td colspan=\"1\" rowspan=\"1\">40 mm<\/td>\n<td colspan=\"1\" rowspan=\"1\">10 metros<\/td>\n<td colspan=\"1\" rowspan=\"1\">230 g\/m2<\/td>\n<\/tr>\n<tr class=\"ue-table-interlace-color-single\">\n<td colspan=\"1\" rowspan=\"1\">CT-HDCCOR4025<\/td>\n<td colspan=\"1\" rowspan=\"1\">40 mm<\/td>\n<td colspan=\"1\" rowspan=\"1\">25 metros<\/td>\n<td colspan=\"1\" rowspan=\"1\">230 g\/m2<\/td>\n<\/tr>\n<tr class=\"ue-table-interlace-color-double\">\n<td colspan=\"1\" rowspan=\"1\">CT-HDCCOR5010<\/td>\n<td colspan=\"1\" rowspan=\"1\">50 mm<\/td>\n<td colspan=\"1\" rowspan=\"1\">10 metros<\/td>\n<td colspan=\"1\" rowspan=\"1\">320 g\/m2<\/td>\n<\/tr>\n<tr class=\"ue-table-interlace-color-single\">\n<td colspan=\"1\" rowspan=\"1\">CT-HDCCOR5025<\/td>\n<td colspan=\"1\" rowspan=\"1\">50 mm<\/td>\n<td colspan=\"1\" rowspan=\"1\">25 metros<\/td>\n<td colspan=\"1\" rowspan=\"1\">320 g\/m2<\/td>\n<\/tr>\n<\/tbody>\n<\/table>\n<\/div>","protected":false},"excerpt":{"rendered":"<p>Certificaci\u00f3n de calidad:<\/p>\n<p>\u2013 Norma AS\/NZS 2053<\/p>\n<p>\u2013 RoHS, REACH, CE, SGS, ISO<\/p>","protected":false},"featured_media":6408,"comment_status":"closed","ping_status":"closed","template":"","meta":{"_sitemap_exclude":false,"_sitemap_priority":"","_sitemap_frequency":"","_joinchat":[]},"product_brand":[],"product_cat":[36,40,52,59],"product_tag":[190,191],"class_list":{"0":"post-6407","1":"product","2":"type-product","3":"status-publish","4":"has-post-thumbnail","6":"product_cat-international-certifications-products","7":"product_cat-as-nzs-listed-pvc-conduit-pipe-series","8":"product_cat-corrugated-conduit-export","9":"product_cat-hd-flexible-conduit-orange","10":"product_tag-black-corrugated-conduit","11":"product_tag-flexible-conduit","13":"first","14":"instock","15":"shipping-taxable","16":"product-type-simple"},"_links":{"self":[{"href":"https:\/\/www.ctube-gr.com\/es\/wp-json\/wp\/v2\/product\/6407","targetHints":{"allow":["GET"]}}],"collection":[{"href":"https:\/\/www.ctube-gr.com\/es\/wp-json\/wp\/v2\/product"}],"about":[{"href":"https:\/\/www.ctube-gr.com\/es\/wp-json\/wp\/v2\/types\/product"}],"replies":[{"embeddable":true,"href":"https:\/\/www.ctube-gr.com\/es\/wp-json\/wp\/v2\/comments?post=6407"}],"version-history":[{"count":0,"href":"https:\/\/www.ctube-gr.com\/es\/wp-json\/wp\/v2\/product\/6407\/revisions"}],"wp:featuredmedia":[{"embeddable":true,"href":"https:\/\/www.ctube-gr.com\/es\/wp-json\/wp\/v2\/media\/6408"}],"wp:attachment":[{"href":"https:\/\/www.ctube-gr.com\/es\/wp-json\/wp\/v2\/media?parent=6407"}],"wp:term":[{"taxonomy":"product_brand","embeddable":true,"href":"https:\/\/www.ctube-gr.com\/es\/wp-json\/wp\/v2\/product_brand?post=6407"},{"taxonomy":"product_cat","embeddable":true,"href":"https:\/\/www.ctube-gr.com\/es\/wp-json\/wp\/v2\/product_cat?post=6407"},{"taxonomy":"product_tag","embeddable":true,"href":"https:\/\/www.ctube-gr.com\/es\/wp-json\/wp\/v2\/product_tag?post=6407"}],"curies":[{"name":"Gracias","href":"https:\/\/api.w.org\/{rel}","templated":true}]}}