{"id":6416,"date":"2024-05-27T08:04:46","date_gmt":"2024-05-27T08:04:46","guid":{"rendered":"https:\/\/www.ctube-gr.com\/?post_type=product&#038;p=6416"},"modified":"2024-06-27T03:32:14","modified_gmt":"2024-06-27T03:32:14","slug":"tubo-ctube-16-de-50-mm-con-curvatura-de-90-grados","status":"publish","type":"product","link":"https:\/\/www.ctube-gr.com\/es\/ctube-16-50mm-90-degree-sweep-bend","title":{"rendered":"Tubo curvado de 90 grados de 16 a 50 mm, est\u00e1ndar australiano"},"content":{"rendered":"<p><strong>Descripci\u00f3n general<\/strong><\/p>\n<div class=\"table\">\n<table width=\"1418\">\n<tbody>\n<tr class=\"ue-table-interlace-color-single\">\n<td valign=\"top\" width=\"328\">Marca:<\/td>\n<td valign=\"top\" width=\"328\">Tubo C<\/td>\n<td valign=\"top\" width=\"328\">Fabricante original:<\/td>\n<td valign=\"top\" width=\"328\">Disponible<\/td>\n<\/tr>\n<tr class=\"ue-table-interlace-color-double\">\n<td valign=\"top\" width=\"328\">Material:<\/td>\n<td valign=\"top\" width=\"328\">CLORURO DE POLIVINILO<\/td>\n<td valign=\"top\" width=\"328\">Longitud:<\/td>\n<td valign=\"top\" width=\"328\">Est\u00e1ndar australiano<\/td>\n<\/tr>\n<tr class=\"ue-table-interlace-color-single\">\n<td valign=\"top\" width=\"328\">Espesor:<\/td>\n<td valign=\"top\" width=\"328\">Est\u00e1ndar australiano<\/td>\n<td valign=\"top\" width=\"328\">Rango OD:<\/td>\n<td valign=\"top\" width=\"328\">16-50 mm<\/td>\n<\/tr>\n<tr class=\"ue-table-interlace-color-double\">\n<td valign=\"top\" width=\"328\">Proceso de dar un t\u00edtulo:<\/td>\n<td valign=\"top\" width=\"328\">Certificaciones AS\/NZS, RoHS, REACH, CE, SGS, ISO<\/td>\n<td valign=\"top\" width=\"328\">Color:<\/td>\n<td valign=\"top\" width=\"328\">Gris o personalizado<\/td>\n<\/tr>\n<tr class=\"ue-table-interlace-color-single\">\n<td valign=\"top\" width=\"328\">Resistencia al fuego:<\/td>\n<td valign=\"top\" width=\"328\">V0<\/td>\n<td valign=\"top\" width=\"328\">Resistencia a los rayos UV:<\/td>\n<td valign=\"top\" width=\"328\">S\u00ed<\/td>\n<\/tr>\n<tr class=\"ue-table-interlace-color-double\">\n<td valign=\"top\" width=\"328\">Conductividad:<\/td>\n<td valign=\"top\" width=\"328\">Aislado<\/td>\n<td valign=\"top\" width=\"328\">Dureza:<\/td>\n<td valign=\"top\" width=\"328\">R\u00edgido y resistente a los impactos.<\/td>\n<\/tr>\n<tr class=\"ue-table-interlace-color-single\">\n<td valign=\"top\" width=\"328\">Embalaje:<\/td>\n<td valign=\"top\" width=\"328\">Bolsas de pl\u00e1stico y pel\u00edculas de PE<\/td>\n<td valign=\"top\" width=\"328\">Muestra:<\/td>\n<td valign=\"top\" width=\"328\">Gratis<\/td>\n<\/tr>\n<tr class=\"ue-table-interlace-color-double\">\n<td valign=\"top\" width=\"328\">Pa\u00eds:<\/td>\n<td valign=\"top\" width=\"328\">Porcelana<\/td>\n<td valign=\"top\" width=\"328\">F\u00e1brica:<\/td>\n<td valign=\"top\" width=\"328\">Dongguan, Cant\u00f3n<\/td>\n<\/tr>\n<\/tbody>\n<\/table>\n<\/div>\n<p><strong>Caracter\u00edsticas<\/strong><\/p>\n<p>\u2013 \u00c1ngulo de 90\u00b0<\/p>\n<p>\u2013 Cumple con los est\u00e1ndares AS\/NZS 2053.<\/p>\n<p>\u2013 Resistente al impacto, a la luz solar y al fuego.<\/p>\n<p>\u2013 Superficie e interior brillante y liso.<\/p>\n<p>\u2013 El PVC duradero no conductor no se oxida ni se corroe.<\/p>\n<p>\u2013 Adecuado para aplicaciones tanto sobre como bajo tierra.<\/p>\n<p><strong>Solicitud<\/strong><\/p>\n<p>Los codos de 90 grados de 16 a 50 mm de Ctube son codos de radio amplio que no giran abruptamente. Un codo de 90 grados tiene un radio mucho mayor que un codo est\u00e1ndar, lo que permite un mejor flujo. Tanto los codos como las curvas se utilizan para cambiar la direcci\u00f3n del recorrido del conducto.<\/p>\n<p><strong>Capacidad de fabricaci\u00f3n<\/strong><\/p>\n<p>\u2013 Capacidad de producci\u00f3n: 50000 piezas por semana<\/p>\n<p>\u2013 M\u00e9todos de embalaje: bolsas de pl\u00e1stico y pel\u00edculas de PE<\/p>\n<p><strong>Tabla de tallas<\/strong><\/p>\n<div class=\"table\">\n<table cellspacing=\"0\" cellpadding=\"0\">\n<colgroup>\n<col span=\"4\" width=\"118\" \/><\/colgroup>\n<tbody>\n<tr class=\"ue-table-interlace-color-single\">\n<td width=\"119\" height=\"33\">C\u00f3digo del producto<\/td>\n<td width=\"119\">Tama\u00f1o nominal<\/td>\n<td width=\"133\">Embalaje interior<\/td>\n<td width=\"186\">Embalaje exterior<\/td>\n<\/tr>\n<tr class=\"ue-table-interlace-color-double\">\n<td colspan=\"1\" rowspan=\"1\">CT-STB16<\/td>\n<td colspan=\"1\" rowspan=\"1\">16 mm<\/td>\n<td colspan=\"1\" rowspan=\"1\">\u2013<\/td>\n<td colspan=\"1\" rowspan=\"1\">250 cajas\/cart\u00f3n<\/td>\n<\/tr>\n<tr class=\"ue-table-interlace-color-single\">\n<td height=\"18\">CT-STB20<\/td>\n<td width=\"119\">20 mm<\/td>\n<td width=\"131\">\u2013<\/td>\n<td width=\"186\">180 cajas\/cart\u00f3n<\/td>\n<\/tr>\n<tr class=\"ue-table-interlace-color-double\">\n<td colspan=\"1\" rowspan=\"1\">CT-STB25<\/td>\n<td colspan=\"1\" rowspan=\"1\">25 mm<\/td>\n<td colspan=\"1\" rowspan=\"1\">\u2013<\/td>\n<td colspan=\"1\" rowspan=\"1\">135 cajas\/cart\u00f3n<\/td>\n<\/tr>\n<tr class=\"ue-table-interlace-color-single\">\n<td colspan=\"1\" rowspan=\"1\">CT-STB32<\/td>\n<td colspan=\"1\" rowspan=\"1\">32 mm<\/td>\n<td colspan=\"1\" rowspan=\"1\">\u2013<\/td>\n<td colspan=\"1\" rowspan=\"1\">100 cajas\/cart\u00f3n<\/td>\n<\/tr>\n<tr class=\"ue-table-interlace-color-double\">\n<td colspan=\"1\" rowspan=\"1\">CT-STB40<\/td>\n<td colspan=\"1\" rowspan=\"1\">40 mm<\/td>\n<td colspan=\"1\" rowspan=\"1\">\u2013<\/td>\n<td colspan=\"1\" rowspan=\"1\">35 cajas\/cart\u00f3n<\/td>\n<\/tr>\n<tr class=\"ue-table-interlace-color-single\">\n<td colspan=\"1\" rowspan=\"1\">CT-STB50<\/td>\n<td colspan=\"1\" rowspan=\"1\">50 mm<\/td>\n<td colspan=\"1\" rowspan=\"1\">\u2013<\/td>\n<td colspan=\"1\" rowspan=\"1\">28 cajas\/cart\u00f3n<\/td>\n<\/tr>\n<\/tbody>\n<\/table>\n<\/div>","protected":false},"excerpt":{"rendered":"<p>Certificaci\u00f3n de calidad:<\/p>\n<p>\u2013 Norma australiana<\/p>\n<p>\u2013 Cumple con AS\/NZS 2053, RoHS, REACH, CE, SGS, ISO<\/p>","protected":false},"featured_media":6417,"comment_status":"closed","ping_status":"closed","template":"","meta":{"_sitemap_exclude":false,"_sitemap_priority":"","_sitemap_frequency":"","_joinchat":[]},"product_brand":[],"product_cat":[40,211,36,35],"product_tag":[192],"class_list":{"0":"post-6416","1":"product","2":"type-product","3":"status-publish","4":"has-post-thumbnail","6":"product_cat-as-nzs-listed-pvc-conduit-pipe-series","7":"product_cat-australian-standard-conduit-fittings","8":"product_cat-international-certifications-products","9":"product_cat-uncategorized","10":"product_tag-sweep-bend","12":"first","13":"instock","14":"shipping-taxable","15":"product-type-simple"},"_links":{"self":[{"href":"https:\/\/www.ctube-gr.com\/es\/wp-json\/wp\/v2\/product\/6416","targetHints":{"allow":["GET"]}}],"collection":[{"href":"https:\/\/www.ctube-gr.com\/es\/wp-json\/wp\/v2\/product"}],"about":[{"href":"https:\/\/www.ctube-gr.com\/es\/wp-json\/wp\/v2\/types\/product"}],"replies":[{"embeddable":true,"href":"https:\/\/www.ctube-gr.com\/es\/wp-json\/wp\/v2\/comments?post=6416"}],"version-history":[{"count":0,"href":"https:\/\/www.ctube-gr.com\/es\/wp-json\/wp\/v2\/product\/6416\/revisions"}],"wp:featuredmedia":[{"embeddable":true,"href":"https:\/\/www.ctube-gr.com\/es\/wp-json\/wp\/v2\/media\/6417"}],"wp:attachment":[{"href":"https:\/\/www.ctube-gr.com\/es\/wp-json\/wp\/v2\/media?parent=6416"}],"wp:term":[{"taxonomy":"product_brand","embeddable":true,"href":"https:\/\/www.ctube-gr.com\/es\/wp-json\/wp\/v2\/product_brand?post=6416"},{"taxonomy":"product_cat","embeddable":true,"href":"https:\/\/www.ctube-gr.com\/es\/wp-json\/wp\/v2\/product_cat?post=6416"},{"taxonomy":"product_tag","embeddable":true,"href":"https:\/\/www.ctube-gr.com\/es\/wp-json\/wp\/v2\/product_tag?post=6416"}],"curies":[{"name":"Gracias","href":"https:\/\/api.w.org\/{rel}","templated":true}]}}