{"id":6583,"date":"2024-05-28T09:32:41","date_gmt":"2024-05-28T09:32:41","guid":{"rendered":"https:\/\/www.ctube-gr.com\/?post_type=product&#038;p=6583"},"modified":"2024-05-28T09:32:41","modified_gmt":"2024-05-28T09:32:41","slug":"tubo-ctube-20-63-mm-curvatura-de-barrido-lszh-de-90-grados","status":"publish","type":"product","link":"https:\/\/www.ctube-gr.com\/es\/ctube-20-63mm-90-degree-lszh-sweep-bend","title":{"rendered":"Tubo en forma de C de 20 a 63 mm con curvatura de 90 grados LSZH"},"content":{"rendered":"<p><strong>Descripci\u00f3n general<\/strong><\/p>\n<div class=\"table\">\n<table width=\"1418\">\n<tbody>\n<tr class=\"ue-table-interlace-color-single\">\n<td valign=\"top\" width=\"328\">Marca:<\/td>\n<td valign=\"top\" width=\"328\">Tubo C<\/td>\n<td valign=\"top\" width=\"328\">Fabricante original:<\/td>\n<td valign=\"top\" width=\"328\">Disponible<\/td>\n<\/tr>\n<tr class=\"ue-table-interlace-color-double\">\n<td valign=\"top\" width=\"328\">Material:<\/td>\n<td valign=\"top\" width=\"328\">L\u00e1ser de luz ultravioleta<\/td>\n<td valign=\"top\" width=\"328\">Longitud:<\/td>\n<td valign=\"top\" width=\"328\">Personalizado<\/td>\n<\/tr>\n<tr class=\"ue-table-interlace-color-single\">\n<td valign=\"top\" width=\"328\">Espesor:<\/td>\n<td valign=\"top\" width=\"328\">Personalizado<\/td>\n<td valign=\"top\" width=\"328\">Rango OD:<\/td>\n<td valign=\"top\" width=\"328\">20-63 mm<\/td>\n<\/tr>\n<tr class=\"ue-table-interlace-color-double\">\n<td valign=\"top\" width=\"328\">Proceso de dar un t\u00edtulo:<\/td>\n<td valign=\"top\" width=\"328\">RoHS, CE, SGS, ISO<\/td>\n<td valign=\"top\" width=\"328\">Color:<\/td>\n<td valign=\"top\" width=\"328\">Gris o personalizado<\/td>\n<\/tr>\n<tr class=\"ue-table-interlace-color-single\">\n<td valign=\"top\" width=\"328\">Resistencia al fuego:<\/td>\n<td valign=\"top\" width=\"328\">V0<\/td>\n<td valign=\"top\" width=\"328\">Resistencia a los rayos UV:<\/td>\n<td valign=\"top\" width=\"328\">S\u00ed<\/td>\n<\/tr>\n<tr class=\"ue-table-interlace-color-double\">\n<td valign=\"top\" width=\"328\">Conductividad:<\/td>\n<td valign=\"top\" width=\"328\">Aislado<\/td>\n<td valign=\"top\" width=\"328\">Dureza:<\/td>\n<td valign=\"top\" width=\"328\">R\u00edgido y resistente a los impactos.<\/td>\n<\/tr>\n<tr class=\"ue-table-interlace-color-single\">\n<td valign=\"top\" width=\"328\">Embalaje:<\/td>\n<td valign=\"top\" width=\"328\">Bolsas de pl\u00e1stico y pel\u00edculas de PE<\/td>\n<td valign=\"top\" width=\"328\">Muestra:<\/td>\n<td valign=\"top\" width=\"328\">Gratis<\/td>\n<\/tr>\n<tr class=\"ue-table-interlace-color-double\">\n<td valign=\"top\" width=\"328\">Pa\u00eds:<\/td>\n<td valign=\"top\" width=\"328\">Porcelana<\/td>\n<td valign=\"top\" width=\"328\">F\u00e1brica:<\/td>\n<td valign=\"top\" width=\"328\">Dongguan, Cant\u00f3n<\/td>\n<\/tr>\n<\/tbody>\n<\/table>\n<\/div>\n<p><strong>Caracter\u00edsticas<\/strong><\/p>\n<p>&nbsp;<\/p>\n<p>\u2013 \u00c1ngulo de 90 grados.<\/p>\n<p>\u2013 Produce niveles muy bajos de humo y est\u00e1 pr\u00e1cticamente libre de hal\u00f3genos.<\/p>\n<p>\u2013 Cumple con IEC61386-1, IEC61386-21, ISO4589-2, ISO9001, ISO14001, UL94.<\/p>\n<p>\u2013 Resistente al impacto, a la luz solar y al fuego.<\/p>\n<p>\u2013 Superficie e interior brillante y liso.<\/p>\n<p>\u2013 El LS duradero no conductor no se oxida ni se corroe.<\/p>\n<p>\u2013 Adecuado para aplicaciones tanto sobre como bajo tierra.<\/p>\n<p><strong>Solicitud<\/strong><\/p>\n<p>El codo de barrido solar de 90 grados de 20 a 63 mm de Ctube es un codo de radio amplio que no gira abruptamente. Un codo de barrido tiene un radio mucho mayor que un codo est\u00e1ndar, lo que permite un mejor flujo. Tanto los codos como las curvas se utilizan para cambiar la direcci\u00f3n del recorrido del conducto. Est\u00e1n especialmente dise\u00f1ados y producidos para aplicaciones solares y protegen las conexiones el\u00e9ctricas del clima, as\u00ed como tambi\u00e9n protegen a las personas de descargas el\u00e9ctricas accidentales.<\/p>\n<p><strong>Capacidad de fabricaci\u00f3n<\/strong><\/p>\n<p>\u2013 Capacidad de producci\u00f3n: 50000 piezas por semana<\/p>\n<p>\u2013 M\u00e9todos de embalaje: bolsas de pl\u00e1stico y pel\u00edculas de PE<\/p>\n<p>&nbsp;<\/p>\n<div class=\"pyou r\">\n<div class=\"chanpinx\">\n<div class=\"table\">\n<p><strong>Tabla de tallas<\/strong><\/p>\n<div class=\"table\">\n<table width=\"1014\" cellspacing=\"0\" cellpadding=\"0\">\n<tbody>\n<tr class=\"ue-table-interlace-color-single\">\n<td width=\"119\" height=\"30\">C\u00f3digo del producto<\/td>\n<td width=\"119\" height=\"30\">Tama\u00f1o nominal<\/td>\n<td width=\"133\" height=\"30\">sobredosis<\/td>\n<td colspan=\"1\" rowspan=\"1\" valign=\"null\" width=\"186\">IDENTIFICACI\u00d3N<\/td>\n<td width=\"186\" height=\"30\">Embalaje exterior<\/td>\n<\/tr>\n<tr class=\"ue-table-interlace-color-double\">\n<td height=\"30\">CT-HFMDB20<\/td>\n<td width=\"119\" height=\"30\">20 mm<\/td>\n<td width=\"131\" height=\"30\">25,2 mm<\/td>\n<td colspan=\"1\" rowspan=\"1\" valign=\"null\" width=\"186\">20,2 mm<\/td>\n<td width=\"186\" height=\"30\">180 cajas\/cart\u00f3n<\/td>\n<\/tr>\n<tr class=\"ue-table-interlace-color-single\">\n<td colspan=\"1\" rowspan=\"1\" height=\"30\">CT-HFMDB25<\/td>\n<td colspan=\"1\" rowspan=\"1\" height=\"30\">25 mm<\/td>\n<td colspan=\"1\" rowspan=\"1\" height=\"30\">30,0 mm<\/td>\n<td colspan=\"1\" rowspan=\"1\" valign=\"null\" width=\"null\">25,2 mm<\/td>\n<td colspan=\"1\" rowspan=\"1\" height=\"30\">135 cajas\/cart\u00f3n<\/td>\n<\/tr>\n<tr class=\"ue-table-interlace-color-double\">\n<td colspan=\"1\" rowspan=\"1\" height=\"30\">CT-HFMDB32<\/td>\n<td colspan=\"1\" rowspan=\"1\" height=\"30\">32 mm<\/td>\n<td colspan=\"1\" rowspan=\"1\" height=\"30\">36,5 mm<\/td>\n<td colspan=\"1\" rowspan=\"1\" valign=\"null\" width=\"null\">32,0 mm<\/td>\n<td colspan=\"1\" rowspan=\"1\" height=\"30\">100 cajas\/cart\u00f3n<\/td>\n<\/tr>\n<tr class=\"ue-table-interlace-color-single\">\n<td colspan=\"1\" rowspan=\"1\" height=\"30\">CT-HFMDB40<\/td>\n<td colspan=\"1\" rowspan=\"1\" height=\"30\">40 mm<\/td>\n<td colspan=\"1\" rowspan=\"1\" height=\"30\">46,4 mm<\/td>\n<td colspan=\"1\" rowspan=\"1\" valign=\"null\" width=\"null\">40,2 mm<\/td>\n<td colspan=\"1\" rowspan=\"1\" height=\"30\">35 cajas\/cart\u00f3n<\/td>\n<\/tr>\n<tr class=\"ue-table-interlace-color-double\">\n<td colspan=\"1\" rowspan=\"1\" height=\"30\">CT-HFMDB50<\/td>\n<td colspan=\"1\" rowspan=\"1\" height=\"30\">50 mm<\/td>\n<td colspan=\"1\" rowspan=\"1\" height=\"30\">57,2 mm<\/td>\n<td colspan=\"1\" rowspan=\"1\" valign=\"null\" width=\"null\">50,2 mm<\/td>\n<td colspan=\"1\" rowspan=\"1\" height=\"30\">28 cajas\/cart\u00f3n<\/td>\n<\/tr>\n<\/tbody>\n<\/table>\n<\/div>\n<\/div>\n<\/div>\n<\/div>","protected":false},"excerpt":{"rendered":"<p>Certificaci\u00f3n de calidad:<\/p>\n<p>\u2013 Baja emisi\u00f3n de humos y cero hal\u00f3genos<\/p>\n<p>\u2013 Cumple con IEC61386-1, IEC61386-21 IEC60754-1, IEC61034-2, UL94<\/p>","protected":false},"featured_media":6587,"comment_status":"closed","ping_status":"closed","template":"","meta":{"_sitemap_exclude":false,"_sitemap_priority":"","_sitemap_frequency":"","_joinchat":[]},"product_brand":[],"product_cat":[37,193,43],"product_tag":[194],"class_list":{"0":"post-6583","1":"product","2":"type-product","3":"status-publish","4":"has-post-thumbnail","6":"product_cat-specialized-application-products","7":"product_cat-conduit-fittings","8":"product_cat-low-smoke-halogen-free-conduit-and-fittings","9":"product_tag-lszh-sweep-bend","11":"first","12":"instock","13":"shipping-taxable","14":"product-type-simple"},"_links":{"self":[{"href":"https:\/\/www.ctube-gr.com\/es\/wp-json\/wp\/v2\/product\/6583","targetHints":{"allow":["GET"]}}],"collection":[{"href":"https:\/\/www.ctube-gr.com\/es\/wp-json\/wp\/v2\/product"}],"about":[{"href":"https:\/\/www.ctube-gr.com\/es\/wp-json\/wp\/v2\/types\/product"}],"replies":[{"embeddable":true,"href":"https:\/\/www.ctube-gr.com\/es\/wp-json\/wp\/v2\/comments?post=6583"}],"version-history":[{"count":0,"href":"https:\/\/www.ctube-gr.com\/es\/wp-json\/wp\/v2\/product\/6583\/revisions"}],"wp:featuredmedia":[{"embeddable":true,"href":"https:\/\/www.ctube-gr.com\/es\/wp-json\/wp\/v2\/media\/6587"}],"wp:attachment":[{"href":"https:\/\/www.ctube-gr.com\/es\/wp-json\/wp\/v2\/media?parent=6583"}],"wp:term":[{"taxonomy":"product_brand","embeddable":true,"href":"https:\/\/www.ctube-gr.com\/es\/wp-json\/wp\/v2\/product_brand?post=6583"},{"taxonomy":"product_cat","embeddable":true,"href":"https:\/\/www.ctube-gr.com\/es\/wp-json\/wp\/v2\/product_cat?post=6583"},{"taxonomy":"product_tag","embeddable":true,"href":"https:\/\/www.ctube-gr.com\/es\/wp-json\/wp\/v2\/product_tag?post=6583"}],"curies":[{"name":"Gracias","href":"https:\/\/api.w.org\/{rel}","templated":true}]}}