{"id":6612,"date":"2024-05-28T09:46:14","date_gmt":"2024-05-28T09:46:14","guid":{"rendered":"https:\/\/www.ctube-gr.com\/?post_type=product&#038;p=6612"},"modified":"2024-07-01T03:34:37","modified_gmt":"2024-07-01T03:34:37","slug":"clip-de-conducto-de-pvc-en-forma-de-u-de-20-50-mm-de-longitud-y-lszh-de-ctube","status":"publish","type":"product","link":"https:\/\/www.ctube-gr.com\/es\/ctube-20-50mm-lszh-u-shape-pvc-conduit-clip","title":{"rendered":"Abrazadera para conducto de PVC en forma de U LSZH de 20 a 50 mm de Ctube"},"content":{"rendered":"<p><strong>Descripci\u00f3n general<\/strong><\/p>\n<div class=\"table\">\n<table width=\"1418\">\n<tbody>\n<tr class=\"ue-table-interlace-color-single\">\n<td valign=\"top\" width=\"328\">Marca:<\/td>\n<td valign=\"top\" width=\"328\">Tubo C<\/td>\n<td valign=\"top\" width=\"328\">Fabricante original:<\/td>\n<td valign=\"top\" width=\"328\">Disponible<\/td>\n<\/tr>\n<tr class=\"ue-table-interlace-color-double\">\n<td valign=\"top\" width=\"328\">Material:<\/td>\n<td valign=\"top\" width=\"328\">L\u00e1ser de luz ultravioleta<\/td>\n<td valign=\"top\" width=\"328\">Longitud:<\/td>\n<td valign=\"top\" width=\"328\">Personalizado<\/td>\n<\/tr>\n<tr class=\"ue-table-interlace-color-single\">\n<td valign=\"top\" width=\"328\">Espesor:<\/td>\n<td valign=\"top\" width=\"328\">Personalizado<\/td>\n<td valign=\"top\" width=\"328\">Rango OD:<\/td>\n<td valign=\"top\" width=\"328\">20-50 mm<\/td>\n<\/tr>\n<tr class=\"ue-table-interlace-color-double\">\n<td valign=\"top\" width=\"328\">Proceso de dar un t\u00edtulo:<\/td>\n<td valign=\"top\" width=\"328\">RoHS, CE, SGS, ISO<\/td>\n<td valign=\"top\" width=\"328\">Color:<\/td>\n<td valign=\"top\" width=\"328\">Gris o personalizado<\/td>\n<\/tr>\n<tr class=\"ue-table-interlace-color-single\">\n<td valign=\"top\" width=\"328\">Resistencia al fuego:<\/td>\n<td valign=\"top\" width=\"328\">V0<\/td>\n<td valign=\"top\" width=\"328\">Resistencia a los rayos UV:<\/td>\n<td valign=\"top\" width=\"328\">S\u00ed<\/td>\n<\/tr>\n<tr class=\"ue-table-interlace-color-double\">\n<td valign=\"top\" width=\"328\">Conductividad:<\/td>\n<td valign=\"top\" width=\"328\">Aislado<\/td>\n<td valign=\"top\" width=\"328\">Dureza:<\/td>\n<td valign=\"top\" width=\"328\">R\u00edgido y resistente a los impactos.<\/td>\n<\/tr>\n<tr class=\"ue-table-interlace-color-single\">\n<td valign=\"top\" width=\"328\">Embalaje:<\/td>\n<td valign=\"top\" width=\"328\">Bolsas de pl\u00e1stico y pel\u00edculas de PE<\/td>\n<td valign=\"top\" width=\"328\">Muestra:<\/td>\n<td valign=\"top\" width=\"328\">Gratis<\/td>\n<\/tr>\n<tr class=\"ue-table-interlace-color-double\">\n<td valign=\"top\" width=\"328\">Pa\u00eds:<\/td>\n<td valign=\"top\" width=\"328\">Porcelana<\/td>\n<td valign=\"top\" width=\"328\">F\u00e1brica:<\/td>\n<td valign=\"top\" width=\"328\">Dongguan, Cant\u00f3n<\/td>\n<\/tr>\n<\/tbody>\n<\/table>\n<\/div>\n<p><strong>Caracter\u00edsticas<\/strong><\/p>\n<p>\u2013 Produce niveles muy bajos de humo y est\u00e1 pr\u00e1cticamente libre de hal\u00f3genos.<\/p>\n<p>\u2013 Cumple con IEC61386-1, IEC61386-21, ISO4589-2, ISO9001, ISO14001, UL94.<\/p>\n<p>\u2013 Resistente al impacto, a la luz solar y al fuego.<\/p>\n<p>\u2013 Superficie e interior brillante y liso.<\/p>\n<p>\u2013 El material LSZH no conductor duradero no se oxida ni se corroe.<\/p>\n<p>\u2013 Adecuado para aplicaciones tanto sobre como bajo tierra.<\/p>\n<p><strong>Solicitud<\/strong><\/p>\n<p>El clip de conducto de PVC en forma de U LSZH de Ctube se utiliza para montar conductos simples o aislados.<\/p>\n<p><strong>Capacidad de fabricaci\u00f3n<\/strong><\/p>\n<p>\u2013 Capacidad de producci\u00f3n: 50000 piezas por semana<\/p>\n<p>\u2013 M\u00e9todos de embalaje: bolsas de pl\u00e1stico y pel\u00edculas de PE<\/p>\n<p><strong>Tabla de tallas<\/strong><\/p>\n<div class=\"table\">\n<table width=\"1014\" cellspacing=\"0\" cellpadding=\"0\">\n<tbody>\n<tr class=\"ue-table-interlace-color-single\">\n<td width=\"119\" height=\"30\">C\u00f3digo del producto<\/td>\n<td width=\"119\" height=\"30\">Tama\u00f1o nominal<\/td>\n<td width=\"133\" height=\"30\">sobredosis<\/td>\n<td colspan=\"1\" rowspan=\"1\" valign=\"null\" width=\"186\">IDENTIFICACI\u00d3N<\/td>\n<td width=\"186\" height=\"30\">Embalaje exterior<\/td>\n<\/tr>\n<tr class=\"ue-table-interlace-color-double\">\n<td height=\"30\">CT-HFC20<\/td>\n<td width=\"119\" height=\"30\">20 mm<\/td>\n<td width=\"131\" height=\"30\">23,5 mm<\/td>\n<td colspan=\"1\" rowspan=\"1\" valign=\"null\" width=\"186\">20 mm<\/td>\n<td width=\"186\" height=\"30\">4000 unidades\/caja<\/td>\n<\/tr>\n<tr class=\"ue-table-interlace-color-single\">\n<td colspan=\"1\" rowspan=\"1\" height=\"30\">CT-HFC25<\/td>\n<td colspan=\"1\" rowspan=\"1\" height=\"30\">25 mm<\/td>\n<td colspan=\"1\" rowspan=\"1\" height=\"30\">28,5 mm<\/td>\n<td colspan=\"1\" rowspan=\"1\" valign=\"null\" width=\"null\">25 mm<\/td>\n<td colspan=\"1\" rowspan=\"1\" height=\"30\">2112 unidades\/caja<\/td>\n<\/tr>\n<tr class=\"ue-table-interlace-color-double\">\n<td colspan=\"1\" rowspan=\"1\" height=\"30\">CT-HFC32<\/td>\n<td colspan=\"1\" rowspan=\"1\" height=\"30\">32 mm<\/td>\n<td colspan=\"1\" rowspan=\"1\" height=\"30\">39 mm<\/td>\n<td colspan=\"1\" rowspan=\"1\" valign=\"null\" width=\"null\">32 mm<\/td>\n<td colspan=\"1\" rowspan=\"1\" height=\"30\">1600 unidades\/caja<\/td>\n<\/tr>\n<tr class=\"ue-table-interlace-color-single\">\n<td colspan=\"1\" rowspan=\"1\" height=\"30\">CT-HFC40<\/td>\n<td colspan=\"1\" rowspan=\"1\" height=\"30\">40 mm<\/td>\n<td colspan=\"1\" rowspan=\"1\" height=\"30\">47 mm<\/td>\n<td colspan=\"1\" rowspan=\"1\" valign=\"null\" width=\"null\">40 mm<\/td>\n<td colspan=\"1\" rowspan=\"1\" height=\"30\">840 unidades\/caja<\/td>\n<\/tr>\n<tr class=\"ue-table-interlace-color-double\">\n<td colspan=\"1\" rowspan=\"1\" height=\"30\">CT-HFC50<\/td>\n<td colspan=\"1\" rowspan=\"1\" height=\"30\">50 mm<\/td>\n<td colspan=\"1\" rowspan=\"1\" height=\"30\">58 mm<\/td>\n<td colspan=\"1\" rowspan=\"1\" valign=\"null\" width=\"null\">50 mm<\/td>\n<td colspan=\"1\" rowspan=\"1\" height=\"30\">432 unidades\/caja<\/td>\n<\/tr>\n<\/tbody>\n<\/table>\n<\/div>","protected":false},"excerpt":{"rendered":"<p>Certificaci\u00f3n de calidad:<\/p>\n<p>\u2013 Baja emisi\u00f3n de humos y cero hal\u00f3genos<\/p>\n<p>\u2013 Cumple con IEC61386-1, IEC61386-21 IEC60754-1, IEC61034-2, UL94<\/p>","protected":false},"featured_media":6613,"comment_status":"closed","ping_status":"closed","template":"","meta":{"_sitemap_exclude":false,"_sitemap_priority":"","_sitemap_frequency":"","_joinchat":[]},"product_brand":[],"product_cat":[37,193,43],"product_tag":[198],"class_list":{"0":"post-6612","1":"product","2":"type-product","3":"status-publish","4":"has-post-thumbnail","6":"product_cat-specialized-application-products","7":"product_cat-conduit-fittings","8":"product_cat-low-smoke-halogen-free-conduit-and-fittings","9":"product_tag-pvc-conduit-clip","11":"first","12":"instock","13":"shipping-taxable","14":"product-type-simple"},"_links":{"self":[{"href":"https:\/\/www.ctube-gr.com\/es\/wp-json\/wp\/v2\/product\/6612","targetHints":{"allow":["GET"]}}],"collection":[{"href":"https:\/\/www.ctube-gr.com\/es\/wp-json\/wp\/v2\/product"}],"about":[{"href":"https:\/\/www.ctube-gr.com\/es\/wp-json\/wp\/v2\/types\/product"}],"replies":[{"embeddable":true,"href":"https:\/\/www.ctube-gr.com\/es\/wp-json\/wp\/v2\/comments?post=6612"}],"version-history":[{"count":0,"href":"https:\/\/www.ctube-gr.com\/es\/wp-json\/wp\/v2\/product\/6612\/revisions"}],"wp:featuredmedia":[{"embeddable":true,"href":"https:\/\/www.ctube-gr.com\/es\/wp-json\/wp\/v2\/media\/6613"}],"wp:attachment":[{"href":"https:\/\/www.ctube-gr.com\/es\/wp-json\/wp\/v2\/media?parent=6612"}],"wp:term":[{"taxonomy":"product_brand","embeddable":true,"href":"https:\/\/www.ctube-gr.com\/es\/wp-json\/wp\/v2\/product_brand?post=6612"},{"taxonomy":"product_cat","embeddable":true,"href":"https:\/\/www.ctube-gr.com\/es\/wp-json\/wp\/v2\/product_cat?post=6612"},{"taxonomy":"product_tag","embeddable":true,"href":"https:\/\/www.ctube-gr.com\/es\/wp-json\/wp\/v2\/product_tag?post=6612"}],"curies":[{"name":"Gracias","href":"https:\/\/api.w.org\/{rel}","templated":true}]}}