{"id":6616,"date":"2024-05-28T09:50:00","date_gmt":"2024-05-28T09:50:00","guid":{"rendered":"https:\/\/www.ctube-gr.com\/?post_type=product&#038;p=6616"},"modified":"2024-05-30T04:00:02","modified_gmt":"2024-05-30T04:00:02","slug":"tee-de-inspeccion-ctube-lszh","status":"publish","type":"product","link":"https:\/\/www.ctube-gr.com\/es\/ctube-lszh-inspection-tee","title":{"rendered":"Tee de inspecci\u00f3n LSZH de Ctube"},"content":{"rendered":"<p><strong>Descripci\u00f3n general<\/strong><\/p>\n<div class=\"table\">\n<table width=\"1418\">\n<tbody>\n<tr class=\"ue-table-interlace-color-single\">\n<td valign=\"top\" width=\"328\">Marca:<\/td>\n<td valign=\"top\" width=\"328\">Tubo C<\/td>\n<td valign=\"top\" width=\"328\">Fabricante original:<\/td>\n<td valign=\"top\" width=\"328\">Disponible<\/td>\n<\/tr>\n<tr class=\"ue-table-interlace-color-double\">\n<td valign=\"top\" width=\"328\">Material:<\/td>\n<td valign=\"top\" width=\"328\">L\u00e1ser de luz ultravioleta<\/td>\n<td valign=\"top\" width=\"328\">Longitud:<\/td>\n<td valign=\"top\" width=\"328\">Personalizado<\/td>\n<\/tr>\n<tr class=\"ue-table-interlace-color-single\">\n<td valign=\"top\" width=\"328\">Espesor:<\/td>\n<td valign=\"top\" width=\"328\">Personalizado<\/td>\n<td valign=\"top\" width=\"328\">Rango OD:<\/td>\n<td valign=\"top\" width=\"328\">20-25 mm<\/td>\n<\/tr>\n<tr class=\"ue-table-interlace-color-double\">\n<td valign=\"top\" width=\"328\">Proceso de dar un t\u00edtulo:<\/td>\n<td valign=\"top\" width=\"328\">RoHS, CE, SGS, ISO<\/td>\n<td valign=\"top\" width=\"328\">Color:<\/td>\n<td valign=\"top\" width=\"328\">Gris o personalizado<\/td>\n<\/tr>\n<tr class=\"ue-table-interlace-color-single\">\n<td valign=\"top\" width=\"328\">Resistencia al fuego:<\/td>\n<td valign=\"top\" width=\"328\">V0<\/td>\n<td valign=\"top\" width=\"328\">Resistencia a los rayos UV:<\/td>\n<td valign=\"top\" width=\"328\">S\u00ed<\/td>\n<\/tr>\n<tr class=\"ue-table-interlace-color-double\">\n<td valign=\"top\" width=\"328\">Conductividad:<\/td>\n<td valign=\"top\" width=\"328\">Aislado<\/td>\n<td valign=\"top\" width=\"328\">Dureza:<\/td>\n<td valign=\"top\" width=\"328\">R\u00edgido y resistente a los impactos.<\/td>\n<\/tr>\n<tr class=\"ue-table-interlace-color-single\">\n<td valign=\"top\" width=\"328\">Embalaje:<\/td>\n<td valign=\"top\" width=\"328\">Bolsas de pl\u00e1stico y pel\u00edculas de PE<\/td>\n<td valign=\"top\" width=\"328\">Muestra:<\/td>\n<td valign=\"top\" width=\"328\">Gratis<\/td>\n<\/tr>\n<tr class=\"ue-table-interlace-color-double\">\n<td valign=\"top\" width=\"328\">Pa\u00eds:<\/td>\n<td valign=\"top\" width=\"328\">Porcelana<\/td>\n<td valign=\"top\" width=\"328\">F\u00e1brica:<\/td>\n<td valign=\"top\" width=\"328\">Dongguan, Cant\u00f3n<\/td>\n<\/tr>\n<\/tbody>\n<\/table>\n<\/div>\n<p>&nbsp;<\/p>\n<p><strong>Caracter\u00edsticas<\/strong><\/p>\n<p>\u2013 Produce niveles muy bajos de humo y est\u00e1 pr\u00e1cticamente libre de hal\u00f3genos.<\/p>\n<p>\u2013 Cumple con IEC61386-1, IEC61386-21, ISO4589-2, ISO9001, ISO14001, UL94.<\/p>\n<p>\u2013 Resistente al impacto, a la luz solar y al fuego.<\/p>\n<p>\u2013 Superficie e interior brillante y liso.<\/p>\n<p>\u2013 El material LSZH no conductor duradero no se oxida ni se corroe.<\/p>\n<p>\u2013 Adecuado para aplicaciones tanto sobre como bajo tierra.<\/p>\n<p>&nbsp;<\/p>\n<p><strong>Solicitud<\/strong><\/p>\n<p>La T de inspecci\u00f3n LSZH de Ctube est\u00e1 dise\u00f1ada para garantizar la estanqueidad de las fugas el\u00e9ctricas a medida que pasa a trav\u00e9s del pozo y tambi\u00e9n permite insertar equipos de limpieza e inspecci\u00f3n.<\/p>\n<p>&nbsp;<\/p>\n<p><strong>Capacidad de fabricaci\u00f3n<\/strong><\/p>\n<p>\u2013 Capacidad de producci\u00f3n: 50000 piezas por semana<\/p>\n<p>\u2013 M\u00e9todos de embalaje: bolsas de pl\u00e1stico y pel\u00edculas de PE<\/p>\n<p>&nbsp;<\/p>","protected":false},"excerpt":{"rendered":"<p>Certificaci\u00f3n de calidad:<\/p>\n<p>\u2013 Baja emisi\u00f3n de humos y cero hal\u00f3genos<\/p>\n<p>\u2013 Cumple con IEC61386-1, IEC61386-21 IEC60754-1, IEC61034-2, UL94<\/p>","protected":false},"featured_media":6621,"comment_status":"closed","ping_status":"closed","template":"","meta":{"_sitemap_exclude":false,"_sitemap_priority":"","_sitemap_frequency":"","_joinchat":[]},"product_brand":[],"product_cat":[37,193,43],"product_tag":[199],"class_list":{"0":"post-6616","1":"product","2":"type-product","3":"status-publish","4":"has-post-thumbnail","6":"product_cat-specialized-application-products","7":"product_cat-conduit-fittings","8":"product_cat-low-smoke-halogen-free-conduit-and-fittings","9":"product_tag-lszh-inspection-tee","11":"first","12":"instock","13":"shipping-taxable","14":"product-type-simple"},"_links":{"self":[{"href":"https:\/\/www.ctube-gr.com\/es\/wp-json\/wp\/v2\/product\/6616","targetHints":{"allow":["GET"]}}],"collection":[{"href":"https:\/\/www.ctube-gr.com\/es\/wp-json\/wp\/v2\/product"}],"about":[{"href":"https:\/\/www.ctube-gr.com\/es\/wp-json\/wp\/v2\/types\/product"}],"replies":[{"embeddable":true,"href":"https:\/\/www.ctube-gr.com\/es\/wp-json\/wp\/v2\/comments?post=6616"}],"version-history":[{"count":0,"href":"https:\/\/www.ctube-gr.com\/es\/wp-json\/wp\/v2\/product\/6616\/revisions"}],"wp:featuredmedia":[{"embeddable":true,"href":"https:\/\/www.ctube-gr.com\/es\/wp-json\/wp\/v2\/media\/6621"}],"wp:attachment":[{"href":"https:\/\/www.ctube-gr.com\/es\/wp-json\/wp\/v2\/media?parent=6616"}],"wp:term":[{"taxonomy":"product_brand","embeddable":true,"href":"https:\/\/www.ctube-gr.com\/es\/wp-json\/wp\/v2\/product_brand?post=6616"},{"taxonomy":"product_cat","embeddable":true,"href":"https:\/\/www.ctube-gr.com\/es\/wp-json\/wp\/v2\/product_cat?post=6616"},{"taxonomy":"product_tag","embeddable":true,"href":"https:\/\/www.ctube-gr.com\/es\/wp-json\/wp\/v2\/product_tag?post=6616"}],"curies":[{"name":"Gracias","href":"https:\/\/api.w.org\/{rel}","templated":true}]}}