{"id":7794,"date":"2024-07-01T03:11:12","date_gmt":"2024-07-01T03:11:12","guid":{"rendered":"https:\/\/www.ctube-gr.com\/?post_type=product&#038;p=7794"},"modified":"2024-07-01T03:11:14","modified_gmt":"2024-07-01T03:11:14","slug":"correa-de-conducto-de-metal-rigida-de-1-orificio-de-63-mm-ctube-20","status":"publish","type":"product","link":"https:\/\/www.ctube-gr.com\/es\/ctube-20-63mm-rigid-1-hole-metal-conduit-strap","title":{"rendered":"Correa de conducto de metal r\u00edgida de 1 orificio de 20 a 63 mm de Ctube"},"content":{"rendered":"<p><strong>Descripci\u00f3n general<\/strong><\/p>\n<div class=\"table\">\n<table width=\"1418\">\n<tbody>\n<tr class=\"ue-table-interlace-color-single\">\n<td valign=\"top\" width=\"328\">Marca:<\/td>\n<td valign=\"top\" width=\"328\">Tubo C<\/td>\n<td valign=\"top\" width=\"328\">Fabricante original:<\/td>\n<td valign=\"top\" width=\"328\">Disponible<\/td>\n<\/tr>\n<tr class=\"ue-table-interlace-color-double\">\n<td valign=\"top\" width=\"328\">Material:<\/td>\n<td valign=\"top\" width=\"328\">Acero galvanizado<\/td>\n<td valign=\"top\" width=\"328\">Longitud:<\/td>\n<td valign=\"top\" width=\"328\">Personalizado<\/td>\n<\/tr>\n<tr class=\"ue-table-interlace-color-single\">\n<td valign=\"top\" width=\"328\">Espesor:<\/td>\n<td valign=\"top\" width=\"328\">Personalizado<\/td>\n<td valign=\"top\" width=\"328\">Rango OD:<\/td>\n<td valign=\"top\" width=\"328\">20-63 mm<\/td>\n<\/tr>\n<tr class=\"ue-table-interlace-color-double\">\n<td valign=\"top\" width=\"328\">Proceso de dar un t\u00edtulo:<\/td>\n<td valign=\"top\" width=\"328\">Normas IEC61386, ISO, ASTM y UL94<\/td>\n<td valign=\"top\" width=\"328\">Color:<\/td>\n<td valign=\"top\" width=\"328\">Plata<\/td>\n<\/tr>\n<tr class=\"ue-table-interlace-color-single\">\n<td valign=\"top\" width=\"328\">Resistencia al fuego:<\/td>\n<td valign=\"top\" width=\"328\">V0<\/td>\n<td valign=\"top\" width=\"328\">Resistencia a los rayos UV:<\/td>\n<td valign=\"top\" width=\"328\">S\u00ed<\/td>\n<\/tr>\n<tr class=\"ue-table-interlace-color-double\">\n<td valign=\"top\" width=\"328\">Conductividad:<\/td>\n<td valign=\"top\" width=\"328\">Aislado<\/td>\n<td valign=\"top\" width=\"328\">Dureza:<\/td>\n<td valign=\"top\" width=\"328\">R\u00edgido y resistente a los impactos.<\/td>\n<\/tr>\n<tr class=\"ue-table-interlace-color-single\">\n<td valign=\"top\" width=\"328\">Embalaje:<\/td>\n<td valign=\"top\" width=\"328\">Cajas<\/td>\n<td valign=\"top\" width=\"328\">Muestra:<\/td>\n<td valign=\"top\" width=\"328\">Gratis<\/td>\n<\/tr>\n<tr class=\"ue-table-interlace-color-double\">\n<td valign=\"top\" width=\"328\">Pa\u00eds:<\/td>\n<td valign=\"top\" width=\"328\">Porcelana<\/td>\n<td valign=\"top\" width=\"328\">F\u00e1brica:<\/td>\n<td valign=\"top\" width=\"328\">Dongguan, Cant\u00f3n<\/td>\n<\/tr>\n<\/tbody>\n<\/table>\n<\/div>\n<p><strong>Caracter\u00edsticas<\/strong><\/p>\n<p>\u2013 Correas de conducto de alta resistencia para asegurar conductos r\u00edgidos o IMC.<\/p>\n<p>\u2013 Fabricado en acero galvanizado resistente a la corrosi\u00f3n.<\/p>\n<p>\u2013 Resistente al impacto, a la luz solar y al fuego.<\/p>\n<p>\u2013 Se puede utilizar para aplicaciones interiores y exteriores.<\/p>\n<p><strong>Solicitud<\/strong><\/p>\n<p>Las correas de metal r\u00edgidas de 1 orificio de 20 a 63 mm de Ctube est\u00e1n dise\u00f1adas para asegurar conductos r\u00edgidos a superficies de madera, mamposter\u00eda o similares. Las correas tienen una gran capacidad de carga y se ajustan a un conducto para mantenerlo firmemente en su lugar. Se ajustan a presi\u00f3n a un conducto cuando se instalan.<\/p>\n<p><strong>Capacidad de fabricaci\u00f3n<\/strong><\/p>\n<p>\u2013 Capacidad de producci\u00f3n: 50000 piezas por semana<\/p>\n<p>\u2013 M\u00e9todos de embalaje: bolsas de pl\u00e1stico y pel\u00edculas de PE<\/p>\n<p><strong>Tabla de tallas<\/strong><\/p>\n<div class=\"table\">\n<table width=\"868\" cellspacing=\"0\" cellpadding=\"0\">\n<colgroup>\n<col span=\"4\" width=\"118\" \/><\/colgroup>\n<tbody>\n<tr class=\"ue-table-interlace-color-single\">\n<td width=\"119\" height=\"33\">C\u00f3digo del producto<\/td>\n<td colspan=\"1\" rowspan=\"1\" valign=\"null\" width=\"119\">Tama\u00f1o nominal<\/td>\n<td width=\"119\">Tama\u00f1o de la caja<\/td>\n<td width=\"133\">Embalaje interior<\/td>\n<td width=\"186\">Embalaje exterior<\/td>\n<\/tr>\n<tr class=\"ue-table-interlace-color-double\">\n<td height=\"18\">CT-HS20<\/td>\n<td colspan=\"1\" rowspan=\"1\" valign=\"null\" width=\"119\">20 mm<\/td>\n<td width=\"119\">13,6 \u00d7 13,6 \u00d7 6,9 cm<\/td>\n<td width=\"131\">20 unidades\/caja<\/td>\n<td width=\"186\">2000 cajas\/cart\u00f3n<\/td>\n<\/tr>\n<tr class=\"ue-table-interlace-color-single\">\n<td colspan=\"1\" rowspan=\"1\">CT-HS25<\/td>\n<td colspan=\"1\" rowspan=\"1\" valign=\"null\" width=\"null\">25 mm<\/td>\n<td colspan=\"1\" rowspan=\"1\">13,6 \u00d7 13,6 \u00d7 6,9 cm<\/td>\n<td colspan=\"1\" rowspan=\"1\">20 unidades\/caja<\/td>\n<td colspan=\"1\" rowspan=\"1\">1000 cajas\/cart\u00f3n<\/td>\n<\/tr>\n<tr class=\"ue-table-interlace-color-double\">\n<td colspan=\"1\" rowspan=\"1\">CT-HS32<\/td>\n<td colspan=\"1\" rowspan=\"1\">32 mm<\/td>\n<td colspan=\"1\" rowspan=\"1\">13,6 \u00d7 13,6 \u00d7 6,9 cm<\/td>\n<td colspan=\"1\" rowspan=\"1\">20 unidades\/caja<\/td>\n<td colspan=\"1\" rowspan=\"1\">1000 cajas\/cart\u00f3n<\/td>\n<\/tr>\n<tr class=\"ue-table-interlace-color-single\">\n<td colspan=\"1\" rowspan=\"1\">CT-HS40<\/td>\n<td colspan=\"1\" rowspan=\"1\">40 mm<\/td>\n<td colspan=\"1\" rowspan=\"1\">13,6 \u00d7 13,6 \u00d7 6,9 cm<\/td>\n<td colspan=\"1\" rowspan=\"1\">20 unidades\/caja<\/td>\n<td colspan=\"1\" rowspan=\"1\">500 cajas\/cart\u00f3n<\/td>\n<\/tr>\n<tr class=\"ue-table-interlace-color-double\">\n<td colspan=\"1\" rowspan=\"1\">CT-HS50<\/td>\n<td colspan=\"1\" rowspan=\"1\">50 mm<\/td>\n<td colspan=\"1\" rowspan=\"1\">13,6 \u00d7 13,6 \u00d7 6,9 cm<\/td>\n<td colspan=\"1\" rowspan=\"1\">20 unidades\/caja<\/td>\n<td colspan=\"1\" rowspan=\"1\">500 cajas\/cart\u00f3n<\/td>\n<\/tr>\n<tr class=\"ue-table-interlace-color-single\">\n<td colspan=\"1\" rowspan=\"1\">CT-HS63<\/td>\n<td colspan=\"1\" rowspan=\"1\">63 mm<\/td>\n<td colspan=\"1\" rowspan=\"1\">13,6 \u00d7 13,6 \u00d7 6,9 cm<\/td>\n<td colspan=\"1\" rowspan=\"1\">20 unidades\/caja<\/td>\n<td colspan=\"1\" rowspan=\"1\">500 cajas\/cart\u00f3n<\/td>\n<\/tr>\n<\/tbody>\n<\/table>\n<\/div>","protected":false},"excerpt":{"rendered":"<p>Certificaci\u00f3n de calidad:<\/p>\n<p>\u2013 Especialmente dise\u00f1ado y producido para aplicaciones solares.<\/p>\n<p>\u2013 Fabricado en acero galvanizado.<\/p>","protected":false},"featured_media":7798,"comment_status":"closed","ping_status":"closed","template":"","meta":{"_sitemap_exclude":false,"_sitemap_priority":"","_sitemap_frequency":"","_joinchat":[]},"product_brand":[],"product_cat":[35,107,42,37],"product_tag":[],"class_list":{"0":"post-7794","1":"product","2":"type-product","3":"status-publish","4":"has-post-thumbnail","6":"product_cat-uncategorized","7":"product_cat-fittings-wholesale","8":"product_cat-solar-pvc-conduit-and-fittings","9":"product_cat-specialized-application-products","11":"first","12":"instock","13":"shipping-taxable","14":"product-type-simple"},"_links":{"self":[{"href":"https:\/\/www.ctube-gr.com\/es\/wp-json\/wp\/v2\/product\/7794","targetHints":{"allow":["GET"]}}],"collection":[{"href":"https:\/\/www.ctube-gr.com\/es\/wp-json\/wp\/v2\/product"}],"about":[{"href":"https:\/\/www.ctube-gr.com\/es\/wp-json\/wp\/v2\/types\/product"}],"replies":[{"embeddable":true,"href":"https:\/\/www.ctube-gr.com\/es\/wp-json\/wp\/v2\/comments?post=7794"}],"version-history":[{"count":0,"href":"https:\/\/www.ctube-gr.com\/es\/wp-json\/wp\/v2\/product\/7794\/revisions"}],"wp:featuredmedia":[{"embeddable":true,"href":"https:\/\/www.ctube-gr.com\/es\/wp-json\/wp\/v2\/media\/7798"}],"wp:attachment":[{"href":"https:\/\/www.ctube-gr.com\/es\/wp-json\/wp\/v2\/media?parent=7794"}],"wp:term":[{"taxonomy":"product_brand","embeddable":true,"href":"https:\/\/www.ctube-gr.com\/es\/wp-json\/wp\/v2\/product_brand?post=7794"},{"taxonomy":"product_cat","embeddable":true,"href":"https:\/\/www.ctube-gr.com\/es\/wp-json\/wp\/v2\/product_cat?post=7794"},{"taxonomy":"product_tag","embeddable":true,"href":"https:\/\/www.ctube-gr.com\/es\/wp-json\/wp\/v2\/product_tag?post=7794"}],"curies":[{"name":"Gracias","href":"https:\/\/api.w.org\/{rel}","templated":true}]}}