{"id":11189,"date":"2025-06-09T09:50:39","date_gmt":"2025-06-09T09:50:39","guid":{"rendered":"https:\/\/www.ctube-gr.com\/?post_type=product&#038;p=11189"},"modified":"2025-06-09T09:55:33","modified_gmt":"2025-06-09T09:55:33","slug":"collier-de-serrage-a-deux-trous-pour-conduit-pvc-en-c","status":"publish","type":"product","link":"https:\/\/www.ctube-gr.com\/fr\/ctube-pvc-conduit-strap-clamp-two-hole-mounting-support","title":{"rendered":"Collier de serrage \u00e0 deux trous pour conduit PVC Ctube"},"content":{"rendered":"<p>S\u00e9curisez vos installations de conduits avec le <strong>Collier de serrage pour conduit PVC Ctube<\/strong>. Con\u00e7ue pour \u00eatre utilis\u00e9e avec des conduits en PVC Schedule 40, cette pince \u00e0 deux trous offre un support fiable et un montage en surface facile pour les installations horizontales et verticales.<\/p>\n<div style=\"background-color: #fff; border-left: 4px solid #003473; padding: 16px; margin-bottom: 20px; border-radius: 8px;\">\n<p><span style=\"color: #003473;\"><strong>\u00a0Caract\u00e9ristiques principales<\/strong><\/span><\/p>\n<ul style=\"padding-left: 20px; margin: 0;\">\n<li><strong>Options de taille\u00a0:<\/strong> Compatible avec les tailles de conduits de <span style=\"color: #003473;\">1\/2 po \u00e0 2-1\/2 po\u201d<\/span><\/li>\n<li><strong>Fixation s\u00e9curis\u00e9e\u00a0:<\/strong> <em>Conception \u00e0 deux trous<\/em> assure une fixation solide aux murs, plafonds ou structures<\/li>\n<li><strong>Construction durable :<\/strong> Fabriqu\u00e9 \u00e0 partir de mat\u00e9riaux rigides <em>mat\u00e9riau PVC<\/em> \u2013 r\u00e9sistant \u00e0 la corrosion et non conducteur<\/li>\n<li><strong>Apparence soign\u00e9e :<\/strong> Contribue \u00e0 maintenir un alignement propre et professionnel des conduits<\/li>\n<li><strong>Installation facile :<\/strong> Con\u00e7u pour une fixation rapide \u00e0 l&#039;aide de quincaillerie standard<\/li>\n<\/ul>\n<\/div>\n<p>&nbsp;<\/p>\n<div style=\"overflow-x: auto;\">\n<table style=\"width: 100%; border-collapse: collapse; font-size: 15px; min-width: 600px;\">\n<thead>\n<tr style=\"background-color: #003473; color: #ffffff;\">\n<th style=\"padding: 10px; text-align: left;\">Propri\u00e9t\u00e9<\/th>\n<th style=\"padding: 10px; text-align: left;\">D\u00e9tails<\/th>\n<\/tr>\n<\/thead>\n<tbody>\n<tr>\n<td style=\"padding: 8px; border-bottom: 1px solid #ddd;\">Charge de flexion<\/td>\n<td style=\"padding: 8px; border-bottom: 1px solid #ddd;\">Jusqu&#039;\u00e0 4448 N (1000 lbf)<\/td>\n<\/tr>\n<tr>\n<td style=\"padding: 8px; border-bottom: 1px solid #ddd;\">R\u00e9sistance \u00e0 l&#039;\u00e9crasement<\/td>\n<td style=\"padding: 8px; border-bottom: 1px solid #ddd;\">Jusqu&#039;\u00e0 166,7 lbf par lin\u00e9aire<\/td>\n<\/tr>\n<tr>\n<td style=\"padding: 8px; border-bottom: 1px solid #ddd;\">Distorsion thermique<\/td>\n<td style=\"padding: 8px; border-bottom: 1px solid #ddd;\">\ufe6415% sans fissure<\/td>\n<\/tr>\n<tr>\n<td style=\"padding: 8px; border-bottom: 1px solid #ddd;\">Absorption d&#039;eau<\/td>\n<td style=\"padding: 8px; border-bottom: 1px solid #ddd;\">\ufe640,50% Poids<\/td>\n<\/tr>\n<tr>\n<td style=\"padding: 8px; border-bottom: 1px solid #ddd;\">Test d&#039;inflammabilit\u00e9<\/td>\n<td style=\"padding: 8px; border-bottom: 1px solid #ddd;\">Moins de 5 secondes pour continuer \u00e0 flamber<\/td>\n<\/tr>\n<tr>\n<td style=\"padding: 8px; border-bottom: 1px solid #ddd;\">Essai d&#039;extrusion\/moulage<\/td>\n<td style=\"padding: 8px; border-bottom: 1px solid #ddd;\">Pas d&#039;\u00e9caillage ni de fissures<\/td>\n<\/tr>\n<tr>\n<td style=\"padding: 8px; border-bottom: 1px solid #ddd;\">Classement au feu<\/td>\n<td style=\"padding: 8px; border-bottom: 1px solid #ddd;\">UL 94V-0<\/td>\n<\/tr>\n<tr>\n<td style=\"padding: 8px; border-bottom: 1px solid #ddd;\">La permanence de l&#039;impression<\/td>\n<td style=\"padding: 8px; border-bottom: 1px solid #ddd;\">Oui<\/td>\n<\/tr>\n<tr>\n<td style=\"padding: 8px; border-bottom: 1px solid #ddd;\">R\u00e9sistant \u00e0 la rouille et au soleil<\/td>\n<td style=\"padding: 8px; border-bottom: 1px solid #ddd;\">Oui<\/td>\n<\/tr>\n<tr>\n<td style=\"padding: 8px; border-bottom: 1px solid #ddd;\">Couleur<\/td>\n<td style=\"padding: 8px; border-bottom: 1px solid #ddd;\">Gris ou Personnalisation<\/td>\n<\/tr>\n<tr>\n<td style=\"padding: 8px; border-bottom: 1px solid #ddd;\">Mat\u00e9riel<\/td>\n<td style=\"padding: 8px; border-bottom: 1px solid #ddd;\">PVC<\/td>\n<\/tr>\n<tr>\n<td style=\"padding: 8px; border-bottom: 1px solid #ddd;\">Services personnalis\u00e9s<\/td>\n<td style=\"padding: 8px; border-bottom: 1px solid #ddd;\">Disponible<\/td>\n<\/tr>\n<tr>\n<td style=\"padding: 8px; border-bottom: 1px solid #ddd;\">Lieu d&#039;origine<\/td>\n<td style=\"padding: 8px; border-bottom: 1px solid #ddd;\">Dongguan, Chine<\/td>\n<\/tr>\n<tr>\n<td style=\"padding: 8px; border-bottom: 1px solid #ddd;\">Exp\u00e9dition<\/td>\n<td style=\"padding: 8px; border-bottom: 1px solid #ddd;\">Par mer<\/td>\n<\/tr>\n<tr>\n<td style=\"padding: 8px; border-bottom: 1px solid #ddd;\">\u00c9chantillons<\/td>\n<td style=\"padding: 8px; border-bottom: 1px solid #ddd;\">Disponible<\/td>\n<\/tr>\n<tr>\n<td style=\"padding: 8px;\">Dimensions<\/td>\n<td style=\"padding: 8px;\">1\/2 \u00e0 2-1\/2 pouces<\/td>\n<\/tr>\n<\/tbody>\n<\/table>\n<\/div>\n<div style=\"font-family: sans-serif; margin-bottom: 10px;\">\n<div style=\"overflow-x: auto;\">\n<div style=\"overflow-x: auto;\">\n<p style=\"color: #003473; font-size: 20px; margin-bottom: 10px;\"><strong><span style=\"color: #003473;\">Tableau des tailles<\/span><\/strong><\/p>\n<table style=\"width: 100%; border-collapse: collapse; font-size: 14px; min-width: 600px;\">\n<thead>\n<tr style=\"background-color: #003473; color: #fff;\">\n<th style=\"padding: 8px; text-align: left;\">Num\u00e9ro d&#039;article<\/th>\n<th style=\"padding: 8px; text-align: left;\">K.O. (dans)<\/th>\n<th style=\"padding: 8px; text-align: left;\">L (en)<\/th>\n<th style=\"padding: 8px; text-align: left;\">H (dans)<\/th>\n<\/tr>\n<\/thead>\n<tbody>\n<tr style=\"background-color: #f9f9f9;\">\n<td style=\"padding: 8px;\">CTPSAA<\/td>\n<td style=\"padding: 8px;\">1\/2<\/td>\n<td style=\"padding: 8px;\">2.188<\/td>\n<td style=\"padding: 8px;\">0.500<\/td>\n<\/tr>\n<tr>\n<td style=\"padding: 8px;\">CT-PSAB<\/td>\n<td style=\"padding: 8px;\">3\/4<\/td>\n<td style=\"padding: 8px;\">2.500<\/td>\n<td style=\"padding: 8px;\">0.500<\/td>\n<\/tr>\n<tr style=\"background-color: #f9f9f9;\">\n<td style=\"padding: 8px;\">CT-PSAC<\/td>\n<td style=\"padding: 8px;\">1<\/td>\n<td style=\"padding: 8px;\">2.813<\/td>\n<td style=\"padding: 8px;\">0.563<\/td>\n<\/tr>\n<tr>\n<td style=\"padding: 8px;\">CT-PSAD<\/td>\n<td style=\"padding: 8px;\">1-1\/4<\/td>\n<td style=\"padding: 8px;\">3.125<\/td>\n<td style=\"padding: 8px;\">0.622<\/td>\n<\/tr>\n<tr style=\"background-color: #f9f9f9;\">\n<td style=\"padding: 8px;\">CT-PSAE<\/td>\n<td style=\"padding: 8px;\">1-1\/2<\/td>\n<td style=\"padding: 8px;\">3.374<\/td>\n<td style=\"padding: 8px;\">0.622<\/td>\n<\/tr>\n<tr>\n<td style=\"padding: 8px;\">CT-PSAF<\/td>\n<td style=\"padding: 8px;\">2<\/td>\n<td style=\"padding: 8px;\">4.001<\/td>\n<td style=\"padding: 8px;\">0.687<\/td>\n<\/tr>\n<tr style=\"background-color: #f9f9f9;\">\n<td style=\"padding: 8px;\">CT-PSAG<\/td>\n<td style=\"padding: 8px;\">2-1\/2<\/td>\n<td style=\"padding: 8px;\">4.563<\/td>\n<td style=\"padding: 8px;\">1.000<\/td>\n<\/tr>\n<\/tbody>\n<\/table>\n<\/div>\n<\/div>\n<\/div>","protected":false},"excerpt":{"rendered":"<p><strong><b>Certification de qualit\u00e9:<\/b><\/strong><\/p>\n<p>\u2013 Homologu\u00e9 UL<\/p>","protected":false},"featured_media":11194,"comment_status":"closed","ping_status":"closed","template":"","meta":{"_sitemap_exclude":false,"_sitemap_priority":"","_sitemap_frequency":"","_joinchat":[]},"product_brand":[],"product_cat":[77,36,38],"product_tag":[],"class_list":{"0":"post-11189","1":"product","2":"type-product","3":"status-publish","4":"has-post-thumbnail","6":"product_cat-ul651-fittings","7":"product_cat-international-certifications-products","8":"product_cat-ul-listed-pvc-conduit-pipe-series","10":"first","11":"instock","12":"shipping-taxable","13":"product-type-simple"},"_links":{"self":[{"href":"https:\/\/www.ctube-gr.com\/fr\/wp-json\/wp\/v2\/product\/11189","targetHints":{"allow":["GET"]}}],"collection":[{"href":"https:\/\/www.ctube-gr.com\/fr\/wp-json\/wp\/v2\/product"}],"about":[{"href":"https:\/\/www.ctube-gr.com\/fr\/wp-json\/wp\/v2\/types\/product"}],"replies":[{"embeddable":true,"href":"https:\/\/www.ctube-gr.com\/fr\/wp-json\/wp\/v2\/comments?post=11189"}],"version-history":[{"count":0,"href":"https:\/\/www.ctube-gr.com\/fr\/wp-json\/wp\/v2\/product\/11189\/revisions"}],"wp:featuredmedia":[{"embeddable":true,"href":"https:\/\/www.ctube-gr.com\/fr\/wp-json\/wp\/v2\/media\/11194"}],"wp:attachment":[{"href":"https:\/\/www.ctube-gr.com\/fr\/wp-json\/wp\/v2\/media?parent=11189"}],"wp:term":[{"taxonomy":"product_brand","embeddable":true,"href":"https:\/\/www.ctube-gr.com\/fr\/wp-json\/wp\/v2\/product_brand?post=11189"},{"taxonomy":"product_cat","embeddable":true,"href":"https:\/\/www.ctube-gr.com\/fr\/wp-json\/wp\/v2\/product_cat?post=11189"},{"taxonomy":"product_tag","embeddable":true,"href":"https:\/\/www.ctube-gr.com\/fr\/wp-json\/wp\/v2\/product_tag?post=11189"}],"curies":[{"name":"wp","href":"https:\/\/api.w.org\/{rel}","templated":true}]}}